{"id":228254,"date":"2022-10-18T19:50:08","date_gmt":"2022-10-18T18:50:08","guid":{"rendered":"https:\/\/www.moskito.cz\/?post_type=product&#038;p=228254"},"modified":"2025-05-07T10:42:39","modified_gmt":"2025-05-07T09:42:39","slug":"vystrelovaci-nuz-heretic-knives-manticore-s-h025-10a","status":"publish","type":"product","link":"https:\/\/www.moskito.cz\/pl\/produkt\/vystrelovaci-nuz-heretic-knives-manticore-s-h025-10a\/","title":{"rendered":"Vyst\u0159elovac\u00ed N\u016f\u017e Heretic Knives Manticore S H025-10A"},"content":{"rendered":"<p>Vyst\u0159elovac\u00ed N\u016f\u017e <strong>Heretic<\/strong> Knives Manticore S H025-10A.<\/p>\n<p>Manticore S je nejmen\u0161\u00ed nab\u00eddka OTF spole\u010dnosti Heretic Knives ze s\u00e9rie Manticore. Tento n\u016f\u017e je 100% vyroben a sestaven v USA, kryt\u00fd do\u017eivotn\u00ed z\u00e1rukou, tak\u017ee si m\u016f\u017eete b\u00fdt jisti, \u017ee tento OTF vydr\u017e\u00ed. Vyzna\u010duje se hedv\u00e1bn\u011b plynul\u00fdm vyst\u0159elov\u00e1n\u00edm a zatahov\u00e1n\u00edm jednou rukou, co\u017e je u \u0159ady Manticore standardn\u00ed. Varianta S je kompaktn\u00ed n\u016f\u017e, integrovan\u00fd otvor na \u0161\u0148\u016frku, l\u00e1ma\u010d skla z tvrzen\u00e9 oceli a hlubok\u00fd klip. Jeho \u0161t\u00edhl\u00fd profil a lehk\u00e1 v\u00e1ha umo\u017e\u0148uj\u00ed snadn\u00e9 no\u0161en\u00ed a okam\u017eitou p\u0159ipravenost. Akce je n\u00e1vykov\u00e1, ergonomie je na m\u00edst\u011b a kvalita sestaven\u00ed je \u0161pi\u010dkov\u00e1. Nebudete zklam\u00e1ni.<\/p>\n<p>D\u00e9lka \u010depele: 6.2 cm<br \/>\nCelkov\u00e1 d\u00e9lka: 16.2 cm<br \/>\nMateri\u00e1l \u010depele: Elmax<br \/>\nBlade Grind: ploch\u00fd<br \/>\nPovrch \u010depele: Stonewash<br \/>\nMateri\u00e1l rukojeti: modr\u00fd hlin\u00edk<br \/>\nTlou\u0161\u0165ka rukojeti: 0,33 \u201d<br \/>\nUzamykac\u00ed mechanismus: Skluz<br \/>\nKapesn\u00ed klip: Nerezov\u00e1 ocel Deep Carry (sklopn\u00e1, prav\u00e1)<br \/>\nHmotnost: 1,8 oz.<br \/>\nN\u00e1vrh\u00e1\u0159: Tony Marfione Jr.<br \/>\nVyrobeno v USA<\/p>\n<p><iframe title=\"Heretic Shop Video\" width=\"800\" height=\"450\" src=\"https:\/\/www.youtube.com\/embed\/7qUL5q7Cvgo?feature=oembed\" frameborder=\"0\" allow=\"accelerometer; autoplay; clipboard-write; encrypted-media; gyroscope; picture-in-picture; web-share\" referrerpolicy=\"strict-origin-when-cross-origin\" allowfullscreen><\/iframe><\/p>\n<p>&nbsp;<\/p>\n","protected":false},"excerpt":{"rendered":"<p>V\u0161echny na\u0161e no\u017ee jsou vyrobeny v USA a tak to zachov\u00e1me. Kdy\u017e si koup\u00edte n\u011bkter\u00fd z na\u0161ich no\u017e\u016f, m\u016f\u017eete m\u00edt d\u016fv\u011bru ve sv\u016fj n\u00e1stroj s v\u011bdom\u00edm, \u017ee je podporov\u00e1n americkou spole\u010dnost\u00ed. Na\u0161e no\u017ee jsou vyr\u00e1b\u011bny v mal\u00fdch s\u00e9ri\u00edch, abychom zajistili, \u017ee dostanete kvalitn\u00ed n\u016f\u017e, kter\u00e9mu se dost\u00e1v\u00e1 pozornosti, jak\u00e9 se nedost\u00e1v\u00e1 jin\u00fdm s\u00e9riov\u011b vyr\u00e1b\u011bn\u00fdm no\u017e\u016fm!!<\/p>\n","protected":false},"featured_media":228255,"comment_status":"open","ping_status":"closed","template":"","meta":[],"pwb-brand":[318],"product_brand":[],"product_cat":[2019,17],"product_tag":[],"class_list":{"0":"post-228254","1":"product","2":"type-product","3":"status-publish","4":"has-post-thumbnail","6":"pwb-brand-heretic-knives","7":"product_cat-vystrelovaci-noze","8":"product_cat-noze","10":"first","11":"instock","12":"taxable","13":"shipping-taxable","14":"purchasable","15":"product-type-simple"},"brands":[{"id":318,"name":"Heretic Knives","slug":"heretic-knives"}],"_links":{"self":[{"href":"https:\/\/www.moskito.cz\/pl\/wp-json\/wp\/v2\/product\/228254","targetHints":{"allow":["GET"]}}],"collection":[{"href":"https:\/\/www.moskito.cz\/pl\/wp-json\/wp\/v2\/product"}],"about":[{"href":"https:\/\/www.moskito.cz\/pl\/wp-json\/wp\/v2\/types\/product"}],"replies":[{"embeddable":true,"href":"https:\/\/www.moskito.cz\/pl\/wp-json\/wp\/v2\/comments?post=228254"}],"wp:featuredmedia":[{"embeddable":true,"href":"https:\/\/www.moskito.cz\/pl\/wp-json\/wp\/v2\/media\/228255"}],"wp:attachment":[{"href":"https:\/\/www.moskito.cz\/pl\/wp-json\/wp\/v2\/media?parent=228254"}],"wp:term":[{"taxonomy":"pwb-brand","embeddable":true,"href":"https:\/\/www.moskito.cz\/pl\/wp-json\/wp\/v2\/pwb-brand?post=228254"},{"taxonomy":"product_brand","embeddable":true,"href":"https:\/\/www.moskito.cz\/pl\/wp-json\/wp\/v2\/product_brand?post=228254"},{"taxonomy":"product_cat","embeddable":true,"href":"https:\/\/www.moskito.cz\/pl\/wp-json\/wp\/v2\/product_cat?post=228254"},{"taxonomy":"product_tag","embeddable":true,"href":"https:\/\/www.moskito.cz\/pl\/wp-json\/wp\/v2\/product_tag?post=228254"}],"curies":[{"name":"wp","href":"https:\/\/api.w.org\/{rel}","templated":true}]}}