{"id":228907,"date":"2022-10-30T18:41:15","date_gmt":"2022-10-30T17:41:15","guid":{"rendered":"https:\/\/www.moskito.cz\/?post_type=product&#038;p=228907"},"modified":"2025-05-07T10:42:58","modified_gmt":"2025-05-07T09:42:58","slug":"zaviraci-nuz-extrema-ratio-bf2-r-cd-black-2","status":"publish","type":"product","link":"https:\/\/www.moskito.cz\/pl\/produkt\/zaviraci-nuz-extrema-ratio-bf2-r-cd-black-2\/","title":{"rendered":"Zav\u00edrac\u00ed N\u016f\u017e Extrema Ratio BF2 R CD BLACK"},"content":{"rendered":"<p>Zav\u00edrac\u00ed N\u016f\u017e <strong>Extrema Ratio<\/strong> BF2 R CD BLACK.<\/p>\n<p>BF2 R CD Black, univerz\u00e1ln\u00ed, lehk\u00fd 140 g, snadno p\u0159enosn\u00fd jsou spole\u010dn\u00e9 rysy zav\u00edrac\u00edch no\u017e\u016f Extrema Ratio Basic Folder. Vybaveno prodlou\u017een\u00edm \u010depele \/ p\u00e1kou pro rychl\u00e9 otev\u0159en\u00ed \u010depele High Speed \u200b\u200b\u200b\u200bRazor Opening System. Vynikaj\u00edc\u00ed n\u00e1stroj a tak\u00e9 extr\u00e9mn\u011b \u00fa\u010dinn\u00fd n\u016f\u017e pln\u00e9 velikosti pro profesion\u00e1ln\u00ed pou\u017eit\u00ed v arm\u00e1d\u011b a policii.<\/p>\n<p>\u010cepel &#8211; extr\u00e9mn\u011b ostr\u00e1 s profilem Drop Point, tlou\u0161\u0165ka 3 mm, s jasn\u011b definovan\u00fdm b\u0159\u00ed\u0161kem \u010depele. Vyrobeno z dobr\u00e9 ostrosti, odoln\u00e9 u\u0161lechtil\u00e9 nerezov\u00e9 oceli N690 o tvrdosti 58 HRC, vyroben\u00e9 v rakousk\u00e9 ocel\u00e1rn\u011b B\u00f6hler-Uddeholm. Pota\u017eeno matnou, nereflexn\u00ed vrstvou odolnou proti po\u0161kr\u00e1b\u00e1n\u00ed MIL-C-13924 BURNISHING. Hladk\u00e1 \u010depel odvozen\u00e1 z ploch\u00e9ho brou\u0161en\u00ed, kter\u00e1 poskytuje pevnost, vynikaj\u00edc\u00ed geometrii \u0159ezn\u00e9 hrany a extr\u00e9mn\u00ed \u0159ezn\u00fd v\u00fdkon. Dvojit\u00fd uzamykac\u00ed syst\u00e9m \u010depele: pevn\u00fd uzamykac\u00ed mechanismus \u010depele Liner-Lock kombinovan\u00fd s p\u0159\u00eddavn\u00fdm ru\u010dn\u00edm z\u00e1mkem.<\/p>\n<p>Rukoje\u0165 &#8211; nerezov\u00e9 vlo\u017eky a eloxovan\u00e9 hlin\u00edkov\u00e9 \u00fachopov\u00e9 podlo\u017eky zaji\u0161\u0165uj\u00ed lehkost a struktur\u00e1ln\u00ed pevnost. Otev\u0159en\u00e1 konstrukce tzv. open-backed zjednodu\u0161uje \u010di\u0161t\u011bn\u00ed a \u00fadr\u017ebu. Pevn\u00e1 lev\u00e1\/prav\u00e1 vrstven\u00e1 kovov\u00e1 spona ve tvaru m\u016fstku (spona ve tvaru &#8222;m\u016fstku&#8221;) umo\u017e\u0148uje nosit n\u016f\u017e hluboko v kapse (diskr\u00e9tn\u011b) ve sklopen\u00e9 poloze. Spona tak\u00e9 poskytuje pohodlnou podporu palce, zejm\u00e9na pro u\u017eivatele, kte\u0159\u00ed oce\u0148uj\u00ed obr\u00e1cen\u00fd \u00fachop.<\/p>\n<p>Technick\u00e9 \u00fadaje:<br \/>\n\u010c\u00edslo produktu: 04.1000.0490 \/ BLK<br \/>\nN\u00e1zev: BF2 R CD Black<br \/>\nTyp oceli: B\u00f6hler N690<br \/>\nTvrdost \u010depele: 58 HRC<br \/>\nD\u00e9lka \u010depele: 90,0 mm \/ 3,54 &#8221;<br \/>\nTlou\u0161\u0165ka \u010depele: 3,0 mm \/ 0,11 &#8221;<br \/>\nCelkov\u00e1 d\u00e9lka: 216,50 mm \/ 8<br \/>\nHmotnost: 140,0 g \/ 4,93 oz<br \/>\nTyp \u0159ezn\u00e9 hrany: Plain<br \/>\nTyp \u0159ezu: Flat Grind<br \/>\nTyp \u010depele: Drop Point<br \/>\nMechanismus z\u00e1mku: Linear Lock, p\u0159\u00eddavn\u00fd z\u00e1mek<br \/>\nMateri\u00e1l rukojeti: Hlin\u00edk<br \/>\nSpona: Lev\u00e1 \/ Prav\u00e1, Tip-Up<br \/>\nV\u00fdrobce: Extrema Ratio, It\u00e1lie<\/p>\n","protected":false},"excerpt":{"rendered":"<p>Spole\u010dnost\u00a0<strong>Extrema Ratio<\/strong>\u00a0se s\u00eddlem v italsk\u00e9m Pratu navrhuje a vyr\u00e1b\u00ed vysoce v\u00fdkonn\u00e9 bojov\u00e9, vojensk\u00e9, kuchy\u0148sk\u00e9, loveck\u00e9 a taktick\u00e9 no\u017ee od roku 1997 a m\u00e1 pov\u011bst vynikaj\u00edc\u00ed kvality, kter\u00e1 je v oboru vojensk\u00fdch a taktick\u00fdch no\u017e\u016f nep\u0159ekonateln\u00e1.\u00a0<strong>Doprava zdarma.<\/strong><\/p>\n","protected":false},"featured_media":228927,"comment_status":"open","ping_status":"closed","template":"","meta":[],"pwb-brand":[267],"product_brand":[],"product_cat":[22,17],"product_tag":[3667],"class_list":{"0":"post-228907","1":"product","2":"type-product","3":"status-publish","4":"has-post-thumbnail","6":"pwb-brand-extrema-ratio","7":"product_cat-zaviraci-noze","8":"product_cat-noze","9":"product_tag-b2b","11":"first","12":"instock","13":"taxable","14":"shipping-taxable","15":"purchasable","16":"product-type-simple"},"brands":[{"id":267,"name":"Extrema Ratio","slug":"extrema-ratio"}],"_links":{"self":[{"href":"https:\/\/www.moskito.cz\/pl\/wp-json\/wp\/v2\/product\/228907","targetHints":{"allow":["GET"]}}],"collection":[{"href":"https:\/\/www.moskito.cz\/pl\/wp-json\/wp\/v2\/product"}],"about":[{"href":"https:\/\/www.moskito.cz\/pl\/wp-json\/wp\/v2\/types\/product"}],"replies":[{"embeddable":true,"href":"https:\/\/www.moskito.cz\/pl\/wp-json\/wp\/v2\/comments?post=228907"}],"wp:featuredmedia":[{"embeddable":true,"href":"https:\/\/www.moskito.cz\/pl\/wp-json\/wp\/v2\/media\/228927"}],"wp:attachment":[{"href":"https:\/\/www.moskito.cz\/pl\/wp-json\/wp\/v2\/media?parent=228907"}],"wp:term":[{"taxonomy":"pwb-brand","embeddable":true,"href":"https:\/\/www.moskito.cz\/pl\/wp-json\/wp\/v2\/pwb-brand?post=228907"},{"taxonomy":"product_brand","embeddable":true,"href":"https:\/\/www.moskito.cz\/pl\/wp-json\/wp\/v2\/product_brand?post=228907"},{"taxonomy":"product_cat","embeddable":true,"href":"https:\/\/www.moskito.cz\/pl\/wp-json\/wp\/v2\/product_cat?post=228907"},{"taxonomy":"product_tag","embeddable":true,"href":"https:\/\/www.moskito.cz\/pl\/wp-json\/wp\/v2\/product_tag?post=228907"}],"curies":[{"name":"wp","href":"https:\/\/api.w.org\/{rel}","templated":true}]}}