{"id":229382,"date":"2022-11-04T11:12:33","date_gmt":"2022-11-04T10:12:33","guid":{"rendered":"https:\/\/www.moskito.cz\/?post_type=product&#038;p=229382"},"modified":"2025-07-14T14:08:36","modified_gmt":"2025-07-14T13:08:36","slug":"zaviraci-nuz-magnum-iguanodon","status":"publish","type":"product","link":"https:\/\/www.moskito.cz\/pl\/produkt\/zaviraci-nuz-magnum-iguanodon\/","title":{"rendered":"Zav\u00edrac\u00ed N\u016f\u017e Magnum Iguanodon"},"content":{"rendered":"<p>Zav\u00edrac\u00ed N\u016f\u017e <strong>Magnum<\/strong> Iguanodon.<\/p>\n<p>Magnum Iguanodon zaujme jako praktick\u00fd kapesn\u00ed n\u016f\u017e pro ka\u017edodenn\u00ed pou\u017eit\u00ed s \u200b\u200btmavou stonewash \u010depel\u00ed z 440A a olivov\u011b zelen\u00fdmi \u0161upinami rukojeti z protiskluzov\u00e9 G10. Oboustrann\u00fd palcov\u00fd kol\u00edk, \u0161rouby a vlo\u017eka jsou eloxov\u00e1ny v m\u011bd\u011bn\u00e9 barv\u011b a vytv\u00e1\u0159ej\u00ed tak atraktivn\u00ed barevn\u00fd akcent. D\u00edky trojrozm\u011brn\u00e9mu fr\u00e9zov\u00e1n\u00ed padne n\u016f\u017e v\u017edy bezpe\u010dn\u011b v ruce i za zhor\u0161en\u00fdch pov\u011btrnostn\u00edch podm\u00ednek. Se z\u00e1mkem na vlo\u017eku, skryt\u00fdm otvorem pro \u0161\u0148\u016frku a praktickou sponou pro hlubok\u00e9 no\u0161en\u00ed (tip-down\/r).<\/p>\n<p>&nbsp;<\/p>\n<p>Popis:<\/p>\n<p>Celkov\u00e1 d\u00e9lka: 19,50 cm<br \/>\nD\u00e9lka \u010depele: 8,00 cm<br \/>\nS\u00edla \u010depele: 3,20 mm<br \/>\nHmotnost: 110,00 g<br \/>\nMateri\u00e1l \u010depele: 440A<br \/>\nMateri\u00e1l rukojeti: G10<br \/>\nOtev\u00edrac\u00ed: Ru\u010dn\u011b<br \/>\nSpona: liner lock<br \/>\n\u010c\u00edslo polo\u017eky: 01SC072<\/p>\n<p>&nbsp;<\/p>\n","protected":false},"excerpt":{"rendered":"<p>Magnum Iguanodon zaujme jako praktick\u00fd kapesn\u00ed n\u016f\u017e pro ka\u017edodenn\u00ed pou\u017eit\u00ed.<\/p>\n","protected":false},"featured_media":229383,"comment_status":"open","ping_status":"closed","template":"","meta":[],"pwb-brand":[140],"product_brand":[],"product_cat":[22,17],"product_tag":[3667],"class_list":{"0":"post-229382","1":"product","2":"type-product","3":"status-publish","4":"has-post-thumbnail","6":"pwb-brand-boker","7":"product_cat-zaviraci-noze","8":"product_cat-noze","9":"product_tag-b2b","11":"first","12":"instock","13":"taxable","14":"shipping-taxable","15":"purchasable","16":"product-type-simple"},"brands":[{"id":140,"name":"Boker","slug":"boker"}],"_links":{"self":[{"href":"https:\/\/www.moskito.cz\/pl\/wp-json\/wp\/v2\/product\/229382","targetHints":{"allow":["GET"]}}],"collection":[{"href":"https:\/\/www.moskito.cz\/pl\/wp-json\/wp\/v2\/product"}],"about":[{"href":"https:\/\/www.moskito.cz\/pl\/wp-json\/wp\/v2\/types\/product"}],"replies":[{"embeddable":true,"href":"https:\/\/www.moskito.cz\/pl\/wp-json\/wp\/v2\/comments?post=229382"}],"wp:featuredmedia":[{"embeddable":true,"href":"https:\/\/www.moskito.cz\/pl\/wp-json\/wp\/v2\/media\/229383"}],"wp:attachment":[{"href":"https:\/\/www.moskito.cz\/pl\/wp-json\/wp\/v2\/media?parent=229382"}],"wp:term":[{"taxonomy":"pwb-brand","embeddable":true,"href":"https:\/\/www.moskito.cz\/pl\/wp-json\/wp\/v2\/pwb-brand?post=229382"},{"taxonomy":"product_brand","embeddable":true,"href":"https:\/\/www.moskito.cz\/pl\/wp-json\/wp\/v2\/product_brand?post=229382"},{"taxonomy":"product_cat","embeddable":true,"href":"https:\/\/www.moskito.cz\/pl\/wp-json\/wp\/v2\/product_cat?post=229382"},{"taxonomy":"product_tag","embeddable":true,"href":"https:\/\/www.moskito.cz\/pl\/wp-json\/wp\/v2\/product_tag?post=229382"}],"curies":[{"name":"wp","href":"https:\/\/api.w.org\/{rel}","templated":true}]}}