{"id":229397,"date":"2022-11-04T11:44:40","date_gmt":"2022-11-04T10:44:40","guid":{"rendered":"https:\/\/www.moskito.cz\/?post_type=product&#038;p=229397"},"modified":"2025-05-20T20:31:37","modified_gmt":"2025-05-20T19:31:37","slug":"zaviraci-nuz-magnum-classic-hunter-one","status":"publish","type":"product","link":"https:\/\/www.moskito.cz\/pl\/produkt\/zaviraci-nuz-magnum-classic-hunter-one\/","title":{"rendered":"Zav\u00edrac\u00ed N\u016f\u017e Magnum Classic Hunter One"},"content":{"rendered":"<p>Zav\u00edrac\u00ed N\u016f\u017e Magnum Classic Hunter One.<\/p>\n<p>Magnum Classic Hunter One je tradi\u010dn\u00ed loveck\u00fd kapesn\u00ed n\u016f\u017e s p\u016fsobivou \u010depel\u00ed clip point ze sat\u00e9nu 440A. Otev\u00edr\u00e1 se h\u0159eb\u00edkem a je bezpe\u010dn\u011b zaji\u0161t\u011bna spolehliv\u00fdm zadn\u00edm z\u00e1mkem, kter\u00fd zabra\u0148uje n\u00e1hodn\u00e9mu slo\u017een\u00ed. Tvarovan\u00e9 \u0161upiny rukojeti jsou vyrobeny ze st\u0159edomo\u0159sk\u00e9ho olivov\u00e9ho d\u0159eva a tvo\u0159\u00ed barevn\u00fd kontrast k chladn\u00fdm nerezov\u00fdm podhlavn\u00edk\u016fm, kter\u00e9 dokonale zavr\u0161uj\u00ed klasick\u00fd vzhled kapesn\u00edho no\u017ee. S praktick\u00fdm otvorem na \u0161\u0148\u016frku.<\/p>\n<p>Celkov\u00e1 d\u00e9lka: 207mm<br \/>\nD\u00e9lka \u010depele: 90mm<br \/>\nTlou\u0161\u0165ka \u010depele: 3mm<br \/>\nV\u00e1ha: 262gram\u016f<br \/>\nOcel: 440A<br \/>\nSt\u0159enky: olivov\u00e9 d\u0159evo+nerezov\u00e1 ocel<br \/>\nPojistka: Back Lock<\/p>\n","protected":false},"excerpt":{"rendered":"<p>Magnum Classic Hunter One je tradi\u010dn\u00ed loveck\u00fd kapesn\u00ed n\u016f\u017e s p\u016fsobivou \u010depel\u00ed.<\/p>\n","protected":false},"featured_media":229398,"comment_status":"open","ping_status":"closed","template":"","meta":[],"pwb-brand":[140],"product_brand":[],"product_cat":[22,17],"product_tag":[3667],"class_list":{"0":"post-229397","1":"product","2":"type-product","3":"status-publish","4":"has-post-thumbnail","6":"pwb-brand-boker","7":"product_cat-zaviraci-noze","8":"product_cat-noze","9":"product_tag-b2b","11":"first","12":"instock","13":"taxable","14":"shipping-taxable","15":"purchasable","16":"product-type-simple"},"brands":[{"id":140,"name":"Boker","slug":"boker"}],"_links":{"self":[{"href":"https:\/\/www.moskito.cz\/pl\/wp-json\/wp\/v2\/product\/229397","targetHints":{"allow":["GET"]}}],"collection":[{"href":"https:\/\/www.moskito.cz\/pl\/wp-json\/wp\/v2\/product"}],"about":[{"href":"https:\/\/www.moskito.cz\/pl\/wp-json\/wp\/v2\/types\/product"}],"replies":[{"embeddable":true,"href":"https:\/\/www.moskito.cz\/pl\/wp-json\/wp\/v2\/comments?post=229397"}],"wp:featuredmedia":[{"embeddable":true,"href":"https:\/\/www.moskito.cz\/pl\/wp-json\/wp\/v2\/media\/229398"}],"wp:attachment":[{"href":"https:\/\/www.moskito.cz\/pl\/wp-json\/wp\/v2\/media?parent=229397"}],"wp:term":[{"taxonomy":"pwb-brand","embeddable":true,"href":"https:\/\/www.moskito.cz\/pl\/wp-json\/wp\/v2\/pwb-brand?post=229397"},{"taxonomy":"product_brand","embeddable":true,"href":"https:\/\/www.moskito.cz\/pl\/wp-json\/wp\/v2\/product_brand?post=229397"},{"taxonomy":"product_cat","embeddable":true,"href":"https:\/\/www.moskito.cz\/pl\/wp-json\/wp\/v2\/product_cat?post=229397"},{"taxonomy":"product_tag","embeddable":true,"href":"https:\/\/www.moskito.cz\/pl\/wp-json\/wp\/v2\/product_tag?post=229397"}],"curies":[{"name":"wp","href":"https:\/\/api.w.org\/{rel}","templated":true}]}}