{"id":229776,"date":"2022-11-08T23:05:36","date_gmt":"2022-11-08T22:05:36","guid":{"rendered":"https:\/\/www.moskito.cz\/?post_type=product&#038;p=229776"},"modified":"2025-05-07T10:43:32","modified_gmt":"2025-05-07T09:43:32","slug":"kempingova-sekera-cold-steel-hudson-bay-camp-axe","status":"publish","type":"product","link":"https:\/\/www.moskito.cz\/pl\/produkt\/kempingova-sekera-cold-steel-hudson-bay-camp-axe\/","title":{"rendered":"Kempingov\u00e1 sekera Cold Steel HUDSON BAY CAMP AXE"},"content":{"rendered":"<p>Kempingov\u00e1 sekera <strong>Cold Steel<\/strong> HUDSON BAY CAMP AXE.<\/p>\n<p>Na\u0161e t\u00e1borov\u00e1 sekera Hudson Bay je v\u011brn\u00e1 historick\u00fdm p\u0159\u00edklad\u016fm sahaj\u00edc\u00edm v\u00edce ne\u017e 100 let zp\u011bt. Je navr\u017een tak, aby byl vhodn\u00fd na ka\u017ed\u00e9 outdoorov\u00e9 dobrodru\u017estv\u00ed, je to nezbytn\u00fd n\u00e1stroj, bez kter\u00e9ho nebudete cht\u00edt j\u00edt do lesa. Nejlep\u0161\u00ed ze v\u0161eho je, \u017ee obsahuje n\u00e1\u0161 pr\u016flomov\u00fd uzamykac\u00ed mechanismus podobn\u00fd sv\u011brce, kter\u00fd je tak drsn\u011b t\u011b\u017ek\u00e9 \u201evyt\u00e1hnout\u201c, \u017ee zdvojn\u00e1sobuje pr\u016fmyslov\u00fd standard! Nav\u00edc je mo\u017en\u00e9 vym\u011bnit zlomenou rukoje\u0165 za m\u00e9n\u011b ne\u017e dv\u011b minuty. A co v\u00edc, pokud jste chyceni v divo\u010din\u011b, n\u00e1hradn\u00ed rukoje\u0165, kter\u00e1 je vhodn\u00e1 pro pou\u017eit\u00ed v ter\u00e9nu, lze improvizovat z t\u00e9m\u011b\u0159 jak\u00e9hokoli dostupn\u00e9ho kusu d\u0159eva.<br \/>\nPARAMETRY PRODUKTU<br \/>\nHmotnost: 1253 g<br \/>\nCelkov\u00e1 velikost: 686 mm<br \/>\nBarva: ocelov\u011b \u0161ed\u00e1\/d\u0159evo<br \/>\nD\u00e9lka rukojeti: 656 mm<br \/>\nMateri\u00e1l rukojeti: americk\u00fd b\u00edl\u00fd o\u0159ech<br \/>\nVelikost hlavice: 105<br \/>\nOcel: 1055 Carbon<\/p>\n","protected":false},"excerpt":{"rendered":"<p>Kempingov\u00e1 sekera Hudson Bay je v\u00fdborn\u00fd pomocn\u00edk jak v pr\u00e1ci p\u0159i t\u00e1bo\u0159en\u00ed, \u010di\u0161t\u011bn\u00ed louky od vzrostl\u00fdch n\u00e1let\u016f, tak spoustu pr\u00e1ce zastane i na Va\u0161\u00ed zahrad\u011b.<\/p>\n","protected":false},"featured_media":229777,"comment_status":"open","ping_status":"closed","template":"","meta":[],"pwb-brand":[211],"product_brand":[],"product_cat":[32],"product_tag":[3667],"class_list":{"0":"post-229776","1":"product","2":"type-product","3":"status-publish","4":"has-post-thumbnail","6":"pwb-brand-cold-steel","7":"product_cat-sekery","8":"product_tag-b2b","10":"first","11":"instock","12":"taxable","13":"shipping-taxable","14":"purchasable","15":"product-type-simple"},"brands":[{"id":211,"name":"Cold Steel","slug":"cold-steel"}],"_links":{"self":[{"href":"https:\/\/www.moskito.cz\/pl\/wp-json\/wp\/v2\/product\/229776","targetHints":{"allow":["GET"]}}],"collection":[{"href":"https:\/\/www.moskito.cz\/pl\/wp-json\/wp\/v2\/product"}],"about":[{"href":"https:\/\/www.moskito.cz\/pl\/wp-json\/wp\/v2\/types\/product"}],"replies":[{"embeddable":true,"href":"https:\/\/www.moskito.cz\/pl\/wp-json\/wp\/v2\/comments?post=229776"}],"wp:featuredmedia":[{"embeddable":true,"href":"https:\/\/www.moskito.cz\/pl\/wp-json\/wp\/v2\/media\/229777"}],"wp:attachment":[{"href":"https:\/\/www.moskito.cz\/pl\/wp-json\/wp\/v2\/media?parent=229776"}],"wp:term":[{"taxonomy":"pwb-brand","embeddable":true,"href":"https:\/\/www.moskito.cz\/pl\/wp-json\/wp\/v2\/pwb-brand?post=229776"},{"taxonomy":"product_brand","embeddable":true,"href":"https:\/\/www.moskito.cz\/pl\/wp-json\/wp\/v2\/product_brand?post=229776"},{"taxonomy":"product_cat","embeddable":true,"href":"https:\/\/www.moskito.cz\/pl\/wp-json\/wp\/v2\/product_cat?post=229776"},{"taxonomy":"product_tag","embeddable":true,"href":"https:\/\/www.moskito.cz\/pl\/wp-json\/wp\/v2\/product_tag?post=229776"}],"curies":[{"name":"wp","href":"https:\/\/api.w.org\/{rel}","templated":true}]}}