{"id":229814,"date":"2022-11-09T20:42:19","date_gmt":"2022-11-09T19:42:19","guid":{"rendered":"https:\/\/www.moskito.cz\/?post_type=product&#038;p=229814"},"modified":"2025-05-07T10:43:32","modified_gmt":"2025-05-07T09:43:32","slug":"pevny-nuz-extrema-ratio-task-c-black","status":"publish","type":"product","link":"https:\/\/www.moskito.cz\/pl\/produkt\/pevny-nuz-extrema-ratio-task-c-black\/","title":{"rendered":"Pevn\u00fd N\u016f\u017e Extrema Ratio TASK C BLACK"},"content":{"rendered":"<p>Pevn\u00fd N\u016f\u017e <strong>Extrema Ratio<\/strong> TASK C BLACK.<\/p>\n<p>Task C Black , ( C ompact ) kompaktn\u00ed verze (tzv. \u201e back-up \u201c) plnohodnotn\u00e9ho no\u017ee Task. Krom\u011b zmen\u0161en\u00e9 velikosti Task C oproti velk\u00e9mu Task , se vyzna\u010duje hladkou \u010depel\u00ed. Jednoduch\u00e1 konstrukce &#8211; \u010depel s full tang konstrukc\u00ed &#8211; vysok\u00fd ploch\u00fd \u0159ez &#8211; perfektn\u00ed n\u00e1stroj pro profesion\u00e1ly.<\/p>\n<p>\u010cepel &#8211; masivn\u00ed o tlou\u0161\u0165ce 6,3 mm . M\u00edrn\u011b zak\u0159iven\u00fd, amerikanizovan\u00fd profil Tanto s jasn\u011b vyzna\u010denou b\u0159i\u0161n\u00ed \u010depel\u00ed. Vyrobeno z rakousk\u00e9 huti B\u00f6hler , odoln\u00e1, dob\u0159e uchopiteln\u00e1, vysoce kvalitn\u00ed nerezov\u00e1 ocel N690s tvrdost\u00ed 58 HRC . \u010cepel je pokryta matn\u00fdm, nereflexn\u00edm povlakem MIL-C-13924 BURNISHING . Hladk\u00e1 \u010depel (typ Plain) byla vyrobena s ploch\u00fdm v\u00fdbrusem ( Flat grind ) zaji\u0161\u0165uj\u00edc\u00edm vynikaj\u00edc\u00ed geometrii, pevnost a \u0159ezn\u00e9 vlastnosti. Dlouh\u00e1 vroubkovan\u00e1 rampa pod h\u0159betem palce a ostr\u00fd prst pod ukazov\u00e1\u010dkem mezi rukojet\u00ed a ost\u0159\u00edm pro ovl\u00e1d\u00e1n\u00ed dr\u017e\u00e1ku no\u017ee.<\/p>\n<p>Rukoje\u0165 &#8211; 3,9 palce , pokryt\u00e1 protiskluzovou, texturovanou v\u00fdstelkou s vlastnostmi podobn\u00fdmi gum\u011b, vyrobena z elastick\u00e9ho termoplastu Forprene(elastick\u00fd n\u00e1vrat, m\u011bkkost, odolnost v\u016f\u010di chemik\u00e1li\u00edm), zaru\u010duje bezpe\u010dn\u00fd \u00fachop i mokr\u00fdma rukama. Na zadn\u00ed stran\u011b rukojeti byla um\u00edst\u011bna texturovan\u00e1 palcov\u00e1 rampa . Ocelov\u00e1 hlava s ov\u00e1lnou mezerou ( otvor pro \u0161\u0148\u016frku ), kter\u00e1 umo\u017e\u0148uje tahat za vod\u00edtko nebo bezpe\u010dnostn\u00ed lano, m\u016f\u017ee fungovat jako kladivo\/rozb\u00edje\u010d skla .<\/p>\n<p>Pochva &#8211; v \u010dern\u00e9 barv\u011b z tvrzen\u00e9ho polymeru, umo\u017e\u0148uje bezpe\u010dn\u00e9 p\u0159en\u00e1\u0161en\u00ed a rychl\u00e9 vyb\u00edr\u00e1n\u00ed no\u017ee. T\u0159i mo\u017enosti nastaven\u00ed \u00fahlu p\u0159epravy (horizont\u00e1ln\u011b, vertik\u00e1ln\u011b a diagon\u00e1ln\u011b pod \u00fahlem 45\u00b0). Pouzdro je vybaveno jedinou, automatickou, tlakem aktivovanou pojistkou pro rychl\u00e9 uchopen\u00ed a \u0159ez\u00e1n\u00ed no\u017ee. P\u0159ipevn\u011bn\u00ed pouzdra umo\u017e\u0148uje jeho rychl\u00e9 p\u0159ipnut\u00ed \/ odepnut\u00ed , pasuje na v\u011bt\u0161inu popruh\u016f o \u0161\u00ed\u0159ce 32-46 mm . Aby se zabr\u00e1nilo sklouznut\u00ed pouzdra na opasku, m\u00e1 rukoje\u0165 dva se\u0159izovac\u00ed \u0161rouby.<\/p>\n<p>Technick\u00e1 specifikace:<br \/>\nN\u00e1zev: Task C Black<br \/>\nTyp oceli : B\u00f6hler N690<br \/>\nTvrdost \u010depele: 58 HRC<br \/>\nD\u00e9lka \u010depele:110 mm \/ 4,3\u201d<br \/>\nTlou\u0161\u0165ka \u010depele: 6,3 mm \/ 0,25\u201d<br \/>\nCelkov\u00e1 d\u00e9lka: 214 mm \/ 8,4\u201d<br \/>\nHmotnost: 205 g \/ 7,2 oz<br \/>\nTyp \u010depele: Hladk\u00e1<br \/>\nTyp \u010depele: Tanto<br \/>\nRukoje\u0165: Forprene<br \/>\nPouzdro: Ano<br \/>\nV\u00fdrobce: Extrema Ratio , It\u00e1lie<\/p>\n","protected":false},"excerpt":{"rendered":"<p>Task C Black, kompaktn\u00ed verze plnohodnotn\u00e9ho univerz\u00e1ln\u00edho no\u017ee Task &#8211; tzv. \u201eback-up\u201c. Jednoduch\u00e1 konstrukce, celoplo\u0161n\u00e1 \u010depel, palcov\u00e1 rampa, pod\u0159ez\u00e1n\u00ed prst\u016f, vysok\u00fd ploch\u00fd \u0159ez. Toto je n\u00e1stroj pro profesion\u00e1ly.<\/p>\n","protected":false},"featured_media":229815,"comment_status":"open","ping_status":"closed","template":"","meta":[],"pwb-brand":[267],"product_brand":[],"product_cat":[17,23],"product_tag":[3667],"class_list":{"0":"post-229814","1":"product","2":"type-product","3":"status-publish","4":"has-post-thumbnail","6":"pwb-brand-extrema-ratio","7":"product_cat-noze","8":"product_cat-pevne-noze","9":"product_tag-b2b","11":"first","12":"instock","13":"taxable","14":"shipping-taxable","15":"purchasable","16":"product-type-simple"},"brands":[{"id":267,"name":"Extrema Ratio","slug":"extrema-ratio"}],"_links":{"self":[{"href":"https:\/\/www.moskito.cz\/pl\/wp-json\/wp\/v2\/product\/229814","targetHints":{"allow":["GET"]}}],"collection":[{"href":"https:\/\/www.moskito.cz\/pl\/wp-json\/wp\/v2\/product"}],"about":[{"href":"https:\/\/www.moskito.cz\/pl\/wp-json\/wp\/v2\/types\/product"}],"replies":[{"embeddable":true,"href":"https:\/\/www.moskito.cz\/pl\/wp-json\/wp\/v2\/comments?post=229814"}],"wp:featuredmedia":[{"embeddable":true,"href":"https:\/\/www.moskito.cz\/pl\/wp-json\/wp\/v2\/media\/229815"}],"wp:attachment":[{"href":"https:\/\/www.moskito.cz\/pl\/wp-json\/wp\/v2\/media?parent=229814"}],"wp:term":[{"taxonomy":"pwb-brand","embeddable":true,"href":"https:\/\/www.moskito.cz\/pl\/wp-json\/wp\/v2\/pwb-brand?post=229814"},{"taxonomy":"product_brand","embeddable":true,"href":"https:\/\/www.moskito.cz\/pl\/wp-json\/wp\/v2\/product_brand?post=229814"},{"taxonomy":"product_cat","embeddable":true,"href":"https:\/\/www.moskito.cz\/pl\/wp-json\/wp\/v2\/product_cat?post=229814"},{"taxonomy":"product_tag","embeddable":true,"href":"https:\/\/www.moskito.cz\/pl\/wp-json\/wp\/v2\/product_tag?post=229814"}],"curies":[{"name":"wp","href":"https:\/\/api.w.org\/{rel}","templated":true}]}}