{"id":230481,"date":"2022-11-18T16:35:15","date_gmt":"2022-11-18T15:35:15","guid":{"rendered":"https:\/\/www.moskito.cz\/?post_type=product&#038;p=230481"},"modified":"2025-05-07T10:43:52","modified_gmt":"2025-05-07T09:43:52","slug":"zaviraci-nuz-magnum-eternal-classic-01ry321","status":"publish","type":"product","link":"https:\/\/www.moskito.cz\/pl\/produkt\/zaviraci-nuz-magnum-eternal-classic-01ry321\/","title":{"rendered":"Zav\u00edrac\u00ed N\u016f\u017e Magnum Eternal Classic 01RY321"},"content":{"rendered":"<p>Zav\u00edrac\u00ed N\u016f\u017e <strong>Magnum<\/strong> Eternal Classic 01RY321.<\/p>\n<p>Charakteristick\u00fdm rysem Magnum Eternal Classic je t\u00e9m\u011b\u0159 \u0161pi\u010dat\u00e1 \u010depel s v\u00fdrazn\u00fdm ricasso z d\u00e1lky p\u0159ipom\u00ednaj\u00edc\u00ed \u017eraloka, z\u00e1\u0159ez na h\u0159eb\u00edku a \u0161t\u00edhl\u00e1, jednodu\u0161e strukturovan\u00e1 rukoje\u0165 s r\u00e1mov\u00fdm z\u00e1mkem. \u010cepel rovn\u00e9ho kapesn\u00edho no\u017ee je vyrobena z nerezov\u00e9 oceli 440A. Se sponou (sklopnou dol\u016f) a otvorem pro \u0161\u0148\u016frku.<\/p>\n<p>Materi\u00e1l \u010depele: 440A<br \/>\nD\u00e9lka \u010depele: 9 cm<br \/>\nCelkov\u00e1 d\u00e9lka: 20.5 cm<br \/>\nD\u00e9lka rukojeti: 11.5 cm<br \/>\nTlou\u0161\u0165ka \u010depele: 3.2 mm<br \/>\nHmotnost: 120 g<\/p>\n","protected":false},"excerpt":{"rendered":"<p>Zav\u00edrac\u00ed N\u016f\u017e Magnum Eternal Classic 01RY321. Charakteristick\u00fdm rysem Magnum Eternal Classic je t\u00e9m\u011b\u0159 \u0161pi\u010dat\u00e1 \u010depel s v\u00fdrazn\u00fdm ricasso z d\u00e1lky p\u0159ipom\u00ednaj\u00edc\u00ed \u017eraloka, z\u00e1\u0159ez na h\u0159eb\u00edku a \u0161t\u00edhl\u00e1, jednodu\u0161e strukturovan\u00e1 rukoje\u0165 s r\u00e1mov\u00fdm z\u00e1mkem. \u010cepel rovn\u00e9ho kapesn\u00edho no\u017ee je vyrobena z nerezov\u00e9 oceli 440A. Se sponou (sklopnou dol\u016f) a otvorem pro \u0161\u0148\u016frku. Materi\u00e1l \u010depele: 440A D\u00e9lka [&hellip;]<\/p>\n","protected":false},"featured_media":230482,"comment_status":"open","ping_status":"closed","template":"","meta":[],"pwb-brand":[140],"product_brand":[],"product_cat":[22,17],"product_tag":[3667],"class_list":{"0":"post-230481","1":"product","2":"type-product","3":"status-publish","4":"has-post-thumbnail","6":"pwb-brand-boker","7":"product_cat-zaviraci-noze","8":"product_cat-noze","9":"product_tag-b2b","11":"first","12":"instock","13":"taxable","14":"shipping-taxable","15":"purchasable","16":"product-type-simple"},"brands":[{"id":140,"name":"Boker","slug":"boker"}],"_links":{"self":[{"href":"https:\/\/www.moskito.cz\/pl\/wp-json\/wp\/v2\/product\/230481","targetHints":{"allow":["GET"]}}],"collection":[{"href":"https:\/\/www.moskito.cz\/pl\/wp-json\/wp\/v2\/product"}],"about":[{"href":"https:\/\/www.moskito.cz\/pl\/wp-json\/wp\/v2\/types\/product"}],"replies":[{"embeddable":true,"href":"https:\/\/www.moskito.cz\/pl\/wp-json\/wp\/v2\/comments?post=230481"}],"wp:featuredmedia":[{"embeddable":true,"href":"https:\/\/www.moskito.cz\/pl\/wp-json\/wp\/v2\/media\/230482"}],"wp:attachment":[{"href":"https:\/\/www.moskito.cz\/pl\/wp-json\/wp\/v2\/media?parent=230481"}],"wp:term":[{"taxonomy":"pwb-brand","embeddable":true,"href":"https:\/\/www.moskito.cz\/pl\/wp-json\/wp\/v2\/pwb-brand?post=230481"},{"taxonomy":"product_brand","embeddable":true,"href":"https:\/\/www.moskito.cz\/pl\/wp-json\/wp\/v2\/product_brand?post=230481"},{"taxonomy":"product_cat","embeddable":true,"href":"https:\/\/www.moskito.cz\/pl\/wp-json\/wp\/v2\/product_cat?post=230481"},{"taxonomy":"product_tag","embeddable":true,"href":"https:\/\/www.moskito.cz\/pl\/wp-json\/wp\/v2\/product_tag?post=230481"}],"curies":[{"name":"wp","href":"https:\/\/api.w.org\/{rel}","templated":true}]}}