{"id":231091,"date":"2022-11-19T21:49:53","date_gmt":"2022-11-19T20:49:53","guid":{"rendered":"https:\/\/www.moskito.cz\/?post_type=product&#038;p=231091"},"modified":"2025-09-07T09:36:42","modified_gmt":"2025-09-07T08:36:42","slug":"zaviraci-nuz-crkt-snap-lock","status":"publish","type":"product","link":"https:\/\/www.moskito.cz\/pl\/produkt\/zaviraci-nuz-crkt-snap-lock\/","title":{"rendered":"Zav\u00edrac\u00ed N\u016f\u017e CRKT SNAP LOCK"},"content":{"rendered":"<div class=\"flex-1 overflow-hidden @container\/thread\">\n<div class=\"h-full\">\n<div class=\"react-scroll-to-bottom--css-vxybp-79elbk h-full\">\n<div class=\"react-scroll-to-bottom--css-vxybp-1n7m0yu\">\n<div class=\"flex flex-col text-sm md:pb-9\">\n<article class=\"w-full scroll-mb-[var(--thread-trailing-height,150px)] text-token-text-primary focus-visible:outline-2 focus-visible:outline-offset-[-4px]\" dir=\"auto\" data-testid=\"conversation-turn-83\" data-scroll-anchor=\"true\">\n<div class=\"m-auto text-base py-[18px] px-3 md:px-4 w-full md:px-5 lg:px-4 xl:px-5\">\n<div class=\"mx-auto flex flex-1 gap-4 text-base md:gap-5 lg:gap-6 md:max-w-3xl\">\n<div class=\"group\/conversation-turn relative flex w-full min-w-0 flex-col agent-turn\">\n<div class=\"flex-col gap-1 md:gap-3\">\n<div class=\"flex max-w-full flex-col flex-grow\">\n<div class=\"min-h-8 text-message flex w-full flex-col items-end gap-2 whitespace-normal break-words text-start [.text-message+&amp;]:mt-5\" dir=\"auto\" data-message-author-role=\"assistant\" data-message-id=\"4420d4f8-d6a0-46b2-a9ac-eb680c434097\" data-message-model-slug=\"gpt-4o-mini\">\n<div class=\"flex w-full flex-col gap-1 empty:hidden first:pt-[3px]\">\n<div class=\"markdown prose w-full break-words dark:prose-invert light\">\n<p><strong>Zav\u00edrac\u00ed N\u016f\u017e CRKT SNAP LOCK<\/strong><\/p>\n<p><strong>CRKT Snap Lock\u2122<\/strong> je n\u016f\u017e, kter\u00fd se proslavil d\u00edky sv\u00e9mu <strong>unik\u00e1tn\u00edmu mechanismu<\/strong> a <strong>inovativn\u00edmu designu<\/strong>, kter\u00fd z\u00edskal ocen\u011bn\u00ed za nejinovativn\u011bj\u0161\u00ed n\u016f\u017e na <strong>Blade Show 2004<\/strong>. Tento model je perfektn\u00edm p\u0159\u00edkladem toho, jak se funkce a design mohou spojit do nastroje, kter\u00fd nejen \u017ee vypad\u00e1 zaj\u00edmav\u011b, ale i skv\u011ble funguje.<\/p>\n<h3><strong>Specifikace:<\/strong><\/h3>\n<ul>\n<li><strong>D\u00e9lka \u010depele<\/strong>: 64,87 mm (2,55&#8243;)<\/li>\n<li><strong>Ost\u0159\u00ed \u010depele<\/strong>: <strong>Prost\u00fd<\/strong> (b\u011b\u017en\u00fd \u0159ezn\u00fd profil)<\/li>\n<li><strong>Materi\u00e1l \u010depele<\/strong>: <strong>Ocel 420J2<\/strong><\/li>\n<li><strong>Povrchov\u00e1 \u00faprava \u010depele<\/strong>: <strong>Odst\u0159el kor\u00e1lk\u016f<\/strong> (Bead Blast) pro hladk\u00fd vzhled a minimalizaci odrazivosti.<\/li>\n<li><strong>Tlou\u0161\u0165ka \u010depele<\/strong>: 3,15 mm (0,12&#8243;)<\/li>\n<li><strong>Celkov\u00e1 d\u00e9lka<\/strong>: 158,75 mm (6,25&#8243;)<\/li>\n<li><strong>Uzav\u0159en\u00e1 d\u00e9lka<\/strong>: 106,86 mm (4,21&#8243;)<\/li>\n<li><strong>Hmotnost<\/strong>: 70,87 g (2,50 oz)<\/li>\n<li><strong>Rukoje\u0165<\/strong>: <strong>Nerezov\u00e1 ocel<\/strong>, kter\u00e1 je robustn\u00ed a odoln\u00e1, nab\u00edz\u00ed p\u0159\u00edjemn\u00fd \u00fachop.<\/li>\n<li><strong>Styl<\/strong>: <strong>Skl\u00e1dac\u00ed n\u016f\u017e<\/strong> se <strong>z\u00e1padkov\u00fdm z\u00e1mkem Snap Lock\u2122<\/strong>.<\/li>\n<li><strong>Rychloup\u00ednac\u00ed \u0161\u0148\u016frka<\/strong>: <strong>Paracord<\/strong> pro pohodln\u00e9 no\u0161en\u00ed a p\u0159\u00edstup.<\/li>\n<\/ul>\n<h3><strong>Hlavn\u00ed vlastnosti:<\/strong><\/h3>\n<ol>\n<li><strong>Inovativn\u00ed mechanismus Snap Lock\u2122<\/strong>:\n<ul>\n<li>N\u016f\u017e je vybaven mechanismem, kter\u00fd mu d\u00e1v\u00e1 v\u00fdrazn\u00fd <strong>z\u00e1padkov\u00fd z\u00e1mek<\/strong>. Tento mechanismus se rychle stal obl\u00edben\u00fdm pro svou bezpe\u010dnost a pohodl\u00ed. Otev\u0159en\u00ed a uzav\u0159en\u00ed no\u017ee je snadn\u00e9, ale i bezpe\u010dn\u00e9 d\u00edky unik\u00e1tn\u00edmu uzamykac\u00edmu syst\u00e9mu, kter\u00fd se snadno pou\u017e\u00edv\u00e1, ale z\u00e1rove\u0148 zabra\u0148uje necht\u011bn\u00e9mu zav\u0159en\u00ed no\u017ee p\u0159i pou\u017eit\u00ed.<\/li>\n<\/ul>\n<\/li>\n<li><strong>Povrchov\u00e1 \u00faprava \u010depele<\/strong>:\n<ul>\n<li><strong>Bead Blast<\/strong> \u00faprava znamen\u00e1 hladk\u00fd, matn\u00fd povrch, kter\u00fd nejen vypad\u00e1 elegantn\u011b, ale i zvy\u0161uje odolnost proti korozi a po\u0161kr\u00e1b\u00e1n\u00ed.<\/li>\n<\/ul>\n<\/li>\n<li><strong>Kompaktn\u00ed a lehk\u00fd design<\/strong>:\n<ul>\n<li>D\u00edky <strong>rozm\u011br\u016fm<\/strong> a <strong>hmotnosti<\/strong> (pouh\u00fdch <strong>70,87 g<\/strong>) je tento n\u016f\u017e ide\u00e1ln\u00ed pro <strong>ka\u017edodenn\u00ed no\u0161en\u00ed (EDC)<\/strong>. Kompaktn\u00ed rozm\u011bry (4,21&#8243; zav\u0159en\u00fd) ho \u010din\u00ed velmi praktick\u00fdm pro u\u017eivatele, kte\u0159\u00ed necht\u011bj\u00ed nosit t\u011b\u017ek\u00e9 a velk\u00e9 n\u00e1stroje.<\/li>\n<\/ul>\n<\/li>\n<li><strong>Rukoje\u0165 z nerezov\u00e9 oceli<\/strong>:\n<ul>\n<li><strong>Nerezov\u00e1 ocel<\/strong> nab\u00edz\u00ed <strong>odolnost a pevnost<\/strong> a p\u0159itom st\u00e1le poskytuje <strong>komfortn\u00ed \u00fachop<\/strong>. Tato rukoje\u0165 zaru\u010duje, \u017ee n\u016f\u017e dob\u0159e dr\u017e\u00ed v ruce, i kdy\u017e je mokr\u00fd nebo pokryt\u00fd ne\u010distotami.<\/li>\n<\/ul>\n<\/li>\n<li><strong>Rychloup\u00ednac\u00ed \u0161\u0148\u016frka Paracord<\/strong>:\n<ul>\n<li>N\u016f\u017e je vybaven <strong>\u0161\u0148\u016frkou Paracord<\/strong>, co\u017e je obl\u00edben\u00fd prvek pro outdoorov\u00e9 no\u017ee. Tato \u0161\u0148\u016frka umo\u017e\u0148uje <strong>snadn\u00e9 no\u0161en\u00ed<\/strong> a poskytuje dodate\u010dnou <strong>funk\u010dnost<\/strong>, pokud byste pot\u0159ebovali paracord pro jin\u00fd \u00fa\u010del.<\/li>\n<\/ul>\n<\/li>\n<\/ol>\n<h3><strong>V\u00fdhody:<\/strong><\/h3>\n<ul>\n<li><strong>Unik\u00e1tn\u00ed Snap Lock\u2122 mechanismus<\/strong> pro snadn\u00e9 otev\u0159en\u00ed a bezpe\u010dn\u00e9 uzam\u010den\u00ed \u010depele.<\/li>\n<li><strong>Kompaktn\u00ed a lehk\u00fd<\/strong> design ide\u00e1ln\u00ed pro ka\u017edodenn\u00ed no\u0161en\u00ed.<\/li>\n<li><strong>Rychloup\u00ednac\u00ed \u0161\u0148\u016frka Paracord<\/strong> usnad\u0148uje p\u0159en\u00e1\u0161en\u00ed a pou\u017e\u00edv\u00e1n\u00ed.<\/li>\n<li><strong>Povrchov\u00e1 \u00faprava Bead Blast<\/strong> zaji\u0161\u0165uje dlouhou \u017eivotnost \u010depele.<\/li>\n<li><strong>Nerezov\u00e1 ocelov\u00e1 rukoje\u0165<\/strong> nab\u00edz\u00ed skv\u00e9l\u00e9 gripy a odolnost.<\/li>\n<\/ul>\n<h3><strong>Z\u00e1v\u011br:<\/strong><\/h3>\n<p><strong>CRKT Snap Lock\u2122<\/strong> je ide\u00e1ln\u00ed volbou pro v\u0161echny, kte\u0159\u00ed hledaj\u00ed <strong>inovativn\u00ed a praktick\u00fd n\u016f\u017e<\/strong> pro <strong>ka\u017edodenn\u00ed pou\u017eit\u00ed<\/strong> (EDC). Jeho unik\u00e1tn\u00ed <strong>Snap Lock mechanismus<\/strong>, skv\u00e9l\u00e9 <strong>konstruk\u010dn\u00ed vlastnosti<\/strong> a <strong>kompaktn\u00ed rozm\u011bry<\/strong> \u010din\u00ed tento n\u016f\u017e vynikaj\u00edc\u00ed volbou pro lidi, kte\u0159\u00ed pot\u0159ebuj\u00ed <strong>bezpe\u010dn\u00fd, snadno pou\u017eiteln\u00fd n\u00e1stroj<\/strong>, kter\u00fd nezklame. A\u0165 u\u017e jde o <strong>b\u011b\u017en\u00e9 \u00fakoly<\/strong>, nebo <strong>taktick\u00e9 pou\u017eit\u00ed<\/strong>, CRKT Snap Lock nab\u00edz\u00ed kombinaci <strong>v\u00fdkonu a designu<\/strong>, kter\u00e1 zaru\u010duje jeho oblibu.<\/p>\n<\/div>\n<\/div>\n<\/div>\n<\/div>\n<div class=\"mt-3 w-full empty:hidden\">\n<div class=\"text-center\"><\/div>\n<\/div>\n<\/div>\n<div class=\"absolute\">\n<div class=\"flex items-center justify-center\"><\/div>\n<\/div>\n<\/div>\n<\/div>\n<\/div>\n<\/article>\n<\/div>\n<\/div>\n<\/div>\n<\/div>\n<\/div>\n<div class=\"md:pt-0 dark:border-white\/20 md:border-transparent md:dark:border-transparent w-full\">\n<div>\n<div class=\"m-auto text-base px-3 md:px-4 w-full md:px-5 lg:px-4 xl:px-5\">\n<div class=\"mx-auto flex flex-1 gap-4 text-base md:gap-5 lg:gap-6 md:max-w-3xl\">\n<div class=\"flex justify-center\"><\/div>\n<\/div>\n<\/div>\n<\/div>\n<\/div>\n<p><iframe title=\"CRKT Snap Lock Knife | A Ed Van Hoy Design\" width=\"800\" height=\"450\" src=\"https:\/\/www.youtube.com\/embed\/yanVpMwxcA8?feature=oembed\" frameborder=\"0\" allow=\"accelerometer; autoplay; clipboard-write; encrypted-media; gyroscope; picture-in-picture; web-share\" referrerpolicy=\"strict-origin-when-cross-origin\" allowfullscreen><\/iframe><\/p>\n<p>&nbsp;<\/p>\n","protected":false},"excerpt":{"rendered":"<p><strong>CRKT Snap Lock\u2122 je ide\u00e1ln\u00ed volbou pro v\u0161echny, kte\u0159\u00ed hledaj\u00ed inovativn\u00ed a praktick\u00fd n\u016f\u017e pro ka\u017edodenn\u00ed pou\u017eit\u00ed (EDC). Jeho unik\u00e1tn\u00ed Snap Lock mechanismus, skv\u00e9l\u00e9 konstruk\u010dn\u00ed vlastnosti a kompaktn\u00ed rozm\u011bry \u010din\u00ed tento n\u016f\u017e vynikaj\u00edc\u00ed volbou pro lidi, kte\u0159\u00ed pot\u0159ebuj\u00ed bezpe\u010dn\u00fd, snadno pou\u017eiteln\u00fd n\u00e1stroj, kter\u00fd nezklame. A\u0165 u\u017e jde o b\u011b\u017en\u00e9 \u00fakoly, nebo taktick\u00e9 pou\u017eit\u00ed, CRKT Snap Lock nab\u00edz\u00ed kombinaci v\u00fdkonu a designu, kter\u00e1 zaru\u010duje jeho oblibu.<\/strong><\/p>\n","protected":false},"featured_media":231092,"comment_status":"open","ping_status":"closed","template":"","meta":[],"pwb-brand":[209],"product_brand":[],"product_cat":[22,17],"product_tag":[3667],"class_list":{"0":"post-231091","1":"product","2":"type-product","3":"status-publish","4":"has-post-thumbnail","6":"pwb-brand-crkt","7":"product_cat-zaviraci-noze","8":"product_cat-noze","9":"product_tag-b2b","11":"first","12":"outofstock","13":"taxable","14":"shipping-taxable","15":"purchasable","16":"product-type-simple"},"brands":[{"id":209,"name":"CRKT","slug":"crkt"}],"_links":{"self":[{"href":"https:\/\/www.moskito.cz\/pl\/wp-json\/wp\/v2\/product\/231091","targetHints":{"allow":["GET"]}}],"collection":[{"href":"https:\/\/www.moskito.cz\/pl\/wp-json\/wp\/v2\/product"}],"about":[{"href":"https:\/\/www.moskito.cz\/pl\/wp-json\/wp\/v2\/types\/product"}],"replies":[{"embeddable":true,"href":"https:\/\/www.moskito.cz\/pl\/wp-json\/wp\/v2\/comments?post=231091"}],"wp:featuredmedia":[{"embeddable":true,"href":"https:\/\/www.moskito.cz\/pl\/wp-json\/wp\/v2\/media\/231092"}],"wp:attachment":[{"href":"https:\/\/www.moskito.cz\/pl\/wp-json\/wp\/v2\/media?parent=231091"}],"wp:term":[{"taxonomy":"pwb-brand","embeddable":true,"href":"https:\/\/www.moskito.cz\/pl\/wp-json\/wp\/v2\/pwb-brand?post=231091"},{"taxonomy":"product_brand","embeddable":true,"href":"https:\/\/www.moskito.cz\/pl\/wp-json\/wp\/v2\/product_brand?post=231091"},{"taxonomy":"product_cat","embeddable":true,"href":"https:\/\/www.moskito.cz\/pl\/wp-json\/wp\/v2\/product_cat?post=231091"},{"taxonomy":"product_tag","embeddable":true,"href":"https:\/\/www.moskito.cz\/pl\/wp-json\/wp\/v2\/product_tag?post=231091"}],"curies":[{"name":"wp","href":"https:\/\/api.w.org\/{rel}","templated":true}]}}