{"id":232184,"date":"2022-12-01T22:16:22","date_gmt":"2022-12-01T21:16:22","guid":{"rendered":"https:\/\/www.moskito.cz\/?post_type=product&#038;p=232184"},"modified":"2025-06-24T20:42:57","modified_gmt":"2025-06-24T19:42:57","slug":"pevny-nuz-extrema-ratio-contact-wolf-grey","status":"publish","type":"product","link":"https:\/\/www.moskito.cz\/pl\/produkt\/pevny-nuz-extrema-ratio-contact-wolf-grey\/","title":{"rendered":"Pevn\u00fd N\u016f\u017e Extrema Ratio CONTACT WOLF GREY"},"content":{"rendered":"<p>Pevn\u00fd N\u016f\u017e <strong>Extrema Ratio<\/strong> CONTACT WOLF GREY.<\/p>\n<p>Spole\u010dnost Extrema Ratio vyvinula prvn\u00ed n\u016f\u017e nov\u00e9 v\u00fdrobn\u00ed \u0159ady s n\u00e1zvem CONTACT. M\u00e1 \u010depel s kopinat\u00fdm profilem, ploch\u00fdm brou\u0161en\u00edm a koso\u010dtvercovou geometri\u00ed. M\u00e1 spodn\u00ed ochrannou v\u011btev, kter\u00e1 chr\u00e1n\u00ed ruku p\u0159ed n\u00e1hodn\u00fdmi \u0159ezy, horn\u00ed sk\u00e1k\u00e1n\u00ed pro lep\u0161\u00ed \u00fachop, konk\u00e1vn\u00ed pln\u011bj\u0161\u00ed po cel\u00e9 d\u00e9lce \u010depele a velkorysou tlou\u0161\u0165ku \u010depele (6,30 mm) V\u0161echny tyto detaily d\u011blaj\u00ed z Contact star\u0161\u00edho bratra. nyn\u00ed slavn\u00e9 Requiem, p\u0159epracovan\u00e9 v proporc\u00edch a v n\u011bkter\u00fdch technick\u00fdch rysech. Prvn\u00ed z nov\u00e9 \u0159ady v\u00edce\u00fa\u010delov\u00fdch no\u017e\u016f. \u010cepel je vyrobena z oceli B\u00f6hler N690 s tvrdost\u00ed 58 HRC a chemickou le\u0161t\u00edc\u00ed vrstvou pro verzi Black. V\u0161echny ostatn\u00ed barvy ve v\u00fdrob\u011b maj\u00ed \u010depel s povrchovou \u00fapravou Stone Washed. Rukoje\u0165 je st\u00e1le ve forprenu. U\u017e se nemontuje pomoc\u00ed bo\u010dn\u00edch \u0161roub\u016f, ale d\u00edky d\u0159\u00edku z nerezov\u00e9 oceli ve tvaru komol\u00e9ho ku\u017eele, kter\u00fd je p\u0159i\u0161roubov\u00e1n ke dnu a zapad\u00e1 do speci\u00e1ln\u00edho sedla, d\u00edky kter\u00e9mu je pevn\u00fd. T\u00edmto zp\u016fsobem je n\u016f\u017e dob\u0159e vyv\u00e1\u017een\u00fd. Pochva je minimalistick\u00e1; v\u011bt\u0161ina l\u00e1tky byla od\u0159\u00edznuta; m\u00e1 reten\u010dn\u00ed syst\u00e9m 2. \u00farovn\u011b, kter\u00fd si pamatuje styl modelu, kter\u00fdm byl inspirov\u00e1n. Hlavn\u00ed sko\u0159epina je vst\u0159ikovan\u00e1 z nylonu odoln\u00e9ho proti n\u00e1raz\u016fm. Sekund\u00e1rn\u00ed reten\u010dn\u00ed syst\u00e9m je reverzibiln\u00ed pro oboustrann\u00e9 u\u017eivatele. \u010cepel je vedena do pochvy d\u00edky sv\u00e9mu ku\u017eelovit\u00e9mu tvaru, kter\u00fd se dob\u0159e hod\u00ed pro rychl\u00e9 zasunut\u00ed a vyta\u017een\u00ed \u010depele. K vyta\u017een\u00ed \u010depele posta\u010d\u00ed tlak na spou\u0161\u0165, \u010d\u00edm\u017e se uvoln\u00ed pojistka, kter\u00e1 ji bezpe\u010dn\u011b dr\u017e\u00ed v pochv\u011b. V horizont\u00e1ln\u00edch \u0161t\u011brbin\u00e1ch pl\u00e1\u0161t\u011b je p\u0159id\u00e1n syst\u00e9m, kter\u00fd fixuje \u010depel tak, aby nedoch\u00e1zelo k ot\u0159es\u016fm, kdy\u017e je ulo\u017een uvnit\u0159. Zadn\u00ed strana nylonov\u00e9ho pouzdra je kompatibiln\u00ed s MOLLE. Textiln\u00ed \u010d\u00e1st je redukov\u00e1na na minimum a m\u00e1 klasick\u00fd dvouknofl\u00edkov\u00fd bezpe\u010dnostn\u00ed p\u00e1sek s poutkem na opasek a stehenn\u00ed p\u00e1s s gumovou v\u00fdztuhou proti rotaci. Extrema Ratio se zam\u011b\u0159uje na tuto novou \u0159adu t\u00edm, \u017ee minimalizuje tlou\u0161\u0165ku a velikost no\u017ee, ale ne\u0161et\u0159\u00ed na konstruk\u010dn\u00ed pevnosti a bezpe\u010dnostn\u00edch dopl\u0148c\u00edch.<\/p>\n<p>HMOTNOST G: 300<br \/>\nHMOTNOST OZ.: 10,58<br \/>\nD\u00c9LKA \u010cEPELE (MM): 162<br \/>\nD\u00c9LKA \u010cEPELE (PALCE): 6,37<br \/>\nCELKOV\u00c1 D\u00c9LKA (MM): 293<br \/>\nCELKOV\u00c1 D\u00c9LKA (V): 11,53<br \/>\nTLOU\u0160\u0164KA \u010cEPELE (MM): 6,3<br \/>\nTLOU\u0160\u0164KA \u010cEPELE (PALCE): 0,248<br \/>\nMATERI\u00c1L \u010cEPELE: B\u00d6HLER N690 STEEL (58HRC)<br \/>\nPOVRCHOV\u00c1 \u00daPRAVA \u010cEPELE: KAMENE WASHED<br \/>\nHLAVN\u00cd M\u0158\u00cd\u017dKA: PLOCH\u00c1<br \/>\nMATERI\u00c1L RUKOJETI: FORPRENE<\/p>\n","protected":false},"excerpt":{"rendered":"<p>Spole\u010dnost\u00a0<strong>Extrema Ratio<\/strong>\u00a0se s\u00eddlem v italsk\u00e9m Pratu navrhuje a vyr\u00e1b\u00ed vysoce v\u00fdkonn\u00e9 bojov\u00e9, vojensk\u00e9, kuchy\u0148sk\u00e9, loveck\u00e9 a taktick\u00e9 no\u017ee od roku 1997 a m\u00e1 pov\u011bst vynikaj\u00edc\u00ed kvality, kter\u00e1 je v oboru vojensk\u00fdch a taktick\u00fdch no\u017e\u016f nep\u0159ekonateln\u00e1.\u00a0<strong>Doprava zdarma.<\/strong><\/p>\n","protected":false},"featured_media":232185,"comment_status":"open","ping_status":"closed","template":"","meta":[],"pwb-brand":[267],"product_brand":[],"product_cat":[23,17],"product_tag":[3667],"class_list":{"0":"post-232184","1":"product","2":"type-product","3":"status-publish","4":"has-post-thumbnail","6":"pwb-brand-extrema-ratio","7":"product_cat-pevne-noze","8":"product_cat-noze","9":"product_tag-b2b","11":"first","12":"instock","13":"taxable","14":"shipping-taxable","15":"purchasable","16":"product-type-simple"},"brands":[{"id":267,"name":"Extrema Ratio","slug":"extrema-ratio"}],"_links":{"self":[{"href":"https:\/\/www.moskito.cz\/pl\/wp-json\/wp\/v2\/product\/232184","targetHints":{"allow":["GET"]}}],"collection":[{"href":"https:\/\/www.moskito.cz\/pl\/wp-json\/wp\/v2\/product"}],"about":[{"href":"https:\/\/www.moskito.cz\/pl\/wp-json\/wp\/v2\/types\/product"}],"replies":[{"embeddable":true,"href":"https:\/\/www.moskito.cz\/pl\/wp-json\/wp\/v2\/comments?post=232184"}],"wp:featuredmedia":[{"embeddable":true,"href":"https:\/\/www.moskito.cz\/pl\/wp-json\/wp\/v2\/media\/232185"}],"wp:attachment":[{"href":"https:\/\/www.moskito.cz\/pl\/wp-json\/wp\/v2\/media?parent=232184"}],"wp:term":[{"taxonomy":"pwb-brand","embeddable":true,"href":"https:\/\/www.moskito.cz\/pl\/wp-json\/wp\/v2\/pwb-brand?post=232184"},{"taxonomy":"product_brand","embeddable":true,"href":"https:\/\/www.moskito.cz\/pl\/wp-json\/wp\/v2\/product_brand?post=232184"},{"taxonomy":"product_cat","embeddable":true,"href":"https:\/\/www.moskito.cz\/pl\/wp-json\/wp\/v2\/product_cat?post=232184"},{"taxonomy":"product_tag","embeddable":true,"href":"https:\/\/www.moskito.cz\/pl\/wp-json\/wp\/v2\/product_tag?post=232184"}],"curies":[{"name":"wp","href":"https:\/\/api.w.org\/{rel}","templated":true}]}}