{"id":232255,"date":"2022-12-03T11:12:09","date_gmt":"2022-12-03T10:12:09","guid":{"rendered":"https:\/\/www.moskito.cz\/?post_type=product&#038;p=232255"},"modified":"2025-05-07T10:44:30","modified_gmt":"2025-05-07T09:44:30","slug":"zaviraci-nuz-giantmouse-elmax-stonewashed-ace-grand-natural-canvas-micarta","status":"publish","type":"product","link":"https:\/\/www.moskito.cz\/pl\/produkt\/zaviraci-nuz-giantmouse-elmax-stonewashed-ace-grand-natural-canvas-micarta\/","title":{"rendered":"Zav\u00edrac\u00ed N\u016f\u017e GIANTMOUSE Elmax Stonewashed ACE Grand Natural Canvas Micarta"},"content":{"rendered":"<p>Zav\u00edrac\u00ed N\u016f\u017e <strong>GIANTMOUSE<\/strong> Elmax Stonewashed ACE Grand Natural Canvas Micarta.<\/p>\n<p>ACE Grand je verze popul\u00e1rn\u00edho GM5 vhodn\u00e1 pro EDC.<\/p>\n<p>S GM5 GiantMouse se rozhodli vytvo\u0159it n\u011bco, co pova\u017eovali za \u201emagnum opus\u201c \u2013 dosud nejlep\u0161\u00ed slo\u017eku GiantMouse. Skv\u011bl\u00fd design s je\u0161t\u011b chladn\u011bj\u0161\u00edm vzhledem a povrchovou \u00fapravou. GM5 byl druh slo\u017eky, kter\u00e1 kontroluje v\u0161echna pol\u00ed\u010dka;<\/p>\n<p>\u00da\u017easn\u00e9 materi\u00e1ly<br \/>\nSkv\u011bl\u00e1 ergonomie<br \/>\nPerfektn\u00ed st\u0159ih a zakon\u010den\u00ed<br \/>\nSkv\u011bl\u00e1 ocel<br \/>\nKr\u00e1sn\u011b se nese<br \/>\nOdv\u00e1\u017en\u00fd vzhled<\/p>\n<p>Zat\u00edmco ACE Grand st\u00e1le kontroluje ka\u017ed\u00e9 pol\u00ed\u010dko na seznamu, GiantMouse zm\u011bnila n\u011bkolik v\u011bc\u00ed. Vybrali si p\u011bknou Canvas Micarta americk\u00e9 v\u00fdroby pro zaoblen\u00e9 v\u00e1hy a \u0161li s vno\u0159en\u00fdmi vlo\u017ekami a siln\u00fdm z\u00e1mkem vlo\u017eky.<\/p>\n<p>GiantMouse si ponechal velk\u00fd pevn\u00fd backspacer (z titanu) kv\u016fli pevnosti, ale p\u0159idal p\u011bknou hlubokou dr\u00e1t\u011bnou kapesn\u00ed sponu pro p\u0159\u00edjemn\u00e9 pohodln\u00e9 no\u0161en\u00ed.<\/p>\n<p>Ocelov\u00e1 \u010depel Elmax byla navr\u017eena tak, aby byla perfektn\u00ed pro v\u0161estrann\u00e9 pou\u017eit\u00ed, a zachovali ji p\u0159esn\u011b jako v GM5. Vysok\u00e1 \u0161avle Flat Grind z n\u011bj d\u011bl\u00e1 siln\u00fd, ale velmi \u00fa\u010dinn\u00fd kr\u00e1je\u010d a v\u00fdrazn\u00fd swedge poskytuje jemn\u00fd hrot pro penetraci bez ztr\u00e1ty s\u00edly na \u0161pi\u010dce.<\/p>\n<p>N\u00e1zev<\/p>\n<p>Grand byl pojmenov\u00e1n po jednom z Jensov\u00fdch a Jesperov\u00fdch obl\u00edben\u00fdch hotel\u016f na jejich ka\u017edoro\u010dn\u00edm turn\u00e9 po show. Grand Hotel Nuremberg je star\u00fd hotel s dlouhou histori\u00ed a SKV\u011aL\u00ddM barem! Kdy\u017e je t\u00fdm GiantMouse ka\u017ed\u00fd b\u0159ezen v Norimberku na p\u0159edstaven\u00ed IWA Outdoor Classics, v\u011bt\u0161ina ve\u010der\u016f bu\u010f za\u010d\u00edn\u00e1, nebo kon\u010d\u00ed (n\u011bkdy oboj\u00ed) v Atelier Baru v Grand Hotelu.<\/p>\n<p>Specifikace<br \/>\nD\u00e9lka \u010depele: 3,3125&#8243; (81,14 mm)<br \/>\nD\u00e9lka rukojeti: 4,50&#8243; (114,3 mm)<br \/>\nCelkov\u00e1 d\u00e9lka: 7,875&#8243; (200,0 mm)<br \/>\nMateri\u00e1l \u010depele: Elmax nerezov\u00e1 ocel<br \/>\nTlou\u0161\u0165ka \u010depele: 0,157&#8243; (4,0 mm)<br \/>\nStyl \u010depele: Clip Point<br \/>\nBrou\u0161en\u00ed \u010depele: Ploch\u00e9<br \/>\nPovrchov\u00e1 \u00faprava \u010depele: Stonewash<br \/>\nMateri\u00e1l rukojeti: Natural Canvas Micarta<br \/>\nMateri\u00e1l vlo\u017eky: AISI 420 tvrzen\u00e1 nerezov\u00e1 ocel<br \/>\nUzamykac\u00ed mechanismus: Liner Lock<br \/>\nSestava \u010depu: Lo\u017eiska<br \/>\nKapesn\u00ed spona: dr\u00e1t (skl\u00e1p\u011bc\u00ed, prav\u00e9\/lev\u00e9 no\u0161en\u00ed)<br \/>\nHmotnost: 4,75 oz. (134,7 g)<br \/>\nDesign\u00e9\u0159i: Jens Anso &amp; Jesper Voxnaes<br \/>\nVyrobeno v italsk\u00e9m Maniagu<\/p>\n","protected":false},"excerpt":{"rendered":"<p>My\u0161lenka\u00a0<strong>GiantMouse<\/strong>\u00a0vznikla nad drinky jednoho ve\u010dera b\u011bhem americk\u00e9 show no\u017e\u016f v roce 2015. D\u00e1n\u0161t\u00ed design\u00e9\u0159i \/ no\u017e\u00ed\u0159i Jens Ans\u00f8 a Jesper Voxnaes (Vox) se spolu se sv\u00fdm americk\u00fdm podnikatelsk\u00fdm p\u0159\u00edtelem Jimem Wirthem rozhodli, \u017ee by mohli postavit lep\u0161\u00ed past na my\u0161i. mluvit. Zna\u010dka no\u017e\u016f, kter\u00e1 dok\u00e1\u017ee poskytnout \u00fa\u017easn\u00e9 designy no\u017e\u016f, s nejvy\u0161\u0161\u00ed mo\u017enou kvalitou v\u00fdroby, za f\u00e9rovou cenu a p\u0159itom z\u016fst\u00e1v\u00e1 \u00fazce zapojena do komunity sv\u00fdch z\u00e1kazn\u00edk\u016f.<\/p>\n<p><strong>Doprava zdarma.<\/strong><\/p>\n","protected":false},"featured_media":232256,"comment_status":"open","ping_status":"closed","template":"","meta":[],"pwb-brand":[3228],"product_brand":[],"product_cat":[22,17],"product_tag":[3667],"class_list":{"0":"post-232255","1":"product","2":"type-product","3":"status-publish","4":"has-post-thumbnail","6":"pwb-brand-giantmouse","7":"product_cat-zaviraci-noze","8":"product_cat-noze","9":"product_tag-b2b","11":"first","12":"instock","13":"taxable","14":"shipping-taxable","15":"purchasable","16":"product-type-simple"},"brands":[{"id":3228,"name":"GiantMouse","slug":"giantmouse"}],"_links":{"self":[{"href":"https:\/\/www.moskito.cz\/pl\/wp-json\/wp\/v2\/product\/232255","targetHints":{"allow":["GET"]}}],"collection":[{"href":"https:\/\/www.moskito.cz\/pl\/wp-json\/wp\/v2\/product"}],"about":[{"href":"https:\/\/www.moskito.cz\/pl\/wp-json\/wp\/v2\/types\/product"}],"replies":[{"embeddable":true,"href":"https:\/\/www.moskito.cz\/pl\/wp-json\/wp\/v2\/comments?post=232255"}],"wp:featuredmedia":[{"embeddable":true,"href":"https:\/\/www.moskito.cz\/pl\/wp-json\/wp\/v2\/media\/232256"}],"wp:attachment":[{"href":"https:\/\/www.moskito.cz\/pl\/wp-json\/wp\/v2\/media?parent=232255"}],"wp:term":[{"taxonomy":"pwb-brand","embeddable":true,"href":"https:\/\/www.moskito.cz\/pl\/wp-json\/wp\/v2\/pwb-brand?post=232255"},{"taxonomy":"product_brand","embeddable":true,"href":"https:\/\/www.moskito.cz\/pl\/wp-json\/wp\/v2\/product_brand?post=232255"},{"taxonomy":"product_cat","embeddable":true,"href":"https:\/\/www.moskito.cz\/pl\/wp-json\/wp\/v2\/product_cat?post=232255"},{"taxonomy":"product_tag","embeddable":true,"href":"https:\/\/www.moskito.cz\/pl\/wp-json\/wp\/v2\/product_tag?post=232255"}],"curies":[{"name":"wp","href":"https:\/\/api.w.org\/{rel}","templated":true}]}}