{"id":232350,"date":"2022-12-06T11:01:39","date_gmt":"2022-12-06T10:01:39","guid":{"rendered":"https:\/\/www.moskito.cz\/?post_type=product&#038;p=232350"},"modified":"2025-05-07T10:44:33","modified_gmt":"2025-05-07T09:44:33","slug":"zaviraci-nuz-magnum-advance-all-black-pro-42","status":"publish","type":"product","link":"https:\/\/www.moskito.cz\/pl\/produkt\/zaviraci-nuz-magnum-advance-all-black-pro-42\/","title":{"rendered":"Zav\u00edrac\u00ed N\u016f\u017e Magnum Advance All Black Pro 42"},"content":{"rendered":"<p>Zav\u00edrac\u00ed N\u016f\u017e <strong>Magnum<\/strong> Advance All Black Pro 42.<\/p>\n<p>Magnum Advance All Black Pro je \u010dist\u00fd a dob\u0159e navr\u017een\u00fd prvot\u0159\u00eddn\u00ed taktick\u00fd n\u016f\u017e. Sko\u0159epiny rukojeti vyroben\u00e9 z tvarovan\u00e9ho plastu vyztu\u017een\u00e9ho vl\u00e1kny s nazna\u010den\u00fdm spodn\u00edm j\u00edlcem perfektn\u011b padnou do ruky v rukavic\u00edch i bez nich. \u010cern\u011b pota\u017een\u00e1 \u010depel z nerezov\u00e9 oceli 440C m\u00e1 \u0161irok\u00fd vnit\u0159n\u00ed r\u00e1dius na h\u0159betu \u010depele jako op\u011brku palce. P\u0159esn\u011b um\u00edst\u011bn\u00fd linerlock dr\u017e\u00ed \u010dist\u011b, bez v\u016fle a spolehliv\u011b. Obouru\u010dn\u00ed verze se z\u00e1\u0159ezem na h\u0159eb\u00edk je jako stvo\u0159en\u00e1 pro p\u0159\u00edznivce klasick\u00fdch staveb. \u0160irok\u00e1 spona, rovn\u011b\u017e \u010dern\u011b pota\u017een\u00e1, pro no\u0161en\u00ed se \u0161pi\u010dkou dol\u016f, je bezpe\u010dn\u011b p\u0159ipevn\u011bna t\u0159emi \u0161rouby. V\u010detn\u011b ta\u0161ky na opasek se such\u00fdm zipem z pevn\u00e9ho nylonu.<\/p>\n<div id=\"tw-target-text-container\" class=\"tw-ta-container F0azHf tw-nfl\" tabindex=\"0\">\n<pre id=\"tw-target-text\" class=\"tw-data-text tw-text-large tw-ta\" dir=\"ltr\" data-placeholder=\"P\u0159eklad\"><span class=\"Y2IQFc\" lang=\"cs\">Celkov\u00e1 d\u00e9lka: 19,50 cm\r\nD\u00e9lka \u010depele: 8,00 cm\r\nS\u00edla \u010depele: 2,80 mm\r\nHmotnost: 118,00 g\r\nMateri\u00e1l \u010depele: 440C\r\nMateri\u00e1l rukojeti: plastick\u00fd\r\nPomoc p\u0159i otev\u00edr\u00e1n\u00ed: nick na nehty\r\nOtev\u00edrac\u00ed: Ru\u010dn\u011b\r\nSpona: liner lock\r\n\u010c\u00edslo polo\u017eky: 01RY306<\/span><\/pre>\n<\/div>\n<div id=\"tw-target-rmn-container\" class=\"tw-target-rmn tw-ta-container F0azHf tw-nfl\">\n<pre id=\"tw-target-rmn\" class=\"tw-data-placeholder tw-text-small tw-ta\" dir=\"ltr\" data-placeholder=\"\"><\/pre>\n<\/div>\n<p>&nbsp;<\/p>\n","protected":false},"excerpt":{"rendered":"<p><strong>Magnum Advance All Black Pro<\/strong> je d\u016fkladn\u011b navr\u017een\u00fd \u0161pi\u010dkov\u00fd taktick\u00fd n\u016f\u017e.<\/p>\n","protected":false},"featured_media":232351,"comment_status":"open","ping_status":"closed","template":"","meta":[],"pwb-brand":[140],"product_brand":[],"product_cat":[22,17],"product_tag":[3667],"class_list":{"0":"post-232350","1":"product","2":"type-product","3":"status-publish","4":"has-post-thumbnail","6":"pwb-brand-boker","7":"product_cat-zaviraci-noze","8":"product_cat-noze","9":"product_tag-b2b","11":"first","12":"instock","13":"taxable","14":"shipping-taxable","15":"purchasable","16":"product-type-simple"},"brands":[{"id":140,"name":"Boker","slug":"boker"}],"_links":{"self":[{"href":"https:\/\/www.moskito.cz\/pl\/wp-json\/wp\/v2\/product\/232350","targetHints":{"allow":["GET"]}}],"collection":[{"href":"https:\/\/www.moskito.cz\/pl\/wp-json\/wp\/v2\/product"}],"about":[{"href":"https:\/\/www.moskito.cz\/pl\/wp-json\/wp\/v2\/types\/product"}],"replies":[{"embeddable":true,"href":"https:\/\/www.moskito.cz\/pl\/wp-json\/wp\/v2\/comments?post=232350"}],"wp:featuredmedia":[{"embeddable":true,"href":"https:\/\/www.moskito.cz\/pl\/wp-json\/wp\/v2\/media\/232351"}],"wp:attachment":[{"href":"https:\/\/www.moskito.cz\/pl\/wp-json\/wp\/v2\/media?parent=232350"}],"wp:term":[{"taxonomy":"pwb-brand","embeddable":true,"href":"https:\/\/www.moskito.cz\/pl\/wp-json\/wp\/v2\/pwb-brand?post=232350"},{"taxonomy":"product_brand","embeddable":true,"href":"https:\/\/www.moskito.cz\/pl\/wp-json\/wp\/v2\/product_brand?post=232350"},{"taxonomy":"product_cat","embeddable":true,"href":"https:\/\/www.moskito.cz\/pl\/wp-json\/wp\/v2\/product_cat?post=232350"},{"taxonomy":"product_tag","embeddable":true,"href":"https:\/\/www.moskito.cz\/pl\/wp-json\/wp\/v2\/product_tag?post=232350"}],"curies":[{"name":"wp","href":"https:\/\/api.w.org\/{rel}","templated":true}]}}