{"id":234073,"date":"2022-12-14T11:11:02","date_gmt":"2022-12-14T10:11:02","guid":{"rendered":"https:\/\/www.moskito.cz\/produkt\/sada-na-udrzbu-ostri-samurajskych-mecu-a-katan\/"},"modified":"2025-05-07T10:44:46","modified_gmt":"2025-05-07T09:44:46","slug":"sada-na-udrzbu-ostri-samurajskych-mecu-a-katan","status":"publish","type":"product","link":"https:\/\/www.moskito.cz\/pl\/produkt\/sada-na-udrzbu-ostri-samurajskych-mecu-a-katan\/","title":{"rendered":"sada na \u00fadr\u017ebu ost\u0159\u00ed samurajsk\u00fdch me\u010d\u016f a katan"},"content":{"rendered":"<p>sada na \u00fadr\u017ebu ost\u0159\u00ed katany a me\u010d\u016f   \u00a0 &#038;  d\u0159ev\u011bn\u00e1 krabi\u010dka  &#038;  n\u00e1hradn\u00ed bambusov\u00e9 kol\u00ed\u010dky (mekugi)<\/p>\n","protected":false},"excerpt":{"rendered":"<p>sada na \u00fadr\u017ebu ost\u0159\u00ed katany a me\u010d\u016f   \u00a0 &#038;  d\u0159ev\u011bn\u00e1 krabi\u010dka  &#038;  n\u00e1hradn\u00ed bambusov\u00e9 kol\u00ed\u010dky (mekugi)<\/p>\n","protected":false},"featured_media":234074,"comment_status":"closed","ping_status":"open","template":"","meta":[],"pwb-brand":[2081],"product_brand":[],"product_cat":[24,1942],"product_tag":[],"class_list":{"0":"post-234073","1":"product","2":"type-product","3":"status-publish","4":"has-post-thumbnail","6":"pwb-brand-kawashima","7":"product_cat-katany-a-mece","8":"product_cat-mece-dyky-repliky","10":"first","11":"outofstock","12":"purchasable","13":"product-type-simple"},"brands":[{"id":2081,"name":"Kawashima","slug":"kawashima"}],"_links":{"self":[{"href":"https:\/\/www.moskito.cz\/pl\/wp-json\/wp\/v2\/product\/234073","targetHints":{"allow":["GET"]}}],"collection":[{"href":"https:\/\/www.moskito.cz\/pl\/wp-json\/wp\/v2\/product"}],"about":[{"href":"https:\/\/www.moskito.cz\/pl\/wp-json\/wp\/v2\/types\/product"}],"replies":[{"embeddable":true,"href":"https:\/\/www.moskito.cz\/pl\/wp-json\/wp\/v2\/comments?post=234073"}],"wp:featuredmedia":[{"embeddable":true,"href":"https:\/\/www.moskito.cz\/pl\/wp-json\/wp\/v2\/media\/234074"}],"wp:attachment":[{"href":"https:\/\/www.moskito.cz\/pl\/wp-json\/wp\/v2\/media?parent=234073"}],"wp:term":[{"taxonomy":"pwb-brand","embeddable":true,"href":"https:\/\/www.moskito.cz\/pl\/wp-json\/wp\/v2\/pwb-brand?post=234073"},{"taxonomy":"product_brand","embeddable":true,"href":"https:\/\/www.moskito.cz\/pl\/wp-json\/wp\/v2\/product_brand?post=234073"},{"taxonomy":"product_cat","embeddable":true,"href":"https:\/\/www.moskito.cz\/pl\/wp-json\/wp\/v2\/product_cat?post=234073"},{"taxonomy":"product_tag","embeddable":true,"href":"https:\/\/www.moskito.cz\/pl\/wp-json\/wp\/v2\/product_tag?post=234073"}],"curies":[{"name":"wp","href":"https:\/\/api.w.org\/{rel}","templated":true}]}}