{"id":236644,"date":"2022-12-29T21:36:16","date_gmt":"2022-12-29T20:36:16","guid":{"rendered":"https:\/\/www.moskito.cz\/?post_type=product&#038;p=236644"},"modified":"2025-05-07T10:45:10","modified_gmt":"2025-05-07T09:45:10","slug":"vystrelovaci-nuz-heretic-knives-damascus-custom-roc-abalone-otf-vegas-forge-dlc","status":"publish","type":"product","link":"https:\/\/www.moskito.cz\/pl\/produkt\/vystrelovaci-nuz-heretic-knives-damascus-custom-roc-abalone-otf-vegas-forge-dlc\/","title":{"rendered":"Vyst\u0159elovac\u00ed N\u016f\u017e Heretic Knives Damascus Custom &#8222;Roc&#8221; Abalone OTF Vegas Forge DLC"},"content":{"rendered":"<p>Vyst\u0159elovac\u00ed N\u016f\u017e Heretic Knives Damascus Custom &#8222;Roc&#8221; Abalone OTF Vegas Forge DLC.<\/p>\n<p>Heretic Knives ROC (vyslov Ruk) je p\u0159edn\u00ed auto s unik\u00e1tn\u00ed zak\u0159ivenou \u010depel\u00ed. Typick\u00e1 \u0161pi\u010dkov\u00e1 kvalita Heretic, st\u0159ih a povrchov\u00e1 \u00faprava a super hladk\u00e1 D\/A OTF akce. Disponuje bo\u010dn\u00edm posuvn\u00fdm krytem pro snadn\u00e9 ovl\u00e1d\u00e1n\u00ed. Rukoje\u0165 je zak\u0159iven\u00e1, aby pojala \u010depel hawkbill. Prvn\u00ed vysoce kvalitn\u00ed zak\u0159iven\u00e9 D\/A OTF auto a je fantastick\u00e9. Obsahuje vyfr\u00e9zovanou titanovou kapesn\u00ed sponu na roller, kter\u00e1 m\u00e1 jemn\u00e9 zak\u0159iven\u00ed, aby ladila s rukojet\u00ed. Tenhle ur\u010dit\u011b oto\u010d\u00ed hlavu!<\/p>\n<p>Tento omezen\u00fd zak\u00e1zkov\u00fd model obsahuje \u010dern\u00e9 eloxovan\u00e9 hlin\u00edkov\u00e9 rukojeti s vlo\u017ekami z abalone. DLC dokon\u010den\u00e1 \u010depel Vegas Forge Damascus hawkbill. Odpov\u00eddaj\u00edc\u00ed knofl\u00edk vykl\u00e1dan\u00fd Abaloe. Hardware dokon\u010den\u00fd DLC a vyfr\u00e9zovan\u00fd titanov\u00fd v\u00e1le\u010dkov\u00fd kapesn\u00ed klip. Na bo\u010dn\u00ed stran\u011b r\u00e1mu je vyleptan\u00e9 logo Heretic, informace o modelu a s\u00e9riov\u00e9 \u010d\u00edslo.<\/p>\n<p>Zem\u011b p\u016fvodu: USA<br \/>\nDatum p\u016fvodu: 2022<br \/>\nMateri\u00e1l rukojeti: Abalone<br \/>\nMateri\u00e1l \u010depele: Vegas Forge Dama\u0161ek<br \/>\nStyl \u010depele: Hawkbill<br \/>\nPovrchov\u00e1 \u00faprava \u010depele: DLC<br \/>\nTyp okraje: Standard<br \/>\nModel\/Vzor: ROC<br \/>\nTyp no\u017ee: Dvoj\u010dinn\u00e9 automatick\u00e9 OTF<br \/>\nTyp z\u00e1mku: Vp\u0159edu<br \/>\nD\u00e9lka \u010depele: 8.12 cm<br \/>\nCelkov\u00e1 d\u00e9lka: 19.37 cm<br \/>\nHmotnost: 4,3 unce<\/p>\n<p><iframe title=\"Heretic Shop Video\" width=\"800\" height=\"450\" src=\"https:\/\/www.youtube.com\/embed\/7qUL5q7Cvgo?feature=oembed\" frameborder=\"0\" allow=\"accelerometer; autoplay; clipboard-write; encrypted-media; gyroscope; picture-in-picture; web-share\" referrerpolicy=\"strict-origin-when-cross-origin\" allowfullscreen><\/iframe><\/p>\n<p>&nbsp;<\/p>\n","protected":false},"excerpt":{"rendered":"<p>V\u0161echny na\u0161e no\u017ee jsou vyrobeny v USA a tak to zachov\u00e1me. Kdy\u017e si koup\u00edte n\u011bkter\u00fd z na\u0161ich no\u017e\u016f, m\u016f\u017eete m\u00edt d\u016fv\u011bru ve sv\u016fj n\u00e1stroj s v\u011bdom\u00edm, \u017ee je podporov\u00e1n americkou spole\u010dnost\u00ed. Na\u0161e no\u017ee jsou vyr\u00e1b\u011bny v mal\u00fdch s\u00e9ri\u00edch, abychom zajistili, \u017ee dostanete kvalitn\u00ed n\u016f\u017e, kter\u00e9mu se dost\u00e1v\u00e1 pozornosti, jak\u00e9 se nedost\u00e1v\u00e1 jin\u00fdm s\u00e9riov\u011b vyr\u00e1b\u011bn\u00fdm no\u017e\u016fm!!<\/p>\n","protected":false},"featured_media":236645,"comment_status":"open","ping_status":"closed","template":"","meta":[],"pwb-brand":[318],"product_brand":[],"product_cat":[2019,17],"product_tag":[],"class_list":{"0":"post-236644","1":"product","2":"type-product","3":"status-publish","4":"has-post-thumbnail","6":"pwb-brand-heretic-knives","7":"product_cat-vystrelovaci-noze","8":"product_cat-noze","10":"first","11":"instock","12":"taxable","13":"shipping-taxable","14":"purchasable","15":"product-type-simple"},"brands":[{"id":318,"name":"Heretic Knives","slug":"heretic-knives"}],"_links":{"self":[{"href":"https:\/\/www.moskito.cz\/pl\/wp-json\/wp\/v2\/product\/236644","targetHints":{"allow":["GET"]}}],"collection":[{"href":"https:\/\/www.moskito.cz\/pl\/wp-json\/wp\/v2\/product"}],"about":[{"href":"https:\/\/www.moskito.cz\/pl\/wp-json\/wp\/v2\/types\/product"}],"replies":[{"embeddable":true,"href":"https:\/\/www.moskito.cz\/pl\/wp-json\/wp\/v2\/comments?post=236644"}],"wp:featuredmedia":[{"embeddable":true,"href":"https:\/\/www.moskito.cz\/pl\/wp-json\/wp\/v2\/media\/236645"}],"wp:attachment":[{"href":"https:\/\/www.moskito.cz\/pl\/wp-json\/wp\/v2\/media?parent=236644"}],"wp:term":[{"taxonomy":"pwb-brand","embeddable":true,"href":"https:\/\/www.moskito.cz\/pl\/wp-json\/wp\/v2\/pwb-brand?post=236644"},{"taxonomy":"product_brand","embeddable":true,"href":"https:\/\/www.moskito.cz\/pl\/wp-json\/wp\/v2\/product_brand?post=236644"},{"taxonomy":"product_cat","embeddable":true,"href":"https:\/\/www.moskito.cz\/pl\/wp-json\/wp\/v2\/product_cat?post=236644"},{"taxonomy":"product_tag","embeddable":true,"href":"https:\/\/www.moskito.cz\/pl\/wp-json\/wp\/v2\/product_tag?post=236644"}],"curies":[{"name":"wp","href":"https:\/\/api.w.org\/{rel}","templated":true}]}}