{"id":236688,"date":"2022-12-30T21:08:16","date_gmt":"2022-12-30T20:08:16","guid":{"rendered":"https:\/\/www.moskito.cz\/?post_type=product&#038;p=236688"},"modified":"2025-05-07T10:45:10","modified_gmt":"2025-05-07T09:45:10","slug":"vystrelovaci-nuz-heretic-knives-ii-blue-stonewash-magnacut-h020-2a-blu","status":"publish","type":"product","link":"https:\/\/www.moskito.cz\/pl\/produkt\/vystrelovaci-nuz-heretic-knives-ii-blue-stonewash-magnacut-h020-2a-blu\/","title":{"rendered":"Vyst\u0159elovac\u00ed N\u016f\u017e Heretic Knives II Blue Stonewash Magnacut H020-2A-BLU"},"content":{"rendered":"<p>Vyst\u0159elovac\u00ed N\u016f\u017e <strong>Heretic Knives<\/strong> II Blue Stonewash Magnacut H020-2A-BLU<\/p>\n<p>Automat Cleric II OTF m\u00e1 CNC obrobenou hlin\u00edkovou rukoje\u0165 6061 vykl\u00e1danou nerezovou ocel\u00ed a \u010depel z nerezov\u00e9 oceli CPM-MagnaCut. Nab\u00edz\u00ed robustn\u00ed konstrukci s velk\u00fdm dosahem a divokou dvoj\u010dinnou automatickou akci. Rukoje\u0165 m\u00e1 zep\u0159edu pln\u011bn\u00e9 palcov\u00e9 \u0161oup\u00e1tko pro snadn\u00e9 pou\u017eit\u00ed a jemn\u00e9 tvarov\u00e1n\u00ed pro dobr\u00fd \u00fachop. M\u00e1 strojn\u011b brou\u0161enou \u010depel s dvojit\u00fdm ost\u0159\u00edm.<\/p>\n<p>Funkce<br \/>\nP\u0159edem pln\u011bn\u00e9 palcov\u00e9 \u0161oup\u00e1tko zaji\u0161\u0165uje plynul\u00e9 automatick\u00e9 dvoj\u010dinn\u00e9 otev\u00edr\u00e1n\u00ed a zav\u00edr\u00e1n\u00ed<br \/>\nLehk\u00e1 hlin\u00edkov\u00e1 rukoje\u0165 nab\u00edz\u00ed vynikaj\u00edc\u00ed pevnost a odolnost<br \/>\nDvojit\u00e1 \u010depel pro v\u0161estrann\u00fd \u0159ezn\u00fd v\u00fdkon<\/p>\n<p>Specifikace<br \/>\nD\u00e9lka \u010depele: 10.62 cm<br \/>\nCelkov\u00e1 d\u00e9lka: 24.68 cm<br \/>\nMateri\u00e1l \u010depele: CPM-MagnaCut<br \/>\nTlou\u0161\u0165ka \u010depele: 0.31 cm<br \/>\nStyl \u010depele: D\u00fdka s dvojitou hranou<br \/>\nBrou\u0161en\u00ed \u010depele: Ploch\u00e9<br \/>\nPovrchov\u00e1 \u00faprava \u010depele: Stonewash<br \/>\nMateri\u00e1l rukojeti: Hlin\u00edk s nerezovou vlo\u017ekou<br \/>\nTlou\u0161\u0165ka rukojeti: 1.31 cm<br \/>\nUzamykac\u00ed mechanismus: Posuvn\u00fd<br \/>\nKapesn\u00ed spona: Hlubok\u00fd titan (se \u0161pi\u010dkou dol\u016f, doprava\/doleva)<br \/>\nHmotnost: 4,80 oz.<br \/>\nDesign\u00e9r: Tony Marfione Jr.<br \/>\nVyrobeno v USA<\/p>\n<p><iframe title=\"Heretic Shop Video\" width=\"800\" height=\"450\" src=\"https:\/\/www.youtube.com\/embed\/7qUL5q7Cvgo?feature=oembed\" frameborder=\"0\" allow=\"accelerometer; autoplay; clipboard-write; encrypted-media; gyroscope; picture-in-picture; web-share\" referrerpolicy=\"strict-origin-when-cross-origin\" allowfullscreen><\/iframe><\/p>\n<p>&nbsp;<\/p>\n<p>&nbsp;<\/p>\n","protected":false},"excerpt":{"rendered":"<p>V\u0161echny na\u0161e no\u017ee jsou vyrobeny v USA a tak to zachov\u00e1me. Kdy\u017e si koup\u00edte n\u011bkter\u00fd z na\u0161ich no\u017e\u016f, m\u016f\u017eete m\u00edt d\u016fv\u011bru ve sv\u016fj n\u00e1stroj s v\u011bdom\u00edm, \u017ee je podporov\u00e1n americkou spole\u010dnost\u00ed. Na\u0161e no\u017ee jsou vyr\u00e1b\u011bny v mal\u00fdch s\u00e9ri\u00edch, abychom zajistili, \u017ee dostanete kvalitn\u00ed n\u016f\u017e, kter\u00e9mu se dost\u00e1v\u00e1 pozornosti, jak\u00e9 se nedost\u00e1v\u00e1 jin\u00fdm s\u00e9riov\u011b vyr\u00e1b\u011bn\u00fdm no\u017e\u016fm!!<\/p>\n","protected":false},"featured_media":236689,"comment_status":"open","ping_status":"closed","template":"","meta":[],"pwb-brand":[318],"product_brand":[],"product_cat":[2019,17],"product_tag":[],"class_list":{"0":"post-236688","1":"product","2":"type-product","3":"status-publish","4":"has-post-thumbnail","6":"pwb-brand-heretic-knives","7":"product_cat-vystrelovaci-noze","8":"product_cat-noze","10":"first","11":"outofstock","12":"taxable","13":"shipping-taxable","14":"purchasable","15":"product-type-simple"},"brands":[{"id":318,"name":"Heretic Knives","slug":"heretic-knives"}],"_links":{"self":[{"href":"https:\/\/www.moskito.cz\/pl\/wp-json\/wp\/v2\/product\/236688","targetHints":{"allow":["GET"]}}],"collection":[{"href":"https:\/\/www.moskito.cz\/pl\/wp-json\/wp\/v2\/product"}],"about":[{"href":"https:\/\/www.moskito.cz\/pl\/wp-json\/wp\/v2\/types\/product"}],"replies":[{"embeddable":true,"href":"https:\/\/www.moskito.cz\/pl\/wp-json\/wp\/v2\/comments?post=236688"}],"wp:featuredmedia":[{"embeddable":true,"href":"https:\/\/www.moskito.cz\/pl\/wp-json\/wp\/v2\/media\/236689"}],"wp:attachment":[{"href":"https:\/\/www.moskito.cz\/pl\/wp-json\/wp\/v2\/media?parent=236688"}],"wp:term":[{"taxonomy":"pwb-brand","embeddable":true,"href":"https:\/\/www.moskito.cz\/pl\/wp-json\/wp\/v2\/pwb-brand?post=236688"},{"taxonomy":"product_brand","embeddable":true,"href":"https:\/\/www.moskito.cz\/pl\/wp-json\/wp\/v2\/product_brand?post=236688"},{"taxonomy":"product_cat","embeddable":true,"href":"https:\/\/www.moskito.cz\/pl\/wp-json\/wp\/v2\/product_cat?post=236688"},{"taxonomy":"product_tag","embeddable":true,"href":"https:\/\/www.moskito.cz\/pl\/wp-json\/wp\/v2\/product_tag?post=236688"}],"curies":[{"name":"wp","href":"https:\/\/api.w.org\/{rel}","templated":true}]}}