{"id":236747,"date":"2022-12-31T18:34:45","date_gmt":"2022-12-31T17:34:45","guid":{"rendered":"https:\/\/www.moskito.cz\/?post_type=product&#038;p=236747"},"modified":"2025-05-24T14:36:44","modified_gmt":"2025-05-24T13:36:44","slug":"vystrelovaci-nuz-heretic-knives-manticore-e-otf-auto-stonewash-h029-2a","status":"publish","type":"product","link":"https:\/\/www.moskito.cz\/pl\/produkt\/vystrelovaci-nuz-heretic-knives-manticore-e-otf-auto-stonewash-h029-2a\/","title":{"rendered":"Vyst\u0159elovac\u00ed N\u016f\u017e Heretic Knives MANTICORE  E OTF AUTO STONEWASH H029-2A"},"content":{"rendered":"<div class=\" product-block product-block--title product-block--title product-block--first \">\n<p>Vyst\u0159elovac\u00ed N\u016f\u017e <strong>Heretic Knives<\/strong> MANTICORE E OTF AUTO STONEWASH H029-2A<\/p>\n<p>Manticore E od Heretic Knives spad\u00e1 p\u0159\u00edmo do sladk\u00e9ho m\u00edsta v \u0159ad\u011b Manticore, velikosti p\u0159\u00edmo mezi modely S a X. Nejen, \u017ee tento Manticore E d\u00e1v\u00e1 rodin\u011b malou zkratku sek\u00e1\u010dku, ale m\u00e1 tak\u00e9 perfektn\u00ed velikost pro v\u011bt\u0161inu z n\u00e1s, p\u0159\u00edmo na stejn\u00e9 \u00farovni jako slavn\u00fd Microtech Ultratech. Tento n\u016f\u017e je 100% vyroben a sestaven v USA a je podpo\u0159en do\u017eivotn\u00ed z\u00e1rukou, tak\u017ee si m\u016f\u017eete b\u00fdt jisti, \u017ee tento OTF vydr\u017e\u00ed. Vyzna\u010duje se hedv\u00e1bn\u011b hladk\u00fdm nasazen\u00edm a zata\u017een\u00edm jednou rukou, co\u017e je standardn\u00ed v \u0159ad\u011b Manticore. Varianta E se vyzna\u010duje ide\u00e1ln\u00ed t\u0159\u00edpalcovou \u010depel\u00ed, integrovan\u00fdm otvorem pro \u0161\u0148\u016frku, rozb\u00edje\u010dem skla z tvrzen\u00e9 oceli a hlubokou sponou. Jeho \u0161t\u00edhl\u00fd profil a lehk\u00e1 povaha umo\u017e\u0148uj\u00ed snadn\u00e9 p\u0159en\u00e1\u0161en\u00ed po ruce a p\u0159ipraven\u00e9 okam\u017eit\u011b. Akce je n\u00e1vykov\u00e1, ergonomie je na m\u00edst\u011b, a kvalita proveden\u00ed je \u0161pi\u010dkov\u00e1. Nebudete zklam\u00e1ni.<\/p>\n<p>Manticore E (EDC) je OTF automatick\u00fd n\u016f\u017e st\u0159edn\u00ed velikosti a dal\u0161\u00ed zm\u011bna hry od Heretic Knives. Men\u0161\u00ed sourozenec Manticore-X, Manticore-E, je o 86 % ni\u017e\u0161\u00ed ne\u017e u na\u0161eho nejprod\u00e1van\u011bj\u0161\u00edho modelu Manticore X. Manticore E se bude vyzna\u010dovat stejn\u00fdm integrovan\u00fdm rozbit\u00edm skla, otvorem pro \u0161\u0148\u016frku a jednobodovou sponou Tento men\u0161\u00ed n\u016f\u017e OTF se otev\u00edr\u00e1 a zav\u00edr\u00e1 super hladk\u00fd, tak\u017ee je nezbytnost\u00ed pro ka\u017edodenn\u00ed no\u0161en\u00ed. Dod\u00e1v\u00e1 se s rozb\u00edje\u010dem skla s kuli\u010dkov\u00fdmi lo\u017eisky, sponou na hlubokou kapsu a otvorem pro \u0161\u0148\u016frku.<\/p>\n<p>Model: H029-2A<br \/>\nD\u00e9lka \u010depele: 8 cm<br \/>\nCelkov\u00e1 d\u00e9lka: 20 cm<br \/>\nMateri\u00e1l \u010depele: CPM-MagnaCut Nerezov\u00e1 ocel<br \/>\nTlou\u0161\u0165ka \u010depele: 0.31 cm<br \/>\nStyl \u010depele: Recurve<br \/>\nBrou\u0161en\u00ed \u010depele: Ploch\u00e9<br \/>\nPovrchov\u00e1 \u00faprava \u010depele: Stonewash<br \/>\nMateri\u00e1l rukojeti: \u010dern\u00fd hlin\u00edk<br \/>\nTlou\u0161\u0165ka rukojeti: 1.17 cm<br \/>\nUzamykac\u00ed mechanismus: Posuvn\u00fd<br \/>\nKapesn\u00ed klip: Nerezov\u00e1 ocel s hlubok\u00fdm p\u0159enosem (sklopen\u00edm dol\u016f, doprava doprava)<br \/>\nHmotnost: 3,39 oz.<br \/>\nDesign\u00e9r: Tony Marfione Jr.<br \/>\nVyrobeno v USA<\/p>\n<p><iframe title=\"Heretic Shop Video\" width=\"800\" height=\"450\" src=\"https:\/\/www.youtube.com\/embed\/7qUL5q7Cvgo?feature=oembed\" frameborder=\"0\" allow=\"accelerometer; autoplay; clipboard-write; encrypted-media; gyroscope; picture-in-picture; web-share\" referrerpolicy=\"strict-origin-when-cross-origin\" allowfullscreen><\/iframe><\/p>\n<p>&nbsp;<\/p>\n<p>&nbsp;<\/p>\n<\/div>\n<div class=\" product-block product-block--vendor product-block--vendor \"><\/div>\n","protected":false},"excerpt":{"rendered":"<p>V\u0161echny na\u0161e no\u017ee jsou vyrobeny v USA a tak to zachov\u00e1me. Kdy\u017e si koup\u00edte n\u011bkter\u00fd z na\u0161ich no\u017e\u016f, m\u016f\u017eete m\u00edt d\u016fv\u011bru ve sv\u016fj n\u00e1stroj s v\u011bdom\u00edm, \u017ee je podporov\u00e1n americkou spole\u010dnost\u00ed. Na\u0161e no\u017ee jsou vyr\u00e1b\u011bny v mal\u00fdch s\u00e9ri\u00edch, abychom zajistili, \u017ee dostanete kvalitn\u00ed n\u016f\u017e, kter\u00e9mu se dost\u00e1v\u00e1 pozornosti, jak\u00e9 se nedost\u00e1v\u00e1 jin\u00fdm s\u00e9riov\u011b vyr\u00e1b\u011bn\u00fdm no\u017e\u016fm!!<\/p>\n<p><strong>Doprava zdarma.<\/strong><\/p>\n","protected":false},"featured_media":236748,"comment_status":"open","ping_status":"closed","template":"","meta":[],"pwb-brand":[318],"product_brand":[],"product_cat":[2019,17],"product_tag":[3667],"class_list":{"0":"post-236747","1":"product","2":"type-product","3":"status-publish","4":"has-post-thumbnail","6":"pwb-brand-heretic-knives","7":"product_cat-vystrelovaci-noze","8":"product_cat-noze","9":"product_tag-b2b","11":"first","12":"outofstock","13":"taxable","14":"shipping-taxable","15":"purchasable","16":"product-type-simple"},"brands":[{"id":318,"name":"Heretic Knives","slug":"heretic-knives"}],"_links":{"self":[{"href":"https:\/\/www.moskito.cz\/pl\/wp-json\/wp\/v2\/product\/236747","targetHints":{"allow":["GET"]}}],"collection":[{"href":"https:\/\/www.moskito.cz\/pl\/wp-json\/wp\/v2\/product"}],"about":[{"href":"https:\/\/www.moskito.cz\/pl\/wp-json\/wp\/v2\/types\/product"}],"replies":[{"embeddable":true,"href":"https:\/\/www.moskito.cz\/pl\/wp-json\/wp\/v2\/comments?post=236747"}],"wp:featuredmedia":[{"embeddable":true,"href":"https:\/\/www.moskito.cz\/pl\/wp-json\/wp\/v2\/media\/236748"}],"wp:attachment":[{"href":"https:\/\/www.moskito.cz\/pl\/wp-json\/wp\/v2\/media?parent=236747"}],"wp:term":[{"taxonomy":"pwb-brand","embeddable":true,"href":"https:\/\/www.moskito.cz\/pl\/wp-json\/wp\/v2\/pwb-brand?post=236747"},{"taxonomy":"product_brand","embeddable":true,"href":"https:\/\/www.moskito.cz\/pl\/wp-json\/wp\/v2\/product_brand?post=236747"},{"taxonomy":"product_cat","embeddable":true,"href":"https:\/\/www.moskito.cz\/pl\/wp-json\/wp\/v2\/product_cat?post=236747"},{"taxonomy":"product_tag","embeddable":true,"href":"https:\/\/www.moskito.cz\/pl\/wp-json\/wp\/v2\/product_tag?post=236747"}],"curies":[{"name":"wp","href":"https:\/\/api.w.org\/{rel}","templated":true}]}}