{"id":237786,"date":"2023-01-19T22:18:24","date_gmt":"2023-01-19T21:18:24","guid":{"rendered":"https:\/\/www.moskito.cz\/?post_type=product&#038;p=237786"},"modified":"2025-06-13T17:07:04","modified_gmt":"2025-06-13T16:07:04","slug":"vystrelovaci-nuz-microtech-utx-85-d-e-apocalyptic-232-10dbl","status":"publish","type":"product","link":"https:\/\/www.moskito.cz\/pl\/produkt\/vystrelovaci-nuz-microtech-utx-85-d-e-apocalyptic-232-10dbl\/","title":{"rendered":"Vyst\u0159elovac\u00ed N\u016f\u017e Microtech UTX-85 D\/E Apocalyptic 232-10DBL"},"content":{"rendered":"<p>Vyst\u0159elovac\u00ed N\u016f\u017e <strong>Microtech<\/strong> UTX-85 D\/E Apocalyptic 232-10DBL<\/p>\n<p>N\u016f\u017e UTX-85 modeluje Ultratech, ale jeho velikost byla zmen\u0161ena na 85 %, co\u017e z n\u011bj \u010din\u00ed ide\u00e1ln\u00ed velikost pro p\u0159en\u00e1\u0161en\u00ed. Rukoje\u0165 je tvarovan\u00e1 a vytv\u00e1\u0159\u00ed \u00fachop, kter\u00fd dob\u0159e padne do ruky.<\/p>\n<p>Celkov\u00e1 d\u00e9lka: 7,52&#8243; (191 mm)<br \/>\nD\u00e9lka v zav\u0159en\u00e9m stavu: 4,38&#8243; (111 mm)<br \/>\nD\u00e9lka \u010depele: 3,12&#8243; (79 mm)<br \/>\nD\u00e9lka \u0159ezn\u00e9 hrany: 2,96&#8243; (75 mm)<br \/>\nTlou\u0161\u0165ka \u010depele: 0,128&#8243; (3,23 mm)<br \/>\nPovrchov\u00e1 \u00faprava \u010depele: Apokalyptick\u00e1<br \/>\nStyl okraje: Oby\u010dejn\u00fd<br \/>\nMateri\u00e1l rukojeti: Modr\u00fd hlin\u00edk<br \/>\nTlou\u0161\u0165ka rukojeti: 0,48&#8243; (12 mm)<br \/>\nKapesn\u00ed klip: Tip-Down<br \/>\nHmotnost: 2,9 oz (82,22 g)<br \/>\nV\u00fdrobce Ref. #: 232-10DBL<br \/>\nZem\u011b p\u016fvodu: USA<\/p>\n","protected":false},"excerpt":{"rendered":"<p>V pr\u016fb\u011bhu let\u00a0<strong>Microtech\u00ae\u00a0<\/strong>Knives naplnil v\u00e1\u0161n\u00ed a dovednost\u00ed v\u00fdrobu no\u017e\u016f, a\u017e z nich vytvo\u0159il t\u00e9m\u011b\u0159 um\u011bleck\u00e1 d\u00edla,kter\u00e9 jsou vrcholem funk\u010dnosti.V\u0161echny d\u00edly jsou vyrobeny v USA.<br \/>\n<strong>Na v\u0161echny no\u017ee Microtech je do\u017eivotn\u00ed z\u00e1ruka ( min. 80 000 cykl\u016f, otev\u0159en\u00ed a zav\u0159en\u00ed)<\/strong><\/p>\n","protected":false},"featured_media":237787,"comment_status":"open","ping_status":"closed","template":"","meta":[],"pwb-brand":[431],"product_brand":[],"product_cat":[2019,17],"product_tag":[3667],"class_list":{"0":"post-237786","1":"product","2":"type-product","3":"status-publish","4":"has-post-thumbnail","6":"pwb-brand-microtech","7":"product_cat-vystrelovaci-noze","8":"product_cat-noze","9":"product_tag-b2b","11":"first","12":"outofstock","13":"taxable","14":"shipping-taxable","15":"purchasable","16":"product-type-simple"},"brands":[{"id":431,"name":"Microtech","slug":"microtech"}],"_links":{"self":[{"href":"https:\/\/www.moskito.cz\/pl\/wp-json\/wp\/v2\/product\/237786","targetHints":{"allow":["GET"]}}],"collection":[{"href":"https:\/\/www.moskito.cz\/pl\/wp-json\/wp\/v2\/product"}],"about":[{"href":"https:\/\/www.moskito.cz\/pl\/wp-json\/wp\/v2\/types\/product"}],"replies":[{"embeddable":true,"href":"https:\/\/www.moskito.cz\/pl\/wp-json\/wp\/v2\/comments?post=237786"}],"wp:featuredmedia":[{"embeddable":true,"href":"https:\/\/www.moskito.cz\/pl\/wp-json\/wp\/v2\/media\/237787"}],"wp:attachment":[{"href":"https:\/\/www.moskito.cz\/pl\/wp-json\/wp\/v2\/media?parent=237786"}],"wp:term":[{"taxonomy":"pwb-brand","embeddable":true,"href":"https:\/\/www.moskito.cz\/pl\/wp-json\/wp\/v2\/pwb-brand?post=237786"},{"taxonomy":"product_brand","embeddable":true,"href":"https:\/\/www.moskito.cz\/pl\/wp-json\/wp\/v2\/product_brand?post=237786"},{"taxonomy":"product_cat","embeddable":true,"href":"https:\/\/www.moskito.cz\/pl\/wp-json\/wp\/v2\/product_cat?post=237786"},{"taxonomy":"product_tag","embeddable":true,"href":"https:\/\/www.moskito.cz\/pl\/wp-json\/wp\/v2\/product_tag?post=237786"}],"curies":[{"name":"wp","href":"https:\/\/api.w.org\/{rel}","templated":true}]}}