{"id":238085,"date":"2023-01-23T21:40:54","date_gmt":"2023-01-23T20:40:54","guid":{"rendered":"https:\/\/www.moskito.cz\/?post_type=product&#038;p=238085"},"modified":"2026-01-26T10:51:38","modified_gmt":"2026-01-26T09:51:38","slug":"zaviraci-nuz-rike-knife-thor5-b","status":"publish","type":"product","link":"https:\/\/www.moskito.cz\/pl\/produkt\/zaviraci-nuz-rike-knife-thor5-b\/","title":{"rendered":"Zav\u00edrac\u00ed N\u016f\u017e Rike Knife Thor5-B"},"content":{"rendered":"<p>Zav\u00edrac\u00ed N\u016f\u017e <strong>Rike Knife<\/strong> Thor5-B<\/p>\n<p><strong>Rike Knife<\/strong> je na dobr\u00e9 cest\u011b st\u00e1t se jednou z p\u0159edn\u00edch v\u00fdrobn\u00edch spole\u010dnost\u00ed vysoce kvalitn\u00edch taktick\u00fdch zav\u00edrac\u00edch no\u017e\u016f za vynikaj\u00edc\u00ed cenu. Jejich no\u017ee jsou vyr\u00e1b\u011bny, montov\u00e1ny a kontrolov\u00e1na kvalita v \u010c\u00edn\u011b \u2013 ale to z nich v \u017e\u00e1dn\u00e9m p\u0159\u00edpad\u011b ned\u011bl\u00e1 va\u0161e levn\u00e9 no\u017ee na \u010derpac\u00ed stanici. Jsou vyrobeny se stejnou pe\u010dlivou p\u00e9\u010d\u00ed a n\u00e1ro\u010dn\u00fdmi standardy jako Reate Knives a to je velmi, velmi vysok\u00e1 chv\u00e1la. Zde v KnifeCenter c\u00edt\u00edme, \u017ee no\u017ee Rike v\u00e1m poskytuj\u00ed vysoce hodnotn\u00fd faktor s vysok\u00fdm po\u017eitkem, kter\u00fd hled\u00e1te, a \u017ee by byly skv\u011blou volbou pro va\u0161e t\u011b\u017ece vyd\u011blan\u00e9 pen\u00edze.<\/p>\n<p>Thor 5 od <strong>Rike Knives<\/strong> je ploutvi\u010dka v pln\u00e9 velikosti a vyr\u00e1b\u00ed se stejn\u00fdm zp\u016fsobem jako v\u0161echny ostatn\u00ed zav\u00edrac\u00ed no\u017ee Rike. P\u0159ekl\u00e1p\u011bn\u00ed je p\u011bkn\u00e9 a ostr\u00e9, jezd\u00ed na keramick\u00fdch lo\u017eisk\u00e1ch a d\u00edky kladn\u00e9 hmotnosti no\u017ee je otev\u00edr\u00e1n\u00ed velmi uspokojiv\u00e9. N\u00e1dhern\u00e1 \u010depel je vyrobena z nerezov\u00e9 oceli M390 se sat\u00e9nov\u00fdm povrchem. Jednod\u00edln\u00e1 titanov\u00e1 konstrukce rukojeti dod\u00e1v\u00e1 no\u017ei maxim\u00e1ln\u00ed pevnost, zat\u00edmco jej\u00ed fr\u00e9zovac\u00ed vzor zaji\u0161\u0165uje jedine\u010dn\u00fd vizu\u00e1ln\u00ed vzhled. Thor 5 je n\u016f\u017e, kter\u00fd v\u0159ele doporu\u010dujeme, proto\u017ee je kr\u00e1sn\u00fd, trochu praktick\u00fd a rozhodn\u011b taktick\u00fd na posledn\u00ed chv\u00edli, ale ur\u010dit\u011b upout\u00e1 pozornost ka\u017ed\u00e9 osoby pobl\u00ed\u017e. Sou\u010d\u00e1st\u00ed no\u017ee je ko\u017een\u00e9 pouzdro.<\/p>\n<p>Specifikace<br \/>\nD\u00e9lka \u010depele: 9.4 cm<br \/>\nCelkov\u00e1 d\u00e9lka: 21.55 cm<br \/>\nMateri\u00e1l \u010depele: M390 Nerezov\u00e1 ocel<br \/>\nTlou\u0161\u0165ka \u010depele: 0,16&#8243;<br \/>\nTvrdost \u010depele: 60-61HRC<br \/>\nStyl \u010depele: Drop Point<br \/>\nBrou\u0161en\u00ed \u010depele: Ploch\u00e9<br \/>\nPovrchov\u00e1 \u00faprava \u010depele: sat\u00e9n<br \/>\nMateri\u00e1l rukojeti: fr\u00e9zovan\u00fd jednod\u00edln\u00fd titan, fialov\u00e1\/modr\u00e1<br \/>\nTlou\u0161\u0165ka rukojeti: 1.42 cm<br \/>\nUzamykac\u00ed mechanismus: R\u00e1m<br \/>\nSestava \u010depu: Keramick\u00e1 lo\u017eiska<br \/>\nKapesn\u00ed spona: Titan (vykl\u00e1p\u011bc\u00ed, prav\u00e9 no\u0161en\u00ed)<br \/>\nMateri\u00e1l pouzdra: Ko\u017een\u00e9 pouzdro<br \/>\nHmotnost: 4,58 oz.<\/p>\n","protected":false},"excerpt":{"rendered":"<p><strong>Rikeknife<\/strong>\u00a0je origin\u00e1ln\u00ed zna\u010dka navr\u017een\u00e1 na\u0161\u00edm zakladatelem Richardem Wu. Je dlouholet\u00fdm nad\u0161encem do no\u017e\u016f, m\u00e1 zku\u0161enosti s mechanick\u00fdm designem a v\u00fdrobou, neust\u00e1le usiluje o dokonalost a detailn\u00ed dokonalost ve v\u0161ech designech no\u017e\u016f vyr\u00e1b\u011bn\u00fdch\u00a0<strong>Rikeknife<\/strong>.<\/p>\n<p><strong>Doprava zdarma.<\/strong><\/p>\n","protected":false},"featured_media":238086,"comment_status":"open","ping_status":"closed","template":"","meta":[],"pwb-brand":[1318],"product_brand":[],"product_cat":[22,17],"product_tag":[],"class_list":{"0":"post-238085","1":"product","2":"type-product","3":"status-publish","4":"has-post-thumbnail","6":"pwb-brand-rike-knife","7":"product_cat-zaviraci-noze","8":"product_cat-noze","10":"first","11":"outofstock","12":"taxable","13":"shipping-taxable","14":"purchasable","15":"product-type-simple"},"brands":[{"id":1318,"name":"Rike Knife","slug":"rike-knife"}],"_links":{"self":[{"href":"https:\/\/www.moskito.cz\/pl\/wp-json\/wp\/v2\/product\/238085","targetHints":{"allow":["GET"]}}],"collection":[{"href":"https:\/\/www.moskito.cz\/pl\/wp-json\/wp\/v2\/product"}],"about":[{"href":"https:\/\/www.moskito.cz\/pl\/wp-json\/wp\/v2\/types\/product"}],"replies":[{"embeddable":true,"href":"https:\/\/www.moskito.cz\/pl\/wp-json\/wp\/v2\/comments?post=238085"}],"wp:featuredmedia":[{"embeddable":true,"href":"https:\/\/www.moskito.cz\/pl\/wp-json\/wp\/v2\/media\/238086"}],"wp:attachment":[{"href":"https:\/\/www.moskito.cz\/pl\/wp-json\/wp\/v2\/media?parent=238085"}],"wp:term":[{"taxonomy":"pwb-brand","embeddable":true,"href":"https:\/\/www.moskito.cz\/pl\/wp-json\/wp\/v2\/pwb-brand?post=238085"},{"taxonomy":"product_brand","embeddable":true,"href":"https:\/\/www.moskito.cz\/pl\/wp-json\/wp\/v2\/product_brand?post=238085"},{"taxonomy":"product_cat","embeddable":true,"href":"https:\/\/www.moskito.cz\/pl\/wp-json\/wp\/v2\/product_cat?post=238085"},{"taxonomy":"product_tag","embeddable":true,"href":"https:\/\/www.moskito.cz\/pl\/wp-json\/wp\/v2\/product_tag?post=238085"}],"curies":[{"name":"wp","href":"https:\/\/api.w.org\/{rel}","templated":true}]}}