{"id":238635,"date":"2023-01-27T22:25:25","date_gmt":"2023-01-27T21:25:25","guid":{"rendered":"https:\/\/www.moskito.cz\/?post_type=product&#038;p=238635"},"modified":"2025-05-07T10:45:54","modified_gmt":"2025-05-07T09:45:54","slug":"vystrelovaci-nuz-microtech-hera-otf-auto-stonewashed-703-10","status":"publish","type":"product","link":"https:\/\/www.moskito.cz\/pl\/produkt\/vystrelovaci-nuz-microtech-hera-otf-auto-stonewashed-703-10\/","title":{"rendered":"Vyst\u0159elovac\u00ed N\u016f\u017e Microtech Hera OTF AUTO Stonewashed 703-10"},"content":{"rendered":"<p>Vyst\u0159elovac\u00ed N\u016f\u017e <strong>Microtech<\/strong> Hera OTF AUTO Stonewashed 703-10<\/p>\n<p>Hera je kr\u00e1sn\u00fd dvou\u010dinn\u00fd p\u0159edn\u00ed automat s tvarem r\u00e1mu voln\u011b zalo\u017een\u00fdm na designu Troodon. Je to v\u0161ak ergonomi\u010dt\u011bj\u0161\u00ed, s opracovan\u00fdmi z\u00e1platami bl\u00edzko konc\u016f pro lep\u0161\u00ed n\u00e1kup a podle na\u0161ich n\u00e1zor\u016f vylep\u0161en\u00fd vzhled. V\u0161e na tomto designu k\u0159i\u010d\u00ed jak sofistikovanost\u00ed, tak funk\u010dnost\u00ed. Je to jeden z nejlep\u0161\u00edch v\u0161estrann\u00fdch automatick\u00fdch n\u00e1vrh\u016f OTF v mimo\u0159\u00e1dn\u011b p\u0159epln\u011bn\u00e9m poli a velikost\u00ed tak akor\u00e1t pro ka\u017edodenn\u00ed no\u0161en\u00ed.<\/p>\n<p>Specifikace<br \/>\nD\u00e9lka \u010depele: 8 cm<br \/>\nCelkov\u00e1 d\u00e9lka: 19 cm<br \/>\nMateri\u00e1l \u010depele: Upozor\u0148ujeme, \u017ee ocel \u010depele nelze p\u0159edem specifikovat, proto\u017ee se m\u016f\u017ee m\u011bnit v z\u00e1vislosti na dostupnosti (informace od Microtech)<br \/>\nTlou\u0161\u0165ka \u010depele: 0,094&#8243;<br \/>\nStyl \u010depele: Drop Point<br \/>\nBrou\u0161en\u00ed \u010depele: Ploch\u00e9<br \/>\nPovrchov\u00e1 \u00faprava \u010depele: Stonewash<br \/>\nMateri\u00e1l rukojeti: \u010cern\u00fd eloxovan\u00fd leteck\u00fd hlin\u00edk<br \/>\nUzamykac\u00ed mechanismus: Thumb Slide<br \/>\nKapesn\u00ed spona: Titan (sklopen\u00ed dol\u016f, prav\u00e9 no\u0161en\u00ed)<br \/>\nHmotnost: 3,10 oz.<br \/>\nDesign\u00e9\u0159i: Tony a Sean Marfione<br \/>\nVyrobeno v USA<\/p>\n","protected":false},"excerpt":{"rendered":"<p>V pr\u016fb\u011bhu let\u00a0<strong>Microtech\u00ae<\/strong>\u00a0Knives naplnil v\u00e1\u0161n\u00ed a dovednost\u00ed v\u00fdrobu no\u017e\u016f, a\u017e z nich vytvo\u0159il t\u00e9m\u011b\u0159 um\u011bleck\u00e1 d\u00edla,kter\u00e9 jsou vrcholem funk\u010dnosti.V\u0161echny d\u00edly jsou vyrobeny v USA.<br \/>\n<strong>Na v\u0161echny no\u017ee Microtech je do\u017eivotn\u00ed z\u00e1ruka ( min. 80 000 cykl\u016f, otev\u0159en\u00ed a zav\u0159en\u00ed)<\/strong><\/p>\n<p><strong>Doprava zdarma.<\/strong><\/p>\n","protected":false},"featured_media":238636,"comment_status":"open","ping_status":"closed","template":"","meta":[],"pwb-brand":[431],"product_brand":[],"product_cat":[2019,17],"product_tag":[3667],"class_list":{"0":"post-238635","1":"product","2":"type-product","3":"status-publish","4":"has-post-thumbnail","6":"pwb-brand-microtech","7":"product_cat-vystrelovaci-noze","8":"product_cat-noze","9":"product_tag-b2b","11":"first","12":"outofstock","13":"taxable","14":"shipping-taxable","15":"purchasable","16":"product-type-simple"},"brands":[{"id":431,"name":"Microtech","slug":"microtech"}],"_links":{"self":[{"href":"https:\/\/www.moskito.cz\/pl\/wp-json\/wp\/v2\/product\/238635","targetHints":{"allow":["GET"]}}],"collection":[{"href":"https:\/\/www.moskito.cz\/pl\/wp-json\/wp\/v2\/product"}],"about":[{"href":"https:\/\/www.moskito.cz\/pl\/wp-json\/wp\/v2\/types\/product"}],"replies":[{"embeddable":true,"href":"https:\/\/www.moskito.cz\/pl\/wp-json\/wp\/v2\/comments?post=238635"}],"wp:featuredmedia":[{"embeddable":true,"href":"https:\/\/www.moskito.cz\/pl\/wp-json\/wp\/v2\/media\/238636"}],"wp:attachment":[{"href":"https:\/\/www.moskito.cz\/pl\/wp-json\/wp\/v2\/media?parent=238635"}],"wp:term":[{"taxonomy":"pwb-brand","embeddable":true,"href":"https:\/\/www.moskito.cz\/pl\/wp-json\/wp\/v2\/pwb-brand?post=238635"},{"taxonomy":"product_brand","embeddable":true,"href":"https:\/\/www.moskito.cz\/pl\/wp-json\/wp\/v2\/product_brand?post=238635"},{"taxonomy":"product_cat","embeddable":true,"href":"https:\/\/www.moskito.cz\/pl\/wp-json\/wp\/v2\/product_cat?post=238635"},{"taxonomy":"product_tag","embeddable":true,"href":"https:\/\/www.moskito.cz\/pl\/wp-json\/wp\/v2\/product_tag?post=238635"}],"curies":[{"name":"wp","href":"https:\/\/api.w.org\/{rel}","templated":true}]}}