{"id":239708,"date":"2023-02-15T20:50:02","date_gmt":"2023-02-15T19:50:02","guid":{"rendered":"https:\/\/www.moskito.cz\/?post_type=product&#038;p=239708"},"modified":"2025-05-07T10:46:15","modified_gmt":"2025-05-07T09:46:15","slug":"vystrelovaci-nuz-a-g-a-campolin-akc-f-16-otf-7","status":"publish","type":"product","link":"https:\/\/www.moskito.cz\/pl\/produkt\/vystrelovaci-nuz-a-g-a-campolin-akc-f-16-otf-7\/","title":{"rendered":"Vyst\u0159elovac\u00ed N\u016f\u017e A.G.A. CAMPOLIN AKC F-16 OTF"},"content":{"rendered":"<p>Vyst\u0159elovac\u00ed N\u016f\u017e <strong>A.G.A. CAMPOLIN<\/strong> AKC F-16 OTF<\/p>\n<p>Vyst\u0159elovac\u00ed n\u016f\u017e A.G.A. Campolin AKC F-16 OTF je p\u016fsobiv\u00fd kousek navr\u017een\u00fd pro fanou\u0161ky precizn\u00edho zpracov\u00e1n\u00ed a rychl\u00e9 akce. Je pojmenovan\u00fd po st\u00edhac\u00edm letounu F-16 Fighting Falcon, co\u017e u\u017e samo o sob\u011b nazna\u010duje jeho rychlost a s\u00edlu. Zde jsou hlavn\u00ed vlastnosti tohoto no\u017ee:<br \/>\nHlavn\u00ed vlastnosti:<\/p>\n<p>Mechanismus: Automatick\u00fd OTF (Out The Front) s dvojit\u00fdmi pru\u017einami, zaji\u0161\u0165uj\u00edc\u00ed spolehlivost a rychl\u00e9 otev\u00edr\u00e1n\u00ed\/zav\u00edr\u00e1n\u00ed. Bladeplay (pohyb \u010depele v zav\u0159en\u00e9m stavu) je t\u00e9m\u011b\u0159 nulov\u00fd.<br \/>\n\u010cepel: Sat\u00e9nov\u00e1 bajonetov\u00e1 \u010depel z nerezov\u00e9 oceli 440A, zn\u00e1m\u00e1 svou odolnost\u00ed v\u016f\u010di korozi a snadnou \u00fadr\u017ebou.<br \/>\nRukoje\u0165: Hlin\u00edkov\u00e1, b\u00edl\u00e1 povrchov\u00e1 \u00faprava s \u010dern\u00fdm brusn\u00fdm pap\u00edrem pro bezpe\u010dn\u00fd a pevn\u00fd \u00fachop.<br \/>\nErgonomie: Lehk\u00e1 konstrukce (90 g) a dob\u0159e vyv\u00e1\u017een\u00fd design, kter\u00fd podporuje pohodln\u00e9 no\u0161en\u00ed a pou\u017e\u00edv\u00e1n\u00ed.<br \/>\nKapesn\u00ed spona: \u010cern\u00e1 spona umo\u017e\u0148uje snadn\u00e9 no\u0161en\u00ed v kapse nebo na opasku.<br \/>\nVelikost a v\u00e1ha:<br \/>\nCelkov\u00e1 d\u00e9lka: 20 cm<br \/>\nD\u00e9lka \u010depele: 8,5 cm<br \/>\nTlou\u0161\u0165ka \u010depele: 3 mm<br \/>\nHmotnost: 90 g (3,1 oz)<\/p>\n<p>Pro\u010d vybrat AKC F-16 OTF?<\/p>\n<p>Tento n\u016f\u017e je ide\u00e1ln\u00ed jako EDC (Everyday Carry) pro ka\u017edodenn\u00ed pou\u017eit\u00ed. Nab\u00edz\u00ed rychlou akci, skv\u011blou ergonomii a vysokou spolehlivost. Nav\u00edc jeho italsk\u00fd design s bajonetovou \u010depel\u00ed p\u0159id\u00e1v\u00e1 eleganci a funk\u010dnost. Je perfektn\u00ed volbou pro ka\u017ed\u00e9ho, kdo hled\u00e1 praktick\u00fd a z\u00e1rove\u0148 stylov\u00fd vyst\u0159elovac\u00ed n\u016f\u017e.<\/p>\n<p>&nbsp;<\/p>\n<p><iframe title=\"AKC F16 Automatic OTF F16B CF\" width=\"800\" height=\"450\" src=\"https:\/\/www.youtube.com\/embed\/yyAzUKCJ_AQ?feature=oembed\" frameborder=\"0\" allow=\"accelerometer; autoplay; clipboard-write; encrypted-media; gyroscope; picture-in-picture; web-share\" referrerpolicy=\"strict-origin-when-cross-origin\" allowfullscreen><\/iframe><\/p>\n<p>&nbsp;<\/p>\n","protected":false},"excerpt":{"rendered":"<p><strong>Tento n\u016f\u017e je ide\u00e1ln\u00ed jako EDC (Everyday Carry) pro ka\u017edodenn\u00ed pou\u017eit\u00ed. Nab\u00edz\u00ed rychlou akci, skv\u011blou ergonomii a vysokou spolehlivost. Nav\u00edc jeho italsk\u00fd design s bajonetovou \u010depel\u00ed p\u0159id\u00e1v\u00e1 eleganci a funk\u010dnost. Je perfektn\u00ed volbou pro ka\u017ed\u00e9ho, kdo hled\u00e1 praktick\u00fd a z\u00e1rove\u0148 stylov\u00fd vyst\u0159elovac\u00ed n\u016f\u017e.<\/strong><\/p>\n","protected":false},"featured_media":239709,"comment_status":"open","ping_status":"closed","template":"","meta":[],"pwb-brand":[3245],"product_brand":[],"product_cat":[2019,17],"product_tag":[],"class_list":{"0":"post-239708","1":"product","2":"type-product","3":"status-publish","4":"has-post-thumbnail","6":"pwb-brand-a-g-a-campolin","7":"product_cat-vystrelovaci-noze","8":"product_cat-noze","10":"first","11":"instock","12":"taxable","13":"shipping-taxable","14":"purchasable","15":"product-type-simple"},"brands":[{"id":3245,"name":"A.G.A. CAMPOLIN","slug":"a-g-a-campolin"}],"_links":{"self":[{"href":"https:\/\/www.moskito.cz\/pl\/wp-json\/wp\/v2\/product\/239708","targetHints":{"allow":["GET"]}}],"collection":[{"href":"https:\/\/www.moskito.cz\/pl\/wp-json\/wp\/v2\/product"}],"about":[{"href":"https:\/\/www.moskito.cz\/pl\/wp-json\/wp\/v2\/types\/product"}],"replies":[{"embeddable":true,"href":"https:\/\/www.moskito.cz\/pl\/wp-json\/wp\/v2\/comments?post=239708"}],"wp:featuredmedia":[{"embeddable":true,"href":"https:\/\/www.moskito.cz\/pl\/wp-json\/wp\/v2\/media\/239709"}],"wp:attachment":[{"href":"https:\/\/www.moskito.cz\/pl\/wp-json\/wp\/v2\/media?parent=239708"}],"wp:term":[{"taxonomy":"pwb-brand","embeddable":true,"href":"https:\/\/www.moskito.cz\/pl\/wp-json\/wp\/v2\/pwb-brand?post=239708"},{"taxonomy":"product_brand","embeddable":true,"href":"https:\/\/www.moskito.cz\/pl\/wp-json\/wp\/v2\/product_brand?post=239708"},{"taxonomy":"product_cat","embeddable":true,"href":"https:\/\/www.moskito.cz\/pl\/wp-json\/wp\/v2\/product_cat?post=239708"},{"taxonomy":"product_tag","embeddable":true,"href":"https:\/\/www.moskito.cz\/pl\/wp-json\/wp\/v2\/product_tag?post=239708"}],"curies":[{"name":"wp","href":"https:\/\/api.w.org\/{rel}","templated":true}]}}