{"id":240069,"date":"2023-02-19T19:18:11","date_gmt":"2023-02-19T18:18:11","guid":{"rendered":"https:\/\/www.moskito.cz\/?post_type=product&#038;p=240069"},"modified":"2025-05-07T10:46:23","modified_gmt":"2025-05-07T09:46:23","slug":"zaviraci-nuz-cmb-made-knives-prowler-titanium-and-cf-cmb-02r","status":"publish","type":"product","link":"https:\/\/www.moskito.cz\/pl\/produkt\/zaviraci-nuz-cmb-made-knives-prowler-titanium-and-cf-cmb-02r\/","title":{"rendered":"Zav\u00edrac\u00ed N\u016f\u017e CMB Made Knives Prowler Titanium and CF CMB-02R"},"content":{"rendered":"<p>Zav\u00edrac\u00ed N\u016f\u017e <strong>CMB Made Knives<\/strong> Prowler Titanium and CF CMB-02R<\/p>\n<p><strong>Prowler<\/strong> je pevn\u00fd kapesn\u00ed n\u016f\u017e pro ka\u017edodenn\u00ed no\u0161en\u00ed od <strong>CMB Made Knives<\/strong>. Je vyroben z pr\u00e9miov\u00e9 oceli M390 a z titanov\u00e9 rukojeti s karbonovou vrstvou. \u010cepel no\u017ee m\u00e1 povrchovou \u00fapravu BlackWash + Satin a tvar Clip-Point. \u010cepel se otev\u00edr\u00e1 flipperem a je zaji\u0161t\u011bna Frame-Lockem. Axi\u00e1ln\u00ed mont\u00e1\u017e je provedena na m\u011bd\u011bn\u00e9m lo\u017eisku s keramick\u00fdmi kuli\u010dkami. V\u00fdrobce n\u016f\u017e vybavil kapesn\u00ed sponou pro snadn\u00e9 p\u0159en\u00e1\u0161en\u00ed.<br \/>\n\u010cepel je vyrobena z M390 &#8211; to je rakousk\u00e1 ocel koncernu BOHLER. Na Rockwellov\u011b stupnici m\u00e1 ukazatel 60-62 HRC. M\u00e1 vynikaj\u00edc\u00ed pevnost \u0159ezn\u00e9 hrany.<\/p>\n<p>Rukoje\u0165 je vyrobena z titanu s \u010derveno-\u010dern\u00fdm karbonov\u00fdm p\u0159ekryt\u00edm, slitina titanu. V no\u017e\u00ed\u0159sk\u00e9m pr\u016fmyslu je Ti6Al4V nej\u010dast\u011bji pou\u017e\u00edvanou slitinou titanu a m\u00e1 vynikaj\u00edc\u00ed mechanick\u00e9 vlastnosti. Je pova\u017eov\u00e1na za nejpevn\u011bj\u0161\u00ed a nejhou\u017eevnat\u011bj\u0161\u00ed slitinu titanu. Z\u00e1rove\u0148 je materi\u00e1l velmi lehk\u00fd.<\/p>\n<p>Karbon je uhl\u00edkov\u00e9 vl\u00e1kno pou\u017e\u00edvan\u00e9 v r\u016fzn\u00fdch pr\u016fmyslov\u00fdch odv\u011btv\u00edch, v\u010detn\u011b vytv\u00e1\u0159en\u00ed rukojet\u00ed no\u017e\u016f. Je to p\u0159\u00edjemn\u00fd a lehk\u00fd, ale z\u00e1rove\u0148 odoln\u00fd materi\u00e1l. Vlastnosti se bl\u00ed\u017e\u00ed oceli, ale p\u0159ed\u010d\u00ed ji, nav\u00edc je odoln\u00e1 v\u016f\u010di korozi, imunn\u00ed v\u016f\u010di \u017e\u00edrav\u00fdm chemik\u00e1li\u00edm a odol\u00e1v\u00e1 vysok\u00e9mu zat\u00ed\u017een\u00ed.<\/p>\n<p>Vlastnosti:<\/p>\n<p>Design\u00e9r: JELLY_JERRY_DESIGN<\/p>\n<p>Celkov\u00e1 d\u00e9lka: 215 mm<br \/>\nD\u00e9lka \u010depele: 95 mm<br \/>\nTlou\u0161\u0165ka zadku: 3,5 mm<br \/>\nMateri\u00e1l \u010depele: Bohler M390<br \/>\nMateri\u00e1l rukojeti: karbon, titan<br \/>\nV\u00fdrobce: CMB Made Knives<br \/>\nHmotnost: 100 g<\/p>\n","protected":false},"excerpt":{"rendered":"<p><strong>Prowler<\/strong> je pevn\u00fd kapesn\u00ed n\u016f\u017e pro ka\u017edodenn\u00ed no\u0161en\u00ed od <strong>CMB Made Knives<\/strong>.<\/p>\n","protected":false},"featured_media":240073,"comment_status":"open","ping_status":"closed","template":"","meta":[],"pwb-brand":[3246],"product_brand":[],"product_cat":[22,17],"product_tag":[],"class_list":{"0":"post-240069","1":"product","2":"type-product","3":"status-publish","4":"has-post-thumbnail","6":"pwb-brand-cmb-made-knives","7":"product_cat-zaviraci-noze","8":"product_cat-noze","10":"first","11":"instock","12":"taxable","13":"shipping-taxable","14":"purchasable","15":"product-type-simple"},"brands":[{"id":3246,"name":"CMB Made Knives","slug":"cmb-made-knives"}],"_links":{"self":[{"href":"https:\/\/www.moskito.cz\/pl\/wp-json\/wp\/v2\/product\/240069","targetHints":{"allow":["GET"]}}],"collection":[{"href":"https:\/\/www.moskito.cz\/pl\/wp-json\/wp\/v2\/product"}],"about":[{"href":"https:\/\/www.moskito.cz\/pl\/wp-json\/wp\/v2\/types\/product"}],"replies":[{"embeddable":true,"href":"https:\/\/www.moskito.cz\/pl\/wp-json\/wp\/v2\/comments?post=240069"}],"wp:featuredmedia":[{"embeddable":true,"href":"https:\/\/www.moskito.cz\/pl\/wp-json\/wp\/v2\/media\/240073"}],"wp:attachment":[{"href":"https:\/\/www.moskito.cz\/pl\/wp-json\/wp\/v2\/media?parent=240069"}],"wp:term":[{"taxonomy":"pwb-brand","embeddable":true,"href":"https:\/\/www.moskito.cz\/pl\/wp-json\/wp\/v2\/pwb-brand?post=240069"},{"taxonomy":"product_brand","embeddable":true,"href":"https:\/\/www.moskito.cz\/pl\/wp-json\/wp\/v2\/product_brand?post=240069"},{"taxonomy":"product_cat","embeddable":true,"href":"https:\/\/www.moskito.cz\/pl\/wp-json\/wp\/v2\/product_cat?post=240069"},{"taxonomy":"product_tag","embeddable":true,"href":"https:\/\/www.moskito.cz\/pl\/wp-json\/wp\/v2\/product_tag?post=240069"}],"curies":[{"name":"wp","href":"https:\/\/api.w.org\/{rel}","templated":true}]}}