{"id":240109,"date":"2023-02-19T20:56:29","date_gmt":"2023-02-19T19:56:29","guid":{"rendered":"https:\/\/www.moskito.cz\/?post_type=product&#038;p=240109"},"modified":"2025-05-07T10:46:24","modified_gmt":"2025-05-07T09:46:24","slug":"zaviraci-nuz-cmb-made-knives-prowler-framelock-bronze-cmb02c","status":"publish","type":"product","link":"https:\/\/www.moskito.cz\/pl\/produkt\/zaviraci-nuz-cmb-made-knives-prowler-framelock-bronze-cmb02c\/","title":{"rendered":"Zav\u00edrac\u00ed N\u016f\u017e CMB Made Knives Prowler Framelock Bronze CMB02C"},"content":{"rendered":"<p>Zav\u00edrac\u00ed N\u016f\u017e <strong>CMB Made Knives<\/strong> Prowler Framelock Bronze CMB02C<\/p>\n<p>Tento CMB Made Knives Prowler m\u00e1 design, kde \u010depel a rukoje\u0165 sm\u011b\u0159uj\u00ed proti sob\u011b a vytv\u00e1\u0159ej\u00ed esteticky p\u0159\u00edjemnou rovnov\u00e1hu. Rukoje\u0165 m\u00e1 dokonce dr\u00e1\u017eku pro palec, kter\u00e1 zvy\u0161uje pohodl\u00ed. Nejen, \u017ee je uspo\u0159\u00e1d\u00e1n v cool stylu, ale jeho konstrukce je vyrobena z vysoce kvalitn\u00edch materi\u00e1l\u016f. Ocel m\u00e1 vysokou odolnost proti opot\u0159eben\u00ed a vysokou odolnost proti korozi, co\u017e z n\u00ed \u010din\u00ed ide\u00e1ln\u00ed ocel pro v\u00e1\u0161 n\u016f\u017e. Rukoje\u0165 je elegantn\u00ed, pevn\u00e1 a dob\u0159e vypadaj\u00edc\u00ed. Toto je n\u016f\u017e, kter\u00fd nebudete cht\u00edt nechat za sebou p\u0159i \u017e\u00e1dn\u00e9m dobrodru\u017estv\u00ed. Je to vynikaj\u00edc\u00ed EDC!<\/p>\n<p>Hled\u00e1te n\u011bco podobn\u00e9ho? Existuje spousta dal\u0161\u00edch zav\u00edrac\u00edch no\u017e\u016f vyroben\u00fdch CMB, ze kter\u00fdch si m\u016f\u017eete vybrat!<\/p>\n<p>Design\u00e9r: JELLY_JERRY_DESIGN<br \/>\nN\u00e1zev modelu: Prowler<\/p>\n<p>Celkov\u00e1 d\u00e9lka: 215 mm (8,46&#8243;)<br \/>\nD\u00e9lka \u010depele: 95 mm (3,74&#8243;)<br \/>\n\u0160\u00ed\u0159ka \u010depele: 30 mm (1,18&#8243;)<br \/>\nTlou\u0161\u0165ka \u010depele: 3,5 mm<br \/>\nD\u00e9lka rukojeti: 120 mm (4,72&#8243;)<\/p>\n<p>Materi\u00e1l \u010depele: M390<br \/>\nPovrch \u010depele: Ta\u017een\u00ed dr\u00e1tu<br \/>\nPovrch rukojeti: Bronz<br \/>\nMateri\u00e1l rukojeti: 6AL4V titan<br \/>\nKlip: 6AL4V Titanium<\/p>\n<p>Hmotnost: 114 g (4,02 oz)<br \/>\nTvrdost: 59-60HRC<br \/>\nTyp z\u00e1mku: R\u00e1mov\u00fd z\u00e1mek<br \/>\nKonstrukce: m\u011bd\u011bn\u00e9 keramick\u00e9 kuli\u010dkov\u00e9 lo\u017eisko<\/p>\n","protected":false},"excerpt":{"rendered":"<p>Tento <strong>CMB Made Knives<\/strong> Prowler m\u00e1 design, kde \u010depel a rukoje\u0165 sm\u011b\u0159uj\u00ed proti sob\u011b a vytv\u00e1\u0159ej\u00ed esteticky p\u0159\u00edjemnou rovnov\u00e1hu.<\/p>\n","protected":false},"featured_media":240110,"comment_status":"open","ping_status":"closed","template":"","meta":[],"pwb-brand":[3246],"product_brand":[],"product_cat":[22,17],"product_tag":[],"class_list":{"0":"post-240109","1":"product","2":"type-product","3":"status-publish","4":"has-post-thumbnail","6":"pwb-brand-cmb-made-knives","7":"product_cat-zaviraci-noze","8":"product_cat-noze","10":"first","11":"instock","12":"taxable","13":"shipping-taxable","14":"purchasable","15":"product-type-simple"},"brands":[{"id":3246,"name":"CMB Made Knives","slug":"cmb-made-knives"}],"_links":{"self":[{"href":"https:\/\/www.moskito.cz\/pl\/wp-json\/wp\/v2\/product\/240109","targetHints":{"allow":["GET"]}}],"collection":[{"href":"https:\/\/www.moskito.cz\/pl\/wp-json\/wp\/v2\/product"}],"about":[{"href":"https:\/\/www.moskito.cz\/pl\/wp-json\/wp\/v2\/types\/product"}],"replies":[{"embeddable":true,"href":"https:\/\/www.moskito.cz\/pl\/wp-json\/wp\/v2\/comments?post=240109"}],"wp:featuredmedia":[{"embeddable":true,"href":"https:\/\/www.moskito.cz\/pl\/wp-json\/wp\/v2\/media\/240110"}],"wp:attachment":[{"href":"https:\/\/www.moskito.cz\/pl\/wp-json\/wp\/v2\/media?parent=240109"}],"wp:term":[{"taxonomy":"pwb-brand","embeddable":true,"href":"https:\/\/www.moskito.cz\/pl\/wp-json\/wp\/v2\/pwb-brand?post=240109"},{"taxonomy":"product_brand","embeddable":true,"href":"https:\/\/www.moskito.cz\/pl\/wp-json\/wp\/v2\/product_brand?post=240109"},{"taxonomy":"product_cat","embeddable":true,"href":"https:\/\/www.moskito.cz\/pl\/wp-json\/wp\/v2\/product_cat?post=240109"},{"taxonomy":"product_tag","embeddable":true,"href":"https:\/\/www.moskito.cz\/pl\/wp-json\/wp\/v2\/product_tag?post=240109"}],"curies":[{"name":"wp","href":"https:\/\/api.w.org\/{rel}","templated":true}]}}