{"id":240190,"date":"2023-02-20T20:54:48","date_gmt":"2023-02-20T19:54:48","guid":{"rendered":"https:\/\/www.moskito.cz\/?post_type=product&#038;p=240190"},"modified":"2025-05-07T10:46:26","modified_gmt":"2025-05-07T09:46:26","slug":"zaviraci-nuz-cmb-made-knives-zetsu-titanium-carbon-fiber-cmb-09a","status":"publish","type":"product","link":"https:\/\/www.moskito.cz\/pl\/produkt\/zaviraci-nuz-cmb-made-knives-zetsu-titanium-carbon-fiber-cmb-09a\/","title":{"rendered":"Zav\u00edrac\u00ed N\u016f\u017e CMB Made Knives Zetsu Titanium Carbon Fiber CMB-09A"},"content":{"rendered":"<p>Zav\u00edrac\u00ed N\u016f\u017e <strong>CMB Made Knives<\/strong> Zetsu Titanium Carbon Fiber CMB-09A<\/p>\n<p>P\u00edskovan\u00e1 povrchov\u00e1 \u00faprava Bohler M390 nerezov\u00e1 zak\u0159iven\u00e1 \u010depel. Rukoje\u0165 z uhl\u00edkov\u00fdch vl\u00e1ken. Titanov\u00e1 podlo\u017eka(y). Prodlou\u017een\u00e1 koncovka. Kapesn\u00ed klip. \u010cern\u00e9 nylonov\u00e9 pouzdro na zip.<\/p>\n<p>Design\u00e9r: Tiguass<br \/>\nN\u00e1zev modelu: Zetsu CMB-09A<\/p>\n<p>Celkov\u00e1 d\u00e9lka: 200 mm (7,87&#8243;)<br \/>\nD\u00e9lka \u010depele: 92 mm (3,62&#8243;)<br \/>\n\u0160\u00ed\u0159ka \u010depele: 22 mm (0,86&#8243;)<br \/>\nTlou\u0161\u0165ka \u010depele: 3,5 mm<br \/>\nD\u00e9lka rukojeti: 108 mm (4,25&#8243;)<\/p>\n<p>Materi\u00e1l \u010depele: M390<br \/>\nPovrch \u010depele: p\u00edskovan\u00fd + sat\u00e9n<br \/>\nPovrch rukojeti: \u0160ed\u00fd<br \/>\nMateri\u00e1l rukojeti: 6AL4V Ti+CF<br \/>\nKlip: 6AL4V Titanium<\/p>\n<p>Hmotnost: 80 g (2,82 oz)<br \/>\nTvrdost: 59-61HRC<br \/>\nTyp z\u00e1mku: R\u00e1mov\u00fd z\u00e1mek<br \/>\nKonstrukce: m\u011bd\u011bn\u00e9 keramick\u00e9 kuli\u010dkov\u00e9 lo\u017eisko<\/p>\n","protected":false},"excerpt":{"rendered":"<p><strong>ZETSU KNIFE FRAMELOCK Z UHL\u00cdKOV\u00c9HO VL\u00c1KNA A TITANIA<\/strong><\/p>\n","protected":false},"featured_media":240191,"comment_status":"open","ping_status":"closed","template":"","meta":[],"pwb-brand":[3246],"product_brand":[],"product_cat":[22,17],"product_tag":[],"class_list":{"0":"post-240190","1":"product","2":"type-product","3":"status-publish","4":"has-post-thumbnail","6":"pwb-brand-cmb-made-knives","7":"product_cat-zaviraci-noze","8":"product_cat-noze","10":"first","11":"instock","12":"taxable","13":"shipping-taxable","14":"purchasable","15":"product-type-simple"},"brands":[{"id":3246,"name":"CMB Made Knives","slug":"cmb-made-knives"}],"_links":{"self":[{"href":"https:\/\/www.moskito.cz\/pl\/wp-json\/wp\/v2\/product\/240190","targetHints":{"allow":["GET"]}}],"collection":[{"href":"https:\/\/www.moskito.cz\/pl\/wp-json\/wp\/v2\/product"}],"about":[{"href":"https:\/\/www.moskito.cz\/pl\/wp-json\/wp\/v2\/types\/product"}],"replies":[{"embeddable":true,"href":"https:\/\/www.moskito.cz\/pl\/wp-json\/wp\/v2\/comments?post=240190"}],"wp:featuredmedia":[{"embeddable":true,"href":"https:\/\/www.moskito.cz\/pl\/wp-json\/wp\/v2\/media\/240191"}],"wp:attachment":[{"href":"https:\/\/www.moskito.cz\/pl\/wp-json\/wp\/v2\/media?parent=240190"}],"wp:term":[{"taxonomy":"pwb-brand","embeddable":true,"href":"https:\/\/www.moskito.cz\/pl\/wp-json\/wp\/v2\/pwb-brand?post=240190"},{"taxonomy":"product_brand","embeddable":true,"href":"https:\/\/www.moskito.cz\/pl\/wp-json\/wp\/v2\/product_brand?post=240190"},{"taxonomy":"product_cat","embeddable":true,"href":"https:\/\/www.moskito.cz\/pl\/wp-json\/wp\/v2\/product_cat?post=240190"},{"taxonomy":"product_tag","embeddable":true,"href":"https:\/\/www.moskito.cz\/pl\/wp-json\/wp\/v2\/product_tag?post=240190"}],"curies":[{"name":"wp","href":"https:\/\/api.w.org\/{rel}","templated":true}]}}