{"id":241272,"date":"2023-02-27T19:32:18","date_gmt":"2023-02-27T18:32:18","guid":{"rendered":"https:\/\/www.moskito.cz\/?post_type=product&#038;p=241272"},"modified":"2025-05-07T10:46:52","modified_gmt":"2025-05-07T09:46:52","slug":"zaviraci-nuz-maxace-killer-whale-mkw202","status":"publish","type":"product","link":"https:\/\/www.moskito.cz\/pl\/produkt\/zaviraci-nuz-maxace-killer-whale-mkw202\/","title":{"rendered":"Zav\u00edrac\u00ed N\u016f\u017e Maxace Killer Whale MKW202"},"content":{"rendered":"<p>Zav\u00edrac\u00ed N\u016f\u017e <strong>Maxace Killer Whale<\/strong> MKW202<\/p>\n<p><strong>Maxace Killer Whale<\/strong> 2.0 je origin\u00e1ln\u00ed n\u016f\u017e s \u010depel\u00ed Clip Point od Maxace. \u010cepel no\u017ee je vyrobena z nov\u00e9 oceli ASP-60 v \u00faprav\u011b BlackWash. Axi\u00e1ln\u00ed uzel no\u017ee je proveden s pou\u017eit\u00edm keramick\u00fdch lo\u017eisek. Rukoje\u0165 je vyrobena z titanu a m\u00e1 texturovan\u00fd povrch pro bezpe\u010dn\u011bj\u0161\u00ed \u00fachop. &#8222;Killer&#8221; je vybaven klipem na kapsy a m\u00e1 tak\u00e9 nylonov\u00e9 pouzdro se zipem se dv\u011bma kapsami, had\u0159\u00edk z mikrovl\u00e1kna, kompletn\u00ed sadu n\u00e1hradn\u00edch \u0161roub\u016f a n\u00e1hradn\u00ed pojistnou matici.<\/p>\n<p><strong>\u010cepe<\/strong>l ocel ASP-60. je vysoce v\u00fdkonn\u00e1 rychlo\u0159ezn\u00e1 pr\u00e1\u0161kov\u00e1 ocel vyr\u00e1b\u011bn\u00e1 americkou spole\u010dnost\u00ed Erasteel (dce\u0159in\u00e1 spole\u010dnost France Eichmann Group). Skl\u00e1d\u00e1 se z 6,5 % kobaltu, vanadu a wolframu, d\u00e1le ze 7 % molybdenu, 4,2 % chr\u00f3mu a 2,3 % uhl\u00edku. D\u00edky p\u0159\u00edtomnosti kobaltu m\u00e1 ocel zlep\u0161en\u00e9 vlastnosti p\u0159i vysok\u00fdch teplot\u00e1ch (nap\u0159\u00edklad tvrdost do \u010dervena a odolnost proti popou\u0161t\u011bn\u00ed), pevnost v tlaku a modul pru\u017enosti. Oceli ASP jsou vhodn\u00e9 pro \u0161irokou \u0161k\u00e1lu n\u00e1stroj\u016f a komponent\u016f, jako jsou \u0159ezn\u00e9 n\u00e1stroje, n\u00e1stroje pro tv\u00e1\u0159en\u00ed za studena, pily a no\u017ee, automobilov\u00e9 komponenty a komponenty odoln\u00e9 proti opot\u0159eben\u00ed.<\/p>\n<p><strong>Rukoje\u0165<\/strong> je vyrobena z titanu. V no\u017e\u00ed\u0159sk\u00e9m pr\u016fmyslu je Ti6Al4V nej\u010dast\u011bji pou\u017e\u00edvanou slitinou titanu a m\u00e1 vynikaj\u00edc\u00ed mechanick\u00e9 vlastnosti. Je pova\u017eov\u00e1na za nejpevn\u011bj\u0161\u00ed a nejhou\u017eevnat\u011bj\u0161\u00ed slitinu titanu. Z\u00e1rove\u0148 je materi\u00e1l velmi lehk\u00fd.<\/p>\n<p>Vlastnosti:<\/p>\n<p>Celkov\u00e1 d\u00e9lka: 230 mm<br \/>\nD\u00e9lka \u010depele: 98 mm<br \/>\nTlou\u0161\u0165ka tupo: 4 mm<br \/>\nMateri\u00e1l \u010depele: ASP-60<br \/>\nMateri\u00e1l rukojeti: Titan<br \/>\nV\u00fdrobce: Maxace<br \/>\nHmotnost: 155g<\/p>\n","protected":false},"excerpt":{"rendered":"<p><strong>Origin\u00e1ln\u00ed n\u016f\u017e s \u010depel\u00ed Clip Point od Maxace.<\/strong><\/p>\n","protected":false},"featured_media":241273,"comment_status":"open","ping_status":"closed","template":"","meta":[],"pwb-brand":[3247],"product_brand":[],"product_cat":[22,17],"product_tag":[],"class_list":{"0":"post-241272","1":"product","2":"type-product","3":"status-publish","4":"has-post-thumbnail","6":"pwb-brand-maxace-2","7":"product_cat-zaviraci-noze","8":"product_cat-noze","10":"first","11":"outofstock","12":"taxable","13":"shipping-taxable","14":"purchasable","15":"product-type-simple"},"brands":[{"id":3247,"name":"Maxace","slug":"maxace-2"}],"_links":{"self":[{"href":"https:\/\/www.moskito.cz\/pl\/wp-json\/wp\/v2\/product\/241272","targetHints":{"allow":["GET"]}}],"collection":[{"href":"https:\/\/www.moskito.cz\/pl\/wp-json\/wp\/v2\/product"}],"about":[{"href":"https:\/\/www.moskito.cz\/pl\/wp-json\/wp\/v2\/types\/product"}],"replies":[{"embeddable":true,"href":"https:\/\/www.moskito.cz\/pl\/wp-json\/wp\/v2\/comments?post=241272"}],"wp:featuredmedia":[{"embeddable":true,"href":"https:\/\/www.moskito.cz\/pl\/wp-json\/wp\/v2\/media\/241273"}],"wp:attachment":[{"href":"https:\/\/www.moskito.cz\/pl\/wp-json\/wp\/v2\/media?parent=241272"}],"wp:term":[{"taxonomy":"pwb-brand","embeddable":true,"href":"https:\/\/www.moskito.cz\/pl\/wp-json\/wp\/v2\/pwb-brand?post=241272"},{"taxonomy":"product_brand","embeddable":true,"href":"https:\/\/www.moskito.cz\/pl\/wp-json\/wp\/v2\/product_brand?post=241272"},{"taxonomy":"product_cat","embeddable":true,"href":"https:\/\/www.moskito.cz\/pl\/wp-json\/wp\/v2\/product_cat?post=241272"},{"taxonomy":"product_tag","embeddable":true,"href":"https:\/\/www.moskito.cz\/pl\/wp-json\/wp\/v2\/product_tag?post=241272"}],"curies":[{"name":"wp","href":"https:\/\/api.w.org\/{rel}","templated":true}]}}