{"id":242784,"date":"2023-03-09T22:43:05","date_gmt":"2023-03-09T21:43:05","guid":{"rendered":"https:\/\/www.moskito.cz\/?post_type=product&#038;p=242784"},"modified":"2025-05-07T10:47:24","modified_gmt":"2025-05-07T09:47:24","slug":"zaviraci-nuz-sog-one-zero-xr-smoke-gray-polished","status":"publish","type":"product","link":"https:\/\/www.moskito.cz\/pl\/produkt\/zaviraci-nuz-sog-one-zero-xr-smoke-gray-polished\/","title":{"rendered":"Zav\u00edrac\u00ed N\u016f\u017e SOG ONE ZERO XR SMOKE GRAY POLISHED"},"content":{"rendered":"<p>Zav\u00edrac\u00ed N\u016f\u017e <strong>SOG<\/strong> ONE ZERO XR SMOKE GRAY POLISHED<\/p>\n<p><strong>One-Zero XR<\/strong> s tekut\u00fdmi, ale sebev\u011bdom\u00fdmi liniemi je mnohem v\u00edc ne\u017e jen hezk\u00fd obli\u010dej d\u00edky sv\u00e9mu super siln\u00e9mu z\u00e1mku XR Lock, kter\u00fd zaji\u0161\u0165uje hladk\u00e9 a spolehliv\u00e9 zamyk\u00e1n\u00ed \u010depele, ocelov\u00e9 \u010depeli CRYO CPM S35VN pota\u017een\u00e9 TiNi a tvarovan\u00e9 hlin\u00edkov\u00e9 rukojeti leteck\u00e9 t\u0159\u00eddy. se skryt\u00fdmi spojovac\u00edmi prvky.<\/p>\n<p><strong>CRYO CPM S35VN OCEL<\/strong><br \/>\nTvrd\u00e1 a korozi odoln\u00e1 ocel, kter\u00e1 je kryogenn\u011b tepeln\u011b zpracov\u00e1na podle jedine\u010dn\u00fdch v\u00fdkonnostn\u00edch specifikac\u00ed SOG. \u010cern\u00e1 \u010depel CPM S35VN s povrchovou \u00fapravou TiNi poskytuje ide\u00e1ln\u00ed kombinaci ostrosti a hou\u017eevnatosti ost\u0159\u00ed pro n\u00e1ro\u010dn\u00e9 pou\u017eit\u00ed s \u200b\u200bminim\u00e1ln\u00ed \u00fadr\u017ebou.<\/p>\n<p><strong>XR Z\u00c1MEK<\/strong><br \/>\nSpolehliv\u00fd a v\u00fdkonn\u00fd, schopn\u00fd odolat s\u00edle a\u017e 1 500 liber, poskytuje maxim\u00e1ln\u00ed vestav\u011bn\u00e9 zabezpe\u010den\u00ed \u010depele p\u0159i otev\u0159en\u00ed a zaji\u0161\u0165uje, \u017ee se otev\u0159e pouze tehdy, kdy\u017e je zam\u00fd\u0161leno.<\/p>\n<p><strong>HLIN\u00cdKOV\u00c1 RUKOJE\u0164<\/strong><br \/>\nTvarovan\u00e1 hlin\u00edkov\u00e1 rukoje\u0165 leteck\u00e9 t\u0159\u00eddy se vyzna\u010duje elegantn\u00edm a kr\u00e1sn\u00fdm designem skryt\u00e9ho spojovac\u00edho prvku.<\/p>\n<p>CELKOV\u00c1 D\u00c9LKA: 20 cm<br \/>\nD\u00c9LKA \u010cEPELE: 8 cm<br \/>\nZAMYKAC\u00cd MECHANISMUS: XR<br \/>\nOTEV\u00cdRAC\u00cd MECHANISMUS: XR, otvor pro palec<br \/>\nTYP SPOJKY NA OPASEK: Reverzibiln\u00ed Low-Carry<br \/>\nDOKON\u010cENI: TiNi<br \/>\nTYP HRANY: Rovn\u00fd<br \/>\nTYP OCELOV\u00c9 \u010cEPELE: CRYO CPM S35VN<br \/>\nTVRDOST: Rc. 60-62<br \/>\nMATERI\u00c1L RUKOJETI: Hlin\u00edk<br \/>\nTYP PRODUKTU: Skl\u00e1dac\u00ed n\u016f\u017e<\/p>\n<p>&nbsp;<\/p>\n","protected":false},"excerpt":{"rendered":"<p><strong>One-Zero XR, kter\u00fd kombinuje pr\u00e9miov\u00e9 materi\u00e1ly s precizn\u00edm designem, je elegantn\u00ed, sofistikovan\u00fd zav\u00edrac\u00ed n\u016f\u017e.<\/strong><\/p>\n","protected":false},"featured_media":242788,"comment_status":"open","ping_status":"closed","template":"","meta":[],"pwb-brand":[591],"product_brand":[],"product_cat":[22,17],"product_tag":[3667],"class_list":{"0":"post-242784","1":"product","2":"type-product","3":"status-publish","4":"has-post-thumbnail","6":"pwb-brand-sog","7":"product_cat-zaviraci-noze","8":"product_cat-noze","9":"product_tag-b2b","11":"first","12":"instock","13":"taxable","14":"shipping-taxable","15":"purchasable","16":"product-type-simple"},"brands":[{"id":591,"name":"SOG","slug":"sog"}],"_links":{"self":[{"href":"https:\/\/www.moskito.cz\/pl\/wp-json\/wp\/v2\/product\/242784","targetHints":{"allow":["GET"]}}],"collection":[{"href":"https:\/\/www.moskito.cz\/pl\/wp-json\/wp\/v2\/product"}],"about":[{"href":"https:\/\/www.moskito.cz\/pl\/wp-json\/wp\/v2\/types\/product"}],"replies":[{"embeddable":true,"href":"https:\/\/www.moskito.cz\/pl\/wp-json\/wp\/v2\/comments?post=242784"}],"wp:featuredmedia":[{"embeddable":true,"href":"https:\/\/www.moskito.cz\/pl\/wp-json\/wp\/v2\/media\/242788"}],"wp:attachment":[{"href":"https:\/\/www.moskito.cz\/pl\/wp-json\/wp\/v2\/media?parent=242784"}],"wp:term":[{"taxonomy":"pwb-brand","embeddable":true,"href":"https:\/\/www.moskito.cz\/pl\/wp-json\/wp\/v2\/pwb-brand?post=242784"},{"taxonomy":"product_brand","embeddable":true,"href":"https:\/\/www.moskito.cz\/pl\/wp-json\/wp\/v2\/product_brand?post=242784"},{"taxonomy":"product_cat","embeddable":true,"href":"https:\/\/www.moskito.cz\/pl\/wp-json\/wp\/v2\/product_cat?post=242784"},{"taxonomy":"product_tag","embeddable":true,"href":"https:\/\/www.moskito.cz\/pl\/wp-json\/wp\/v2\/product_tag?post=242784"}],"curies":[{"name":"wp","href":"https:\/\/api.w.org\/{rel}","templated":true}]}}