{"id":244640,"date":"2023-03-23T20:51:57","date_gmt":"2023-03-23T19:51:57","guid":{"rendered":"https:\/\/www.moskito.cz\/?post_type=product&#038;p=244640"},"modified":"2025-06-28T22:12:07","modified_gmt":"2025-06-28T21:12:07","slug":"zaviraci-nuz-crkt-oxcart-6135","status":"publish","type":"product","link":"https:\/\/www.moskito.cz\/pl\/produkt\/zaviraci-nuz-crkt-oxcart-6135\/","title":{"rendered":"Zav\u00edrac\u00ed N\u016f\u017e CRKT OXCART 6135"},"content":{"rendered":"<div class=\"flex-1 overflow-hidden @container\/thread\">\n<div class=\"h-full\">\n<div class=\"react-scroll-to-bottom--css-vxybp-79elbk h-full\">\n<div class=\"react-scroll-to-bottom--css-vxybp-1n7m0yu\">\n<div class=\"flex flex-col text-sm md:pb-9\">\n<article class=\"w-full scroll-mb-[var(--thread-trailing-height,150px)] text-token-text-primary focus-visible:outline-2 focus-visible:outline-offset-[-4px]\" dir=\"auto\" data-testid=\"conversation-turn-43\" data-scroll-anchor=\"true\">\n<div class=\"m-auto text-base py-[18px] px-3 md:px-4 w-full md:px-5 lg:px-4 xl:px-5\">\n<div class=\"mx-auto flex flex-1 gap-4 text-base md:gap-5 lg:gap-6 md:max-w-3xl\">\n<div class=\"group\/conversation-turn relative flex w-full min-w-0 flex-col agent-turn\">\n<div class=\"flex-col gap-1 md:gap-3\">\n<div class=\"flex max-w-full flex-col flex-grow\">\n<div class=\"min-h-8 text-message flex w-full flex-col items-end gap-2 whitespace-normal break-words text-start [.text-message+&amp;]:mt-5\" dir=\"auto\" data-message-author-role=\"assistant\" data-message-id=\"cb6a1558-6611-418c-afc5-dccea8531dbc\" data-message-model-slug=\"gpt-4o-mini\">\n<div class=\"flex w-full flex-col gap-1 empty:hidden first:pt-[3px]\">\n<div class=\"markdown prose w-full break-words dark:prose-invert light\">\n<p><strong>Zav\u00edrac\u00ed N\u016f\u017e CRKT OXCART 6135<\/strong><\/p>\n<p><strong>Specifikace a Vlastnosti:<\/strong><\/p>\n<ul>\n<li><strong>D\u00e9lka \u010depele<\/strong>: 7,75 cm<\/li>\n<li><strong>Materi\u00e1l \u010depele<\/strong>: Ocel AUS 8<\/li>\n<li><strong>Povrchov\u00e1 \u00faprava<\/strong>: Sat\u00e9nov\u00e1<\/li>\n<li><strong>Tlou\u0161\u0165ka \u010depele<\/strong>: 0,39 cm<\/li>\n<li><strong>Celkov\u00e1 d\u00e9lka<\/strong>: 17,94 cm<\/li>\n<li><strong>D\u00e9lka v zav\u0159en\u00e9m stavu<\/strong>: 10,29 cm<\/li>\n<li><strong>Hmotnost<\/strong>: 133,24 g<\/li>\n<li><strong>Rukoje\u0165<\/strong>: Nerezov\u00e1 ocel<\/li>\n<li><strong>Typ z\u00e1mku<\/strong>: R\u00e1mov\u00fd z\u00e1mek pro bezpe\u010dn\u00e9 zaji\u0161t\u011bn\u00ed \u010depele<\/li>\n<\/ul>\n<h3>Hlavn\u00ed Vlastnosti:<\/h3>\n<ul>\n<li><strong>Asistovan\u00e9 otev\u00edr\u00e1n\u00ed<\/strong>: Flipper umo\u017e\u0148uje rychl\u00e9 otev\u0159en\u00ed no\u017ee, co\u017e je ide\u00e1ln\u00ed pro ka\u017edodenn\u00ed pou\u017eit\u00ed, kdy je rychl\u00fd p\u0159\u00edstup k n\u00e1stroji kl\u00ed\u010dov\u00fd.<\/li>\n<li><strong>Hladk\u00e9 otev\u00edr\u00e1n\u00ed<\/strong>: D\u00edky \u010depu na kuli\u010dkov\u00fdch lo\u017eisk\u00e1ch <strong>IKBS\u2122<\/strong> je otev\u00edr\u00e1n\u00ed \u010depele plynul\u00e9 a snadn\u00e9.<\/li>\n<li><strong>Vysok\u00fd v\u00fdkon<\/strong>: \u010cepel je vyrobena z kvalitn\u00ed oceli <strong>AUS 8<\/strong>, kter\u00e1 je zn\u00e1m\u00e1 svou vynikaj\u00edc\u00ed odolnost\u00ed proti korozi a schopnost\u00ed udr\u017eet ostr\u00fd \u0159ez.<\/li>\n<li><strong>Maxim\u00e1ln\u00ed odolnost<\/strong>: Rukoje\u0165 z <strong>nerezov\u00e9 oceli<\/strong> je navr\u017eena tak, aby odolala n\u00e1ro\u010dn\u00fdm podm\u00ednk\u00e1m, co\u017e d\u00e1v\u00e1 no\u017ei dlouhou \u017eivotnost i p\u0159i intenzivn\u00edm pou\u017e\u00edv\u00e1n\u00ed.<\/li>\n<li><strong>Bezpe\u010dn\u00e9 zav\u00edr\u00e1n\u00ed<\/strong>: <strong>R\u00e1mov\u00fd z\u00e1mek<\/strong> vyu\u017e\u00edv\u00e1 silnou z\u00e1voru pro zaji\u0161t\u011bn\u00ed \u010depele v otev\u0159en\u00e9m stavu, co\u017e zaru\u010duje bezpe\u010dnost b\u011bhem pou\u017e\u00edv\u00e1n\u00ed.<\/li>\n<li><strong>Obouru\u010dn\u00ed<\/strong>: Sklopn\u00e1 spona umo\u017e\u0148uje no\u0161en\u00ed na prav\u00e9 i lev\u00e9 stran\u011b, co\u017e je v\u00fdhodn\u00e9 pro u\u017eivatele s preferencemi pro r\u016fzn\u00e9 ruce.<\/li>\n<li><strong>Lehk\u00fd a kompaktn\u00ed<\/strong>: N\u016f\u017e je dostate\u010dn\u011b lehk\u00fd a kompaktn\u00ed pro pohodln\u00e9 no\u0161en\u00ed v kapse, co\u017e \u010din\u00ed tento n\u016f\u017e ide\u00e1ln\u00ed pro ka\u017edodenn\u00ed no\u0161en\u00ed.<\/li>\n<\/ul>\n<h3>V\u00fdhody:<\/h3>\n<ul>\n<li><strong>Odolnost<\/strong>: Kvalitn\u00ed nerezov\u00e1 ocel a r\u00e1mov\u00fd z\u00e1mek poskytuj\u00ed vynikaj\u00edc\u00ed pevnost a dlouhou \u017eivotnost no\u017ee, co\u017e je ide\u00e1ln\u00ed pro n\u00e1ro\u010dn\u00e9 \u00fakoly.<\/li>\n<li><strong>Praktick\u00e9 otev\u00edr\u00e1n\u00ed<\/strong>: Asistovan\u00e9 otev\u00edr\u00e1n\u00ed a kuli\u010dkov\u00e1 lo\u017eiska IKBS\u2122 znamenaj\u00ed, \u017ee \u010depel je p\u0159ipravena k pou\u017eit\u00ed rychle a bez n\u00e1mahy.<\/li>\n<li><strong>Bezpe\u010dn\u00e9 pou\u017e\u00edv\u00e1n\u00ed<\/strong>: R\u00e1mov\u00fd z\u00e1mek zaji\u0161\u0165uje, \u017ee n\u016f\u017e z\u016fstane bezpe\u010dn\u011b zav\u0159en\u00fd p\u0159i no\u0161en\u00ed a z\u00e1rove\u0148 pevn\u011b zaji\u0161t\u011bn\u00fd p\u0159i pou\u017e\u00edv\u00e1n\u00ed.<\/li>\n<li><strong>V\u0161estrannost<\/strong>: Sklopn\u00e1 spona pro obouru\u010dn\u00ed no\u0161en\u00ed a kompaktn\u00ed rozm\u011bry \u010din\u00ed n\u016f\u017e vhodn\u00fd pro prav\u00e1ky i lev\u00e1ky, co\u017e zvy\u0161uje pohodl\u00ed p\u0159i no\u0161en\u00ed.<\/li>\n<li><strong>Stylov\u00fd design<\/strong>: Sat\u00e9nov\u00e1 povrchov\u00e1 \u00faprava \u010depele a modern\u00ed rukoje\u0165 z nerezov\u00e9 oceli d\u011blaj\u00ed z tohoto no\u017ee nejen praktick\u00fd n\u00e1stroj, ale tak\u00e9 esteticky p\u0159ita\u017eliv\u00fd kousek.<\/li>\n<\/ul>\n<h3>Z\u00e1v\u011br:<\/h3>\n<p><strong>CRKT OXCART 6135<\/strong> je ide\u00e1ln\u00ed volbou pro ka\u017edodenn\u00ed no\u0161en\u00ed, d\u00edky sv\u00e9 robustn\u00ed konstrukci, asistovan\u00e9mu otev\u00edr\u00e1n\u00ed a odoln\u00e9 rukojeti z nerezov\u00e9 oceli. Jeho kvalitn\u00ed ocel a r\u00e1mov\u00fd z\u00e1mek zaji\u0161\u0165uj\u00ed bezpe\u010dn\u00e9 a dlouhodob\u00e9 pou\u017e\u00edv\u00e1n\u00ed. D\u00edky sv\u00e9mu kompaktn\u00edmu designu a mo\u017enosti obouru\u010dn\u00edho no\u0161en\u00ed se hod\u00ed pro \u0161irokou \u0161k\u00e1lu u\u017eivatel\u016f, kte\u0159\u00ed hledaj\u00ed spolehliv\u00fd a snadno p\u0159enosn\u00fd n\u00e1stroj pro ka\u017edodenn\u00ed \u00fakoly.<\/p>\n<\/div>\n<\/div>\n<\/div>\n<\/div>\n<div class=\"mb-2 flex gap-3 empty:hidden -ml-2\">\n<div class=\"items-center justify-start rounded-xl p-1 flex\">\n<div class=\"flex items-center\"><\/div>\n<\/div>\n<\/div>\n<\/div>\n<\/div>\n<\/div>\n<\/div>\n<\/article>\n<\/div>\n<\/div>\n<\/div>\n<\/div>\n<\/div>\n<div class=\"md:pt-0 dark:border-white\/20 md:border-transparent md:dark:border-transparent w-full\">\n<div>\n<div class=\"m-auto text-base px-3 md:px-4 w-full md:px-5 lg:px-4 xl:px-5\">\n<div class=\"mx-auto flex flex-1 gap-4 text-base md:gap-5 lg:gap-6 md:max-w-3xl\">\n<div class=\"flex justify-center\"><\/div>\n<\/div>\n<\/div>\n<\/div>\n<\/div>\n<p><iframe title=\"CRKT OXCART | Robert Carter Design\" width=\"800\" height=\"450\" src=\"https:\/\/www.youtube.com\/embed\/P1qmENT0sXo?feature=oembed\" frameborder=\"0\" allow=\"accelerometer; autoplay; clipboard-write; encrypted-media; gyroscope; picture-in-picture; web-share\" referrerpolicy=\"strict-origin-when-cross-origin\" allowfullscreen><\/iframe><\/p>\n<p>&nbsp;<\/p>\n","protected":false},"excerpt":{"rendered":"<p><strong>CRKT OXCART 6135 je ide\u00e1ln\u00ed volbou pro ka\u017edodenn\u00ed no\u0161en\u00ed, d\u00edky sv\u00e9 robustn\u00ed konstrukci, asistovan\u00e9mu otev\u00edr\u00e1n\u00ed a odoln\u00e9 rukojeti z nerezov\u00e9 oceli. Jeho kvalitn\u00ed ocel a r\u00e1mov\u00fd z\u00e1mek zaji\u0161\u0165uj\u00ed bezpe\u010dn\u00e9 a dlouhodob\u00e9 pou\u017e\u00edv\u00e1n\u00ed. D\u00edky sv\u00e9mu kompaktn\u00edmu designu a mo\u017enosti obouru\u010dn\u00edho no\u0161en\u00ed se hod\u00ed pro \u0161irokou \u0161k\u00e1lu u\u017eivatel\u016f, kte\u0159\u00ed hledaj\u00ed spolehliv\u00fd a snadno p\u0159enosn\u00fd n\u00e1stroj pro ka\u017edodenn\u00ed \u00fakoly.<\/strong><\/p>\n","protected":false},"featured_media":244641,"comment_status":"open","ping_status":"closed","template":"","meta":[],"pwb-brand":[209],"product_brand":[],"product_cat":[22,17],"product_tag":[3667],"class_list":{"0":"post-244640","1":"product","2":"type-product","3":"status-publish","4":"has-post-thumbnail","6":"pwb-brand-crkt","7":"product_cat-zaviraci-noze","8":"product_cat-noze","9":"product_tag-b2b","11":"first","12":"instock","13":"sale","14":"taxable","15":"shipping-taxable","16":"purchasable","17":"product-type-simple"},"brands":[{"id":209,"name":"CRKT","slug":"crkt"}],"_links":{"self":[{"href":"https:\/\/www.moskito.cz\/pl\/wp-json\/wp\/v2\/product\/244640","targetHints":{"allow":["GET"]}}],"collection":[{"href":"https:\/\/www.moskito.cz\/pl\/wp-json\/wp\/v2\/product"}],"about":[{"href":"https:\/\/www.moskito.cz\/pl\/wp-json\/wp\/v2\/types\/product"}],"replies":[{"embeddable":true,"href":"https:\/\/www.moskito.cz\/pl\/wp-json\/wp\/v2\/comments?post=244640"}],"wp:featuredmedia":[{"embeddable":true,"href":"https:\/\/www.moskito.cz\/pl\/wp-json\/wp\/v2\/media\/244641"}],"wp:attachment":[{"href":"https:\/\/www.moskito.cz\/pl\/wp-json\/wp\/v2\/media?parent=244640"}],"wp:term":[{"taxonomy":"pwb-brand","embeddable":true,"href":"https:\/\/www.moskito.cz\/pl\/wp-json\/wp\/v2\/pwb-brand?post=244640"},{"taxonomy":"product_brand","embeddable":true,"href":"https:\/\/www.moskito.cz\/pl\/wp-json\/wp\/v2\/product_brand?post=244640"},{"taxonomy":"product_cat","embeddable":true,"href":"https:\/\/www.moskito.cz\/pl\/wp-json\/wp\/v2\/product_cat?post=244640"},{"taxonomy":"product_tag","embeddable":true,"href":"https:\/\/www.moskito.cz\/pl\/wp-json\/wp\/v2\/product_tag?post=244640"}],"curies":[{"name":"wp","href":"https:\/\/api.w.org\/{rel}","templated":true}]}}