{"id":244802,"date":"2023-03-25T13:15:53","date_gmt":"2023-03-25T12:15:53","guid":{"rendered":"https:\/\/www.moskito.cz\/?post_type=product&#038;p=244802"},"modified":"2025-12-01T14:09:18","modified_gmt":"2025-12-01T13:09:18","slug":"zaviraci-nuz-cold-steel-micro-recon-1-spear-point-stonewashed","status":"publish","type":"product","link":"https:\/\/www.moskito.cz\/pl\/produkt\/zaviraci-nuz-cold-steel-micro-recon-1-spear-point-stonewashed\/","title":{"rendered":"Zav\u00edrac\u00ed N\u016f\u017e Cold Steel MICRO RECON 1 SPEAR POINT (STONEWASHED)"},"content":{"rendered":"<p>Zav\u00edrac\u00ed N\u016f\u017e <strong>Cold Steel<\/strong> MICRO RECON 1 SPEAR POINT (STONEWASHED)<\/p>\n<p>Na\u0161e \u0159ada <strong>Recon 1<\/strong>, obl\u00edben\u00fd n\u016f\u017e mezi voj\u00e1ky a p\u0159\u00edslu\u0161n\u00edky bezpe\u010dnostn\u00edch slo\u017eek, hasi\u010dsk\u00fdmi a z\u00e1chran\u00e1\u0159sk\u00fdmi pos\u00e1dkami i civilisty, nad\u00e1le ur\u010duje standard pro taktick\u00e9 zav\u00edrac\u00ed no\u017ee. Tyto spolehliv\u00e9 no\u017ee maj\u00ed t\u011b\u017ece z\u00edskanou pov\u011bst pro spolehlivost a s\u00edlu. \u0158ada Recon 1 je k dispozici s \u010depelemi 2, 3, 4 a 5 \u00bd palce a ka\u017ed\u00fd aspekt jejich konstrukce byl p\u0159epracov\u00e1n tak, aby byly co nejodoln\u011bj\u0161\u00ed a nejefektivn\u011bj\u0161\u00ed. Ka\u017ed\u00fd model v t\u00e9to rozmanit\u00e9 \u0159ad\u011b je vybaven na\u0161\u00edm sv\u011btov\u011b proslul\u00fdm z\u00e1mkem Tri-Ad, kter\u00fd chr\u00e1n\u00ed va\u0161e vz\u00e1cn\u00e9 prsty p\u0159ed po\u0161kozen\u00edm p\u0159i pou\u017e\u00edv\u00e1n\u00ed no\u017ee i v t\u011bch nejn\u00e1ro\u010dn\u011bj\u0161\u00edch podm\u00ednk\u00e1ch. Od robustn\u00edho mal\u00e9ho pracanta, kter\u00fdm je na\u0161e \u0159ada Micro, a\u017e po brut\u00e1ln\u00ed \u0159ezn\u00fd v\u00fdkon na\u0161\u00ed \u0159ady XL <strong>Recon 1<\/strong> a v\u0161echny no\u017ee mezi t\u00edm \u2013 a\u0165 u\u017e je va\u0161e posl\u00e1n\u00ed jak\u00e9koli, Recon 1 je tu pro v\u00e1s!<\/p>\n<p>Hmotnost: 1,1 oz<\/p>\n<p>Tlou\u0161\u0165ka \u010depele: 0.25 cm<\/p>\n<p>D\u00e9lka \u010depele: 5 cm<\/p>\n<p>Ocel \u010depele: 4034SSw\/ Stonewashed<\/p>\n<p>Rukoje\u0165 Materi\u00e1l: Griv-Ex<\/p>\n<p>N\u016f\u017e s klipem na opasek<\/p>\n<p>Typ: Folder<\/p>\n<p>Uzamykac\u00ed mechanismus: Tri-Ad Lock<\/p>\n","protected":false},"excerpt":{"rendered":"<p><strong>Velmi mal\u00fd a lehk\u00fd zav\u00edrac\u00ed n\u016f\u017e, ide\u00e1ln\u00ed pro ka\u017edodenn\u00ed no\u0161en\u00ed.<\/strong><\/p>\n","protected":false},"featured_media":244803,"comment_status":"open","ping_status":"closed","template":"","meta":[],"pwb-brand":[211],"product_brand":[],"product_cat":[22,17],"product_tag":[3667],"class_list":{"0":"post-244802","1":"product","2":"type-product","3":"status-publish","4":"has-post-thumbnail","6":"pwb-brand-cold-steel","7":"product_cat-zaviraci-noze","8":"product_cat-noze","9":"product_tag-b2b","11":"first","12":"outofstock","13":"taxable","14":"shipping-taxable","15":"purchasable","16":"product-type-simple"},"brands":[{"id":211,"name":"Cold Steel","slug":"cold-steel"}],"_links":{"self":[{"href":"https:\/\/www.moskito.cz\/pl\/wp-json\/wp\/v2\/product\/244802","targetHints":{"allow":["GET"]}}],"collection":[{"href":"https:\/\/www.moskito.cz\/pl\/wp-json\/wp\/v2\/product"}],"about":[{"href":"https:\/\/www.moskito.cz\/pl\/wp-json\/wp\/v2\/types\/product"}],"replies":[{"embeddable":true,"href":"https:\/\/www.moskito.cz\/pl\/wp-json\/wp\/v2\/comments?post=244802"}],"wp:featuredmedia":[{"embeddable":true,"href":"https:\/\/www.moskito.cz\/pl\/wp-json\/wp\/v2\/media\/244803"}],"wp:attachment":[{"href":"https:\/\/www.moskito.cz\/pl\/wp-json\/wp\/v2\/media?parent=244802"}],"wp:term":[{"taxonomy":"pwb-brand","embeddable":true,"href":"https:\/\/www.moskito.cz\/pl\/wp-json\/wp\/v2\/pwb-brand?post=244802"},{"taxonomy":"product_brand","embeddable":true,"href":"https:\/\/www.moskito.cz\/pl\/wp-json\/wp\/v2\/product_brand?post=244802"},{"taxonomy":"product_cat","embeddable":true,"href":"https:\/\/www.moskito.cz\/pl\/wp-json\/wp\/v2\/product_cat?post=244802"},{"taxonomy":"product_tag","embeddable":true,"href":"https:\/\/www.moskito.cz\/pl\/wp-json\/wp\/v2\/product_tag?post=244802"}],"curies":[{"name":"wp","href":"https:\/\/api.w.org\/{rel}","templated":true}]}}