{"id":244918,"date":"2023-03-26T20:46:01","date_gmt":"2023-03-26T19:46:01","guid":{"rendered":"https:\/\/www.moskito.cz\/?post_type=product&#038;p=244918"},"modified":"2026-01-21T09:41:26","modified_gmt":"2026-01-21T08:41:26","slug":"zaviraci-nuz-cold-steel-2-5-engage","status":"publish","type":"product","link":"https:\/\/www.moskito.cz\/pl\/produkt\/zaviraci-nuz-cold-steel-2-5-engage\/","title":{"rendered":"Zav\u00edrac\u00ed N\u016f\u017e Cold Steel 2.5&#8243; Engage"},"content":{"rendered":"<p>Zav\u00edrac\u00ed N\u016f\u017e <strong>Cold Steel<\/strong> 2.5&#8243; Engage<\/p>\n<p>Kdy\u017e pro sv\u00e9 ka\u017edodenn\u00ed pot\u0159eby no\u0161en\u00ed nepot\u0159ebujete mohutnou \u010depel, tato men\u0161\u00ed Engage poskytuje perfektn\u00ed diskr\u00e9tn\u00ed mo\u017enost. 2,5palcov\u00e1 \u010depel je vyrobena z nerezov\u00e9 oceli 4116, kter\u00e1 je odoln\u00e1 a snadno se brous\u00ed, zat\u00edmco nov\u00fd spolehliv\u00fd posuvn\u00fd z\u00e1mek Atlas\u2122, kter\u00fd je p\u0159ihl\u00e1\u0161en k patentov\u00e1n\u00ed, zaji\u0161\u0165uje konzistentn\u00ed a bezpe\u010dn\u00e9 zaji\u0161t\u011bn\u00ed. \u010cepel m\u00e1 povrchovou \u00fapravu Stonewash a rukoje\u0165 \u010dern\u00e1 GFN. Pln\u011b oboustrann\u00fd Engage je chyt\u0159e navr\u017een tak, aby zvl\u00e1dl prakticky jak\u00fdkoli \u00fakol, od kter\u00e9ho se o\u010dek\u00e1v\u00e1, \u017ee bude odpov\u00eddat.<\/p>\n<p>Zapojte no\u017ee<\/p>\n<p>Nov\u00e9 no\u017ee Engage spole\u010dnosti Cold Steel jsou k dispozici v \u0161irok\u00e9 \u0161k\u00e1le ocel\u00ed \u010depel\u00ed a tvar\u016f \u2013 a v r\u016fzn\u00fdch cenov\u00fdch hladin\u00e1ch \u2013 jsou p\u0159edur\u010deny k tomu, aby se staly hv\u011bzdami ka\u017edodenn\u00edho no\u0161en\u00ed. Tyto pr\u00e9miov\u00e9 EDC no\u017ee jsou pln\u011b oboustrann\u00e9 a jsou navr\u017eeny tak, aby si s jistotou poradily s ka\u017edou p\u0159\u00edle\u017eitost\u00ed, s patentovan\u00fdm posuvn\u00fdm z\u00e1mkem Atlas\u2122 Lock, kter\u00fd nab\u00edz\u00ed odoln\u00e9, siln\u00e9 a spolehliv\u00e9 zamyk\u00e1n\u00ed.<\/p>\n<p>Materi\u00e1l \u010depele: 4116<br \/>\nMateri\u00e1l rukojeti: GFN<br \/>\nPojistka: Atlas Lock<br \/>\nD\u00e9lka \u010depele: 6.4 cm<br \/>\nCelkov\u00e1 d\u00e9lka: 15.2 cm<br \/>\nD\u00e9lka slo\u017een\u00e9ho no\u017ee: 8.9 cm<br \/>\nTlou\u0161\u0165ka \u010depele: 2.5 mm<br \/>\nHmotnost: 63 g<br \/>\nTyp \u010depele: Clip Point<\/p>\n<p><iframe title=\"Cold Steel&#039;s Atlas Lock Test featuring the  new Engage 3.5&quot;\" width=\"800\" height=\"450\" src=\"https:\/\/www.youtube.com\/embed\/nh_7tHY8Ypw?feature=oembed\" frameborder=\"0\" allow=\"accelerometer; autoplay; clipboard-write; encrypted-media; gyroscope; picture-in-picture; web-share\" allowfullscreen><\/iframe><\/p>\n<p>&nbsp;<\/p>\n","protected":false},"excerpt":{"rendered":"<p><strong>No\u017ee Engage jsou klasick\u00fdm one-handem pro ka\u017edodenn\u00ed no\u0161en\u00ed (EDC). K dost\u00e1n\u00ed jsou v n\u011bkolika velikostech a tak\u00e9 si m\u016f\u017eete vybrat ze t\u0159\u00ed materi\u00e1l\u016f \u010depele a dvou materi\u00e1l\u016f st\u0159enky, ze kter\u00fdch chcete, aby V\u00e1\u0161 n\u016f\u017e byl vyroben.<\/strong><\/p>\n","protected":false},"featured_media":244920,"comment_status":"open","ping_status":"closed","template":"","meta":[],"pwb-brand":[211],"product_brand":[],"product_cat":[22,17],"product_tag":[3667],"class_list":{"0":"post-244918","1":"product","2":"type-product","3":"status-publish","4":"has-post-thumbnail","6":"pwb-brand-cold-steel","7":"product_cat-zaviraci-noze","8":"product_cat-noze","9":"product_tag-b2b","11":"first","12":"instock","13":"taxable","14":"shipping-taxable","15":"purchasable","16":"product-type-simple"},"brands":[{"id":211,"name":"Cold Steel","slug":"cold-steel"}],"_links":{"self":[{"href":"https:\/\/www.moskito.cz\/pl\/wp-json\/wp\/v2\/product\/244918","targetHints":{"allow":["GET"]}}],"collection":[{"href":"https:\/\/www.moskito.cz\/pl\/wp-json\/wp\/v2\/product"}],"about":[{"href":"https:\/\/www.moskito.cz\/pl\/wp-json\/wp\/v2\/types\/product"}],"replies":[{"embeddable":true,"href":"https:\/\/www.moskito.cz\/pl\/wp-json\/wp\/v2\/comments?post=244918"}],"wp:featuredmedia":[{"embeddable":true,"href":"https:\/\/www.moskito.cz\/pl\/wp-json\/wp\/v2\/media\/244920"}],"wp:attachment":[{"href":"https:\/\/www.moskito.cz\/pl\/wp-json\/wp\/v2\/media?parent=244918"}],"wp:term":[{"taxonomy":"pwb-brand","embeddable":true,"href":"https:\/\/www.moskito.cz\/pl\/wp-json\/wp\/v2\/pwb-brand?post=244918"},{"taxonomy":"product_brand","embeddable":true,"href":"https:\/\/www.moskito.cz\/pl\/wp-json\/wp\/v2\/product_brand?post=244918"},{"taxonomy":"product_cat","embeddable":true,"href":"https:\/\/www.moskito.cz\/pl\/wp-json\/wp\/v2\/product_cat?post=244918"},{"taxonomy":"product_tag","embeddable":true,"href":"https:\/\/www.moskito.cz\/pl\/wp-json\/wp\/v2\/product_tag?post=244918"}],"curies":[{"name":"wp","href":"https:\/\/api.w.org\/{rel}","templated":true}]}}