{"id":245340,"date":"2023-04-03T12:53:20","date_gmt":"2023-04-03T11:53:20","guid":{"rendered":"https:\/\/www.moskito.cz\/?post_type=product&#038;p=245340"},"modified":"2025-05-07T10:49:10","modified_gmt":"2025-05-07T09:49:10","slug":"pevny-nuz-cold-steel-recon-scout-cpm-3v","status":"publish","type":"product","link":"https:\/\/www.moskito.cz\/pl\/produkt\/pevny-nuz-cold-steel-recon-scout-cpm-3v\/","title":{"rendered":"Pevn\u00fd N\u016f\u017e Cold Steel RECON SCOUT (CPM 3V)"},"content":{"rendered":"<p>Pevn\u00fd N\u016f\u017e <strong>Cold Steel<\/strong> RECON SCOUT (CPM 3V)<\/p>\n<p>T\u00e9m\u011b\u0159 ve v\u0161ech ohledech je Recon Scout jednodu\u0161e 7,5palcov\u00fd Trail Master Bowie. Nab\u00edz\u00ed stejn\u00e9 tepeln\u00e9 zpracov\u00e1n\u00ed, tlou\u0161\u0165ku \u010depele, tvar \u010depele a rukoje\u0165 \u2013 ale nyn\u00ed s n\u00e1strojovou ocel\u00ed CPM-3V.<\/p>\n<p>Na rozd\u00edl od jin\u00fdch bojov\u00fdch no\u017e\u016f je \u0161irok\u00fd hrot klipu Recon Scout vysoce odoln\u00fd proti ohnut\u00ed nebo zlomen\u00ed. D\u00edky tvaru \u010depele je ide\u00e1ln\u00ed pro \u0159ez\u00e1n\u00ed a sek\u00e1n\u00ed, ale zvl\u00e1dnete s n\u00edm i st\u00e1hnout ulovenou zv\u011b\u0159 z\u00a0 k\u016f\u017ee. \u010cepel je nav\u00edc vybavena m\u00edrn\u011b konk\u00e1vn\u00edm fale\u0161n\u00fdm ost\u0159\u00edm o d\u00e9lce p\u0159ibli\u017en\u011b 3,5 palce.<\/p>\n<p>Stejn\u011b jako Trail Master m\u00e1 i Recon Scout m\u00edrn\u00e9 zak\u0159iven\u00ed po cel\u00e9 d\u00e9lce \u010depele. Tato k\u0159ivka umo\u017e\u0148uje pou\u017eit\u00ed \u010depele p\u0159i ta\u017en\u00e9m \u0159ezu i p\u0159i sek\u00e1n\u00ed. Nav\u00edc, extra zak\u0159iven\u00ed pobl\u00ed\u017e \u0161pi\u010dky poskytuje spoustu &#8222;b\u0159icha&#8221; pro nouzov\u00e9 poln\u00ed obl\u00e9k\u00e1n\u00ed a stahov\u00e1n\u00ed k\u016f\u017ee.<\/p>\n<p>Recon Scout je dod\u00e1v\u00e1n s pevn\u00fdm pouzdrem Secure-Ex.<\/p>\n<p>Popis:<\/p>\n<p>Materi\u00e1l \u010depele: CPM 3-V<br \/>\nMateri\u00e1l rukojeti: Kray-Ex<br \/>\nMateri\u00e1l pouzdra: Secure-Ex<br \/>\nD\u00e9lka \u010depele: 19.1 cm<br \/>\nCelkov\u00e1 d\u00e9lka: 31.8 cm<br \/>\nD\u00e9lka rukojeti: 12.7 cm<br \/>\nTlou\u0161\u0165ka \u010depele: 7.9 mm<br \/>\nHmotnost: 270 g<\/p>\n","protected":false},"excerpt":{"rendered":"<p><strong>D\u00edky tvaru \u010depele je ide\u00e1ln\u00ed pro \u0159ez\u00e1n\u00ed a sek\u00e1n\u00ed.<\/strong><\/p>\n","protected":false},"featured_media":245341,"comment_status":"open","ping_status":"closed","template":"","meta":[],"pwb-brand":[211],"product_brand":[],"product_cat":[23,17],"product_tag":[3667],"class_list":{"0":"post-245340","1":"product","2":"type-product","3":"status-publish","4":"has-post-thumbnail","6":"pwb-brand-cold-steel","7":"product_cat-pevne-noze","8":"product_cat-noze","9":"product_tag-b2b","11":"first","12":"instock","13":"taxable","14":"shipping-taxable","15":"purchasable","16":"product-type-simple"},"brands":[{"id":211,"name":"Cold Steel","slug":"cold-steel"}],"_links":{"self":[{"href":"https:\/\/www.moskito.cz\/pl\/wp-json\/wp\/v2\/product\/245340","targetHints":{"allow":["GET"]}}],"collection":[{"href":"https:\/\/www.moskito.cz\/pl\/wp-json\/wp\/v2\/product"}],"about":[{"href":"https:\/\/www.moskito.cz\/pl\/wp-json\/wp\/v2\/types\/product"}],"replies":[{"embeddable":true,"href":"https:\/\/www.moskito.cz\/pl\/wp-json\/wp\/v2\/comments?post=245340"}],"wp:featuredmedia":[{"embeddable":true,"href":"https:\/\/www.moskito.cz\/pl\/wp-json\/wp\/v2\/media\/245341"}],"wp:attachment":[{"href":"https:\/\/www.moskito.cz\/pl\/wp-json\/wp\/v2\/media?parent=245340"}],"wp:term":[{"taxonomy":"pwb-brand","embeddable":true,"href":"https:\/\/www.moskito.cz\/pl\/wp-json\/wp\/v2\/pwb-brand?post=245340"},{"taxonomy":"product_brand","embeddable":true,"href":"https:\/\/www.moskito.cz\/pl\/wp-json\/wp\/v2\/product_brand?post=245340"},{"taxonomy":"product_cat","embeddable":true,"href":"https:\/\/www.moskito.cz\/pl\/wp-json\/wp\/v2\/product_cat?post=245340"},{"taxonomy":"product_tag","embeddable":true,"href":"https:\/\/www.moskito.cz\/pl\/wp-json\/wp\/v2\/product_tag?post=245340"}],"curies":[{"name":"wp","href":"https:\/\/api.w.org\/{rel}","templated":true}]}}