{"id":245557,"date":"2023-04-05T15:47:54","date_gmt":"2023-04-05T14:47:54","guid":{"rendered":"https:\/\/www.moskito.cz\/?post_type=product&#038;p=245557"},"modified":"2025-08-21T09:22:14","modified_gmt":"2025-08-21T08:22:14","slug":"sekera-cold-steel-diamond-spontoon-hawk","status":"publish","type":"product","link":"https:\/\/www.moskito.cz\/pl\/produkt\/sekera-cold-steel-diamond-spontoon-hawk\/","title":{"rendered":"Sekera Cold Steel DIAMOND SPONTOON HAWK"},"content":{"rendered":"<p>Sekera <strong>Cold Steel DIAMOND SPONTOON HAWK<\/strong><\/p>\n<p>Zat\u00edmco v\u011bt\u0161ina tomahawk\u016f jsou sekac\u00ed n\u00e1stroje, existovala m\u00e9n\u011b popul\u00e1rn\u00ed alternativa zn\u00e1m\u00e1 jako spontonov\u00fd jest\u0159\u00e1b. Vyrobeno s \u010depel\u00ed v\u00fdslovn\u011b navr\u017eenou pro prop\u00edchnut\u00ed, bylo schopn\u00e9 zp\u016fsobit hlubok\u00e9 bodn\u00e9 r\u00e1ny, kter\u00e9 byly docela smrteln\u00e9. Spontoon jest\u0159\u00e1b, kter\u00fd se \u010dasto nach\u00e1zel se \u0161ikm\u00fdm nebo koso\u010dtvercov\u00fdm hrotem a oboustrann\u011b nabrou\u0161en\u00fdm, nab\u00edzel malou nebo \u017e\u00e1dnou u\u017eitnou hodnotu, ale byl nepopirateln\u011b d\u011bsivou a brut\u00e1ln\u011b \u00fa\u010dinnou zbran\u00ed. Dnes jsou modern\u00ed spontonov\u00e9 jest\u0159\u00e1by extr\u00e9mn\u011b vz\u00e1cn\u00e9 (mimo nejlevn\u011bj\u0161\u00ed kvalitn\u00ed dovoz), a tak jsme se rozhodli situaci napravit vlastn\u00edmi modely. K dispozici ve stylu um\u011bl\u00e9ho jest\u0159\u00e1ba, maj\u00ed klasick\u00e9 \u0161ikm\u00e9 a diamantov\u00e9 \u010depele, kter\u00e9 lze pln\u011b naost\u0159it!<\/p>\n<p>Popis:<\/p>\n<p>Hmotnost: 28,4 oz<\/p>\n<p>Ocelov\u00e9 \u010depele: 1055 uhl\u00edk<\/p>\n<p>Celkov\u00e1 d\u00e9lka:: <span id=\"cwos\" class=\"qv3Wpe\">55<\/span> cm<\/p>\n<p>Ocel: Vysoce uhl\u00edkov\u00e1 ocel<\/p>\n","protected":false},"excerpt":{"rendered":"<p>Sekera Cold Steel DIAMOND SPONTOON HAWK Zat\u00edmco v\u011bt\u0161ina tomahawk\u016f jsou sekac\u00ed n\u00e1stroje, existovala m\u00e9n\u011b popul\u00e1rn\u00ed alternativa zn\u00e1m\u00e1 jako spontonov\u00fd jest\u0159\u00e1b. Vyrobeno s \u010depel\u00ed v\u00fdslovn\u011b navr\u017eenou pro prop\u00edchnut\u00ed, bylo schopn\u00e9 zp\u016fsobit hlubok\u00e9 bodn\u00e9 r\u00e1ny, kter\u00e9 byly docela smrteln\u00e9. Spontoon jest\u0159\u00e1b, kter\u00fd se \u010dasto nach\u00e1zel se \u0161ikm\u00fdm nebo koso\u010dtvercov\u00fdm hrotem a oboustrann\u011b nabrou\u0161en\u00fdm, nab\u00edzel malou nebo \u017e\u00e1dnou [&hellip;]<\/p>\n","protected":false},"featured_media":245558,"comment_status":"open","ping_status":"closed","template":"","meta":[],"pwb-brand":[],"product_brand":[],"product_cat":[32],"product_tag":[3667],"class_list":{"0":"post-245557","1":"product","2":"type-product","3":"status-publish","4":"has-post-thumbnail","6":"product_cat-sekery","7":"product_tag-b2b","9":"first","10":"outofstock","11":"taxable","12":"shipping-taxable","13":"purchasable","14":"product-type-simple"},"brands":[],"_links":{"self":[{"href":"https:\/\/www.moskito.cz\/pl\/wp-json\/wp\/v2\/product\/245557","targetHints":{"allow":["GET"]}}],"collection":[{"href":"https:\/\/www.moskito.cz\/pl\/wp-json\/wp\/v2\/product"}],"about":[{"href":"https:\/\/www.moskito.cz\/pl\/wp-json\/wp\/v2\/types\/product"}],"replies":[{"embeddable":true,"href":"https:\/\/www.moskito.cz\/pl\/wp-json\/wp\/v2\/comments?post=245557"}],"wp:featuredmedia":[{"embeddable":true,"href":"https:\/\/www.moskito.cz\/pl\/wp-json\/wp\/v2\/media\/245558"}],"wp:attachment":[{"href":"https:\/\/www.moskito.cz\/pl\/wp-json\/wp\/v2\/media?parent=245557"}],"wp:term":[{"taxonomy":"pwb-brand","embeddable":true,"href":"https:\/\/www.moskito.cz\/pl\/wp-json\/wp\/v2\/pwb-brand?post=245557"},{"taxonomy":"product_brand","embeddable":true,"href":"https:\/\/www.moskito.cz\/pl\/wp-json\/wp\/v2\/product_brand?post=245557"},{"taxonomy":"product_cat","embeddable":true,"href":"https:\/\/www.moskito.cz\/pl\/wp-json\/wp\/v2\/product_cat?post=245557"},{"taxonomy":"product_tag","embeddable":true,"href":"https:\/\/www.moskito.cz\/pl\/wp-json\/wp\/v2\/product_tag?post=245557"}],"curies":[{"name":"wp","href":"https:\/\/api.w.org\/{rel}","templated":true}]}}