{"id":245999,"date":"2023-04-15T17:28:05","date_gmt":"2023-04-15T16:28:05","guid":{"rendered":"https:\/\/www.moskito.cz\/?post_type=product&#038;p=245999"},"modified":"2025-05-07T10:49:33","modified_gmt":"2025-05-07T09:49:33","slug":"vystrelovaci-nuz-microtech-ultratech-apocalyptic-123-12aprd","status":"publish","type":"product","link":"https:\/\/www.moskito.cz\/pl\/produkt\/vystrelovaci-nuz-microtech-ultratech-apocalyptic-123-12aprd\/","title":{"rendered":"Vyst\u0159elovac\u00ed N\u016f\u017e Microtech Ultratech Apocalyptic 123-12APRD"},"content":{"rendered":"<p>Vyst\u0159elovac\u00ed N\u016f\u017e <strong>Microtech<\/strong> Ultratech Apocalyptic 123-12APRD<\/p>\n<p>V mnoha ohledech je Microtech Ultratech typick\u00fdm out-the-front (OTF) automatick\u00fdm no\u017eem. M\u016f\u017ee se pochlubit vynikaj\u00edc\u00ed dvoj\u010dinnost\u00ed od spole\u010dnosti Microtech, kter\u00e1 v\u00e1m umo\u017en\u00ed otev\u0159\u00edt nebo zav\u0159\u00edt n\u016f\u017e jedn\u00edm stisknut\u00edm palcov\u00e9ho skl\u00ed\u010dka. Kvalita je z\u0159ejm\u00e1 v ka\u017ed\u00e9m aspektu \u2013 od materi\u00e1l\u016f horn\u00edch polic, p\u0159es bezchybn\u00fd st\u0159ih a povrchovou \u00fapravu a\u017e po inovativn\u00ed, vysoce funk\u010dn\u00ed design. Na ovl\u00e1d\u00e1n\u00ed no\u017ee OTF, jako je Ultratech, je n\u011bco nepopirateln\u011b uspokojuj\u00edc\u00edho \u2013 dokonce vzru\u0161uj\u00edc\u00edho. V dobr\u00e9m slova smyslu se c\u00edt\u00ed trochu \u0161patn\u011b, a i kdy\u017e se to n\u011bkomu m\u016f\u017ee zd\u00e1t extra, umo\u017e\u0148uje p\u0159\u00edstup jednou rukou, kter\u00fd je pozoruhodn\u011b praktick\u00fd. A\u0165 u\u017e hled\u00e1te n\u016f\u017e, na kter\u00fd vsad\u00edte sv\u016fj \u017eivot, jeden, kter\u00fd budete nosit ka\u017ed\u00fd den, nebo jen jeden, kter\u00fdm roz\u0161\u00ed\u0159\u00edte svou sb\u00edrku, tento n\u016f\u017e v\u00e1m bude vyhovovat a budete se s n\u00edm usm\u00edvat.<\/p>\n<p>Tato verze nab\u00edz\u00ed hladkou, tvarovanou rukoje\u0165 s promy\u0161len\u011b um\u00edst\u011bn\u00fdm dr\u00e1\u017ekov\u00e1n\u00edm pro maxim\u00e1ln\u00ed pohodl\u00ed, ani\u017e by byla ohro\u017eena bezpe\u010dnost \u00fachopu; nav\u00edc v\u00e1m nerozkous\u00e1 kapsu.<\/p>\n<p>Celkov\u00e1 d\u00e9lka: 22 cm<br \/>\nD\u00e9lka \u010depele: 8.6 cm<br \/>\nTlou\u0161\u0165ka \u010depele: 0,33 cm<br \/>\nMateri\u00e1l \u010depele: 204P<br \/>\nStyl \u010depel\u00ed: Drop Point<br \/>\nB\u0159itov\u00e9 desti\u010dky: Ploch\u00e9<br \/>\nMateri\u00e1l rukojeti: hlin\u00edk<br \/>\nHmotnost: 3,60 oz.<br \/>\nU\u017eivatel: Prav\u00e1 ruka<br \/>\nPocket Clip: Tip-Down<br \/>\nTyp no\u017ee: Double-Action OTF Automatic<br \/>\nOtv\u00edra\u010d: Thumb Slide<br \/>\nZna\u010dka: Microtech<br \/>\nModel: Ultratech<br \/>\nZem\u011b p\u016fvodu: USA<br \/>\nNejlep\u0161\u00ed pou\u017eit\u00ed: Ka\u017edodenn\u00ed<\/p>\n","protected":false},"excerpt":{"rendered":"<p>V pr\u016fb\u011bhu let\u00a0<strong>Microtech\u00ae Knives<\/strong> naplnil v\u00e1\u0161n\u00ed a dovednost\u00ed v\u00fdrobu no\u017e\u016f, a\u017e z nich vytvo\u0159il t\u00e9m\u011b\u0159 um\u011bleck\u00e1 d\u00edla,kter\u00e9 jsou vrcholem funk\u010dnosti.V\u0161echny d\u00edly jsou vyrobeny v USA.<br \/>\n<strong>Na v\u0161echny no\u017ee Microtech je do\u017eivotn\u00ed z\u00e1ruka.<\/strong><\/p>\n<p><strong>Doprava zdarma.<\/strong><\/p>\n","protected":false},"featured_media":246003,"comment_status":"open","ping_status":"closed","template":"","meta":[],"pwb-brand":[431],"product_brand":[],"product_cat":[2019,17],"product_tag":[3667],"class_list":{"0":"post-245999","1":"product","2":"type-product","3":"status-publish","4":"has-post-thumbnail","6":"pwb-brand-microtech","7":"product_cat-vystrelovaci-noze","8":"product_cat-noze","9":"product_tag-b2b","11":"first","12":"outofstock","13":"taxable","14":"shipping-taxable","15":"purchasable","16":"product-type-simple"},"brands":[{"id":431,"name":"Microtech","slug":"microtech"}],"_links":{"self":[{"href":"https:\/\/www.moskito.cz\/pl\/wp-json\/wp\/v2\/product\/245999","targetHints":{"allow":["GET"]}}],"collection":[{"href":"https:\/\/www.moskito.cz\/pl\/wp-json\/wp\/v2\/product"}],"about":[{"href":"https:\/\/www.moskito.cz\/pl\/wp-json\/wp\/v2\/types\/product"}],"replies":[{"embeddable":true,"href":"https:\/\/www.moskito.cz\/pl\/wp-json\/wp\/v2\/comments?post=245999"}],"wp:featuredmedia":[{"embeddable":true,"href":"https:\/\/www.moskito.cz\/pl\/wp-json\/wp\/v2\/media\/246003"}],"wp:attachment":[{"href":"https:\/\/www.moskito.cz\/pl\/wp-json\/wp\/v2\/media?parent=245999"}],"wp:term":[{"taxonomy":"pwb-brand","embeddable":true,"href":"https:\/\/www.moskito.cz\/pl\/wp-json\/wp\/v2\/pwb-brand?post=245999"},{"taxonomy":"product_brand","embeddable":true,"href":"https:\/\/www.moskito.cz\/pl\/wp-json\/wp\/v2\/product_brand?post=245999"},{"taxonomy":"product_cat","embeddable":true,"href":"https:\/\/www.moskito.cz\/pl\/wp-json\/wp\/v2\/product_cat?post=245999"},{"taxonomy":"product_tag","embeddable":true,"href":"https:\/\/www.moskito.cz\/pl\/wp-json\/wp\/v2\/product_tag?post=245999"}],"curies":[{"name":"wp","href":"https:\/\/api.w.org\/{rel}","templated":true}]}}