{"id":246715,"date":"2023-04-21T20:57:11","date_gmt":"2023-04-21T19:57:11","guid":{"rendered":"https:\/\/www.moskito.cz\/?post_type=product&#038;p=246715"},"modified":"2025-05-07T10:49:47","modified_gmt":"2025-05-07T09:49:47","slug":"zaviraci-nuz-wingman-edc-mach-3-hand-satin-m390-titanium","status":"publish","type":"product","link":"https:\/\/www.moskito.cz\/pl\/produkt\/zaviraci-nuz-wingman-edc-mach-3-hand-satin-m390-titanium\/","title":{"rendered":"Zav\u00edrac\u00ed N\u016f\u017e WingManEDC Mach 3 Hand Satin M390 Titanium"},"content":{"rendered":"<p>Zav\u00edrac\u00ed N\u016f\u017e <strong>WingManEDC<\/strong> Mach 3 Hand Satin M390 Titanium<\/p>\n<p><strong>WingManEDC<\/strong> byl zalo\u017een na v\u00ed\u0159e, \u017ee kapesn\u00ed n\u016f\u017e je va\u0161\u00edm dokonal\u00fdm n\u00e1strojem pro ka\u017ed\u00fd den. WingManEDC podporuje spole\u010dn\u00e9 \u00fasil\u00ed t\u011bch nejlep\u0161\u00edch na sv\u011bt\u011b a p\u0159edstavuje tyto neuv\u011b\u0159iteln\u011b dob\u0159e proveden\u00e9 n\u00e1stroje s t\u011bmi nejkvalitn\u011bj\u0161\u00edmi materi\u00e1ly, designy a technologiemi, kter\u00e9 sv\u011bt m\u016f\u017ee nab\u00eddnout.<\/p>\n<p>Ikonick\u00fd design TNT Toma Maya<br \/>\nKrom\u011b otvoru pro palec vyu\u017e\u00edv\u00e1 inovativn\u00ed p\u0159edn\u00ed ploutev<br \/>\nCelkov\u00e1 d\u00e9lka: 16.55 cm<br \/>\nD\u00e9lka \u010depele: 7.17 cm<br \/>\nD\u00e9lka \u0159ezn\u00e9 hrany: 6.87 cm<br \/>\nOcel \u010depele: M390<br \/>\nPovrchov\u00e1 \u00faprava \u010depele: Ru\u010dn\u011b t\u0159en\u00fd sat\u00e9n<br \/>\nMateri\u00e1l rukojeti: Titan<br \/>\nPovrchov\u00e1 \u00faprava rukojeti: Stonewashed<br \/>\nHmotnost: 2,6 unce<br \/>\nJezd\u00ed na keramick\u00fdch lo\u017eisk\u00e1ch<br \/>\nStonewashed \u010depy a hardware<br \/>\nFr\u00e9zovan\u00fd vzor otvor\u016f v rukojeti pro sn\u00ed\u017een\u00ed hmotnosti<br \/>\n\u0160pendl\u00edk na \u0161\u0148\u016frku<br \/>\nTitanov\u00fd backspacer s povrchovou \u00fapravou stonewashed<br \/>\n3D obroben\u00e1 vykl\u00e1p\u011bc\u00ed titanov\u00e1 kapesn\u00ed spona s kamennou \u00fapravou<br \/>\nDod\u00e1v\u00e1 se s titanov\u00fdm COA, oto\u010dn\u00fdm \u010depem a hardwarov\u00fdm n\u00e1strojem ve tvaru leteck\u00e9 bomby a polstrov\u00e1n\u00edm<\/p>\n","protected":false},"excerpt":{"rendered":"<p><strong>WingManEDC byl zalo\u017een na v\u00ed\u0159e, \u017ee kapesn\u00ed n\u016f\u017e je va\u0161\u00edm dokonal\u00fdm n\u00e1strojem pro ka\u017ed\u00fd den.\u00a0<\/strong><\/p>\n","protected":false},"featured_media":246716,"comment_status":"open","ping_status":"closed","template":"","meta":[],"pwb-brand":[3252],"product_brand":[],"product_cat":[22,17],"product_tag":[],"class_list":{"0":"post-246715","1":"product","2":"type-product","3":"status-publish","4":"has-post-thumbnail","6":"pwb-brand-wingmanedc","7":"product_cat-zaviraci-noze","8":"product_cat-noze","10":"first","11":"instock","12":"taxable","13":"shipping-taxable","14":"purchasable","15":"product-type-simple"},"brands":[{"id":3252,"name":"WingManEDC","slug":"wingmanedc"}],"_links":{"self":[{"href":"https:\/\/www.moskito.cz\/pl\/wp-json\/wp\/v2\/product\/246715","targetHints":{"allow":["GET"]}}],"collection":[{"href":"https:\/\/www.moskito.cz\/pl\/wp-json\/wp\/v2\/product"}],"about":[{"href":"https:\/\/www.moskito.cz\/pl\/wp-json\/wp\/v2\/types\/product"}],"replies":[{"embeddable":true,"href":"https:\/\/www.moskito.cz\/pl\/wp-json\/wp\/v2\/comments?post=246715"}],"wp:featuredmedia":[{"embeddable":true,"href":"https:\/\/www.moskito.cz\/pl\/wp-json\/wp\/v2\/media\/246716"}],"wp:attachment":[{"href":"https:\/\/www.moskito.cz\/pl\/wp-json\/wp\/v2\/media?parent=246715"}],"wp:term":[{"taxonomy":"pwb-brand","embeddable":true,"href":"https:\/\/www.moskito.cz\/pl\/wp-json\/wp\/v2\/pwb-brand?post=246715"},{"taxonomy":"product_brand","embeddable":true,"href":"https:\/\/www.moskito.cz\/pl\/wp-json\/wp\/v2\/product_brand?post=246715"},{"taxonomy":"product_cat","embeddable":true,"href":"https:\/\/www.moskito.cz\/pl\/wp-json\/wp\/v2\/product_cat?post=246715"},{"taxonomy":"product_tag","embeddable":true,"href":"https:\/\/www.moskito.cz\/pl\/wp-json\/wp\/v2\/product_tag?post=246715"}],"curies":[{"name":"wp","href":"https:\/\/api.w.org\/{rel}","templated":true}]}}