{"id":246835,"date":"2023-04-22T08:53:55","date_gmt":"2023-04-22T07:53:55","guid":{"rendered":"https:\/\/www.moskito.cz\/?post_type=product&#038;p=246835"},"modified":"2025-05-07T10:49:57","modified_gmt":"2025-05-07T09:49:57","slug":"zaviraci-nuz-wingmanedc-john-barker-ferus-bronze-titanium","status":"publish","type":"product","link":"https:\/\/www.moskito.cz\/pl\/produkt\/zaviraci-nuz-wingmanedc-john-barker-ferus-bronze-titanium\/","title":{"rendered":"Zav\u00edrac\u00ed N\u016f\u017e WingManEDC John Barker Ferus Bronze Titanium"},"content":{"rendered":"<p>Zav\u00edrac\u00ed N\u016f\u017e <strong>WingManEDC<\/strong> John Barker Ferus Bronze Titanium<\/p>\n<p>John Barker je zn\u00e1m\u00fd sv\u00fdmi stylov\u00fdmi tanto \u010depelemi a neuv\u011b\u0159itelnou otv\u00edrac\u00ed akc\u00ed. Mnoho z jeho zvyk\u016f pou\u017e\u00edv\u00e1 inovativn\u00ed ploutvov\u00fd mechanismus Kickstop jeho bl\u00edzk\u00e9ho p\u0159\u00edtele Lee Williamse a tento model Ferus nen\u00ed jin\u00fd. Kickstop funguje jako vyst\u0159elova\u010d \u010depele, proto\u017ee ploutvov\u00fd jaz\u00fd\u010dek nen\u00ed p\u0159ipojen k samotn\u00e9 \u010depeli, ale k r\u00e1mu, podobn\u011b jako u GTC SLT. To nejen vytv\u00e1\u0159\u00ed p\u016fsobivou akci, kterou o\u010dek\u00e1v\u00e1te od Barkera, Williamse a WingMana, ale tak\u00e9 umo\u017e\u0148uje estetiku, kterou zde vid\u00edte. Norm\u00e1ln\u011b byste m\u011bli ploutvovou klapku zasahuj\u00edc\u00ed za r\u00e1m a funguj\u00edc\u00ed jako chr\u00e1ni\u010d prst\u016f, ale to nen\u00ed p\u0159\u00edpad Feruse. M\u00e1 velmi efektivn\u00ed vzhled a dojem, d\u00edky \u010demu\u017e je vynikaj\u00edc\u00edm kouskem EDC.<\/p>\n<p><strong>Ferus<\/strong> m\u016f\u017ee b\u00fdt dosud nejambici\u00f3zn\u011bj\u0161\u00edm zav\u00edrac\u00edm no\u017eem od <strong>WingManEDC<\/strong>. Vyzna\u010duje se integr\u00e1ln\u00edm titanov\u00fdm r\u00e1mem s 3D obroben\u00fdmi titanov\u00fdmi vlo\u017ekami na ka\u017ed\u00e9 stran\u011b. Vnit\u0159ek integrovan\u00e9ho kamenn\u00e9ho r\u00e1mu je siln\u011b skeletonizov\u00e1n, aby se sn\u00ed\u017eila drahocenn\u00e1 hmotnost tohoto u\u017eitn\u00e9ho designu. M\u00e1 extr\u00e9mn\u011b pevn\u00fd pocit v ruce, kter\u00fd se t\u00e9m\u011b\u0159 st\u0159et\u00e1v\u00e1 s jeho extr\u00e9mn\u011b lehkou povahou, ale prost\u011b funguje. Ferus v\u00e1m poskytne vynikaj\u00edc\u00ed klid p\u0159i n\u00e1ro\u010dn\u00e9m pou\u017e\u00edv\u00e1n\u00ed, osln\u00ed o\u010di a pobav\u00ed i ty nejneklidn\u011bj\u0161\u00ed z n\u00e1s. Je to neuv\u011b\u0159iteln\u00fd design od Johna Barkera a WingManEDC a jsme nad\u0161eni, \u017ee v\u00e1m ho m\u016f\u017eeme p\u0159in\u00e9st.<\/p>\n<p>Design John Barker<br \/>\nVyu\u017e\u00edv\u00e1 inovativn\u00ed ploutvov\u00fd mechanismus KickStop od Lee Williamse<br \/>\nCelkov\u00e1 d\u00e9lka: 17.81 cm<br \/>\nD\u00e9lka \u010depele: 7.5 cm<br \/>\nD\u00e9lka \u0159ezn\u00e9 hrany: 7.5 cm<br \/>\nOcel \u010depele: M390<br \/>\nPovrchov\u00e1 \u00faprava \u010depele: Belt Satin<br \/>\nMateri\u00e1l rukojeti: Titan<br \/>\nPovrchov\u00e1 \u00faprava rukojeti: Stonewashed<br \/>\nHmotnost: 3,2 unce<br \/>\nJezd\u00ed na keramick\u00fdch lo\u017eisk\u00e1ch<br \/>\n\u010cepy ve tvaru vrtule s povrchovou \u00fapravou z kamenn\u00e9ho bronzu<br \/>\nIntegr\u00e1ln\u00ed brou\u0161en\u00e1 titanov\u00e1 r\u00e1mov\u00e1 rukoje\u0165 s 3D fr\u00e9zovanou dvoubarevnou kamennou a bronzovanou titanovou vlo\u017ekou<br \/>\nSkeletizovan\u00e1 rukoje\u0165 pro sn\u00ed\u017een\u00ed hmotnosti<br \/>\nTitanov\u00e1 vlo\u017eka stupnice rukojeti slou\u017e\u00ed jako stabiliz\u00e1tor z\u00e1mkov\u00e9 ty\u010de<br \/>\nBronzov\u00e9 kamenn\u00e9 kov\u00e1n\u00ed<br \/>\nStonewashed skeletonizovan\u00fd 3D obroben\u00fd vykl\u00e1p\u011bc\u00ed titanov\u00fd kapesn\u00ed klip<br \/>\nDod\u00e1v\u00e1 se s titanovou zn\u00e1mkou COA, titanov\u00fdm \u010depem ve tvaru leteck\u00e9 bomby a hardwarov\u00fdm n\u00e1strojem a polstrovanou kapsou na zip<\/p>\n<p>&nbsp;<\/p>\n","protected":false},"excerpt":{"rendered":"<p><strong>WingManEDC byl zalo\u017een na v\u00ed\u0159e, \u017ee kapesn\u00ed n\u016f\u017e je va\u0161\u00edm dokonal\u00fdm n\u00e1strojem pro ka\u017ed\u00fd den.\u00a0<\/strong><\/p>\n","protected":false},"featured_media":246836,"comment_status":"open","ping_status":"closed","template":"","meta":[],"pwb-brand":[3252],"product_brand":[],"product_cat":[22,17],"product_tag":[],"class_list":{"0":"post-246835","1":"product","2":"type-product","3":"status-publish","4":"has-post-thumbnail","6":"pwb-brand-wingmanedc","7":"product_cat-zaviraci-noze","8":"product_cat-noze","10":"first","11":"instock","12":"taxable","13":"shipping-taxable","14":"purchasable","15":"product-type-simple"},"brands":[{"id":3252,"name":"WingManEDC","slug":"wingmanedc"}],"_links":{"self":[{"href":"https:\/\/www.moskito.cz\/pl\/wp-json\/wp\/v2\/product\/246835","targetHints":{"allow":["GET"]}}],"collection":[{"href":"https:\/\/www.moskito.cz\/pl\/wp-json\/wp\/v2\/product"}],"about":[{"href":"https:\/\/www.moskito.cz\/pl\/wp-json\/wp\/v2\/types\/product"}],"replies":[{"embeddable":true,"href":"https:\/\/www.moskito.cz\/pl\/wp-json\/wp\/v2\/comments?post=246835"}],"wp:featuredmedia":[{"embeddable":true,"href":"https:\/\/www.moskito.cz\/pl\/wp-json\/wp\/v2\/media\/246836"}],"wp:attachment":[{"href":"https:\/\/www.moskito.cz\/pl\/wp-json\/wp\/v2\/media?parent=246835"}],"wp:term":[{"taxonomy":"pwb-brand","embeddable":true,"href":"https:\/\/www.moskito.cz\/pl\/wp-json\/wp\/v2\/pwb-brand?post=246835"},{"taxonomy":"product_brand","embeddable":true,"href":"https:\/\/www.moskito.cz\/pl\/wp-json\/wp\/v2\/product_brand?post=246835"},{"taxonomy":"product_cat","embeddable":true,"href":"https:\/\/www.moskito.cz\/pl\/wp-json\/wp\/v2\/product_cat?post=246835"},{"taxonomy":"product_tag","embeddable":true,"href":"https:\/\/www.moskito.cz\/pl\/wp-json\/wp\/v2\/product_tag?post=246835"}],"curies":[{"name":"wp","href":"https:\/\/api.w.org\/{rel}","templated":true}]}}