{"id":247151,"date":"2023-04-23T11:13:10","date_gmt":"2023-04-23T10:13:10","guid":{"rendered":"https:\/\/www.moskito.cz\/?post_type=product&#038;p=247151"},"modified":"2025-06-28T22:05:37","modified_gmt":"2025-06-28T21:05:37","slug":"zaviraci-nuz-qsp-knife-penguin-plus-qs130xl-d1","status":"publish","type":"product","link":"https:\/\/www.moskito.cz\/pl\/produkt\/zaviraci-nuz-qsp-knife-penguin-plus-qs130xl-d1\/","title":{"rendered":"Zav\u00edrac\u00ed N\u016f\u017e QSP Knife PENGUIN PLUS QS130XL-D1"},"content":{"rendered":"<p>Zav\u00edrac\u00ed N\u016f\u017e <strong>QSP Knife<\/strong> PENGUIN PLUS QS130XL-D1<\/p>\n<p><strong>QSP<\/strong>\u00a0je zkratka pro Quality, Service, Price.<\/p>\n<p><strong>QSP<\/strong>\u00a0vyr\u00e1b\u00ed no\u017ee BUDGET FRIENDLY a PREMIUM SERRIES pomoc\u00ed p\u0159esn\u00fdch pracovn\u00edch postup\u016f, jako je vodn\u00ed trysk\u00e1n\u00ed, vakuov\u00e9 tepeln\u00e9 zpracov\u00e1n\u00ed, po\u010d\u00edta\u010dov\u00e9 CNC obr\u00e1b\u011bn\u00ed a CNC brou\u0161en\u00ed. Ka\u017ed\u00fd n\u016f\u017e QSP je p\u0159ed odesl\u00e1n\u00edm pe\u010dliv\u011b zkontrolov\u00e1n.<\/p>\n<p>Mechanismus: Keramick\u00e9 kuli\u010dkov\u00e9 lo\u017eisko<\/p>\n<p>N\u00e1zev: Penguin Plus<\/p>\n<p>\u010c\u00edslo polo\u017eky: QS130XL-D1<\/p>\n<p>\u010cepel: 20CV, 2t\u00f3nov\u00fd sat\u00e9nov\u00fd povrch<\/p>\n<p>Rukoje\u0165: P\u0159edn\u00ed strana: hlin\u00edkov\u00e1 f\u00f3lie CF, zadn\u00ed strana: titanov\u00e1, otryskan\u00e1<\/p>\n<p>Z\u00e1mek: Z\u00e1mek r\u00e1mu<\/p>\n<p>Mechanismus: Keramick\u00e9 kuli\u010dkov\u00e9 lo\u017eisko<\/p>\n<p>Celkov\u00e1: 20 cm<\/p>\n<p>Uzav\u0159en\u00e1 d\u00e9lka: 11.4 cm<\/p>\n<p>\u010cepel: 8.6 cm<\/p>\n<p>Tlou\u0161\u0165ka \u010depele: +\/-3,5mm<\/p>\n<p>HRC: 59-61<\/p>\n<p>Oboustrann\u00e1 dr\u00e1t\u011bn\u00e1 spona do hlubok\u00e9 kapsy<\/p>\n<p>\u010cist\u00e1 hmotnost: +\/-104 g (3,67 oz)<\/p>\n","protected":false},"excerpt":{"rendered":"<p><strong>Motto QSP je Keeping move, to better!!! QSP Knife bude i nad\u00e1le prezentovat na trhu st\u00e1le v\u00edce praktick\u00fdch no\u017e\u016f v dobr\u00e9 kvalit\u011b a za dobrou cenu.<\/strong><\/p>\n<p><strong>Doprava zdarma.<\/strong><\/p>\n","protected":false},"featured_media":247152,"comment_status":"open","ping_status":"closed","template":"","meta":[],"pwb-brand":[3253],"product_brand":[],"product_cat":[22,17],"product_tag":[],"class_list":{"0":"post-247151","1":"product","2":"type-product","3":"status-publish","4":"has-post-thumbnail","6":"pwb-brand-qsp-knife","7":"product_cat-zaviraci-noze","8":"product_cat-noze","10":"first","11":"instock","12":"sale","13":"taxable","14":"shipping-taxable","15":"purchasable","16":"product-type-simple"},"brands":[{"id":3253,"name":"QSP Knife","slug":"qsp-knife"}],"_links":{"self":[{"href":"https:\/\/www.moskito.cz\/pl\/wp-json\/wp\/v2\/product\/247151","targetHints":{"allow":["GET"]}}],"collection":[{"href":"https:\/\/www.moskito.cz\/pl\/wp-json\/wp\/v2\/product"}],"about":[{"href":"https:\/\/www.moskito.cz\/pl\/wp-json\/wp\/v2\/types\/product"}],"replies":[{"embeddable":true,"href":"https:\/\/www.moskito.cz\/pl\/wp-json\/wp\/v2\/comments?post=247151"}],"wp:featuredmedia":[{"embeddable":true,"href":"https:\/\/www.moskito.cz\/pl\/wp-json\/wp\/v2\/media\/247152"}],"wp:attachment":[{"href":"https:\/\/www.moskito.cz\/pl\/wp-json\/wp\/v2\/media?parent=247151"}],"wp:term":[{"taxonomy":"pwb-brand","embeddable":true,"href":"https:\/\/www.moskito.cz\/pl\/wp-json\/wp\/v2\/pwb-brand?post=247151"},{"taxonomy":"product_brand","embeddable":true,"href":"https:\/\/www.moskito.cz\/pl\/wp-json\/wp\/v2\/product_brand?post=247151"},{"taxonomy":"product_cat","embeddable":true,"href":"https:\/\/www.moskito.cz\/pl\/wp-json\/wp\/v2\/product_cat?post=247151"},{"taxonomy":"product_tag","embeddable":true,"href":"https:\/\/www.moskito.cz\/pl\/wp-json\/wp\/v2\/product_tag?post=247151"}],"curies":[{"name":"wp","href":"https:\/\/api.w.org\/{rel}","templated":true}]}}