{"id":247810,"date":"2023-04-28T19:54:03","date_gmt":"2023-04-28T18:54:03","guid":{"rendered":"https:\/\/www.moskito.cz\/?post_type=product&#038;p=247810"},"modified":"2025-05-07T10:50:22","modified_gmt":"2025-05-07T09:50:22","slug":"zaviraci-nuz-kansept-knives-pelican-stonewashed-titanium-k1018a1","status":"publish","type":"product","link":"https:\/\/www.moskito.cz\/pl\/produkt\/zaviraci-nuz-kansept-knives-pelican-stonewashed-titanium-k1018a1\/","title":{"rendered":"Zav\u00edrac\u00ed N\u016f\u017e Kansept Knives Pelican Stonewashed Titanium K1018A1"},"content":{"rendered":"<p>Zav\u00edrac\u00ed N\u016f\u017e <strong>Kansept<\/strong> Knives <strong>Pelican<\/strong> Stonewashed Titanium K1018A1<\/p>\n<p><strong>Pelican<\/strong> Edc K1018A1 je perfektn\u00ed n\u016f\u017e pro ka\u017edodenn\u00ed p\u0159en\u00e1\u0161en\u00ed, kter\u00e1 uspokoj\u00ed maxim\u00e1ln\u00ed pot\u0159eby nad\u0161enc\u016f EDC no\u017e\u016f. <strong>Pelican<\/strong> Edc je navr\u017een s lehkou titanovou rukojet\u00ed a s kamennou \u010depel\u00ed CPM-S35VN tanto. Ergonomick\u00fd design nab\u00edz\u00ed perfektn\u00ed pocit otev\u0159en\u00ed jednou rukou a padne do ruky bez ohledu na pou\u017eitou polohu ruky a \u00fakoly, kter\u00e9 je t\u0159eba prov\u00e9st. Je ide\u00e1ln\u00ed pro no\u0161en\u00ed v kapse a je vyroben tak, aby jej bylo mo\u017en\u00e9 bez obav pou\u017e\u00edt p\u0159i jak\u00e9koli p\u0159\u00edle\u017eitosti.<\/p>\n<p>Jonathan, kter\u00fd ode\u0161el z jednotek K-9 ve francouzsk\u00e9 arm\u00e1d\u011b, se rozhodl postavit no\u017ee, kter\u00e9 vyhovovaly jeho pot\u0159eb\u00e1m, kdy\u017e byl aktivn\u00ed, a pot\u00e9 vytvo\u0159il Kmaxrom Design. Jeho filozofi\u00ed je odolnost, s\u00edla a ergonomie.<\/p>\n<p>Specifikace<br \/>\nD\u00e9lka \u010depele: 7.5 cm<br \/>\nD\u00e9lka v zav\u0159en\u00e9m stavu: 10 cm<br \/>\nCelkov\u00e1 d\u00e9lka: 17.5 cm<br \/>\nMateri\u00e1l \u010depele: CPM-S35VN Nerezov\u00e1 ocel<br \/>\nTlou\u0161\u0165ka \u010depele: 0.35<br \/>\nStyl \u010depele: Tanto<br \/>\nPovrchov\u00e1 \u00faprava \u010depele: Stonewashed<br \/>\nMateri\u00e1l rukojeti: 6AL4V titan<br \/>\nUzamykac\u00ed mechanismus: R\u00e1m<br \/>\nSestava \u010depu: Keramick\u00e1 kuli\u010dkov\u00e1 lo\u017eiska<br \/>\nKapesn\u00ed klip: Vykl\u00e1p\u011bc\u00ed, prav\u00e9 no\u0161en\u00ed<br \/>\nHmotnost: 3,4 oz.<br \/>\nDesign\u00e9r: Kmaxrom Design<\/p>\n","protected":false},"excerpt":{"rendered":"<p><strong>\u201eKansept\u201c je p\u0159elo\u017een\u00edm v\u00fdznamu \u201ekoncepce\u201c. To, co n\u00e1s odli\u0161uje od davu, je na\u0161e schopnost inovovat. Stejn\u011b jako design na\u0161eho loga, kter\u00e9 vych\u00e1z\u00ed z obrazu UFO, kter\u00e1 cestuj\u00ed z vesm\u00edru do vesm\u00edru a sk\u00e1\u010dou do budoucnosti.\u00a0<\/strong><\/p>\n","protected":false},"featured_media":247811,"comment_status":"open","ping_status":"closed","template":"","meta":[],"pwb-brand":[3256],"product_brand":[],"product_cat":[22,17],"product_tag":[],"class_list":{"0":"post-247810","1":"product","2":"type-product","3":"status-publish","4":"has-post-thumbnail","6":"pwb-brand-kansept-knives","7":"product_cat-zaviraci-noze","8":"product_cat-noze","10":"first","11":"outofstock","12":"taxable","13":"shipping-taxable","14":"purchasable","15":"product-type-simple"},"brands":[{"id":3256,"name":"Kansept Knives","slug":"kansept-knives"}],"_links":{"self":[{"href":"https:\/\/www.moskito.cz\/pl\/wp-json\/wp\/v2\/product\/247810","targetHints":{"allow":["GET"]}}],"collection":[{"href":"https:\/\/www.moskito.cz\/pl\/wp-json\/wp\/v2\/product"}],"about":[{"href":"https:\/\/www.moskito.cz\/pl\/wp-json\/wp\/v2\/types\/product"}],"replies":[{"embeddable":true,"href":"https:\/\/www.moskito.cz\/pl\/wp-json\/wp\/v2\/comments?post=247810"}],"wp:featuredmedia":[{"embeddable":true,"href":"https:\/\/www.moskito.cz\/pl\/wp-json\/wp\/v2\/media\/247811"}],"wp:attachment":[{"href":"https:\/\/www.moskito.cz\/pl\/wp-json\/wp\/v2\/media?parent=247810"}],"wp:term":[{"taxonomy":"pwb-brand","embeddable":true,"href":"https:\/\/www.moskito.cz\/pl\/wp-json\/wp\/v2\/pwb-brand?post=247810"},{"taxonomy":"product_brand","embeddable":true,"href":"https:\/\/www.moskito.cz\/pl\/wp-json\/wp\/v2\/product_brand?post=247810"},{"taxonomy":"product_cat","embeddable":true,"href":"https:\/\/www.moskito.cz\/pl\/wp-json\/wp\/v2\/product_cat?post=247810"},{"taxonomy":"product_tag","embeddable":true,"href":"https:\/\/www.moskito.cz\/pl\/wp-json\/wp\/v2\/product_tag?post=247810"}],"curies":[{"name":"wp","href":"https:\/\/api.w.org\/{rel}","templated":true}]}}