{"id":247855,"date":"2023-04-28T21:02:19","date_gmt":"2023-04-28T20:02:19","guid":{"rendered":"https:\/\/www.moskito.cz\/?post_type=product&#038;p=247855"},"modified":"2025-05-07T10:50:23","modified_gmt":"2025-05-07T09:50:23","slug":"zaviraci-nuz-kansept-knives-warrior-tanto-t1005s1","status":"publish","type":"product","link":"https:\/\/www.moskito.cz\/pl\/produkt\/zaviraci-nuz-kansept-knives-warrior-tanto-t1005s1\/","title":{"rendered":"Zav\u00edrac\u00ed N\u016f\u017e Kansept Knives Warrior Tanto T1005S1"},"content":{"rendered":"<p>Zav\u00edrac\u00ed N\u016f\u017e <strong>Kansept Knives<\/strong> Warrior Tanto T1005S1<\/p>\n<p>Seznamte se s <strong>Warriorem<\/strong> od <strong>Kansept Knives<\/strong> . Tento kapesn\u00ed n\u016f\u017e m\u00e1 n\u00e1vykov\u00e9 otev\u00edr\u00e1n\u00ed kol\u00edkem na palec a poutav\u00fd design rukojeti. Skv\u011ble se dr\u017e\u00ed v ruce a jeho \u010depel D2 vydr\u017e\u00ed v\u0161e, co na n\u011bj mus\u00edte hodit. Warrior obsahuje hlubokou kapesn\u00ed klipsu pro no\u0161en\u00ed , tak\u017ee je p\u0159ipraven vyrazit s v\u00e1mi na dal\u0161\u00ed dobrodru\u017estv\u00ed hned po vybalen\u00ed!<\/p>\n<p><strong>L\u00edb\u00ed se ti co vid\u00ed\u0161? Prohl\u00e9dn\u011bte si dal\u0161\u00ed skv\u011bl\u00e9 kapesn\u00ed no\u017ee Kansept, kter\u00e9 nab\u00edz\u00edme!<\/strong><\/p>\n<p>Specifikace:<br \/>\nCelkov\u00e1 d\u00e9lka: 20 cm<br \/>\nD\u00e9lka \u010depele: 8.6 cm5<br \/>\nTlou\u0161\u0165ka \u010depele: 0.32 cm<br \/>\nMateri\u00e1l \u010depele: D2<br \/>\nStyl \u010depele: Wharncliffe<br \/>\nDokon\u010den\u00ed: Stonewash<br \/>\nTyp okraje: Prost\u00fd<br \/>\nMateri\u00e1l rukojeti: G-10<br \/>\nBarva: \u010cern\u00e1, Modr\u00e1<br \/>\nMateri\u00e1l podlo\u017eky: Hlin\u00edk, G-10<br \/>\nR\u00e1m\/vlo\u017eka: Ocel<br \/>\nHmotnost: 3,70 oz<br \/>\nU\u017eivatel: Prav\u00e1 ruka<br \/>\nKapesn\u00ed klip: Tip-Up<br \/>\nTyp no\u017ee: Manu\u00e1l<br \/>\nOtv\u00edr\u00e1k: Thumb Stud<br \/>\nTyp \u010depu: Lo\u017eiska<br \/>\nTyp z\u00e1mku: Z\u00e1mek vlo\u017eky<br \/>\nZna\u010dka: Kansept<br \/>\nModelov\u00e9 \u010d\u00edslo: T1005S1<br \/>\nN\u00e1vrh\u00e1\u0159: Kim Ning<br \/>\nNejlep\u0161\u00ed pou\u017eit\u00ed: Ka\u017edodenn\u00ed no\u0161en\u00ed<\/p>\n","protected":false},"excerpt":{"rendered":"<p><strong>\u201eKansept\u201c je p\u0159elo\u017een\u00edm v\u00fdznamu \u201ekoncepce\u201c. To, co n\u00e1s odli\u0161uje od davu, je na\u0161e schopnost inovovat. Stejn\u011b jako design na\u0161eho loga, kter\u00e9 vych\u00e1z\u00ed z obrazu UFO, kter\u00e1 cestuj\u00ed z vesm\u00edru do vesm\u00edru a sk\u00e1\u010dou do budoucnosti.\u00a0<\/strong><\/p>\n<p>&nbsp;<\/p>\n","protected":false},"featured_media":247856,"comment_status":"open","ping_status":"closed","template":"","meta":[],"pwb-brand":[3256],"product_brand":[],"product_cat":[22,17],"product_tag":[],"class_list":{"0":"post-247855","1":"product","2":"type-product","3":"status-publish","4":"has-post-thumbnail","6":"pwb-brand-kansept-knives","7":"product_cat-zaviraci-noze","8":"product_cat-noze","10":"first","11":"outofstock","12":"taxable","13":"shipping-taxable","14":"purchasable","15":"product-type-simple"},"brands":[{"id":3256,"name":"Kansept Knives","slug":"kansept-knives"}],"_links":{"self":[{"href":"https:\/\/www.moskito.cz\/pl\/wp-json\/wp\/v2\/product\/247855","targetHints":{"allow":["GET"]}}],"collection":[{"href":"https:\/\/www.moskito.cz\/pl\/wp-json\/wp\/v2\/product"}],"about":[{"href":"https:\/\/www.moskito.cz\/pl\/wp-json\/wp\/v2\/types\/product"}],"replies":[{"embeddable":true,"href":"https:\/\/www.moskito.cz\/pl\/wp-json\/wp\/v2\/comments?post=247855"}],"wp:featuredmedia":[{"embeddable":true,"href":"https:\/\/www.moskito.cz\/pl\/wp-json\/wp\/v2\/media\/247856"}],"wp:attachment":[{"href":"https:\/\/www.moskito.cz\/pl\/wp-json\/wp\/v2\/media?parent=247855"}],"wp:term":[{"taxonomy":"pwb-brand","embeddable":true,"href":"https:\/\/www.moskito.cz\/pl\/wp-json\/wp\/v2\/pwb-brand?post=247855"},{"taxonomy":"product_brand","embeddable":true,"href":"https:\/\/www.moskito.cz\/pl\/wp-json\/wp\/v2\/product_brand?post=247855"},{"taxonomy":"product_cat","embeddable":true,"href":"https:\/\/www.moskito.cz\/pl\/wp-json\/wp\/v2\/product_cat?post=247855"},{"taxonomy":"product_tag","embeddable":true,"href":"https:\/\/www.moskito.cz\/pl\/wp-json\/wp\/v2\/product_tag?post=247855"}],"curies":[{"name":"wp","href":"https:\/\/api.w.org\/{rel}","templated":true}]}}