{"id":248036,"date":"2023-04-29T20:54:33","date_gmt":"2023-04-29T19:54:33","guid":{"rendered":"https:\/\/www.moskito.cz\/?post_type=product&#038;p=248036"},"modified":"2025-05-07T10:50:28","modified_gmt":"2025-05-07T09:50:28","slug":"zaviraci-nuz-kansept-knives-mikkel-willumsen-titanium-stonewash-k2009a2","status":"publish","type":"product","link":"https:\/\/www.moskito.cz\/pl\/produkt\/zaviraci-nuz-kansept-knives-mikkel-willumsen-titanium-stonewash-k2009a2\/","title":{"rendered":"Zav\u00edrac\u00ed N\u016f\u017e Kansept Knives Mikkel Willumsen Titanium Stonewash K2009A2"},"content":{"rendered":"<p>Zav\u00edrac\u00ed N\u016f\u017e <strong>Kansept Knives<\/strong> Mikkel Willumsen Titanium Stonewash K2009A2<\/p>\n<p><strong>Kansept<\/strong>\u00a0EDC Tac Knife je jedn\u00edm z no\u017e\u016f Mikkela Willumsena (proslul\u00e9ho celosv\u011btov\u00e9ho n\u00e1vrh\u00e1\u0159e no\u017e\u016f). Tento zn\u00e1m\u00fd odborn\u00edk na no\u017ee se ji\u017e v\u00edce ne\u017e 20 let osv\u011bd\u010dil jako konstrukt\u00e9r taktick\u00fdch no\u017e\u016f mezi elitou. Tento klasick\u00fd n\u00e1stroj, navr\u017een\u00fd v Kodani v D\u00e1nsku je n\u00e1dhern\u00fd kousek, kter\u00fd m\u016f\u017eete obdivovat ve va\u0161\u00ed sb\u00edrce.<\/p>\n<p>M\u00e1 plynul\u00e9 uvoln\u011bn\u00ed \u010depele, kter\u00e9 lze snadno spustit pohybem z\u00e1p\u011bst\u00ed. \u010cepel je neuv\u011b\u0159iteln\u011b pevn\u00e1, esteticky p\u0159\u00edjemn\u00e1 a m\u00e1 v\u00fdjime\u010dn\u00e9 zachov\u00e1n\u00ed ost\u0159\u00ed. Dod\u00e1v\u00e1 se s ochrann\u00fdm nylonov\u00fdm pouzdrem, kter\u00e9 ho chr\u00e1n\u00ed p\u0159ed po\u0161kr\u00e1b\u00e1n\u00edm nebo po\u0161kozen\u00edm.<\/p>\n<p>No\u017ee\u00a0<strong>Kansept<\/strong>\u00a0jsou skv\u011bl\u00e9 pro ka\u017edodenn\u00ed no\u0161en\u00ed a jsou k dispozici v \u0161irok\u00e9 \u0161k\u00e1le proveden\u00ed. Najd\u011bte si ten, kter\u00fd v\u00e1m d\u00e1 pr\u00e1vo na vychloub\u00e1n\u00ed nebo kter\u00fd jen p\u0159id\u00e1te do sv\u00e9 sb\u00edrky je\u0161t\u011b dnes!<\/p>\n<p>Specifikace<br \/>\nCelkov\u00e1 d\u00e9lka: 19 cm<br \/>\nD\u00e9lka \u010depele: 7.75 cm<br \/>\nMateri\u00e1l \u010depele: Nerezov\u00e1 ocel<br \/>\nStyl \u010depele: Standard<br \/>\nDokon\u010dit: \u010cern\u00e9<br \/>\nTyp okraje: Oby\u010dejn\u00fd<\/p>\n<p>Materi\u00e1l rukojeti: Uhl\u00edkov\u00e9 vl\u00e1kno, titan<br \/>\nBarva: \u0160ed\u00e1<br \/>\nHmotnost: 3,74 unce<br \/>\nU\u017eivatel: Prav\u00e1 ruka, lev\u00e1 ruka<br \/>\nKapesn\u00ed klip: Tip-Up<br \/>\nTyp no\u017ee: Manu\u00e1l<br \/>\nOtv\u00edr\u00e1k: Flipper, Thumb Stud<br \/>\nTyp \u010depu: Lo\u017eiska<br \/>\nTyp z\u00e1mku: Z\u00e1mek tla\u010d\u00edtka<br \/>\nZna\u010dka: Kansept<br \/>\nModelov\u00e9 \u010d\u00edslo: K2009A2<br \/>\nN\u00e1vrh\u00e1\u0159: Mikkel Willumsen<\/p>\n<p>&nbsp;<\/p>\n","protected":false},"excerpt":{"rendered":"<p><strong>\u201eKansept\u201c je p\u0159elo\u017een\u00edm v\u00fdznamu \u201ekoncepce\u201c. To, co n\u00e1s odli\u0161uje od davu, je na\u0161e schopnost inovovat. Stejn\u011b jako design na\u0161eho loga, kter\u00e9 vych\u00e1z\u00ed z obrazu UFO, kter\u00e1 cestuj\u00ed z vesm\u00edru do vesm\u00edru a sk\u00e1\u010dou do budoucnosti.\u00a0<\/strong><\/p>\n<p><strong>Doprava zdarma.<\/strong><\/p>\n","protected":false},"featured_media":248037,"comment_status":"open","ping_status":"closed","template":"","meta":[],"pwb-brand":[3256],"product_brand":[],"product_cat":[22,17],"product_tag":[],"class_list":{"0":"post-248036","1":"product","2":"type-product","3":"status-publish","4":"has-post-thumbnail","6":"pwb-brand-kansept-knives","7":"product_cat-zaviraci-noze","8":"product_cat-noze","10":"first","11":"instock","12":"taxable","13":"shipping-taxable","14":"purchasable","15":"product-type-simple"},"brands":[{"id":3256,"name":"Kansept Knives","slug":"kansept-knives"}],"_links":{"self":[{"href":"https:\/\/www.moskito.cz\/pl\/wp-json\/wp\/v2\/product\/248036","targetHints":{"allow":["GET"]}}],"collection":[{"href":"https:\/\/www.moskito.cz\/pl\/wp-json\/wp\/v2\/product"}],"about":[{"href":"https:\/\/www.moskito.cz\/pl\/wp-json\/wp\/v2\/types\/product"}],"replies":[{"embeddable":true,"href":"https:\/\/www.moskito.cz\/pl\/wp-json\/wp\/v2\/comments?post=248036"}],"wp:featuredmedia":[{"embeddable":true,"href":"https:\/\/www.moskito.cz\/pl\/wp-json\/wp\/v2\/media\/248037"}],"wp:attachment":[{"href":"https:\/\/www.moskito.cz\/pl\/wp-json\/wp\/v2\/media?parent=248036"}],"wp:term":[{"taxonomy":"pwb-brand","embeddable":true,"href":"https:\/\/www.moskito.cz\/pl\/wp-json\/wp\/v2\/pwb-brand?post=248036"},{"taxonomy":"product_brand","embeddable":true,"href":"https:\/\/www.moskito.cz\/pl\/wp-json\/wp\/v2\/product_brand?post=248036"},{"taxonomy":"product_cat","embeddable":true,"href":"https:\/\/www.moskito.cz\/pl\/wp-json\/wp\/v2\/product_cat?post=248036"},{"taxonomy":"product_tag","embeddable":true,"href":"https:\/\/www.moskito.cz\/pl\/wp-json\/wp\/v2\/product_tag?post=248036"}],"curies":[{"name":"wp","href":"https:\/\/api.w.org\/{rel}","templated":true}]}}