{"id":248137,"date":"2023-05-01T22:06:07","date_gmt":"2023-05-01T21:06:07","guid":{"rendered":"https:\/\/www.moskito.cz\/?post_type=product&#038;p=248137"},"modified":"2025-05-07T10:50:30","modified_gmt":"2025-05-07T09:50:30","slug":"zaviraci-nuz-kansept-knives-convict-bronze-titanium-damascus-k1023b4","status":"publish","type":"product","link":"https:\/\/www.moskito.cz\/pl\/produkt\/zaviraci-nuz-kansept-knives-convict-bronze-titanium-damascus-k1023b4\/","title":{"rendered":"Zav\u00edrac\u00ed N\u016f\u017e Kansept Knives Convict Bronze Titanium Damascus K1023B4"},"content":{"rendered":"<p>Zav\u00edrac\u00ed N\u016f\u017e <strong>Kansept Knives<\/strong> Convict Bronze Titanium Damascus K1023B4<\/p>\n<p><strong>Kansept Convict<\/strong> je origin\u00e1ln\u00ed design Chrise Conawaye , zakladatele Sheepdog Knives. V klasick\u00e9m ov\u010d\u00e1ck\u00e9m m\u00f3du je tento n\u016f\u017e statn\u00fd, statn\u00fd n\u00e1stroj p\u0159ipraven\u00fd j\u00edt do pr\u00e1ce a vypad\u00e1 p\u0159i tom skv\u011ble. \u010cepel m\u00e1 profil ov\u010d\u00ed nohy, cen\u011bn\u00fd v EDC pro sv\u016fj v\u00fdkon s obalem a vl\u00e1kny. Rukoje\u0165 m\u00e1 \u010dist\u00fd a pohodln\u00fd design, kter\u00fd vyhovuje r\u016fzn\u00fdm styl\u016fm \u00fachopu.<\/p>\n<p>Pod\u00edvejte se na dal\u0161\u00ed n\u00e1vrhy Chrise Conawaye, jako je tento!<\/p>\n<p>Specifikace<br \/>\nCelkov\u00e1 d\u00e9lka:19 cm<br \/>\nD\u00e9lka \u010depele: 8.25 cm<br \/>\nMateri\u00e1l \u010depele: Dama\u0161ek<br \/>\nStyl \u010depele: Wharncliffe<br \/>\nMateri\u00e1l rukojeti: Titan<br \/>\nBarva: Bronz<br \/>\nR\u00e1m\/vlo\u017eka: Titan<br \/>\nHmotnost: 4,00 oz<br \/>\nU\u017eivatel: Prav\u00e1 ruka<br \/>\nKapesn\u00ed klip: Tip-Up<br \/>\nTyp no\u017ee: Manu\u00e1l<br \/>\nOtv\u00edr\u00e1k: Thumb Stud<br \/>\nTyp z\u00e1mku: Z\u00e1mek r\u00e1mu<br \/>\nZna\u010dka: Kansept<\/p>\n<p>&nbsp;<\/p>\n","protected":false},"excerpt":{"rendered":"<p><strong>\u201eKansept\u201c je p\u0159elo\u017een\u00edm v\u00fdznamu \u201ekoncepce\u201c. To, co n\u00e1s odli\u0161uje od davu, je na\u0161e schopnost inovovat. Stejn\u011b jako design na\u0161eho loga, kter\u00e9 vych\u00e1z\u00ed z obrazu UFO, kter\u00e1 cestuj\u00ed z vesm\u00edru do vesm\u00edru a sk\u00e1\u010dou do budoucnosti.\u00a0<\/strong><\/p>\n<p><strong>Doprava zdrama.<\/strong><\/p>\n","protected":false},"featured_media":248141,"comment_status":"open","ping_status":"closed","template":"","meta":[],"pwb-brand":[3256],"product_brand":[],"product_cat":[22,17],"product_tag":[],"class_list":{"0":"post-248137","1":"product","2":"type-product","3":"status-publish","4":"has-post-thumbnail","6":"pwb-brand-kansept-knives","7":"product_cat-zaviraci-noze","8":"product_cat-noze","10":"first","11":"instock","12":"taxable","13":"shipping-taxable","14":"purchasable","15":"product-type-simple"},"brands":[{"id":3256,"name":"Kansept Knives","slug":"kansept-knives"}],"_links":{"self":[{"href":"https:\/\/www.moskito.cz\/pl\/wp-json\/wp\/v2\/product\/248137","targetHints":{"allow":["GET"]}}],"collection":[{"href":"https:\/\/www.moskito.cz\/pl\/wp-json\/wp\/v2\/product"}],"about":[{"href":"https:\/\/www.moskito.cz\/pl\/wp-json\/wp\/v2\/types\/product"}],"replies":[{"embeddable":true,"href":"https:\/\/www.moskito.cz\/pl\/wp-json\/wp\/v2\/comments?post=248137"}],"wp:featuredmedia":[{"embeddable":true,"href":"https:\/\/www.moskito.cz\/pl\/wp-json\/wp\/v2\/media\/248141"}],"wp:attachment":[{"href":"https:\/\/www.moskito.cz\/pl\/wp-json\/wp\/v2\/media?parent=248137"}],"wp:term":[{"taxonomy":"pwb-brand","embeddable":true,"href":"https:\/\/www.moskito.cz\/pl\/wp-json\/wp\/v2\/pwb-brand?post=248137"},{"taxonomy":"product_brand","embeddable":true,"href":"https:\/\/www.moskito.cz\/pl\/wp-json\/wp\/v2\/product_brand?post=248137"},{"taxonomy":"product_cat","embeddable":true,"href":"https:\/\/www.moskito.cz\/pl\/wp-json\/wp\/v2\/product_cat?post=248137"},{"taxonomy":"product_tag","embeddable":true,"href":"https:\/\/www.moskito.cz\/pl\/wp-json\/wp\/v2\/product_tag?post=248137"}],"curies":[{"name":"wp","href":"https:\/\/api.w.org\/{rel}","templated":true}]}}