{"id":249005,"date":"2023-05-18T15:44:39","date_gmt":"2023-05-18T14:44:39","guid":{"rendered":"https:\/\/www.moskito.cz\/?post_type=product&#038;p=249005"},"modified":"2025-05-07T10:50:51","modified_gmt":"2025-05-07T09:50:51","slug":"zaviraci-nuz-joker-deportiva-joker-iberica","status":"publish","type":"product","link":"https:\/\/www.moskito.cz\/pl\/produkt\/zaviraci-nuz-joker-deportiva-joker-iberica\/","title":{"rendered":"Zav\u00edrac\u00ed N\u016f\u017e Joker DEPORTIVA JOKER IB\u00c9RICA"},"content":{"rendered":"<p>Zav\u00edrac\u00ed N\u016f\u017e <strong>Joker<\/strong> DEPORTIVA JOKER IB\u00c9RICA<\/p>\n<p>JOKER IB\u00c9RICA kapesn\u00ed n\u016f\u017e se z\u00e1mkem \u010cepel: Nerezov\u00e1 ocel 14116, Molybden Vanadium Rukoje\u0165: Jelen\u00ed paroh 7,5 cm &#8211; 70 gr<\/p>\n<p>Velikost \u010depele: 7,5 cm<br \/>\nVelikost rukojeti: 9,5 cm<br \/>\nMateri\u00e1l rukojeti:\u00a0 jelen\u00ed paroh<br \/>\nTyp z\u00e1mku: backlock<br \/>\nList Finish: Sat\u00e9n<br \/>\nCelkov\u00e1 velikost: 17 cm<br \/>\nHmotnost produktu: 80 g<\/p>\n<p>&nbsp;<\/p>\n","protected":false},"excerpt":{"rendered":"<p>No\u017ee Joker poch\u00e1zej\u00ed ze \u0160pan\u011blsk\u00e9ho m\u011bsta Albacete, kter\u00e9 je zn\u00e1m\u00e9 tradi\u010dn\u00ed v\u00fdrobou no\u017e\u016f a d\u00fdk.<br \/>\n<strong>Navr\u017eeno a vyrobeno ve \u0160pan\u011blsku (Albacete)<\/strong><\/p>\n","protected":false},"featured_media":249006,"comment_status":"open","ping_status":"closed","template":"","meta":[],"pwb-brand":[359],"product_brand":[],"product_cat":[22,17],"product_tag":[],"class_list":{"0":"post-249005","1":"product","2":"type-product","3":"status-publish","4":"has-post-thumbnail","6":"pwb-brand-joker","7":"product_cat-zaviraci-noze","8":"product_cat-noze","10":"first","11":"instock","12":"taxable","13":"shipping-taxable","14":"purchasable","15":"product-type-simple"},"brands":[{"id":359,"name":"Joker","slug":"joker"}],"_links":{"self":[{"href":"https:\/\/www.moskito.cz\/pl\/wp-json\/wp\/v2\/product\/249005","targetHints":{"allow":["GET"]}}],"collection":[{"href":"https:\/\/www.moskito.cz\/pl\/wp-json\/wp\/v2\/product"}],"about":[{"href":"https:\/\/www.moskito.cz\/pl\/wp-json\/wp\/v2\/types\/product"}],"replies":[{"embeddable":true,"href":"https:\/\/www.moskito.cz\/pl\/wp-json\/wp\/v2\/comments?post=249005"}],"wp:featuredmedia":[{"embeddable":true,"href":"https:\/\/www.moskito.cz\/pl\/wp-json\/wp\/v2\/media\/249006"}],"wp:attachment":[{"href":"https:\/\/www.moskito.cz\/pl\/wp-json\/wp\/v2\/media?parent=249005"}],"wp:term":[{"taxonomy":"pwb-brand","embeddable":true,"href":"https:\/\/www.moskito.cz\/pl\/wp-json\/wp\/v2\/pwb-brand?post=249005"},{"taxonomy":"product_brand","embeddable":true,"href":"https:\/\/www.moskito.cz\/pl\/wp-json\/wp\/v2\/product_brand?post=249005"},{"taxonomy":"product_cat","embeddable":true,"href":"https:\/\/www.moskito.cz\/pl\/wp-json\/wp\/v2\/product_cat?post=249005"},{"taxonomy":"product_tag","embeddable":true,"href":"https:\/\/www.moskito.cz\/pl\/wp-json\/wp\/v2\/product_tag?post=249005"}],"curies":[{"name":"wp","href":"https:\/\/api.w.org\/{rel}","templated":true}]}}