{"id":249046,"date":"2023-05-18T18:03:21","date_gmt":"2023-05-18T17:03:21","guid":{"rendered":"https:\/\/www.moskito.cz\/?post_type=product&#038;p=249046"},"modified":"2025-05-07T10:50:51","modified_gmt":"2025-05-07T09:50:51","slug":"zaviraci-nuz-kansept-fenrir-stonewashed-carbon-titanium-k1034a1","status":"publish","type":"product","link":"https:\/\/www.moskito.cz\/pl\/produkt\/zaviraci-nuz-kansept-fenrir-stonewashed-carbon-titanium-k1034a1\/","title":{"rendered":"Zav\u00edrac\u00ed N\u016f\u017e Kansept Fenrir Stonewashed Carbon Titanium K1034A1"},"content":{"rendered":"<p>Zav\u00edrac\u00ed N\u016f\u017e <strong>Kansept<\/strong> Fenrir Stonewashed Carbon Titanium K1034A1<\/p>\n<p>Fenrir je funk\u010dn\u00ed EDC n\u016f\u017e s v\u00fdrazn\u00fdmi estetick\u00fdmi liniemi. D\u00edky velk\u00e9mu b\u0159ichu a ostr\u00e9mu hrotu je univerz\u00e1ln\u00ed pro ka\u017edodenn\u00ed pou\u017eit\u00ed. N\u011bkolik mo\u017enost\u00ed nasazen\u00ed a v\u0161estrann\u00e1 ergonomie z n\u011bj d\u011blaj\u00ed skv\u011blou manipulaci. Jedine\u010dn\u00fd design podhlavn\u00edku v\u00e1m d\u00e1 v\u00e1hu p\u0159\u00edmo do ruky, co\u017e v\u00e1m poskytne kontrolu a bezpe\u010dn\u00fd \u00fachop.<\/p>\n<p>\u010cern\u011b pota\u017een\u00e1 harpunov\u00e1 \u010depel.<br \/>\nP\u0159edn\u00ed ploutev a otv\u00edr\u00e1k na palec.<br \/>\nRukoje\u0165 Shred je z uhl\u00edkov\u00fdch vl\u00e1ken se zadn\u00edmi titanov\u00fdmi podp\u011brami.<br \/>\nVykl\u00e1p\u011bc\u00ed kapesn\u00ed klip.<\/p>\n<p>Celkov\u00e1 d\u00e9lka: 19.72 cm<br \/>\nD\u00e9lka \u010depele: 8.7 cm<br \/>\nMateri\u00e1l \u010depele: CPM-S35VN<br \/>\nTvrdost \u010depele: 58-61 HRC<br \/>\nStyl \u010depele: Harpuna<br \/>\nPovrchov\u00e1 \u00faprava \u010depele: Black Stonewash<br \/>\nMateri\u00e1l rukojeti: Drcen\u00e9 uhl\u00edkov\u00e9 vl\u00e1kno \/ titan<br \/>\nDokon\u010den\u00ed rukojeti: Uhl\u00edkov\u00e9 vl\u00e1kno \/ \u0161ed\u00e1<br \/>\nTyp z\u00e1mku: Z\u00e1mek r\u00e1mu<br \/>\nPozice klipu: Skl\u00e1p\u011bc\u00ed \/ prav\u00e9 no\u0161en\u00ed<br \/>\nHmotnost: 4,37 unce<\/p>\n","protected":false},"excerpt":{"rendered":"<p><strong>\u201eKansept\u201c je p\u0159elo\u017een\u00edm v\u00fdznamu \u201ekoncepce\u201c. To, co n\u00e1s odli\u0161uje od davu, je na\u0161e schopnost inovovat. Stejn\u011b jako design na\u0161eho loga, kter\u00e9 vych\u00e1z\u00ed z obrazu UFO, kter\u00e1 cestuj\u00ed z vesm\u00edru do vesm\u00edru a sk\u00e1\u010dou do budoucnosti.\u00a0<\/strong><\/p>\n<p><strong>Doprava zdarma.<\/strong><\/p>\n","protected":false},"featured_media":249047,"comment_status":"open","ping_status":"closed","template":"","meta":[],"pwb-brand":[3256],"product_brand":[],"product_cat":[22,17],"product_tag":[],"class_list":{"0":"post-249046","1":"product","2":"type-product","3":"status-publish","4":"has-post-thumbnail","6":"pwb-brand-kansept-knives","7":"product_cat-zaviraci-noze","8":"product_cat-noze","10":"first","11":"instock","12":"taxable","13":"shipping-taxable","14":"purchasable","15":"product-type-simple"},"brands":[{"id":3256,"name":"Kansept Knives","slug":"kansept-knives"}],"_links":{"self":[{"href":"https:\/\/www.moskito.cz\/pl\/wp-json\/wp\/v2\/product\/249046","targetHints":{"allow":["GET"]}}],"collection":[{"href":"https:\/\/www.moskito.cz\/pl\/wp-json\/wp\/v2\/product"}],"about":[{"href":"https:\/\/www.moskito.cz\/pl\/wp-json\/wp\/v2\/types\/product"}],"replies":[{"embeddable":true,"href":"https:\/\/www.moskito.cz\/pl\/wp-json\/wp\/v2\/comments?post=249046"}],"wp:featuredmedia":[{"embeddable":true,"href":"https:\/\/www.moskito.cz\/pl\/wp-json\/wp\/v2\/media\/249047"}],"wp:attachment":[{"href":"https:\/\/www.moskito.cz\/pl\/wp-json\/wp\/v2\/media?parent=249046"}],"wp:term":[{"taxonomy":"pwb-brand","embeddable":true,"href":"https:\/\/www.moskito.cz\/pl\/wp-json\/wp\/v2\/pwb-brand?post=249046"},{"taxonomy":"product_brand","embeddable":true,"href":"https:\/\/www.moskito.cz\/pl\/wp-json\/wp\/v2\/product_brand?post=249046"},{"taxonomy":"product_cat","embeddable":true,"href":"https:\/\/www.moskito.cz\/pl\/wp-json\/wp\/v2\/product_cat?post=249046"},{"taxonomy":"product_tag","embeddable":true,"href":"https:\/\/www.moskito.cz\/pl\/wp-json\/wp\/v2\/product_tag?post=249046"}],"curies":[{"name":"wp","href":"https:\/\/api.w.org\/{rel}","templated":true}]}}