{"id":249061,"date":"2023-05-18T18:29:15","date_gmt":"2023-05-18T17:29:15","guid":{"rendered":"https:\/\/www.moskito.cz\/?post_type=product&#038;p=249061"},"modified":"2025-05-07T10:50:52","modified_gmt":"2025-05-07T09:50:52","slug":"zaviraci-nuz-kansept-knives-ktc3-stonewashed-t1031a2","status":"publish","type":"product","link":"https:\/\/www.moskito.cz\/pl\/produkt\/zaviraci-nuz-kansept-knives-ktc3-stonewashed-t1031a2\/","title":{"rendered":"Zav\u00edrac\u00ed N\u016f\u017e Kansept Knives KTC3 Stonewashed T1031A2"},"content":{"rendered":"<p>Zav\u00edrac\u00ed N\u016f\u017e <strong>Kansept Knives<\/strong> KTC3 Stonewashed T1031A2<\/p>\n<p>Pokud hled\u00e1te b\u00e1je\u010dn\u00fd n\u016f\u017e hawkbill, pak nehledejte nic jin\u00e9ho ne\u017e KTC3. Tento v\u00fdkonn\u00fd n\u016f\u017e m\u00e1 7.5 cm \u010depel, v\u00edce mo\u017enost\u00ed barvy\/materi\u00e1lu rukojeti a je skute\u010dn\u011b zt\u011blesn\u011bn\u00edm pracovn\u00edho no\u017ee. Nerezov\u00e1 ocel 154CM ostr\u00e1 jako b\u0159itva dok\u00e1\u017ee pracovat stejn\u011b tvrd\u011b jako vy ani\u017e byste se zapotili. \u010cepel hawkbill se osv\u011bd\u010duje p\u0159i v\u0161em, od \u0159ez\u00e1n\u00ed lana a krabic a\u017e po zahradni\u010den\u00ed a p\u0159\u00edpravu zv\u011b\u0159e. KTC3 se snadno zamyk\u00e1 d\u00edky robustn\u00edmu z\u00e1mku liner. Krevn\u00ed dr\u00e1\u017eky v \u010depeli nab\u00edzej\u00ed jak standardn\u00ed funkci krevn\u00edch \u017el\u00e1bk\u016f, ale slou\u017e\u00ed i jako druh\u00fd zp\u016fsob otev\u00edr\u00e1n\u00ed, proto\u017ee zku\u0161en\u00ed u\u017eivatel\u00e9 mohou prov\u00e9st obr\u00e1cen\u00e9 \u0161vihnut\u00ed prost\u0159edn\u00edkem a \u010depel otev\u0159\u00edt rychl\u00fdm a uspokojiv\u00fdm cvaknut\u00edm.<\/p>\n<p>Specifikace<br \/>\nD\u00e9lka \u010depele: 7.5 cm<br \/>\nD\u00e9lka v zav\u0159en\u00e9m stavu: 10 cm<br \/>\nCelkov\u00e1 d\u00e9lka: 17 cm<br \/>\nMateri\u00e1l \u010depele: 154CM nerezov\u00e1 ocel<br \/>\nStyl \u010depele: Hawkbill<br \/>\nBrou\u0161en\u00ed \u010depele: Ploch\u00e9<br \/>\nPovrchov\u00e1 \u00faprava \u010depele: Stonewashed<br \/>\nMateri\u00e1l rukojeti: modr\u00e1 G10<br \/>\nUzamykac\u00ed mechanismus: Vlo\u017eka<br \/>\nKapesn\u00ed klip: Vykl\u00e1p\u011bc\u00ed, prav\u00e9 no\u0161en\u00ed<br \/>\nHmotnost: 3,7 oz.<br \/>\nDesign\u00e9r: Justin Koch<\/p>\n","protected":false},"excerpt":{"rendered":"<p><strong>\u201eKansept\u201c je p\u0159elo\u017een\u00edm v\u00fdznamu \u201ekoncepce\u201c. To, co n\u00e1s odli\u0161uje od davu, je na\u0161e schopnost inovovat. Stejn\u011b jako design na\u0161eho loga, kter\u00e9 vych\u00e1z\u00ed z obrazu UFO, kter\u00e1 cestuj\u00ed z vesm\u00edru do vesm\u00edru a sk\u00e1\u010dou do budoucnosti.\u00a0<\/strong><\/p>\n","protected":false},"featured_media":249062,"comment_status":"open","ping_status":"closed","template":"","meta":[],"pwb-brand":[3256],"product_brand":[],"product_cat":[22,17],"product_tag":[],"class_list":{"0":"post-249061","1":"product","2":"type-product","3":"status-publish","4":"has-post-thumbnail","6":"pwb-brand-kansept-knives","7":"product_cat-zaviraci-noze","8":"product_cat-noze","10":"first","11":"instock","12":"taxable","13":"shipping-taxable","14":"purchasable","15":"product-type-simple"},"brands":[{"id":3256,"name":"Kansept Knives","slug":"kansept-knives"}],"_links":{"self":[{"href":"https:\/\/www.moskito.cz\/pl\/wp-json\/wp\/v2\/product\/249061","targetHints":{"allow":["GET"]}}],"collection":[{"href":"https:\/\/www.moskito.cz\/pl\/wp-json\/wp\/v2\/product"}],"about":[{"href":"https:\/\/www.moskito.cz\/pl\/wp-json\/wp\/v2\/types\/product"}],"replies":[{"embeddable":true,"href":"https:\/\/www.moskito.cz\/pl\/wp-json\/wp\/v2\/comments?post=249061"}],"wp:featuredmedia":[{"embeddable":true,"href":"https:\/\/www.moskito.cz\/pl\/wp-json\/wp\/v2\/media\/249062"}],"wp:attachment":[{"href":"https:\/\/www.moskito.cz\/pl\/wp-json\/wp\/v2\/media?parent=249061"}],"wp:term":[{"taxonomy":"pwb-brand","embeddable":true,"href":"https:\/\/www.moskito.cz\/pl\/wp-json\/wp\/v2\/pwb-brand?post=249061"},{"taxonomy":"product_brand","embeddable":true,"href":"https:\/\/www.moskito.cz\/pl\/wp-json\/wp\/v2\/product_brand?post=249061"},{"taxonomy":"product_cat","embeddable":true,"href":"https:\/\/www.moskito.cz\/pl\/wp-json\/wp\/v2\/product_cat?post=249061"},{"taxonomy":"product_tag","embeddable":true,"href":"https:\/\/www.moskito.cz\/pl\/wp-json\/wp\/v2\/product_tag?post=249061"}],"curies":[{"name":"wp","href":"https:\/\/api.w.org\/{rel}","templated":true}]}}