{"id":249368,"date":"2023-05-21T20:19:00","date_gmt":"2023-05-21T19:19:00","guid":{"rendered":"https:\/\/www.moskito.cz\/?post_type=product&#038;p=249368"},"modified":"2025-12-31T18:54:07","modified_gmt":"2025-12-31T17:54:07","slug":"zaviraci-nuz-spyderco-endura-flat-ground-orange-c10fpor","status":"publish","type":"product","link":"https:\/\/www.moskito.cz\/pl\/produkt\/zaviraci-nuz-spyderco-endura-flat-ground-orange-c10fpor\/","title":{"rendered":"Zav\u00edrac\u00ed N\u016f\u017e Spyderco Endura Flat Ground Orange C10FPOR"},"content":{"rendered":"<h2 data-start=\"186\" data-end=\"252\">\ud83d\udde1\ufe0f Zav\u00edrac\u00ed n\u016f\u017e <strong data-start=\"206\" data-end=\"252\">Spyderco Endura Flat Ground Orange C10FPOR<\/strong><\/h2>\n<h3 data-start=\"254\" data-end=\"307\">V\u00fdraznost, spolehlivost a p\u0159esnost v ka\u017ed\u00e9m tahu.<\/h3>\n<p data-start=\"309\" data-end=\"639\">Spyderco Endura Flat Ground Orange je ikonick\u00fd n\u016f\u017e pro <strong data-start=\"364\" data-end=\"404\">ka\u017edodenn\u00ed no\u0161en\u00ed a outdoorov\u00e9 \u00fakoly<\/strong>, kter\u00fd spojuje <strong data-start=\"420\" data-end=\"467\">v\u00fdrazn\u00fd design, lehkost a vysokou funk\u010dnost<\/strong>.<br data-start=\"468\" data-end=\"471\" \/>D\u00edky pr\u00e9miov\u00e9 oceli <strong data-start=\"491\" data-end=\"500\">VG-10<\/strong>, ploch\u00e9mu v\u00fdbrusu \u010depele a ergonomick\u00e9 rukojeti z FRN je p\u0159ipraven\u00fd zvl\u00e1dnout jak b\u011b\u017en\u00e9 \u00fakony, tak n\u00e1ro\u010dn\u011bj\u0161\u00ed \u0159ezy s jistotou a komfortem.<\/p>\n<p data-start=\"641\" data-end=\"808\">Jakmile otev\u0159e\u0161 \u010depel charakteristick\u00fdm kruhov\u00fdm otvorem Spyderco a zajist\u00ed\u0161 ji <strong data-start=\"721\" data-end=\"736\">Back Lockem<\/strong>, poc\u00edt\u00ed\u0161 hladk\u00fd a plynul\u00fd chod a n\u00e1stroj, na kter\u00fd se m\u016f\u017ee\u0161 spolehnout.<\/p>\n<hr data-start=\"810\" data-end=\"813\" \/>\n<h3 data-start=\"815\" data-end=\"840\">Charakter a filozofie<\/h3>\n<p data-start=\"842\" data-end=\"1167\">Endura Flat Ground Orange je navr\u017een pro <strong data-start=\"883\" data-end=\"944\">u\u017eivatele, kte\u0159\u00ed cht\u011bj\u00ed spolehliv\u00fd, v\u00fdrazn\u00fd a funk\u010dn\u00ed n\u016f\u017e<\/strong>.<br data-start=\"945\" data-end=\"948\" \/>Ploch\u00fd v\u00fdbrus \u010depele p\u0159isp\u00edv\u00e1 k hladk\u00fdm, p\u0159esn\u00fdm \u0159ez\u016fm a snadn\u00e9 \u00fadr\u017eb\u011b ost\u0159\u00ed.<br data-start=\"1025\" data-end=\"1028\" \/>Ergonomick\u00e1 rukoje\u0165 z <strong data-start=\"1050\" data-end=\"1068\">oran\u017eov\u00e9ho FRN<\/strong> zaji\u0161\u0165uje jist\u00fd \u00fachop i p\u0159i mokr\u00fdch nebo kluzk\u00fdch podm\u00ednk\u00e1ch a nav\u00edc zvy\u0161uje viditelnost v ter\u00e9nu.<\/p>\n<p data-start=\"1169\" data-end=\"1296\">Je to <strong data-start=\"1175\" data-end=\"1229\">n\u00e1stroj, kter\u00fd se snadno najde a t\u011b jist\u011b nezklame<\/strong> \u2013 a\u0165 u\u017e jej pou\u017e\u00edv\u00e1\u0161 venku, v d\u00edln\u011b nebo p\u0159i ka\u017edodenn\u00edch \u00fakonech.<\/p>\n<hr data-start=\"1298\" data-end=\"1301\" \/>\n<h2 data-start=\"1303\" data-end=\"1318\">\ud83c\udfed O v\u00fdrobci<\/h2>\n<p data-start=\"1320\" data-end=\"1621\">Spyderco je pr\u016fkopn\u00edkem modern\u00edho no\u017e\u00ed\u0159stv\u00ed.<br data-start=\"1364\" data-end=\"1367\" \/>Zna\u010dka spojuje <strong data-start=\"1382\" data-end=\"1422\">ergonomii, inovace a vysokou kvalitu<\/strong>, d\u00edky \u010demu\u017e jsou jejich no\u017ee obl\u00edben\u00e9 u profesion\u00e1l\u016f, outdoorov\u00fdch nad\u0161enc\u016f i sb\u011bratel\u016f.<br data-start=\"1511\" data-end=\"1514\" \/>Endura Flat Ground Orange je p\u0159\u00edkladem t\u00e9to filozofie: <strong data-start=\"1569\" data-end=\"1620\">spolehlivost, komfort a v\u00fdkon v ka\u017ed\u00e9m okam\u017eiku<\/strong>.<\/p>\n<hr data-start=\"1623\" data-end=\"1626\" \/>\n<h2 data-start=\"1628\" data-end=\"1655\">\u2699\ufe0f Technick\u00e9 specifikace<\/h2>\n<div class=\"TyagGW_tableContainer\">\n<div class=\"group TyagGW_tableWrapper flex w-fit flex-col-reverse\" tabindex=\"-1\">\n<table class=\"w-fit min-w-(--thread-content-width)\" data-start=\"1657\" data-end=\"2122\">\n<thead data-start=\"1657\" data-end=\"1679\">\n<tr data-start=\"1657\" data-end=\"1679\">\n<th data-start=\"1657\" data-end=\"1668\" data-col-size=\"sm\">Parametr<\/th>\n<th data-start=\"1668\" data-end=\"1679\" data-col-size=\"sm\">Hodnota<\/th>\n<\/tr>\n<\/thead>\n<tbody data-start=\"1703\" data-end=\"2122\">\n<tr data-start=\"1703\" data-end=\"1734\">\n<td data-start=\"1703\" data-end=\"1719\" data-col-size=\"sm\">Celkov\u00e1 d\u00e9lka<\/td>\n<td data-col-size=\"sm\" data-start=\"1719\" data-end=\"1734\">cca 22,9 cm<\/td>\n<\/tr>\n<tr data-start=\"1735\" data-end=\"1764\">\n<td data-start=\"1735\" data-end=\"1750\" data-col-size=\"sm\">D\u00e9lka \u010depele<\/td>\n<td data-col-size=\"sm\" data-start=\"1750\" data-end=\"1764\">cca 9,2 cm<\/td>\n<\/tr>\n<tr data-start=\"1765\" data-end=\"1797\">\n<td data-start=\"1765\" data-end=\"1783\" data-col-size=\"sm\">Tlou\u0161\u0165ka \u010depele<\/td>\n<td data-col-size=\"sm\" data-start=\"1783\" data-end=\"1797\">cca 3,0 mm<\/td>\n<\/tr>\n<tr data-start=\"1798\" data-end=\"1850\">\n<td data-start=\"1798\" data-end=\"1816\" data-col-size=\"sm\">Materi\u00e1l \u010depele<\/td>\n<td data-col-size=\"sm\" data-start=\"1816\" data-end=\"1850\">VG-10 \u2013 pr\u00e9miov\u00e1 nerezov\u00e1 ocel<\/td>\n<\/tr>\n<tr data-start=\"1851\" data-end=\"1884\">\n<td data-start=\"1851\" data-end=\"1867\" data-col-size=\"sm\">Tvrdost oceli<\/td>\n<td data-col-size=\"sm\" data-start=\"1867\" data-end=\"1884\">cca 59\u201361 HRC<\/td>\n<\/tr>\n<tr data-start=\"1885\" data-end=\"1913\">\n<td data-start=\"1885\" data-end=\"1899\" data-col-size=\"sm\">Tvar \u010depele<\/td>\n<td data-col-size=\"sm\" data-start=\"1899\" data-end=\"1913\">Drop-point<\/td>\n<\/tr>\n<tr data-start=\"1914\" data-end=\"1952\">\n<td data-start=\"1914\" data-end=\"1930\" data-col-size=\"sm\">Povrch \u010depele<\/td>\n<td data-col-size=\"sm\" data-start=\"1930\" data-end=\"1952\">Satin, Flat Ground<\/td>\n<\/tr>\n<tr data-start=\"1953\" data-end=\"1994\">\n<td data-start=\"1953\" data-end=\"1963\" data-col-size=\"sm\">Rukoje\u0165<\/td>\n<td data-col-size=\"sm\" data-start=\"1963\" data-end=\"1994\">FRN (oran\u017eov\u00e1, texturovan\u00e1)<\/td>\n<\/tr>\n<tr data-start=\"1995\" data-end=\"2016\">\n<td data-start=\"1995\" data-end=\"2003\" data-col-size=\"sm\">Z\u00e1mek<\/td>\n<td data-start=\"2003\" data-end=\"2016\" data-col-size=\"sm\">Back Lock<\/td>\n<\/tr>\n<tr data-start=\"2017\" data-end=\"2046\">\n<td data-start=\"2017\" data-end=\"2029\" data-col-size=\"sm\">Otev\u00edr\u00e1n\u00ed<\/td>\n<td data-start=\"2029\" data-end=\"2046\" data-col-size=\"sm\">Kruhov\u00fd otvor<\/td>\n<\/tr>\n<tr data-start=\"2047\" data-end=\"2070\">\n<td data-start=\"2047\" data-end=\"2054\" data-col-size=\"sm\">Klip<\/td>\n<td data-col-size=\"sm\" data-start=\"2054\" data-end=\"2070\">\u010cty\u0159polohov\u00fd<\/td>\n<\/tr>\n<tr data-start=\"2071\" data-end=\"2094\">\n<td data-start=\"2071\" data-end=\"2082\" data-col-size=\"sm\">Hmotnost<\/td>\n<td data-start=\"2082\" data-end=\"2094\" data-col-size=\"sm\">cca 79 g<\/td>\n<\/tr>\n<tr data-start=\"2095\" data-end=\"2122\">\n<td data-start=\"2095\" data-end=\"2104\" data-col-size=\"sm\">V\u00fdroba<\/td>\n<td data-start=\"2104\" data-end=\"2122\" data-col-size=\"sm\">USA \/ Japonsko<\/td>\n<\/tr>\n<\/tbody>\n<\/table>\n<\/div>\n<\/div>\n<hr data-start=\"2124\" data-end=\"2127\" \/>\n<h2 data-start=\"2129\" data-end=\"2147\">\u2705 Hlavn\u00ed v\u00fdhody<\/h2>\n<ul data-start=\"2149\" data-end=\"2443\">\n<li data-start=\"2149\" data-end=\"2208\">\n<p data-start=\"2151\" data-end=\"2208\">Pr\u00e9miov\u00e1 ocel <strong data-start=\"2165\" data-end=\"2174\">VG-10<\/strong> \u2013 dlouh\u00e1 v\u00fddr\u017e ost\u0159\u00ed a odolnost<\/p>\n<\/li>\n<li data-start=\"2209\" data-end=\"2251\">\n<p data-start=\"2211\" data-end=\"2251\">Ploch\u00fd v\u00fdbrus pro hladk\u00e9 a p\u0159esn\u00e9 \u0159ezy<\/p>\n<\/li>\n<li data-start=\"2252\" data-end=\"2309\">\n<p data-start=\"2254\" data-end=\"2309\">V\u00fdrazn\u00e1 oran\u017eov\u00e1 rukoje\u0165 \u2013 lep\u0161\u00ed viditelnost v ter\u00e9nu<\/p>\n<\/li>\n<li data-start=\"2310\" data-end=\"2363\">\n<p data-start=\"2312\" data-end=\"2363\">Back Lock \u2013 spolehliv\u00e9 a bezpe\u010dn\u00e9 uzam\u010den\u00ed \u010depele<\/p>\n<\/li>\n<li data-start=\"2364\" data-end=\"2407\">\n<p data-start=\"2366\" data-end=\"2407\">Ergonomick\u00e1 rukoje\u0165 FRN pro jist\u00fd \u00fachop<\/p>\n<\/li>\n<li data-start=\"2408\" data-end=\"2443\">\n<p data-start=\"2410\" data-end=\"2443\">N\u00edzk\u00e1 hmotnost a komfortn\u00ed no\u0161en\u00ed<\/p>\n<\/li>\n<\/ul>\n<hr data-start=\"2445\" data-end=\"2448\" \/>\n<h2 data-start=\"2450\" data-end=\"2469\">\u26a0\ufe0f Mo\u017en\u00e1 omezen\u00ed<\/h2>\n<ul data-start=\"2471\" data-end=\"2634\">\n<li data-start=\"2471\" data-end=\"2531\">\n<p data-start=\"2473\" data-end=\"2531\">Vy\u0161\u0161\u00ed tvrdost VG-10 vy\u017eaduje precizn\u00ed p\u0159\u00edstup k brou\u0161en\u00ed<\/p>\n<\/li>\n<li data-start=\"2532\" data-end=\"2584\">\n<p data-start=\"2534\" data-end=\"2584\">Lehk\u00e1 konstrukce nen\u00ed ur\u010dena pro extr\u00e9mn\u00ed p\u00e1\u010den\u00ed<\/p>\n<\/li>\n<li data-start=\"2585\" data-end=\"2634\">\n<p data-start=\"2587\" data-end=\"2634\">Oran\u017eov\u00e1 barva nemus\u00ed vyhovovat v\u0161em u\u017eivatel\u016fm<\/p>\n<\/li>\n<\/ul>\n<hr data-start=\"2636\" data-end=\"2639\" \/>\n<h2 data-start=\"2641\" data-end=\"2661\">\ud83d\udee0\ufe0f \u00dadr\u017eba a p\u00e9\u010de<\/h2>\n<ul data-start=\"2663\" data-end=\"2882\">\n<li data-start=\"2663\" data-end=\"2705\">\n<p data-start=\"2665\" data-end=\"2705\">Po ka\u017ed\u00e9m pou\u017eit\u00ed \u010depel o\u010disti a osu\u0161\u00ed<\/p>\n<\/li>\n<li data-start=\"2706\" data-end=\"2753\">\n<p data-start=\"2708\" data-end=\"2753\">Pravideln\u011b kontroluj \u010distotu z\u00e1mku a pivotu<\/p>\n<\/li>\n<li data-start=\"2754\" data-end=\"2791\">\n<p data-start=\"2756\" data-end=\"2791\">FRN rukoje\u0165 \u010dist\u011b jemn\u00fdm had\u0159\u00edkem<\/p>\n<\/li>\n<li data-start=\"2792\" data-end=\"2840\">\n<p data-start=\"2794\" data-end=\"2840\">Pivot proma\u017e vhodn\u00fdm mazivem pro hladk\u00fd chod<\/p>\n<\/li>\n<li data-start=\"2841\" data-end=\"2882\">\n<p data-start=\"2843\" data-end=\"2882\">Skladuj v such\u00e9m prost\u0159ed\u00ed mimo vlhkost<\/p>\n<\/li>\n<\/ul>\n<hr data-start=\"2884\" data-end=\"2887\" \/>\n<h2 data-start=\"2889\" data-end=\"2925\">\ud83d\udd2a Pro udr\u017een\u00ed ost\u0159\u00ed doporu\u010dujeme<\/h2>\n<p data-start=\"2927\" data-end=\"3039\">Pro zachov\u00e1n\u00ed maxim\u00e1ln\u00ed ostrosti \u010depele <strong data-start=\"2967\" data-end=\"2976\">VG-10<\/strong> doporu\u010dujeme pou\u017e\u00edvat syst\u00e9m brou\u0161en\u00ed ur\u010den\u00fd pro hladk\u00e1 ost\u0159\u00ed.<\/p>\n<p data-start=\"3041\" data-end=\"3142\">Ide\u00e1ln\u00ed volbou je <strong data-start=\"3059\" data-end=\"3125\">Spyderco Tri-Angle Sharpmaker Complete Sharpening System 204MF<\/strong>, kter\u00fd nab\u00edz\u00ed:<\/p>\n<ul data-start=\"3143\" data-end=\"3268\">\n<li data-start=\"3143\" data-end=\"3182\">\n<p data-start=\"3145\" data-end=\"3182\">p\u0159esn\u00e9 a konzistentn\u00ed \u00fahly brou\u0161en\u00ed<\/p>\n<\/li>\n<li data-start=\"3183\" data-end=\"3232\">\n<p data-start=\"3185\" data-end=\"3232\">\u0161etrnou \u00fadr\u017ebu bez nadm\u011brn\u00e9ho \u00fab\u011bru materi\u00e1lu<\/p>\n<\/li>\n<li data-start=\"3233\" data-end=\"3268\">\n<p data-start=\"3235\" data-end=\"3268\">bezpe\u010dn\u00e9 pou\u017eit\u00ed i bez zku\u0161enost\u00ed<\/p>\n<\/li>\n<\/ul>\n<p data-start=\"3270\" data-end=\"3315\">\ud83d\uded2 <strong data-start=\"3273\" data-end=\"3315\">Zakoup\u00edte na na\u0161ich str\u00e1nk\u00e1ch Moskito.<\/strong><\/p>\n<hr data-start=\"3317\" data-end=\"3320\" \/>\n<h2 data-start=\"3322\" data-end=\"3342\">\ud83c\udfaf Doporu\u010deno pro<\/h2>\n<ul data-start=\"3344\" data-end=\"3532\">\n<li data-start=\"3344\" data-end=\"3383\">\n<p data-start=\"3346\" data-end=\"3383\">Outdoorov\u00e9 nad\u0161ence a EDC u\u017eivatele<\/p>\n<\/li>\n<li data-start=\"3384\" data-end=\"3421\">\n<p data-start=\"3386\" data-end=\"3421\">Ka\u017edodenn\u00ed no\u0161en\u00ed a ter\u00e9nn\u00ed \u00fakoly<\/p>\n<\/li>\n<li data-start=\"3422\" data-end=\"3482\">\n<p data-start=\"3424\" data-end=\"3482\">U\u017eivatele hledaj\u00edc\u00ed <strong data-start=\"3444\" data-end=\"3480\">vy\u0161\u0161\u00ed viditelnost a spolehlivost<\/strong><\/p>\n<\/li>\n<li data-start=\"3483\" data-end=\"3532\">\n<p data-start=\"3485\" data-end=\"3532\">Fanou\u0161ky funk\u010dn\u00edho designu a ov\u011b\u0159en\u00e9 konstrukce<\/p>\n<\/li>\n<\/ul>\n<hr data-start=\"3534\" data-end=\"3537\" \/>\n<h2 data-start=\"3539\" data-end=\"3563\">\u2b50 Z\u00e1v\u011bre\u010dn\u00e9 hodnocen\u00ed<\/h2>\n<p data-start=\"3565\" data-end=\"3746\">Spyderco Endura Flat Ground Orange C10FPOR je <strong data-start=\"3611\" data-end=\"3660\">kombinac\u00ed prakti\u010dnosti, viditelnosti a v\u00fdkonu<\/strong>.<br data-start=\"3661\" data-end=\"3664\" \/>Lehk\u00fd, spolehliv\u00fd a komfortn\u00ed \u2013 ide\u00e1ln\u00ed pro ka\u017edodenn\u00ed pou\u017eit\u00ed i outdoorov\u00e9 v\u00fdzvy.<\/p>\n<p data-start=\"3748\" data-end=\"3809\"><strong data-start=\"3748\" data-end=\"3809\">Endura Flat Ground Orange \u2013 v\u017edy p\u0159ipraven, v\u017edy funk\u010dn\u00ed.<\/strong><\/p>\n","protected":false},"excerpt":{"rendered":"<p data-start=\"3565\" data-end=\"3746\"><strong>Spyderco Endura Flat Ground Orange C10FPOR je kombinac\u00ed prakti\u010dnosti, viditelnosti a v\u00fdkonu.<\/strong><br data-start=\"3661\" data-end=\"3664\" \/><strong>Lehk\u00fd, spolehliv\u00fd a komfortn\u00ed \u2013 ide\u00e1ln\u00ed pro ka\u017edodenn\u00ed pou\u017eit\u00ed i outdoorov\u00e9 v\u00fdzvy.<\/strong><\/p>\n<p data-start=\"3748\" data-end=\"3809\"><strong data-start=\"3748\" data-end=\"3809\">Endura Flat Ground Orange \u2013 v\u017edy p\u0159ipraven, v\u017edy funk\u010dn\u00ed.<\/strong><\/p>\n","protected":false},"featured_media":249369,"comment_status":"open","ping_status":"closed","template":"","meta":[],"pwb-brand":[567],"product_brand":[],"product_cat":[22,17],"product_tag":[3667],"class_list":{"0":"post-249368","1":"product","2":"type-product","3":"status-publish","4":"has-post-thumbnail","6":"pwb-brand-spyderco","7":"product_cat-zaviraci-noze","8":"product_cat-noze","9":"product_tag-b2b","11":"first","12":"instock","13":"taxable","14":"shipping-taxable","15":"purchasable","16":"product-type-simple"},"brands":[{"id":567,"name":"Spyderco","slug":"spyderco"}],"_links":{"self":[{"href":"https:\/\/www.moskito.cz\/pl\/wp-json\/wp\/v2\/product\/249368","targetHints":{"allow":["GET"]}}],"collection":[{"href":"https:\/\/www.moskito.cz\/pl\/wp-json\/wp\/v2\/product"}],"about":[{"href":"https:\/\/www.moskito.cz\/pl\/wp-json\/wp\/v2\/types\/product"}],"replies":[{"embeddable":true,"href":"https:\/\/www.moskito.cz\/pl\/wp-json\/wp\/v2\/comments?post=249368"}],"wp:featuredmedia":[{"embeddable":true,"href":"https:\/\/www.moskito.cz\/pl\/wp-json\/wp\/v2\/media\/249369"}],"wp:attachment":[{"href":"https:\/\/www.moskito.cz\/pl\/wp-json\/wp\/v2\/media?parent=249368"}],"wp:term":[{"taxonomy":"pwb-brand","embeddable":true,"href":"https:\/\/www.moskito.cz\/pl\/wp-json\/wp\/v2\/pwb-brand?post=249368"},{"taxonomy":"product_brand","embeddable":true,"href":"https:\/\/www.moskito.cz\/pl\/wp-json\/wp\/v2\/product_brand?post=249368"},{"taxonomy":"product_cat","embeddable":true,"href":"https:\/\/www.moskito.cz\/pl\/wp-json\/wp\/v2\/product_cat?post=249368"},{"taxonomy":"product_tag","embeddable":true,"href":"https:\/\/www.moskito.cz\/pl\/wp-json\/wp\/v2\/product_tag?post=249368"}],"curies":[{"name":"wp","href":"https:\/\/api.w.org\/{rel}","templated":true}]}}