{"id":249659,"date":"2023-05-26T22:41:38","date_gmt":"2023-05-26T21:41:38","guid":{"rendered":"https:\/\/www.moskito.cz\/?post_type=product&#038;p=249659"},"modified":"2025-05-07T10:51:06","modified_gmt":"2025-05-07T09:51:06","slug":"zaviraci-nuz-spyderco-harpy-c08s","status":"publish","type":"product","link":"https:\/\/www.moskito.cz\/pl\/produkt\/zaviraci-nuz-spyderco-harpy-c08s\/","title":{"rendered":"Zav\u00edrac\u00ed N\u016f\u017e Spyderco Harpy C08S"},"content":{"rendered":"<p>Zav\u00edrac\u00ed N\u016f\u017e <strong>Spyderco<\/strong> Harpy C08S<\/p>\n<p>Stejn\u011b jako dr\u00e1p orla harpyje je i C08 tvarov\u00e1n pro kontrolovan\u00e9 tahov\u00e9 \u0159ezy. Tvar \u010depele hawkbill poch\u00e1z\u00ed z n\u00e1mo\u0159n\u00edho\/ryb\u00e1\u0159sk\u00e9ho pr\u016fmyslu, kde se p\u0159e\u0159ez\u00e1v\u00e1n\u00ed lana, vlasce, popruhu a s\u00edt\u011b prov\u00e1d\u00ed na d\u00e9lku pa\u017ee rychle a efektivn\u011b. Zak\u0159iven\u00fd oblouk dr\u017e\u00ed to, co \u0159e\u017eete, proti nabrou\u0161en\u00e9 hran\u011b a br\u00e1n\u00ed tomu, aby sklouzlo z hrotu.<\/p>\n<p>Zak\u00e1zkov\u00fd no\u017e\u00ed\u0159 David Boye vyvinul prohlube\u0148 v uzamykac\u00ed p\u00e1ce, kter\u00e1 zaji\u0161\u0165uje, \u017ee \u010depel z\u016fstane bezpe\u010dn\u011b zaji\u0161t\u011bna otev\u0159en\u00e1, kdy\u017e rukoje\u0165 uchop\u00edte silou. Z rukojeti je vy\u0159\u00edznut\u00fd kl\u00ed\u010dek\/su\u0161ic\u00ed otvor, kter\u00fd umo\u017e\u0148uje cirkulaci vzduchu kolem \u010depele, kdy\u017e je zav\u0159en\u00e1 za mokra. Kovov\u00e1 spona je um\u00edst\u011bna pro no\u0161en\u00ed \u0161pi\u010dkou dol\u016f.<\/p>\n<p>Specifikace<br \/>\nD\u00e9lka \u010depele: 7 cm<br \/>\n\u0158ezn\u00e1 hrana: 6.5 cm<br \/>\nTlou\u0161\u0165ka \u010depele: 0.3 cm<br \/>\nCelkov\u00e1 d\u00e9lka: 16.5 cm<br \/>\nD\u00e9lka v zav\u0159en\u00e9m stavu: 9.8 cm<br \/>\nOcel \u010depele: Nerezov\u00e1 ocel VG-10<br \/>\nHmotnost: 3,9 oz. (109 g)<br \/>\nMateri\u00e1l rukojeti: Nerezov\u00e1 ocel<br \/>\nVyrobeno v Seki-City, Japonsko<\/p>\n","protected":false},"excerpt":{"rendered":"<p><strong>Tvar \u010depele hawkbill poch\u00e1z\u00ed z n\u00e1mo\u0159n\u00edho\/ryb\u00e1\u0159sk\u00e9ho pr\u016fmyslu, kde se p\u0159e\u0159ez\u00e1v\u00e1n\u00ed lana, vlasce, popruhu a s\u00edt\u011b prov\u00e1d\u00ed na d\u00e9lku pa\u017ee rychle a efektivn\u011b.<\/strong><\/p>\n","protected":false},"featured_media":249660,"comment_status":"open","ping_status":"closed","template":"","meta":[],"pwb-brand":[567],"product_brand":[],"product_cat":[22,17],"product_tag":[3667],"class_list":{"0":"post-249659","1":"product","2":"type-product","3":"status-publish","4":"has-post-thumbnail","6":"pwb-brand-spyderco","7":"product_cat-zaviraci-noze","8":"product_cat-noze","9":"product_tag-b2b","11":"first","12":"outofstock","13":"taxable","14":"shipping-taxable","15":"purchasable","16":"product-type-simple"},"brands":[{"id":567,"name":"Spyderco","slug":"spyderco"}],"_links":{"self":[{"href":"https:\/\/www.moskito.cz\/pl\/wp-json\/wp\/v2\/product\/249659","targetHints":{"allow":["GET"]}}],"collection":[{"href":"https:\/\/www.moskito.cz\/pl\/wp-json\/wp\/v2\/product"}],"about":[{"href":"https:\/\/www.moskito.cz\/pl\/wp-json\/wp\/v2\/types\/product"}],"replies":[{"embeddable":true,"href":"https:\/\/www.moskito.cz\/pl\/wp-json\/wp\/v2\/comments?post=249659"}],"wp:featuredmedia":[{"embeddable":true,"href":"https:\/\/www.moskito.cz\/pl\/wp-json\/wp\/v2\/media\/249660"}],"wp:attachment":[{"href":"https:\/\/www.moskito.cz\/pl\/wp-json\/wp\/v2\/media?parent=249659"}],"wp:term":[{"taxonomy":"pwb-brand","embeddable":true,"href":"https:\/\/www.moskito.cz\/pl\/wp-json\/wp\/v2\/pwb-brand?post=249659"},{"taxonomy":"product_brand","embeddable":true,"href":"https:\/\/www.moskito.cz\/pl\/wp-json\/wp\/v2\/product_brand?post=249659"},{"taxonomy":"product_cat","embeddable":true,"href":"https:\/\/www.moskito.cz\/pl\/wp-json\/wp\/v2\/product_cat?post=249659"},{"taxonomy":"product_tag","embeddable":true,"href":"https:\/\/www.moskito.cz\/pl\/wp-json\/wp\/v2\/product_tag?post=249659"}],"curies":[{"name":"wp","href":"https:\/\/api.w.org\/{rel}","templated":true}]}}