{"id":249885,"date":"2023-06-01T09:57:12","date_gmt":"2023-06-01T08:57:12","guid":{"rendered":"https:\/\/www.moskito.cz\/?post_type=product&#038;p=249885"},"modified":"2026-03-02T08:35:27","modified_gmt":"2026-03-02T07:35:27","slug":"brousek-spyderco-ceramic-bench-stone-fine-302f","status":"publish","type":"product","link":"https:\/\/www.moskito.cz\/pl\/produkt\/brousek-spyderco-ceramic-bench-stone-fine-302f\/","title":{"rendered":"Brousek Spyderco Ceramic Bench Stone Fine 302F"},"content":{"rendered":"<p>Brousek <strong>Spyderco<\/strong> Ceramic Bench Stone Fine 302F<\/p>\n<p>Proto\u017ee jsou stoln\u00ed kameny Spyderco ploch\u00e9 a \u0161irok\u00e9, jsou vysoce \u00fa\u010dinn\u00e9 pro honov\u00e1n\u00ed \u0161irok\u00fdch n\u00e1stroj\u016f, jako jsou hobl\u00edky, dl\u00e1ta, velk\u00e9 \u010depele, d\u0159evoobr\u00e1b\u011bc\u00ed za\u0159\u00edzen\u00ed, dokonce i hrany ly\u017e\u00ed.<\/p>\n<p>K dispozici v jemn\u00e9m (na obr\u00e1zku) st\u0159edn\u00ed nebo ultrajemn\u00e9 zrnitosti, ka\u017ed\u00fd k\u00e1men 5 x 20 x 4 cm je balen v pevn\u00e9m polymerov\u00e9m \u00falo\u017en\u00e9m pouzd\u0159e s protiskluzov\u00fdmi pry\u017eov\u00fdmi no\u017ei\u010dkami pro pou\u017eit\u00ed na stole. Stejn\u011b jako u v\u0161ech keramick\u00fdch kamen\u016f Spyderco, pou\u017e\u00edvejte na\u0161e kameny na lavici such\u00e9 bez maziv a olej\u016f.<\/p>\n<p>\u010ci\u0161t\u011bn\u00ed: omyjte \u010distou vodou a vydrhn\u011bte kovov\u00e9 \u010d\u00e1stice z kamen\u016f pomoc\u00ed plastov\u00e9 dr\u00e1t\u011bnky a abrazivn\u00edho \u010distic\u00edho prost\u0159edku.<\/p>\n","protected":false},"excerpt":{"rendered":"<p><strong>Proto\u017ee jsou stoln\u00ed kameny Spyderco ploch\u00e9 a \u0161irok\u00e9, jsou vysoce \u00fa\u010dinn\u00e9<\/strong><\/p>\n","protected":false},"featured_media":249886,"comment_status":"open","ping_status":"closed","template":"","meta":[],"pwb-brand":[567],"product_brand":[],"product_cat":[26],"product_tag":[3667],"class_list":{"0":"post-249885","1":"product","2":"type-product","3":"status-publish","4":"has-post-thumbnail","6":"pwb-brand-spyderco","7":"product_cat-brousky-a-ocilky","8":"product_tag-b2b","10":"first","11":"outofstock","12":"taxable","13":"shipping-taxable","14":"purchasable","15":"product-type-simple"},"brands":[{"id":567,"name":"Spyderco","slug":"spyderco"}],"_links":{"self":[{"href":"https:\/\/www.moskito.cz\/pl\/wp-json\/wp\/v2\/product\/249885","targetHints":{"allow":["GET"]}}],"collection":[{"href":"https:\/\/www.moskito.cz\/pl\/wp-json\/wp\/v2\/product"}],"about":[{"href":"https:\/\/www.moskito.cz\/pl\/wp-json\/wp\/v2\/types\/product"}],"replies":[{"embeddable":true,"href":"https:\/\/www.moskito.cz\/pl\/wp-json\/wp\/v2\/comments?post=249885"}],"wp:featuredmedia":[{"embeddable":true,"href":"https:\/\/www.moskito.cz\/pl\/wp-json\/wp\/v2\/media\/249886"}],"wp:attachment":[{"href":"https:\/\/www.moskito.cz\/pl\/wp-json\/wp\/v2\/media?parent=249885"}],"wp:term":[{"taxonomy":"pwb-brand","embeddable":true,"href":"https:\/\/www.moskito.cz\/pl\/wp-json\/wp\/v2\/pwb-brand?post=249885"},{"taxonomy":"product_brand","embeddable":true,"href":"https:\/\/www.moskito.cz\/pl\/wp-json\/wp\/v2\/product_brand?post=249885"},{"taxonomy":"product_cat","embeddable":true,"href":"https:\/\/www.moskito.cz\/pl\/wp-json\/wp\/v2\/product_cat?post=249885"},{"taxonomy":"product_tag","embeddable":true,"href":"https:\/\/www.moskito.cz\/pl\/wp-json\/wp\/v2\/product_tag?post=249885"}],"curies":[{"name":"wp","href":"https:\/\/api.w.org\/{rel}","templated":true}]}}