{"id":250048,"date":"2023-06-06T20:05:42","date_gmt":"2023-06-06T19:05:42","guid":{"rendered":"https:\/\/www.moskito.cz\/?post_type=product&#038;p=250048"},"modified":"2025-05-07T10:51:13","modified_gmt":"2025-05-07T09:51:13","slug":"zaviraci-nuz-spyderco-endura-4-wharncliffe-c10fpwcbk","status":"publish","type":"product","link":"https:\/\/www.moskito.cz\/pl\/produkt\/zaviraci-nuz-spyderco-endura-4-wharncliffe-c10fpwcbk\/","title":{"rendered":"Zav\u00edrac\u00ed N\u016f\u017e Spyderco Endura 4 Wharncliffe C10FPWCBK"},"content":{"rendered":"<p>Zav\u00edrac\u00ed N\u016f\u017e <strong>Spyderco<\/strong> Endura 4 Wharncliffe C10FPWCBK<\/p>\n<p>Endura spole\u010dnosti <strong>Spyderco<\/strong> dos\u00e1hla t\u00e9m\u011b\u0159 legend\u00e1rn\u00edho postaven\u00ed ve sv\u011bt\u011b \u0159ezn\u00fdch n\u00e1stroj\u016f pro ka\u017edodenn\u00ed no\u0161en\u00ed. Nejnov\u011bj\u0161\u00ed variace tohoto modelu kombinuje v\u0161echny nejlep\u0161\u00ed kvality Endura 4 Lightweight ve sv\u00e9 t\u0159\u00edd\u011b s extr\u00e9mn\u00edm \u0159ezn\u00fdm v\u00fdkonem a v\u0161estrannost\u00ed \u010depele Wharncliffe. Jeho \u010depel z nerezov\u00e9 oceli VG-10, kter\u00e1 je k dispozici ve form\u00e1tu PlainEdge nebo SpyderEdge, se vyzna\u010duje zcela ploch\u00fdm brou\u0161en\u00edm pro v\u00fdjime\u010dnou geometrii ost\u0159\u00ed, kter\u00e1 d\u00e1le zv\u00fdraz\u0148uje v\u00fdkon jej\u00edho profilu Wharncliffe. P\u0159edstavuje tak\u00e9 pln\u011b p\u0159\u00edstupn\u00fd kulat\u00fd otvor s ochrannou zn\u00e1mkou a je podpo\u0159en odoln\u00fdm zadn\u00edm z\u00e1mkov\u00fdm mechanismem, skeletonizovan\u00fdmi vlo\u017ekami z nerezov\u00e9 oceli, dvousm\u011brn\u011b strukturovan\u00fdmi vst\u0159ikovan\u00fdmi stupnicemi rukojeti FRN a \u010dty\u0159polohovou kapesn\u00ed sponou.<\/p>\n<p>Specifikace<br \/>\nD\u00e9lka \u010depele: 9.45 cm<br \/>\nD\u00e9lka v zav\u0159en\u00e9m stavu: 12.45 cm<br \/>\nCelkov\u00e1 d\u00e9lka: 22 cm<br \/>\nTlou\u0161\u0165ka \u010depele: 0.29 cm<br \/>\nMateri\u00e1l \u010depele: Nerezov\u00e1 ocel VG-10<br \/>\nStyl \u010depele: Wharncliffe<br \/>\nBrou\u0161en\u00ed \u010depele: Pln\u011b ploch\u00e9<br \/>\nPovrchov\u00e1 \u00faprava \u010depele: sat\u00e9n<br \/>\nOst\u0159\u00ed \u010depele: Hladk\u00e9<br \/>\nMateri\u00e1l rukojeti: FRN<br \/>\nBarva rukojeti: \u010cern\u00e1<br \/>\nUzamykac\u00ed mechanismus: Lockback<br \/>\nKapesn\u00ed klip: Sklopen\u00ed nahoru\/dol\u016f, no\u0161en\u00ed vlevo\/vpravo<br \/>\n\u010c\u00edslo modelu: C10FSWCBK<br \/>\nN\u00e1zev modelu: Endura 4 Wharncliffe<br \/>\nHmotnost: 3,4 oz.<br \/>\nVyrobeno v Japonsku<\/p>\n","protected":false},"excerpt":{"rendered":"<p><strong>Endura spole\u010dnosti Spyderco dos\u00e1hla t\u00e9m\u011b\u0159 legend\u00e1rn\u00edho postaven\u00ed ve sv\u011bt\u011b \u0159ezn\u00fdch n\u00e1stroj\u016f pro ka\u017edodenn\u00ed no\u0161en\u00ed.<\/strong><\/p>\n","protected":false},"featured_media":250049,"comment_status":"open","ping_status":"closed","template":"","meta":[],"pwb-brand":[567],"product_brand":[],"product_cat":[22,17],"product_tag":[3667],"class_list":{"0":"post-250048","1":"product","2":"type-product","3":"status-publish","4":"has-post-thumbnail","6":"pwb-brand-spyderco","7":"product_cat-zaviraci-noze","8":"product_cat-noze","9":"product_tag-b2b","11":"first","12":"instock","13":"taxable","14":"shipping-taxable","15":"purchasable","16":"product-type-simple"},"brands":[{"id":567,"name":"Spyderco","slug":"spyderco"}],"_links":{"self":[{"href":"https:\/\/www.moskito.cz\/pl\/wp-json\/wp\/v2\/product\/250048","targetHints":{"allow":["GET"]}}],"collection":[{"href":"https:\/\/www.moskito.cz\/pl\/wp-json\/wp\/v2\/product"}],"about":[{"href":"https:\/\/www.moskito.cz\/pl\/wp-json\/wp\/v2\/types\/product"}],"replies":[{"embeddable":true,"href":"https:\/\/www.moskito.cz\/pl\/wp-json\/wp\/v2\/comments?post=250048"}],"wp:featuredmedia":[{"embeddable":true,"href":"https:\/\/www.moskito.cz\/pl\/wp-json\/wp\/v2\/media\/250049"}],"wp:attachment":[{"href":"https:\/\/www.moskito.cz\/pl\/wp-json\/wp\/v2\/media?parent=250048"}],"wp:term":[{"taxonomy":"pwb-brand","embeddable":true,"href":"https:\/\/www.moskito.cz\/pl\/wp-json\/wp\/v2\/pwb-brand?post=250048"},{"taxonomy":"product_brand","embeddable":true,"href":"https:\/\/www.moskito.cz\/pl\/wp-json\/wp\/v2\/product_brand?post=250048"},{"taxonomy":"product_cat","embeddable":true,"href":"https:\/\/www.moskito.cz\/pl\/wp-json\/wp\/v2\/product_cat?post=250048"},{"taxonomy":"product_tag","embeddable":true,"href":"https:\/\/www.moskito.cz\/pl\/wp-json\/wp\/v2\/product_tag?post=250048"}],"curies":[{"name":"wp","href":"https:\/\/api.w.org\/{rel}","templated":true}]}}