{"id":250095,"date":"2023-06-06T21:03:26","date_gmt":"2023-06-06T20:03:26","guid":{"rendered":"https:\/\/www.moskito.cz\/?post_type=product&#038;p=250095"},"modified":"2025-05-07T10:51:14","modified_gmt":"2025-05-07T09:51:14","slug":"zaviraci-nuz-spyderco-delica-4-lightweight-s30v-c11fppns30vbk","status":"publish","type":"product","link":"https:\/\/www.moskito.cz\/pl\/produkt\/zaviraci-nuz-spyderco-delica-4-lightweight-s30v-c11fppns30vbk\/","title":{"rendered":"Zav\u00edrac\u00ed N\u016f\u017e Spyderco Delica 4 Lightweight S30V C11FPPNS30VBK"},"content":{"rendered":"<p>Zav\u00edrac\u00ed N\u016f\u017e <strong>Spyderco<\/strong> Delica 4 Lightweight S30V C11FPPNS30VBK<\/p>\n<p>Od sv\u00e9ho p\u0159edstaven\u00ed p\u0159ed 30 lety je <strong>Delica<\/strong> platformou pro des\u00edtky r\u016fzn\u00fdch kombinac\u00ed ocel\u00ed \u010depel\u00ed, barev rukojet\u00ed a materi\u00e1l\u016f rukojet\u00ed. Toto pozoruhodn\u00e9 proveden\u00ed Delica 4 Lightweight v sob\u011b spojuje zcela ploch\u00e9 ost\u0159\u00ed vyroben\u00e9 z americk\u00e9 nerezov\u00e9 oceli CPM-S30V s brilantn\u011b r\u016f\u017eovou rukojet\u00ed. Vst\u0159ikovan\u00e1 rukoje\u0165 obsahuje typick\u00fd vzor Bi-Directional Texture spole\u010dnosti Spyderco pro neklouzav\u00fd \u00fachop a \u010dernou \u010dty\u0159polohovou kapesn\u00ed sponu konfigurovatelnou pro v\u0161echny polohy no\u0161en\u00ed.<\/p>\n<p>\u010cern\u00e1 a r\u016f\u017eov\u00e1 je odv\u00e1\u017en\u00e1 barevn\u00e1 kombinace. Tato \u00fa\u017easn\u00e1 variace Delica 4 Lightweight kombinuje \u010depel z nerezov\u00e9 oceli CPM-S30V pota\u017eenou karbonitridem titanu (TiCN) s jasn\u011b r\u016f\u017eovou nylonovou (FRN) rukojet\u00ed vyztu\u017eenou skeln\u00fdmi vl\u00e1kny. K dopln\u011bn\u00ed bohat\u00e9 \u010dern\u00e9 povrchov\u00e9 \u00fapravy \u010depele m\u00e1 jej\u00ed \u010dty\u0159polohov\u00e1 kapesn\u00ed spona a ve\u0161ker\u00fd dal\u0161\u00ed hardware rukojeti tak\u00e9 odpov\u00eddaj\u00edc\u00ed \u010dern\u00e9 barvy.<\/p>\n<p>Specifikace<br \/>\nD\u00e9lka \u010depele: 7.4 cm<br \/>\n\u0158ezn\u00e1 hrana: 6.5 cm<br \/>\nD\u00e9lka v zav\u0159en\u00e9m stavu: 10.8 cm<br \/>\nCelkov\u00e1 d\u00e9lka: 18.2 cm<br \/>\nMateri\u00e1l \u010depele: CPM-S30V Nerezov\u00e1 ocel<br \/>\nTlou\u0161\u0165ka \u010depele: 0.25 cm<br \/>\nStyl \u010depele: Drop Point<br \/>\nBrou\u0161en\u00ed \u010depele: Pln\u011b ploch\u00e9<br \/>\nPovrchov\u00e1 \u00faprava \u010depele: \u010dern\u00e1 TiCN<br \/>\nMateri\u00e1l rukojeti: r\u016f\u017eov\u00e1 FRN<br \/>\nMateri\u00e1l vlo\u017eky: Nerezov\u00e1 ocel<br \/>\nUzamykac\u00ed mechanismus: Lockback<br \/>\nKapesn\u00ed spona: \u010cern\u00e1 nerezov\u00e1 ocel (Tip-Up\/Down, Right\/Left carry)<br \/>\nHmotnost: 2,4 oz. (68 g)<br \/>\nVyrobeno v Japonsku<\/p>\n","protected":false},"excerpt":{"rendered":"<p><strong>Od sv\u00e9ho p\u0159edstaven\u00ed p\u0159ed 30 lety je Delica platformou pro des\u00edtky r\u016fzn\u00fdch kombinac\u00ed ocel\u00ed \u010depel\u00ed, barev rukojet\u00ed a materi\u00e1l\u016f rukojet\u00ed.<\/strong><\/p>\n","protected":false},"featured_media":250096,"comment_status":"open","ping_status":"closed","template":"","meta":[],"pwb-brand":[567],"product_brand":[],"product_cat":[22,17],"product_tag":[3667],"class_list":{"0":"post-250095","1":"product","2":"type-product","3":"status-publish","4":"has-post-thumbnail","6":"pwb-brand-spyderco","7":"product_cat-zaviraci-noze","8":"product_cat-noze","9":"product_tag-b2b","11":"first","12":"outofstock","13":"taxable","14":"shipping-taxable","15":"purchasable","16":"product-type-simple"},"brands":[{"id":567,"name":"Spyderco","slug":"spyderco"}],"_links":{"self":[{"href":"https:\/\/www.moskito.cz\/pl\/wp-json\/wp\/v2\/product\/250095","targetHints":{"allow":["GET"]}}],"collection":[{"href":"https:\/\/www.moskito.cz\/pl\/wp-json\/wp\/v2\/product"}],"about":[{"href":"https:\/\/www.moskito.cz\/pl\/wp-json\/wp\/v2\/types\/product"}],"replies":[{"embeddable":true,"href":"https:\/\/www.moskito.cz\/pl\/wp-json\/wp\/v2\/comments?post=250095"}],"wp:featuredmedia":[{"embeddable":true,"href":"https:\/\/www.moskito.cz\/pl\/wp-json\/wp\/v2\/media\/250096"}],"wp:attachment":[{"href":"https:\/\/www.moskito.cz\/pl\/wp-json\/wp\/v2\/media?parent=250095"}],"wp:term":[{"taxonomy":"pwb-brand","embeddable":true,"href":"https:\/\/www.moskito.cz\/pl\/wp-json\/wp\/v2\/pwb-brand?post=250095"},{"taxonomy":"product_brand","embeddable":true,"href":"https:\/\/www.moskito.cz\/pl\/wp-json\/wp\/v2\/product_brand?post=250095"},{"taxonomy":"product_cat","embeddable":true,"href":"https:\/\/www.moskito.cz\/pl\/wp-json\/wp\/v2\/product_cat?post=250095"},{"taxonomy":"product_tag","embeddable":true,"href":"https:\/\/www.moskito.cz\/pl\/wp-json\/wp\/v2\/product_tag?post=250095"}],"curies":[{"name":"wp","href":"https:\/\/api.w.org\/{rel}","templated":true}]}}