{"id":250125,"date":"2023-06-06T21:42:38","date_gmt":"2023-06-06T20:42:38","guid":{"rendered":"https:\/\/www.moskito.cz\/?post_type=product&#038;p=250125"},"modified":"2025-12-30T20:28:52","modified_gmt":"2025-12-30T19:28:52","slug":"zaviraci-nuz-spyderco-delica-4-flat-ground-c11fpor","status":"publish","type":"product","link":"https:\/\/www.moskito.cz\/pl\/produkt\/zaviraci-nuz-spyderco-delica-4-flat-ground-c11fpor\/","title":{"rendered":"Zav\u00edrac\u00ed N\u016f\u017e Spyderco Delica 4 Flat Ground C11FPOR"},"content":{"rendered":"<h2 data-start=\"195\" data-end=\"256\">\ud83d\udde1\ufe0f Zav\u00edrac\u00ed n\u016f\u017e <strong data-start=\"215\" data-end=\"256\">Spyderco Delica 4 Flat Ground C11FPOR<\/strong><\/h2>\n<h3 data-start=\"258\" data-end=\"304\">Lehkost, p\u0159esnost a jistota v ka\u017ed\u00e9m tahu.<\/h3>\n<p data-start=\"306\" data-end=\"537\">Spyderco Delica 4 je synonymem pro <strong data-start=\"341\" data-end=\"369\">lehk\u00fd a precizn\u00ed EDC n\u016f\u017e<\/strong>, kter\u00fd nikdy nezklame.<br data-start=\"392\" data-end=\"395\" \/>D\u00edky ploch\u00e9mu v\u00fdbrusu a kompaktn\u00edm rozm\u011br\u016fm poskytuje vysokou kontrolu \u0159ezu, jistotu v ruce a maxim\u00e1ln\u00ed efektivitu p\u0159i ka\u017edodenn\u00edch \u00fakonech.<\/p>\n<p data-start=\"539\" data-end=\"696\">Jakmile otev\u0159e\u0161 \u010depel charakteristick\u00fdm kruhov\u00fdm otvorem Spyderco, poc\u00edt\u00ed\u0161, \u017ee dr\u017e\u00ed\u0161 n\u00e1stroj navr\u017een\u00fd s d\u016frazem na <strong data-start=\"654\" data-end=\"695\">ergonomii, lehkost a rychlost pou\u017eit\u00ed<\/strong>.<\/p>\n<hr data-start=\"698\" data-end=\"701\" \/>\n<h3 data-start=\"703\" data-end=\"728\">Charakter a filozofie<\/h3>\n<p data-start=\"730\" data-end=\"935\">Delica 4 je n\u016f\u017e, kter\u00fd kombinuje <strong data-start=\"763\" data-end=\"791\">jednoduchost a funk\u010dnost<\/strong>.<br data-start=\"792\" data-end=\"795\" \/>Ploch\u00fd v\u00fdbrus zaji\u0161\u0165uje hladk\u00fd a p\u0159esn\u00fd \u0159ez, zat\u00edmco ergonomick\u00e1 rukoje\u0165 z FRN poskytuje jist\u00fd \u00fachop i p\u0159i mokr\u00fdch \u010di kluzk\u00fdch podm\u00ednk\u00e1ch.<\/p>\n<p data-start=\"937\" data-end=\"1082\">Je navr\u017een pro ka\u017edodenn\u00ed pou\u017eit\u00ed, ale zvl\u00e1dne i n\u00e1ro\u010dn\u011bj\u0161\u00ed \u00fakoly. Nen\u00ed n\u00e1padn\u00e1, ale v\u017edy p\u0159ipraven\u00e1 \u2013 spole\u010dn\u00edk, na kter\u00e9ho se m\u016f\u017ee\u0161 spolehnout.<\/p>\n<hr data-start=\"1084\" data-end=\"1087\" \/>\n<h2 data-start=\"1089\" data-end=\"1104\">\ud83c\udfed O v\u00fdrobci<\/h2>\n<p data-start=\"1106\" data-end=\"1304\">Spyderco je pr\u016fkopn\u00edkem modern\u00edho no\u017e\u00ed\u0159stv\u00ed.<br data-start=\"1150\" data-end=\"1153\" \/>Zna\u010dka se proslavila inovacemi, ergonomick\u00fdm designem a d\u016frazem na praktick\u00e9 vyu\u017eit\u00ed. Ka\u017ed\u00fd model vznik\u00e1 s ohledem na <strong data-start=\"1271\" data-end=\"1301\">skute\u010dn\u00e9 pot\u0159eby u\u017eivatele<\/strong>.<\/p>\n<p data-start=\"1306\" data-end=\"1428\">Delica 4 je toho d\u016fkazem \u2013 lehk\u00fd, spolehliv\u00fd a dokonale vyv\u00e1\u017een\u00fd n\u016f\u017e pro ka\u017ed\u00e9ho, kdo chce m\u00edt <strong data-start=\"1401\" data-end=\"1427\">EDC p\u0159ipraven\u00e9 kdykoli<\/strong>.<\/p>\n<hr data-start=\"1430\" data-end=\"1433\" \/>\n<h2 data-start=\"1435\" data-end=\"1462\">\u2699\ufe0f Technick\u00e9 specifikace<\/h2>\n<div class=\"TyagGW_tableContainer\">\n<div class=\"group TyagGW_tableWrapper flex w-fit flex-col-reverse\" tabindex=\"-1\">\n<table class=\"w-fit min-w-(--thread-content-width)\" data-start=\"1464\" data-end=\"1927\">\n<thead data-start=\"1464\" data-end=\"1486\">\n<tr data-start=\"1464\" data-end=\"1486\">\n<th data-start=\"1464\" data-end=\"1475\" data-col-size=\"sm\">Parametr<\/th>\n<th data-start=\"1475\" data-end=\"1486\" data-col-size=\"sm\">Hodnota<\/th>\n<\/tr>\n<\/thead>\n<tbody data-start=\"1507\" data-end=\"1927\">\n<tr data-start=\"1507\" data-end=\"1538\">\n<td data-start=\"1507\" data-end=\"1523\" data-col-size=\"sm\">Celkov\u00e1 d\u00e9lka<\/td>\n<td data-start=\"1523\" data-end=\"1538\" data-col-size=\"sm\">cca 18,2 cm<\/td>\n<\/tr>\n<tr data-start=\"1539\" data-end=\"1568\">\n<td data-start=\"1539\" data-end=\"1554\" data-col-size=\"sm\">D\u00e9lka \u010depele<\/td>\n<td data-start=\"1554\" data-end=\"1568\" data-col-size=\"sm\">cca 7,3 cm<\/td>\n<\/tr>\n<tr data-start=\"1569\" data-end=\"1601\">\n<td data-start=\"1569\" data-end=\"1587\" data-col-size=\"sm\">Tlou\u0161\u0165ka \u010depele<\/td>\n<td data-start=\"1587\" data-end=\"1601\" data-col-size=\"sm\">cca 2,5 mm<\/td>\n<\/tr>\n<tr data-start=\"1602\" data-end=\"1654\">\n<td data-start=\"1602\" data-end=\"1620\" data-col-size=\"sm\">Materi\u00e1l \u010depele<\/td>\n<td data-start=\"1620\" data-end=\"1654\" data-col-size=\"sm\">VG-10 \u2013 japonsk\u00e1 nerezov\u00e1 ocel<\/td>\n<\/tr>\n<tr data-start=\"1655\" data-end=\"1688\">\n<td data-start=\"1655\" data-end=\"1671\" data-col-size=\"sm\">Tvrdost oceli<\/td>\n<td data-start=\"1671\" data-end=\"1688\" data-col-size=\"sm\">cca 58\u201360 HRC<\/td>\n<\/tr>\n<tr data-start=\"1689\" data-end=\"1717\">\n<td data-start=\"1689\" data-end=\"1703\" data-col-size=\"sm\">Tvar \u010depele<\/td>\n<td data-start=\"1703\" data-end=\"1717\" data-col-size=\"sm\">Leaf-shape<\/td>\n<\/tr>\n<tr data-start=\"1718\" data-end=\"1751\">\n<td data-start=\"1718\" data-end=\"1727\" data-col-size=\"sm\">V\u00fdbrus<\/td>\n<td data-start=\"1727\" data-end=\"1751\" data-col-size=\"sm\">Flat Ground (ploch\u00fd)<\/td>\n<\/tr>\n<tr data-start=\"1752\" data-end=\"1777\">\n<td data-start=\"1752\" data-end=\"1768\" data-col-size=\"sm\">Povrch \u010depele<\/td>\n<td data-start=\"1768\" data-end=\"1777\" data-col-size=\"sm\">Satin<\/td>\n<\/tr>\n<tr data-start=\"1778\" data-end=\"1805\">\n<td data-start=\"1778\" data-end=\"1788\" data-col-size=\"sm\">Rukoje\u0165<\/td>\n<td data-start=\"1788\" data-end=\"1805\" data-col-size=\"sm\">FRN (\u010derven\u00e1)<\/td>\n<\/tr>\n<tr data-start=\"1806\" data-end=\"1827\">\n<td data-start=\"1806\" data-end=\"1814\" data-col-size=\"sm\">Z\u00e1mek<\/td>\n<td data-start=\"1814\" data-end=\"1827\" data-col-size=\"sm\">Back Lock<\/td>\n<\/tr>\n<tr data-start=\"1828\" data-end=\"1857\">\n<td data-start=\"1828\" data-end=\"1840\" data-col-size=\"sm\">Otev\u00edr\u00e1n\u00ed<\/td>\n<td data-start=\"1840\" data-end=\"1857\" data-col-size=\"sm\">Kruhov\u00fd otvor<\/td>\n<\/tr>\n<tr data-start=\"1858\" data-end=\"1881\">\n<td data-start=\"1858\" data-end=\"1865\" data-col-size=\"sm\">Klip<\/td>\n<td data-start=\"1865\" data-end=\"1881\" data-col-size=\"sm\">\u010cty\u0159polohov\u00fd<\/td>\n<\/tr>\n<tr data-start=\"1882\" data-end=\"1905\">\n<td data-start=\"1882\" data-end=\"1893\" data-col-size=\"sm\">Hmotnost<\/td>\n<td data-start=\"1893\" data-end=\"1905\" data-col-size=\"sm\">cca 59 g<\/td>\n<\/tr>\n<tr data-start=\"1906\" data-end=\"1927\">\n<td data-start=\"1906\" data-end=\"1915\" data-col-size=\"sm\">V\u00fdroba<\/td>\n<td data-start=\"1915\" data-end=\"1927\" data-col-size=\"sm\">Japonsko<\/td>\n<\/tr>\n<\/tbody>\n<\/table>\n<\/div>\n<\/div>\n<hr data-start=\"1929\" data-end=\"1932\" \/>\n<h2 data-start=\"1934\" data-end=\"1952\">\u2705 Hlavn\u00ed v\u00fdhody<\/h2>\n<ul data-start=\"1954\" data-end=\"2237\">\n<li data-start=\"1954\" data-end=\"2015\">\n<p data-start=\"1956\" data-end=\"2015\">Lehk\u00e9 a kompaktn\u00ed proveden\u00ed ide\u00e1ln\u00ed pro ka\u017edodenn\u00ed no\u0161en\u00ed<\/p>\n<\/li>\n<li data-start=\"2016\" data-end=\"2057\">\n<p data-start=\"2018\" data-end=\"2057\">Ploch\u00fd v\u00fdbrus pro p\u0159esn\u00fd a hladk\u00fd \u0159ez<\/p>\n<\/li>\n<li data-start=\"2058\" data-end=\"2102\">\n<p data-start=\"2060\" data-end=\"2102\">Ergonomick\u00e1 rukoje\u0165 FRN s jist\u00fdm \u00fachopem<\/p>\n<\/li>\n<li data-start=\"2103\" data-end=\"2154\">\n<p data-start=\"2105\" data-end=\"2154\">Spolehliv\u00fd <strong data-start=\"2116\" data-end=\"2129\">Back Lock<\/strong> pro bezpe\u010dn\u00e9 pou\u017e\u00edv\u00e1n\u00ed<\/p>\n<\/li>\n<li data-start=\"2155\" data-end=\"2191\">\n<p data-start=\"2157\" data-end=\"2191\">N\u00edzk\u00e1 hmotnost, vysok\u00e1 funk\u010dnost<\/p>\n<\/li>\n<li data-start=\"2192\" data-end=\"2237\">\n<p data-start=\"2194\" data-end=\"2237\">Osv\u011bd\u010den\u00fd model prov\u011b\u0159en\u00fd dlouholetou prax\u00ed<\/p>\n<\/li>\n<\/ul>\n<hr data-start=\"2239\" data-end=\"2242\" \/>\n<h2 data-start=\"2244\" data-end=\"2263\">\u26a0\ufe0f Mo\u017en\u00e1 omezen\u00ed<\/h2>\n<ul data-start=\"2265\" data-end=\"2473\">\n<li data-start=\"2265\" data-end=\"2341\">\n<p data-start=\"2267\" data-end=\"2341\">Men\u0161\u00ed velikost nemus\u00ed vyhovovat u\u017eivatel\u016fm hledaj\u00edc\u00edm v\u011bt\u0161\u00ed pracovn\u00ed n\u016f\u017e<\/p>\n<\/li>\n<li data-start=\"2342\" data-end=\"2418\">\n<p data-start=\"2344\" data-end=\"2418\">Nen\u00ed ur\u010den pro t\u011b\u017ek\u00e9 tahov\u00e9 \u0159ezy nebo agresivn\u00ed \u0159ez\u00e1n\u00ed tvrd\u00fdch materi\u00e1l\u016f<\/p>\n<\/li>\n<li data-start=\"2419\" data-end=\"2473\">\n<p data-start=\"2421\" data-end=\"2473\">FRN rukoje\u0165 je \u010dist\u011b utilit\u00e1rn\u00ed, bez luxusn\u00edch prvk\u016f<\/p>\n<\/li>\n<\/ul>\n<hr data-start=\"2475\" data-end=\"2478\" \/>\n<h2 data-start=\"2480\" data-end=\"2500\">\ud83d\udee0\ufe0f \u00dadr\u017eba a p\u00e9\u010de<\/h2>\n<ul data-start=\"2502\" data-end=\"2704\">\n<li data-start=\"2502\" data-end=\"2544\">\n<p data-start=\"2504\" data-end=\"2544\">Po ka\u017ed\u00e9m pou\u017eit\u00ed \u010depel o\u010disti a osu\u0161\u00ed<\/p>\n<\/li>\n<li data-start=\"2545\" data-end=\"2583\">\n<p data-start=\"2547\" data-end=\"2583\">Pravideln\u011b kontroluj \u010distotu z\u00e1mku<\/p>\n<\/li>\n<li data-start=\"2584\" data-end=\"2624\">\n<p data-start=\"2586\" data-end=\"2624\">Vyh\u00fdbej se bo\u010dn\u00edmu nam\u00e1h\u00e1n\u00ed a p\u00e1\u010den\u00ed<\/p>\n<\/li>\n<li data-start=\"2625\" data-end=\"2662\">\n<p data-start=\"2627\" data-end=\"2662\">Rukoje\u0165 FRN \u010dist\u011b jemn\u00fdm had\u0159\u00edkem<\/p>\n<\/li>\n<li data-start=\"2663\" data-end=\"2704\">\n<p data-start=\"2665\" data-end=\"2704\">Skladuj v such\u00e9m prost\u0159ed\u00ed mimo vlhkost<\/p>\n<\/li>\n<\/ul>\n<hr data-start=\"2706\" data-end=\"2709\" \/>\n<h2 data-start=\"2711\" data-end=\"2747\">\ud83d\udd2a Pro udr\u017een\u00ed ost\u0159\u00ed doporu\u010dujeme<\/h2>\n<p data-start=\"2749\" data-end=\"2858\">Pro zachov\u00e1n\u00ed maxim\u00e1ln\u00ed ostrosti ploch\u00e9ho v\u00fdbrusu doporu\u010dujeme <strong data-start=\"2812\" data-end=\"2857\">kvalitn\u00ed syst\u00e9m brou\u0161en\u00ed pro hladk\u00e1 ost\u0159\u00ed<\/strong>.<\/p>\n<p data-start=\"2860\" data-end=\"2961\">Ide\u00e1ln\u00ed volbou je <strong data-start=\"2878\" data-end=\"2944\">Spyderco Tri-Angle Sharpmaker Complete Sharpening System 204MF<\/strong>, kter\u00fd umo\u017e\u0148uje:<\/p>\n<ul data-start=\"2962\" data-end=\"3087\">\n<li data-start=\"2962\" data-end=\"2996\">\n<p data-start=\"2964\" data-end=\"2996\">p\u0159esn\u00e9 a konzistentn\u00ed brou\u0161en\u00ed<\/p>\n<\/li>\n<li data-start=\"2997\" data-end=\"3046\">\n<p data-start=\"2999\" data-end=\"3046\">\u0161etrnou \u00fadr\u017ebu bez nadm\u011brn\u00e9ho \u00fab\u011bru materi\u00e1lu<\/p>\n<\/li>\n<li data-start=\"3047\" data-end=\"3087\">\n<p data-start=\"3049\" data-end=\"3087\">jednoduch\u00e9 pou\u017eit\u00ed i pro za\u010d\u00e1te\u010dn\u00edky<\/p>\n<\/li>\n<\/ul>\n<p data-start=\"3089\" data-end=\"3177\">Pravideln\u00e1 p\u00e9\u010de zajist\u00ed, \u017ee Delica 4 si dlouhodob\u011b zachov\u00e1 hladk\u00fd a kontrolovateln\u00fd \u0159ez.<\/p>\n<p data-start=\"3179\" data-end=\"3224\">\ud83d\uded2 <strong data-start=\"3182\" data-end=\"3224\">Zakoup\u00edte na na\u0161ich str\u00e1nk\u00e1ch Moskito.<\/strong><\/p>\n<hr data-start=\"3226\" data-end=\"3229\" \/>\n<h2 data-start=\"3231\" data-end=\"3251\">\ud83c\udfaf Doporu\u010deno pro<\/h2>\n<ul data-start=\"3253\" data-end=\"3412\">\n<li data-start=\"3253\" data-end=\"3280\">\n<p data-start=\"3255\" data-end=\"3280\">Ka\u017edodenn\u00ed no\u0161en\u00ed (EDC)<\/p>\n<\/li>\n<li data-start=\"3281\" data-end=\"3330\">\n<p data-start=\"3283\" data-end=\"3330\">Profesion\u00e1ly vy\u017eaduj\u00edc\u00ed spolehliv\u00fd, lehk\u00fd n\u016f\u017e<\/p>\n<\/li>\n<li data-start=\"3331\" data-end=\"3367\">\n<p data-start=\"3333\" data-end=\"3367\">Outdoor a lehk\u00e9 pracovn\u00ed vyu\u017eit\u00ed<\/p>\n<\/li>\n<li data-start=\"3368\" data-end=\"3412\">\n<p data-start=\"3370\" data-end=\"3412\">Fanou\u0161ky praktick\u00e9ho a prov\u011b\u0159en\u00e9ho designu<\/p>\n<\/li>\n<\/ul>\n<hr data-start=\"3414\" data-end=\"3417\" \/>\n<h2 data-start=\"3419\" data-end=\"3443\">\u2b50 Z\u00e1v\u011bre\u010dn\u00e9 hodnocen\u00ed<\/h2>\n<p data-start=\"3445\" data-end=\"3658\">Spyderco Delica 4 C11FPOR je lehk\u00fd, p\u0159esn\u00fd a spolehliv\u00fd.<br data-start=\"3501\" data-end=\"3504\" \/>V kapse nen\u00e1padn\u00fd, v ruce jist\u00fd a kontrolovateln\u00fd.<br data-start=\"3554\" data-end=\"3557\" \/>Nen\u00ed to n\u016f\u017e pro v\u0161echny \u00fakoly \u2013 je to <strong data-start=\"3595\" data-end=\"3627\">n\u00e1stroj pro ka\u017edodenn\u00ed \u00fakoly<\/strong>, na kter\u00fd se m\u016f\u017ee\u0161 spolehnout.<\/p>\n<p data-start=\"3660\" data-end=\"3717\"><strong data-start=\"3660\" data-end=\"3717\">Delica 4 \u2013 lehkost a p\u0159esnost, kdykoli ji pot\u0159ebuje\u0161.<\/strong><\/p>\n<p>&nbsp;<\/p>\n","protected":false},"excerpt":{"rendered":"<p><strong>Spyderco p\u0159id\u00e1v\u00e1 k \u0159ad\u011b dlouhodob\u011b nejprod\u00e1van\u011bj\u0161\u00edch lehk\u00fdch no\u017e\u016f C10-Enduru 4 a C11-Delicu 4<\/strong><\/p>\n","protected":false},"featured_media":250126,"comment_status":"open","ping_status":"closed","template":"","meta":[],"pwb-brand":[567],"product_brand":[],"product_cat":[22,17],"product_tag":[3667],"class_list":{"0":"post-250125","1":"product","2":"type-product","3":"status-publish","4":"has-post-thumbnail","6":"pwb-brand-spyderco","7":"product_cat-zaviraci-noze","8":"product_cat-noze","9":"product_tag-b2b","11":"first","12":"instock","13":"taxable","14":"shipping-taxable","15":"purchasable","16":"product-type-simple"},"brands":[{"id":567,"name":"Spyderco","slug":"spyderco"}],"_links":{"self":[{"href":"https:\/\/www.moskito.cz\/pl\/wp-json\/wp\/v2\/product\/250125","targetHints":{"allow":["GET"]}}],"collection":[{"href":"https:\/\/www.moskito.cz\/pl\/wp-json\/wp\/v2\/product"}],"about":[{"href":"https:\/\/www.moskito.cz\/pl\/wp-json\/wp\/v2\/types\/product"}],"replies":[{"embeddable":true,"href":"https:\/\/www.moskito.cz\/pl\/wp-json\/wp\/v2\/comments?post=250125"}],"wp:featuredmedia":[{"embeddable":true,"href":"https:\/\/www.moskito.cz\/pl\/wp-json\/wp\/v2\/media\/250126"}],"wp:attachment":[{"href":"https:\/\/www.moskito.cz\/pl\/wp-json\/wp\/v2\/media?parent=250125"}],"wp:term":[{"taxonomy":"pwb-brand","embeddable":true,"href":"https:\/\/www.moskito.cz\/pl\/wp-json\/wp\/v2\/pwb-brand?post=250125"},{"taxonomy":"product_brand","embeddable":true,"href":"https:\/\/www.moskito.cz\/pl\/wp-json\/wp\/v2\/product_brand?post=250125"},{"taxonomy":"product_cat","embeddable":true,"href":"https:\/\/www.moskito.cz\/pl\/wp-json\/wp\/v2\/product_cat?post=250125"},{"taxonomy":"product_tag","embeddable":true,"href":"https:\/\/www.moskito.cz\/pl\/wp-json\/wp\/v2\/product_tag?post=250125"}],"curies":[{"name":"wp","href":"https:\/\/api.w.org\/{rel}","templated":true}]}}