{"id":250636,"date":"2023-06-10T20:20:09","date_gmt":"2023-06-10T19:20:09","guid":{"rendered":"https:\/\/www.moskito.cz\/?post_type=product&#038;p=250636"},"modified":"2025-05-07T10:51:24","modified_gmt":"2025-05-07T09:51:24","slug":"zaviraci-nuz-spyderco-insistent-c246gps","status":"publish","type":"product","link":"https:\/\/www.moskito.cz\/pl\/produkt\/zaviraci-nuz-spyderco-insistent-c246gps\/","title":{"rendered":"Zav\u00edrac\u00ed N\u016f\u017e Spyderco Insistent C246GPS"},"content":{"rendered":"<p>Zav\u00edrac\u00ed N\u016f\u017e <strong>Spyderco<\/strong> Insistent C246GPS<\/p>\n<p>Od sv\u00e9ho p\u0159edstaven\u00ed si <strong>Spyderco<\/strong> Efficient z\u00edskal v\u011brn\u00e9 p\u0159\u00edznivce mezi nad\u0161enci no\u017e\u016f, kte\u0159\u00ed oce\u0148uj\u00ed v\u0161estrannou slo\u017eku, kter\u00e1 je jak kapesn\u00ed, tak i cenov\u011b dostupn\u00e1. Inspiroval tak\u00e9 popt\u00e1vku po men\u0161\u00ed \u201egentlemansk\u00e9\u201c verzi, kter\u00e1 se nese je\u0161t\u011b diskr\u00e9tn\u011bji. Odpov\u011bd\u00ed na toto vol\u00e1n\u00ed je Insistent, kter\u00fd sni\u017euje Efficient asi o 14 procent a p\u0159id\u00e1v\u00e1 oboustrannou dr\u00e1t\u011bnou sponu s hlubokou kapsou orientovanou pro no\u0161en\u00ed sklopn\u00fdm sm\u011brem nahoru. V\u0161echny ostatn\u00ed vlastnosti jsou v souladu s jeho v\u011bt\u0161\u00edm bratrem, v\u010detn\u011b celoplo\u0161n\u011b brou\u0161en\u00e9 \u010depele z nerezov\u00e9 oceli 8Cr13MoV, v\u00fdb\u011bru konfigurac\u00ed PlainEdge nebo CombinationEdge, skeletonizovan\u00fdch vlo\u017eek z nerezov\u00e9 oceli, backspaceru z nerezov\u00e9 oceli, robustn\u00edho mechanismu LinerLock a texturovan\u00fdch stupnic G10.<\/p>\n<p><strong>Spyderco<\/strong> Efficient, kter\u00fd byl uveden na trh v roce 2016, byl od z\u00e1kladu navr\u017een tak, aby byl \u010dlenem obl\u00edben\u00e9 rodiny <strong>Spyderco<\/strong> Value Folder \u2013 s\u00e9rie zav\u00edrac\u00edch no\u017e\u016f s kompletn\u00edm servisem, jejich\u017e cena odpov\u00edd\u00e1 prakticky ka\u017ed\u00e9mu rozpo\u010dtu. Stejn\u011b jako ostatn\u00ed \u010dlenov\u00e9 t\u00e9to rodiny, design Efficient hrd\u011b zahrnoval v\u0161echny kritick\u00e9 funkce a v\u00fdhody, kter\u00e9 definuj\u00ed no\u017ee Spyderco, ale v cenov\u011b dostupn\u011bj\u0161\u00edm form\u00e1tu. Byl tak\u00e9 dimenzov\u00e1n tak, aby umo\u017e\u0148oval snadn\u00e9 p\u0159en\u00e1\u0161en\u00ed, vyhovoval omezen\u00edm d\u00e9lky \u010depele podle v\u011bt\u0161iny z\u00e1kon\u016f o no\u017ei a byl v souladu s ergonomick\u00fdm \u201esweet spotem\u201c, kter\u00fd v\u011bt\u0161ina u\u017eivatel\u016f Spyderco preferuje.<\/p>\n<p>A\u010dkoli si Efficient rychle z\u00edskal oddan\u00e9 p\u0159\u00edznivce mezi nad\u0161enci Spyderco orientovan\u00fdmi na v\u00fdkon, jak v\u0161ichni v\u00edme, neexistuje nic takov\u00e9ho jako n\u016f\u017e \u201euniverz\u00e1ln\u00ed pro v\u0161echny\u201c. Krom\u011b zjevn\u00fdch fyzick\u00fdch rozd\u00edl\u016f ve velikosti ruky jsou jednotliv\u00e9 volby no\u017ee zalo\u017eeny tak\u00e9 na subjektivn\u00edch osobn\u00edch preferenc\u00edch, pr\u00e1vn\u00edch \u00favah\u00e1ch, hmotnosti a pohodl\u00ed p\u0159i no\u0161en\u00ed. Nen\u00ed divu, \u017ee jak dobr\u00fd byl (a st\u00e1le je), Efficient nebyl pro n\u011bkter\u00e9 u\u017eivatele ide\u00e1ln\u00ed. N\u011bkte\u0159\u00ed cht\u011bli stejn\u00fd design, ale v trochu men\u0161\u00edm balen\u00ed; jin\u00ed cht\u011bli v\u00fdraz v\u011bt\u0161\u00ed velikosti, kter\u00fd by se l\u00e9pe hodil pro velk\u00e9 ruce a velk\u00e9 \u0159ezn\u00e9 pr\u00e1ce. Aby na tato vol\u00e1n\u00ed odpov\u011bd\u011blo, Spyderco se rozhodlo j\u00edt doslova ob\u011bma sm\u011bry a vytvo\u0159ilo Insistent a Emphasis, kter\u00e9 oba sd\u00edlej\u00ed stejn\u00fd osv\u011bd\u010den\u00fd designov\u00fd styl a v\u00fdkonnostn\u00ed charakteristiky jako Efficient.<\/p>\n<p>Insistent je v podstat\u011b kompaktn\u011bj\u0161\u00ed \u201egentlemansk\u00e1\u201c verze Efficient. Celkov\u011b je p\u0159ibli\u017en\u011b o 14 procent men\u0161\u00ed, jeho celoplo\u0161n\u011b brou\u0161en\u00e1 \u010depel s padac\u00edm hrotem je dlouh\u00e1 pouh\u00fdch 2,5 palce, d\u00edky \u010demu\u017e je v souladu i s velmi p\u0159\u00edsn\u00fdmi z\u00e1kony o d\u00e9lce \u010depele, jako jsou ty v Chicagu a Bostonu. Vyrobeno z nerezov\u00e9 oceli 8Cr13MoV, jeho \u0161irok\u00fd profil zaji\u0161\u0165uje vynikaj\u00edc\u00ed geometrii hran a dr\u00e1\u017eka pro ukazov\u00e1\u010dek (dr\u00e1\u017eka pro prsty) na spodn\u00ed \u010d\u00e1sti hrany poskytuje pohodln\u00fd n\u00e1kup pro \u00fachop vp\u0159ed. \u201eDusit\u201c na no\u017ei t\u00edmto zp\u016fsobem zlep\u0161uje kontrolu b\u011bhem p\u0159esn\u00fdch \u0159ezn\u00fdch \u00fakol\u016f a snadno se p\u0159izp\u016fsob\u00ed \u010dty\u0159prst\u00e9mu \u00fachopu \u2013 dokonce i s velk\u00fdma rukama.<\/p>\n<p>Na druh\u00e9m konci spektra je Emphasis, kter\u00fd \u201ezd\u016fraz\u0148uje\u201c osv\u011bd\u010den\u00e9 vlastnosti Efficient t\u00edm, \u017ee je vyjad\u0159uje v no\u017ei, kter\u00fd je celkov\u011b zhruba o 15 procent v\u011bt\u0161\u00ed. Jeho extr\u00e9mn\u011b v\u00fdkonn\u00e1 \u010depel je tak\u00e9 zcela plo\u0161e brou\u0161en\u00e1 z nerezov\u00e9 oceli 8Cr13MoV, m\u00e1 ukazov\u00e1\u010dek a m\u011b\u0159\u00ed siln\u00fdch 3,58 palce (91 mm).<\/p>\n<p>Navzdory krat\u0161\u00edm a del\u0161\u00edm \u010depel\u00edm Insistent a Emphasis je \u201ekokpit\u201c obou n\u00e1vrh\u016f \u2013 kl\u00ed\u010dov\u00e9 rozm\u011brov\u00e9 vztahy \u010depu \u010depele, z\u00e1mku a kulat\u00e9ho otvoru s ochrannou zn\u00e1mkou \u2013 \u00fapln\u011b stejn\u00fd jako u Efficient. Podobn\u011b jako u konceptu plnohodnotn\u00fdch, kompaktn\u00edch a subkompaktn\u00edch pistol\u00ed tato konzistence znamen\u00e1, \u017ee z\u00e1kladn\u00ed manipulace a ovl\u00e1d\u00e1n\u00ed jednou rukou jsou u v\u0161ech t\u0159\u00ed model\u016f prakticky toto\u017en\u00e9. Stejn\u011b jako Efficient i Insistent a Emphasis maj\u00ed \u0161irok\u00e9 profily \u010depel\u00ed s padac\u00edm hrotem, dob\u0159e vycentrovan\u00e9, u\u017eitkov\u00e9 hroty a \u201ebezhrb\u00e9\u201c h\u0159bety, d\u00edky nim\u017e jsou v zav\u0159en\u00e9m stavu u\u017e\u0161\u00ed a pohodln\u011bj\u0161\u00ed do kapsy. Jsou tak\u00e9 k dispozici ve form\u00e1tech PlainEdge a CombinationEdge.<\/p>\n<p>Konstrukce rukojeti Efficient se tak\u00e9 odr\u00e1\u017e\u00ed v jeho v\u011bt\u0161\u00edch a men\u0161\u00edch bratrech, kte\u0159\u00ed se vyzna\u010duj\u00ed pln\u00fdmi, skeletonizovan\u00fdmi vlo\u017ekami z nerezov\u00e9 oceli, pevn\u00fdmi zadn\u00edmi rozp\u011brami z nerezov\u00e9 oceli a protiskluzov\u00fdmi, texturovan\u00fdmi stupnicemi G-10. Tento pevn\u00fd r\u00e1m zaji\u0161\u0165uje vynikaj\u00edc\u00ed struktur\u00e1ln\u00ed pevnost a rovnov\u00e1hu a poskytuje z\u00e1klad pro robustn\u00ed mechanismy LinerLock no\u017e\u016f. Velkorys\u00e9 v\u00fd\u0159ezy na stupnici na l\u00edcn\u00ed stran\u011b umo\u017e\u0148uj\u00ed snadn\u00fd p\u0159\u00edstup pravou rukou ke kulat\u00e9mu otvoru \u010depele a tak\u00e9 pohodln\u00e9 uvoln\u011bn\u00ed z\u00e1mk\u016f jednou rukou.<\/p>\n<p>Krom\u011b jejich velikost\u00ed je jedin\u00fdm dal\u0161\u00edm v\u00fdznamn\u00fdm rozd\u00edlem mezi Insistent a Emphasis a jejich inspirac\u00ed, Efficient, jejich styl kapesn\u00edho klipu. Na rozd\u00edl od spony z nerezov\u00e9 oceli Efficient jsou oba nov\u00e9 modely vybaveny n\u00edzkoprofilov\u00fdmi dr\u00e1t\u011bn\u00fdmi sponami s hlubokou kapsou, kter\u00e9 lze snadno obr\u00e1tit pro no\u0161en\u00ed na lev\u00e9 nebo prav\u00e9 stran\u011b.<\/p>\n<p>V\u00fdb\u011br no\u017ee je velmi osobn\u00ed proces. Zat\u00edmco na velikosti z\u00e1le\u017e\u00ed, na spr\u00e1vn\u00e9 velikosti z\u00e1le\u017e\u00ed je\u0161t\u011b v\u00edce. S mo\u017enostmi, kter\u00e9 nab\u00edz\u00ed Insistent, Emphasis a p\u016fvodn\u00ed Efficient, nem\u016f\u017eete ud\u011blat chybu.<\/p>\n<p>Specifikace<br \/>\nD\u00e9lka \u010depele: 6.3 cm<br \/>\n\u0158ezn\u00e1 hrana: 5.5 cm<br \/>\nD\u00e9lka v zav\u0159en\u00e9m stavu: 9.5 cm<br \/>\nCelkov\u00e1 d\u00e9lka: 15.4 cm<br \/>\nTlou\u0161\u0165ka \u010depele: 0.3 cm<br \/>\nMateri\u00e1l \u010depele: Nerezov\u00e1 ocel 8Cr13MoV<br \/>\nStyl \u010depele: ve tvaru listu<br \/>\nBrou\u0161en\u00ed \u010depele: Pln\u011b ploch\u00e9<br \/>\nPovrchov\u00e1 \u00faprava \u010depele: sat\u00e9n<br \/>\nBlade Edge: Combo<br \/>\nMateri\u00e1l rukojeti: Texturovan\u00fd G10<br \/>\nBarva rukojeti: \u010cern\u00e1<br \/>\nUzamykac\u00ed mechanismus: Liner Lock<br \/>\nKapesn\u00ed klip: Vykl\u00e1p\u011bn\u00ed, lev\u00e9\/prav\u00e9 no\u0161en\u00ed<br \/>\n\u010c\u00edslo modelu: C246GP<br \/>\nN\u00e1zev modelu: Insistent<br \/>\nHmotnost: 3,7 oz. (105 g)<\/p>\n<p>&nbsp;<\/p>\n","protected":false},"excerpt":{"rendered":"<p><strong>Od sv\u00e9ho p\u0159edstaven\u00ed si Spyderco Efficient z\u00edskal v\u011brn\u00e9 p\u0159\u00edznivce mezi nad\u0161enci no\u017e\u016f, kte\u0159\u00ed oce\u0148uj\u00ed v\u0161estran\u00e9 no\u017ee, kter\u00e9 jsou jak kapesn\u00ed, tak i cenov\u011b dostupn\u00e9.<\/strong><\/p>\n","protected":false},"featured_media":250637,"comment_status":"open","ping_status":"closed","template":"","meta":[],"pwb-brand":[567],"product_brand":[],"product_cat":[22,17],"product_tag":[3667],"class_list":{"0":"post-250636","1":"product","2":"type-product","3":"status-publish","4":"has-post-thumbnail","6":"pwb-brand-spyderco","7":"product_cat-zaviraci-noze","8":"product_cat-noze","9":"product_tag-b2b","11":"first","12":"instock","13":"taxable","14":"shipping-taxable","15":"purchasable","16":"product-type-simple"},"brands":[{"id":567,"name":"Spyderco","slug":"spyderco"}],"_links":{"self":[{"href":"https:\/\/www.moskito.cz\/pl\/wp-json\/wp\/v2\/product\/250636","targetHints":{"allow":["GET"]}}],"collection":[{"href":"https:\/\/www.moskito.cz\/pl\/wp-json\/wp\/v2\/product"}],"about":[{"href":"https:\/\/www.moskito.cz\/pl\/wp-json\/wp\/v2\/types\/product"}],"replies":[{"embeddable":true,"href":"https:\/\/www.moskito.cz\/pl\/wp-json\/wp\/v2\/comments?post=250636"}],"wp:featuredmedia":[{"embeddable":true,"href":"https:\/\/www.moskito.cz\/pl\/wp-json\/wp\/v2\/media\/250637"}],"wp:attachment":[{"href":"https:\/\/www.moskito.cz\/pl\/wp-json\/wp\/v2\/media?parent=250636"}],"wp:term":[{"taxonomy":"pwb-brand","embeddable":true,"href":"https:\/\/www.moskito.cz\/pl\/wp-json\/wp\/v2\/pwb-brand?post=250636"},{"taxonomy":"product_brand","embeddable":true,"href":"https:\/\/www.moskito.cz\/pl\/wp-json\/wp\/v2\/product_brand?post=250636"},{"taxonomy":"product_cat","embeddable":true,"href":"https:\/\/www.moskito.cz\/pl\/wp-json\/wp\/v2\/product_cat?post=250636"},{"taxonomy":"product_tag","embeddable":true,"href":"https:\/\/www.moskito.cz\/pl\/wp-json\/wp\/v2\/product_tag?post=250636"}],"curies":[{"name":"wp","href":"https:\/\/api.w.org\/{rel}","templated":true}]}}