{"id":251370,"date":"2023-06-27T20:48:56","date_gmt":"2023-06-27T19:48:56","guid":{"rendered":"https:\/\/www.moskito.cz\/?post_type=product&#038;p=251370"},"modified":"2025-12-31T20:12:10","modified_gmt":"2025-12-31T19:12:10","slug":"zaviraci-nuz-spyderco-endura-4-lightweight-c10fpk390","status":"publish","type":"product","link":"https:\/\/www.moskito.cz\/pl\/produkt\/zaviraci-nuz-spyderco-endura-4-lightweight-c10fpk390\/","title":{"rendered":"Zav\u00edrac\u00ed N\u016f\u017e Spyderco Endura 4 Lightweight C10FPK390"},"content":{"rendered":"<h2 data-start=\"160\" data-end=\"228\">\ud83d\udde1\ufe0f Zav\u00edrac\u00ed n\u016f\u017e <strong data-start=\"180\" data-end=\"228\">Spyderco Endura 4 Lightweight K390 C10FPK390<\/strong><\/h2>\n<h3 data-start=\"230\" data-end=\"284\">V\u00fdkon, lehkost a preciznost pro n\u00e1ro\u010dn\u00e9 u\u017eivatele.<\/h3>\n<p data-start=\"286\" data-end=\"620\">Spyderco Endura 4 Lightweight K390 je modern\u00ed verz\u00ed klasick\u00e9ho modelu Endura \u2013 vybaven\u00e1 <strong data-start=\"374\" data-end=\"405\">pr\u00e9miovou ocel\u00ed B\u00f6hler K390<\/strong>, kter\u00e1 nab\u00edz\u00ed mimo\u0159\u00e1dnou retenci ost\u0159\u00ed a vysokou odolnost proti opot\u0159eben\u00ed. Tento n\u016f\u017e je navr\u017een pro ty, kdo cht\u011bj\u00ed <strong data-start=\"522\" data-end=\"569\">vysok\u00fd v\u00fdkon v lehk\u00e9m a pohodln\u00e9m proveden\u00ed<\/strong>, kter\u00e9 si udr\u017e\u00ed v\u00fdkon i p\u0159i ka\u017edodenn\u00edm pou\u017e\u00edv\u00e1n\u00ed.<\/p>\n<p data-start=\"622\" data-end=\"844\">Kdy\u017e \u010depel otev\u0159e\u0161 charakteristick\u00fdm kruhov\u00fdm otvorem Spyderco a zajist\u00ed\u0161 ji spolehliv\u00fdm <strong data-start=\"711\" data-end=\"725\">Lockbackem<\/strong>, poc\u00edt\u00ed\u0161 jistotu v ka\u017ed\u00e9m tahu \u2013 a\u0165 u\u017e \u0159e\u017ee\u0161 b\u011b\u017en\u00e9 materi\u00e1ly, nebo n\u00e1ro\u010dn\u011bj\u0161\u00ed \u00falohy vy\u017eaduj\u00edc\u00ed odolnost a trvanlivost.<\/p>\n<hr data-start=\"846\" data-end=\"849\" \/>\n<h3 data-start=\"851\" data-end=\"876\">Charakter a filozofie<\/h3>\n<p data-start=\"878\" data-end=\"1244\">Endura 4 Lightweight K390 kombinuje <strong data-start=\"914\" data-end=\"987\">legend\u00e1rn\u00ed ergonomii a funk\u010dnost modelu Endura s pr\u00e9miov\u00fdmi materi\u00e1ly<\/strong>, kter\u00e9 \u0159ad\u00ed tento n\u016f\u017e mezi \u0161pi\u010dkov\u00e9 pracovn\u00ed no\u017ee v lehk\u00e9m form\u00e1tu.<br data-start=\"1055\" data-end=\"1058\" \/>Lehk\u00fd, ale pevn\u00fd r\u00e1m s texturovanou FRN rukojet\u00ed zaji\u0161\u0165uje jist\u00fd \u00fachop i v n\u00e1ro\u010dn\u00fdch podm\u00ednk\u00e1ch, zat\u00edmco konstrukce s <strong data-start=\"1176\" data-end=\"1190\">Lockbackem<\/strong> poskytuje spolehliv\u00e9 uzam\u010den\u00ed pro bezpe\u010dn\u00e9 pou\u017e\u00edv\u00e1n\u00ed.<\/p>\n<p data-start=\"1246\" data-end=\"1366\">Tento model je ide\u00e1ln\u00ed pro ty, kte\u0159\u00ed cht\u011bj\u00ed <strong data-start=\"1290\" data-end=\"1365\">ost\u0159\u00ed, kter\u00e9 vydr\u017e\u00ed, a ergonomii, kter\u00e1 pracuje s tebou \u2013 ne proti tob\u011b<\/strong>.<\/p>\n<hr data-start=\"1368\" data-end=\"1371\" \/>\n<h2 data-start=\"1373\" data-end=\"1388\">\ud83c\udfed O v\u00fdrobci<\/h2>\n<p data-start=\"1390\" data-end=\"1675\">Spyderco je zna\u010dka, kter\u00e1 definuje standard modern\u00edho no\u017e\u00ed\u0159stv\u00ed prost\u0159ednictv\u00edm <strong data-start=\"1470\" data-end=\"1512\">ergonomie, inovac\u00ed a funk\u010dn\u00edho designu<\/strong>.<br data-start=\"1513\" data-end=\"1516\" \/>Endura je jedn\u00edm z nejuzn\u00e1van\u011bj\u0161\u00edch model\u016f ve sv\u011bt\u011b zav\u00edrac\u00edch no\u017e\u016f; jeho lehk\u00e1 generace Lightweight pokra\u010duje v tradici spolehlivosti a univerz\u00e1ln\u00edho vyu\u017eit\u00ed.<\/p>\n<hr data-start=\"1677\" data-end=\"1680\" \/>\n<h2 data-start=\"1682\" data-end=\"1709\">\u2699\ufe0f Technick\u00e9 specifikace<\/h2>\n<div class=\"TyagGW_tableContainer\">\n<div class=\"group TyagGW_tableWrapper flex w-fit flex-col-reverse\" tabindex=\"-1\">\n<table class=\"w-fit min-w-(--thread-content-width)\" data-start=\"1711\" data-end=\"2311\">\n<thead data-start=\"1711\" data-end=\"1733\">\n<tr data-start=\"1711\" data-end=\"1733\">\n<th data-start=\"1711\" data-end=\"1722\" data-col-size=\"sm\">Parametr<\/th>\n<th data-start=\"1722\" data-end=\"1733\" data-col-size=\"md\">Hodnota<\/th>\n<\/tr>\n<\/thead>\n<tbody data-start=\"1757\" data-end=\"2311\">\n<tr data-start=\"1757\" data-end=\"1788\">\n<td data-start=\"1757\" data-end=\"1773\" data-col-size=\"sm\">Celkov\u00e1 d\u00e9lka<\/td>\n<td data-start=\"1773\" data-end=\"1788\" data-col-size=\"md\">cca 22,3 cm<\/td>\n<\/tr>\n<tr data-start=\"1789\" data-end=\"1818\">\n<td data-start=\"1789\" data-end=\"1804\" data-col-size=\"sm\">D\u00e9lka \u010depele<\/td>\n<td data-start=\"1804\" data-end=\"1818\" data-col-size=\"md\">cca 9,7 cm<\/td>\n<\/tr>\n<tr data-start=\"1819\" data-end=\"1851\">\n<td data-start=\"1819\" data-end=\"1837\" data-col-size=\"sm\">Tlou\u0161\u0165ka \u010depele<\/td>\n<td data-start=\"1837\" data-end=\"1851\" data-col-size=\"md\">cca 3,0 mm<\/td>\n<\/tr>\n<tr data-start=\"1852\" data-end=\"1917\">\n<td data-start=\"1852\" data-end=\"1870\" data-col-size=\"sm\">Materi\u00e1l \u010depele<\/td>\n<td data-start=\"1870\" data-end=\"1917\" data-col-size=\"md\">B\u00f6hler K390 \u2013 vysoce odoln\u00e1 n\u00e1strojov\u00e1 ocel<\/td>\n<\/tr>\n<tr data-start=\"1918\" data-end=\"1974\">\n<td data-start=\"1918\" data-end=\"1934\" data-col-size=\"sm\">Tvrdost oceli<\/td>\n<td data-start=\"1934\" data-end=\"1974\" data-col-size=\"md\">vysok\u00e1 hou\u017eevnatost a odolnost ost\u0159\u00ed<\/td>\n<\/tr>\n<tr data-start=\"1975\" data-end=\"2003\">\n<td data-start=\"1975\" data-end=\"1989\" data-col-size=\"sm\">Tvar \u010depele<\/td>\n<td data-start=\"1989\" data-end=\"2003\" data-col-size=\"md\">Drop\u2011point<\/td>\n<\/tr>\n<tr data-start=\"2004\" data-end=\"2042\">\n<td data-start=\"2004\" data-end=\"2013\" data-col-size=\"sm\">V\u00fdbrus<\/td>\n<td data-start=\"2013\" data-end=\"2042\" data-col-size=\"md\">pln\u011b ploch\u00fd (Flat\u2011Ground)<\/td>\n<\/tr>\n<tr data-start=\"2043\" data-end=\"2068\">\n<td data-start=\"2043\" data-end=\"2059\" data-col-size=\"sm\">Povrch \u010depele<\/td>\n<td data-start=\"2059\" data-end=\"2068\" data-col-size=\"md\">Satin<\/td>\n<\/tr>\n<tr data-start=\"2069\" data-end=\"2107\">\n<td data-start=\"2069\" data-end=\"2079\" data-col-size=\"sm\">Rukoje\u0165<\/td>\n<td data-start=\"2079\" data-end=\"2107\" data-col-size=\"md\">FRN (modr\u00e1, texturovan\u00e1)<\/td>\n<\/tr>\n<tr data-start=\"2108\" data-end=\"2163\">\n<td data-start=\"2108\" data-end=\"2116\" data-col-size=\"sm\">Z\u00e1mek<\/td>\n<td data-start=\"2116\" data-end=\"2163\" data-col-size=\"md\">Back Lock \u2013 tradi\u010dn\u00ed spolehliv\u00fd mechanismus<\/td>\n<\/tr>\n<tr data-start=\"2164\" data-end=\"2202\">\n<td data-start=\"2164\" data-end=\"2176\" data-col-size=\"sm\">Otev\u00edr\u00e1n\u00ed<\/td>\n<td data-start=\"2176\" data-end=\"2202\" data-col-size=\"md\">Kruhov\u00fd otvor Spyderco<\/td>\n<\/tr>\n<tr data-start=\"2203\" data-end=\"2265\">\n<td data-start=\"2203\" data-end=\"2210\" data-col-size=\"sm\">Klip<\/td>\n<td data-start=\"2210\" data-end=\"2265\" data-col-size=\"md\">\u010dty\u0159polohov\u00fd \u2013 tip\u2011up\/tip\u2011down, prav\u00e1 i lev\u00e1 strana<\/td>\n<\/tr>\n<tr data-start=\"2266\" data-end=\"2289\">\n<td data-start=\"2266\" data-end=\"2277\" data-col-size=\"sm\">Hmotnost<\/td>\n<td data-start=\"2277\" data-end=\"2289\" data-col-size=\"md\">cca 94 g<\/td>\n<\/tr>\n<tr data-start=\"2290\" data-end=\"2311\">\n<td data-start=\"2290\" data-end=\"2299\" data-col-size=\"sm\">V\u00fdroba<\/td>\n<td data-start=\"2299\" data-end=\"2311\" data-col-size=\"md\">Japonsko<\/td>\n<\/tr>\n<\/tbody>\n<\/table>\n<\/div>\n<\/div>\n<hr data-start=\"2313\" data-end=\"2316\" \/>\n<h2 data-start=\"2318\" data-end=\"2336\">\u2705 Hlavn\u00ed v\u00fdhody<\/h2>\n<ul data-start=\"2338\" data-end=\"2756\">\n<li data-start=\"2338\" data-end=\"2407\">\n<p data-start=\"2340\" data-end=\"2407\"><strong data-start=\"2340\" data-end=\"2369\">Pr\u00e9miov\u00e1 ocel B\u00f6hler K390<\/strong> \u2013 mimo\u0159\u00e1dn\u00e1 retence ost\u0159\u00ed a pevnost<\/p>\n<\/li>\n<li data-start=\"2408\" data-end=\"2477\">\n<p data-start=\"2410\" data-end=\"2477\"><strong data-start=\"2410\" data-end=\"2434\">Lehk\u00fd a tenk\u00fd profil<\/strong> \u2013 pohodln\u00e9 no\u0161en\u00ed, ani\u017e by ztratil v\u00fdkon<\/p>\n<\/li>\n<li data-start=\"2478\" data-end=\"2545\">\n<p data-start=\"2480\" data-end=\"2545\"><strong data-start=\"2480\" data-end=\"2493\">Back Lock<\/strong> \u2013 tradi\u010dn\u00ed a spolehliv\u00fd z\u00e1mek pro bezpe\u010dnou pr\u00e1ci<\/p>\n<\/li>\n<li data-start=\"2546\" data-end=\"2614\">\n<p data-start=\"2548\" data-end=\"2614\"><strong data-start=\"2548\" data-end=\"2575\">Texturovan\u00e1 FRN rukoje\u0165<\/strong> \u2013 jist\u00fd \u00fachop i v mokr\u00fdch podm\u00ednk\u00e1ch<\/p>\n<\/li>\n<li data-start=\"2615\" data-end=\"2687\">\n<p data-start=\"2617\" data-end=\"2687\"><strong data-start=\"2617\" data-end=\"2651\">Ambidextrous \u010dty\u0159polohov\u00fd klip<\/strong> \u2013 flexibiln\u00ed no\u0161en\u00ed podle pot\u0159eby<\/p>\n<\/li>\n<li data-start=\"2688\" data-end=\"2756\">\n<p data-start=\"2690\" data-end=\"2756\"><strong data-start=\"2690\" data-end=\"2719\">Klasick\u00e1 Endura ergonomie<\/strong> \u2013 komfortn\u00ed tvar pro del\u0161\u00ed pou\u017e\u00edv\u00e1n\u00ed<\/p>\n<\/li>\n<\/ul>\n<hr data-start=\"2758\" data-end=\"2761\" \/>\n<h2 data-start=\"2763\" data-end=\"2782\">\u26a0\ufe0f Mo\u017en\u00e1 omezen\u00ed<\/h2>\n<ul data-start=\"2784\" data-end=\"3007\">\n<li data-start=\"2784\" data-end=\"2869\">\n<p data-start=\"2786\" data-end=\"2869\">Pr\u00e9miov\u00e1 ocel <strong data-start=\"2800\" data-end=\"2808\">K390<\/strong> vy\u017eaduje p\u00e9\u010di \u2013 po pou\u017eit\u00ed je nutn\u00e9 \u010depel o\u010distit a osu\u0161it<\/p>\n<\/li>\n<li data-start=\"2870\" data-end=\"2955\">\n<p data-start=\"2872\" data-end=\"2955\">N\u011bkter\u00e9 \u00falohy, kde je pot\u0159eba masivn\u00ed p\u00e1\u010den\u00ed, nemus\u00ed b\u00fdt ide\u00e1ln\u00ed pro lehk\u00fd form\u00e1t<\/p>\n<\/li>\n<li data-start=\"2956\" data-end=\"3007\">\n<p data-start=\"2958\" data-end=\"3007\">Vy\u0161\u0161\u00ed cena odpov\u00edd\u00e1 pr\u00e9miov\u00fdm materi\u00e1l\u016fm a v\u00fdkonu<\/p>\n<\/li>\n<\/ul>\n<hr data-start=\"3009\" data-end=\"3012\" \/>\n<h2 data-start=\"3014\" data-end=\"3034\">\ud83d\udee0\ufe0f \u00dadr\u017eba a p\u00e9\u010de<\/h2>\n<ul data-start=\"3036\" data-end=\"3286\">\n<li data-start=\"3036\" data-end=\"3085\">\n<p data-start=\"3038\" data-end=\"3085\">Po pou\u017eit\u00ed \u010depel v\u017edy d\u016fkladn\u011b o\u010disti a osu\u0161\u00ed<\/p>\n<\/li>\n<li data-start=\"3086\" data-end=\"3128\">\n<p data-start=\"3088\" data-end=\"3128\">Vyhni se tvrd\u00fdm abrazivn\u00edm prost\u0159edk\u016fm<\/p>\n<\/li>\n<li data-start=\"3129\" data-end=\"3168\">\n<p data-start=\"3131\" data-end=\"3168\">Rukoje\u0165 z FRN \u010dist\u011b jemn\u00fdm had\u0159\u00edkem<\/p>\n<\/li>\n<li data-start=\"3169\" data-end=\"3224\">\n<p data-start=\"3171\" data-end=\"3224\">Pravideln\u011b proma\u017e pivot i Back Lock vhodn\u00fdm mazivem<\/p>\n<\/li>\n<li data-start=\"3225\" data-end=\"3286\">\n<p data-start=\"3227\" data-end=\"3286\">Skladuj v such\u00e9m prost\u0159ed\u00ed \u2013 ide\u00e1ln\u011b v pouzd\u0159e nebo vitr\u00edn\u011b<\/p>\n<\/li>\n<\/ul>\n<hr data-start=\"3288\" data-end=\"3291\" \/>\n<h2 data-start=\"3293\" data-end=\"3329\">\ud83d\udd2a Pro udr\u017een\u00ed ost\u0159\u00ed doporu\u010dujeme<\/h2>\n<p data-start=\"3331\" data-end=\"3456\">Pro zachov\u00e1n\u00ed maxim\u00e1ln\u00ed ostrosti pr\u00e9miov\u00e9 oceli <strong data-start=\"3379\" data-end=\"3394\">B\u00f6hler K390<\/strong> doporu\u010dujeme kvalitn\u00ed syst\u00e9m brou\u0161en\u00ed ur\u010den\u00fd pro tvrd\u00e1 ost\u0159\u00ed.<\/p>\n<p data-start=\"3458\" data-end=\"3561\">Ide\u00e1ln\u00ed volbou je <strong data-start=\"3476\" data-end=\"3542\">Spyderco Tri\u2011Angle Sharpmaker Complete Sharpening System 204MF<\/strong>, kter\u00fd umo\u017e\u0148uje:<\/p>\n<ul data-start=\"3562\" data-end=\"3699\">\n<li data-start=\"3562\" data-end=\"3601\">\n<p data-start=\"3564\" data-end=\"3601\">p\u0159esn\u00e9 a konzistentn\u00ed \u00fahly brou\u0161en\u00ed<\/p>\n<\/li>\n<li data-start=\"3602\" data-end=\"3651\">\n<p data-start=\"3604\" data-end=\"3651\">\u0161etrnou \u00fadr\u017ebu bez nadm\u011brn\u00e9ho \u00fab\u011bru materi\u00e1lu<\/p>\n<\/li>\n<li data-start=\"3652\" data-end=\"3699\">\n<p data-start=\"3654\" data-end=\"3699\">bezpe\u010dn\u00e9 pou\u017eit\u00ed i bez p\u0159edchoz\u00edch zku\u0161enost\u00ed<\/p>\n<\/li>\n<\/ul>\n<p data-start=\"3701\" data-end=\"3746\">\ud83d\uded2 <strong data-start=\"3704\" data-end=\"3746\">Zakoup\u00edte na na\u0161ich str\u00e1nk\u00e1ch Moskito.<\/strong><\/p>\n<hr data-start=\"3748\" data-end=\"3751\" \/>\n<h2 data-start=\"3753\" data-end=\"3773\">\ud83c\udfaf Doporu\u010deno pro<\/h2>\n<ul data-start=\"3775\" data-end=\"4021\">\n<li data-start=\"3775\" data-end=\"3831\">\n<p data-start=\"3777\" data-end=\"3831\">EDC u\u017eivatele, kte\u0159\u00ed ocen\u00ed <strong data-start=\"3804\" data-end=\"3829\">vysokou retenci ost\u0159\u00ed<\/strong><\/p>\n<\/li>\n<li data-start=\"3832\" data-end=\"3884\">\n<p data-start=\"3834\" data-end=\"3884\">Outdoor a praktick\u00e9 pou\u017eit\u00ed v r\u016fzn\u00fdch podm\u00ednk\u00e1ch<\/p>\n<\/li>\n<li data-start=\"3885\" data-end=\"3958\">\n<p data-start=\"3887\" data-end=\"3958\">Ti, kdo cht\u011bj\u00ed <strong data-start=\"3902\" data-end=\"3956\">v\u00fdkonn\u00fd n\u016f\u017e, kter\u00fd nenad\u011bl\u00e1 probl\u00e9m nosit cel\u00fd den<\/strong><\/p>\n<\/li>\n<li data-start=\"3959\" data-end=\"4021\">\n<p data-start=\"3961\" data-end=\"4021\">Fanou\u0161ky legend\u00e1rn\u00edho modelu Endura ve v\u00fdkonn\u011bj\u0161\u00edm proveden\u00ed<\/p>\n<\/li>\n<\/ul>\n<hr data-start=\"4023\" data-end=\"4026\" \/>\n<h2 data-start=\"4028\" data-end=\"4052\">\u2b50 Z\u00e1v\u011bre\u010dn\u00e9 hodnocen\u00ed<\/h2>\n<p data-start=\"4054\" data-end=\"4264\">Spyderco Endura 4 Lightweight K390 C10FPK390 je <strong data-start=\"4102\" data-end=\"4176\">\u0161pi\u010dkov\u00fd n\u016f\u017e pro ty, kdo cht\u011bj\u00ed v\u00fdkon, lehkost a spolehlivost v jednom<\/strong>.<br data-start=\"4177\" data-end=\"4180\" \/>Robustn\u00ed, precizn\u00ed a p\u0159esto komfortn\u00ed \u2013 ide\u00e1ln\u00ed pro ka\u017edodenn\u00ed i n\u00e1ro\u010dn\u011bj\u0161\u00ed pou\u017eit\u00ed.<\/p>\n<p data-start=\"4266\" data-end=\"4331\"><strong data-start=\"4266\" data-end=\"4331\">Endura 4 Lightweight K390 \u2013 ostr\u00fd v\u00fdkon, kter\u00e9mu m\u016f\u017ee\u0161 v\u011b\u0159it.<\/strong><\/p>\n","protected":false},"excerpt":{"rendered":"<p data-start=\"4054\" data-end=\"4264\"><strong>Spyderco Endura 4 Lightweight K390 C10FPK390 je \u0161pi\u010dkov\u00fd n\u016f\u017e pro ty, kdo cht\u011bj\u00ed v\u00fdkon, lehkost a spolehlivost v jednom.<\/strong><br data-start=\"4177\" data-end=\"4180\" \/><strong>Robustn\u00ed, precizn\u00ed a p\u0159esto komfortn\u00ed \u2013 ide\u00e1ln\u00ed pro ka\u017edodenn\u00ed i n\u00e1ro\u010dn\u011bj\u0161\u00ed pou\u017eit\u00ed.<\/strong><\/p>\n<p data-start=\"4266\" data-end=\"4331\"><strong data-start=\"4266\" data-end=\"4331\">Endura 4 Lightweight K390 \u2013 ostr\u00fd v\u00fdkon, kter\u00e9mu m\u016f\u017ee\u0161 v\u011b\u0159it.<\/strong><\/p>\n<p data-start=\"4266\" data-end=\"4331\"><strong>Doprava zdarma.<\/strong><\/p>\n","protected":false},"featured_media":251371,"comment_status":"open","ping_status":"closed","template":"","meta":[],"pwb-brand":[567],"product_brand":[],"product_cat":[22,17],"product_tag":[3667],"class_list":{"0":"post-251370","1":"product","2":"type-product","3":"status-publish","4":"has-post-thumbnail","6":"pwb-brand-spyderco","7":"product_cat-zaviraci-noze","8":"product_cat-noze","9":"product_tag-b2b","11":"first","12":"instock","13":"taxable","14":"shipping-taxable","15":"purchasable","16":"product-type-simple"},"brands":[{"id":567,"name":"Spyderco","slug":"spyderco"}],"_links":{"self":[{"href":"https:\/\/www.moskito.cz\/pl\/wp-json\/wp\/v2\/product\/251370","targetHints":{"allow":["GET"]}}],"collection":[{"href":"https:\/\/www.moskito.cz\/pl\/wp-json\/wp\/v2\/product"}],"about":[{"href":"https:\/\/www.moskito.cz\/pl\/wp-json\/wp\/v2\/types\/product"}],"replies":[{"embeddable":true,"href":"https:\/\/www.moskito.cz\/pl\/wp-json\/wp\/v2\/comments?post=251370"}],"wp:featuredmedia":[{"embeddable":true,"href":"https:\/\/www.moskito.cz\/pl\/wp-json\/wp\/v2\/media\/251371"}],"wp:attachment":[{"href":"https:\/\/www.moskito.cz\/pl\/wp-json\/wp\/v2\/media?parent=251370"}],"wp:term":[{"taxonomy":"pwb-brand","embeddable":true,"href":"https:\/\/www.moskito.cz\/pl\/wp-json\/wp\/v2\/pwb-brand?post=251370"},{"taxonomy":"product_brand","embeddable":true,"href":"https:\/\/www.moskito.cz\/pl\/wp-json\/wp\/v2\/product_brand?post=251370"},{"taxonomy":"product_cat","embeddable":true,"href":"https:\/\/www.moskito.cz\/pl\/wp-json\/wp\/v2\/product_cat?post=251370"},{"taxonomy":"product_tag","embeddable":true,"href":"https:\/\/www.moskito.cz\/pl\/wp-json\/wp\/v2\/product_tag?post=251370"}],"curies":[{"name":"wp","href":"https:\/\/api.w.org\/{rel}","templated":true}]}}