{"id":252204,"date":"2023-07-03T19:28:45","date_gmt":"2023-07-03T18:28:45","guid":{"rendered":"https:\/\/www.moskito.cz\/?post_type=product&#038;p=252204"},"modified":"2025-05-07T10:51:52","modified_gmt":"2025-05-07T09:51:52","slug":"vystrelovaci-nuz-microtech-combat-troodon-urban-camo-142-3ucs","status":"publish","type":"product","link":"https:\/\/www.moskito.cz\/pl\/produkt\/vystrelovaci-nuz-microtech-combat-troodon-urban-camo-142-3ucs\/","title":{"rendered":"Vyst\u0159elovac\u00ed N\u016f\u017e Microtech Combat Troodon Urban Camo 142-3UCS"},"content":{"rendered":"<p>Vyst\u0159elovac\u00ed N\u016f\u017e <strong>Microtech<\/strong> Combat Troodon Urban Camo 142-3UCS<\/p>\n<p>Microtech Combat Troodon Double Edge Urban Camo FS, 142-3UCS je v\u00fdkonn\u00fd automatick\u00fd n\u016f\u017e, kter\u00fd je vhodn\u00fd pro vojensk\u00e9 i civiln\u00ed \u00fa\u010dely. M\u00e1 modern\u00ed design a vysok\u00e9 specifikace, kter\u00e9 z n\u011bj d\u011blaj\u00ed perfektn\u00ed volbu pro ty, kte\u0159\u00ed hledaj\u00ed spolehliv\u00fd n\u016f\u017e. I kdy\u017e barevn\u00e9 sch\u00e9ma Uban Camo zd\u016fraz\u0148uje jeho taktick\u00fd \u00fa\u010del.<\/p>\n<p>N\u016f\u017e m\u00e1 celkovou d\u00e9lku 241 mm a v\u00e1\u017e\u00ed asi 150 g, tak\u017ee se snadno vejde do kapsy a tak\u00e9 se pohodln\u011b nos\u00ed na opasku. Ost\u0159\u00ed no\u017ee je vyrobeno z jedn\u00e9 z pr\u00e9miov\u00fdch ocel\u00ed: M390, ELMAX, CTS-204P, CPM-20CV, kter\u00e9 maj\u00ed vysokou pevnost a odolnost a velmi podobn\u00e9 vlastnosti.<\/p>\n<p>Automatick\u00fd no\u017eov\u00fd mechanismus umo\u017e\u0148uje snadn\u00e9 a velmi rychl\u00e9 otev\u00edr\u00e1n\u00ed a zav\u00edr\u00e1n\u00ed \u010depele, co\u017e se hod\u00ed zejm\u00e9na p\u0159i nep\u0159edv\u00eddan\u00fdch situac\u00edch. N\u016f\u017e je d\u00e1le vybaven klipem pro rychl\u00e9 a snadn\u00e9 p\u0159ipevn\u011bn\u00ed na kapsu nebo opasek a tak\u00e9 bezpe\u010dnostn\u00edmi prvky, aby se p\u0159ede\u0161lo nehod\u00e1m p\u0159i pou\u017e\u00edv\u00e1n\u00ed.<\/p>\n<p>Materi\u00e1l \u010depele :M390<br \/>\n\u010cepel D\u00e9lka \u010depele: 9.5 cm<br \/>\nTvrdost \u010depele (HRC): 61-62<br \/>\nTlou\u0161\u0165ka \u010depele: 0.24 cm<br \/>\nMateri\u00e1l rukojeti: eloxovan\u00fd hlin\u00edk<\/p>\n<p><iframe title=\"Microtech Combat Troodon Torture Test\" width=\"800\" height=\"450\" src=\"https:\/\/www.youtube.com\/embed\/xE9TeOFYEjg?feature=oembed\" frameborder=\"0\" allow=\"accelerometer; autoplay; clipboard-write; encrypted-media; gyroscope; picture-in-picture; web-share\" referrerpolicy=\"strict-origin-when-cross-origin\" allowfullscreen><\/iframe><\/p>\n<p>&nbsp;<\/p>\n","protected":false},"excerpt":{"rendered":"<p>V pr\u016fb\u011bhu let\u00a0<strong>Microtech\u00ae<\/strong>\u00a0Knives naplnil v\u00e1\u0161n\u00ed a dovednost\u00ed v\u00fdrobu no\u017e\u016f, a\u017e z nich vytvo\u0159il t\u00e9m\u011b\u0159 um\u011bleck\u00e1 d\u00edla,kter\u00e9 jsou vrcholem funk\u010dnosti.V\u0161echny d\u00edly jsou vyrobeny v USA.<br \/>\n<strong>Na v\u0161echny no\u017ee Microtech je do\u017eivotn\u00ed z\u00e1ruka.<\/strong><\/p>\n<p><strong>Doprava zdarma.<\/strong><\/p>\n","protected":false},"featured_media":252205,"comment_status":"open","ping_status":"closed","template":"","meta":[],"pwb-brand":[431],"product_brand":[],"product_cat":[2019,17],"product_tag":[3667],"class_list":{"0":"post-252204","1":"product","2":"type-product","3":"status-publish","4":"has-post-thumbnail","6":"pwb-brand-microtech","7":"product_cat-vystrelovaci-noze","8":"product_cat-noze","9":"product_tag-b2b","11":"first","12":"outofstock","13":"taxable","14":"shipping-taxable","15":"purchasable","16":"product-type-simple"},"brands":[{"id":431,"name":"Microtech","slug":"microtech"}],"_links":{"self":[{"href":"https:\/\/www.moskito.cz\/pl\/wp-json\/wp\/v2\/product\/252204","targetHints":{"allow":["GET"]}}],"collection":[{"href":"https:\/\/www.moskito.cz\/pl\/wp-json\/wp\/v2\/product"}],"about":[{"href":"https:\/\/www.moskito.cz\/pl\/wp-json\/wp\/v2\/types\/product"}],"replies":[{"embeddable":true,"href":"https:\/\/www.moskito.cz\/pl\/wp-json\/wp\/v2\/comments?post=252204"}],"wp:featuredmedia":[{"embeddable":true,"href":"https:\/\/www.moskito.cz\/pl\/wp-json\/wp\/v2\/media\/252205"}],"wp:attachment":[{"href":"https:\/\/www.moskito.cz\/pl\/wp-json\/wp\/v2\/media?parent=252204"}],"wp:term":[{"taxonomy":"pwb-brand","embeddable":true,"href":"https:\/\/www.moskito.cz\/pl\/wp-json\/wp\/v2\/pwb-brand?post=252204"},{"taxonomy":"product_brand","embeddable":true,"href":"https:\/\/www.moskito.cz\/pl\/wp-json\/wp\/v2\/product_brand?post=252204"},{"taxonomy":"product_cat","embeddable":true,"href":"https:\/\/www.moskito.cz\/pl\/wp-json\/wp\/v2\/product_cat?post=252204"},{"taxonomy":"product_tag","embeddable":true,"href":"https:\/\/www.moskito.cz\/pl\/wp-json\/wp\/v2\/product_tag?post=252204"}],"curies":[{"name":"wp","href":"https:\/\/api.w.org\/{rel}","templated":true}]}}