{"id":252482,"date":"2023-07-04T16:56:39","date_gmt":"2023-07-04T15:56:39","guid":{"rendered":"https:\/\/www.moskito.cz\/?post_type=product&#038;p=252482"},"modified":"2025-06-28T21:01:12","modified_gmt":"2025-06-28T20:01:12","slug":"zaviraci-nuz-spyderco-manix-2-lightweight-c101pbk2","status":"publish","type":"product","link":"https:\/\/www.moskito.cz\/pl\/produkt\/zaviraci-nuz-spyderco-manix-2-lightweight-c101pbk2\/","title":{"rendered":"Zav\u00edrac\u00ed N\u016f\u017e Spyderco Manix 2 Lightweight C101PBK2"},"content":{"rendered":"<p>Zav\u00edrac\u00ed N\u016f\u017e <strong>Spyderco<\/strong> Manix 2 Lightweight C101PBK2<\/p>\n<p>Lehk\u00fd Manix 2 dorazil a skl\u00edz\u00ed chv\u00e1lu a vyznamen\u00e1n\u00ed, v\u010detn\u011b \u010dasopisu Blade Magazine 2010 Most Innovative American Design.<\/p>\n<p>Stejn\u011b jako jeho prot\u011bj\u0161ek s rukojet\u00ed G-10 je lehk\u00fd Manix 2 vybaven z\u00e1mkem kuli\u010dkov\u00e9ho lo\u017eiska. Z\u00e1mek funguje kolem voln\u011b plovouc\u00edho kuli\u010dkov\u00e9ho lo\u017eiska obsa\u017een\u00e9ho uvnit\u0159 zak\u00e1zkov\u00e9 polymerov\u00e9 klece. Kulat\u00fd tvar kuli\u010dkov\u00e9ho lo\u017eiska umo\u017e\u0148uje samo\u010dinn\u00e9 nastaven\u00ed z\u00e1mku na velk\u00e9 plo\u0161e, co\u017e zaji\u0161\u0165uje hladk\u00e9 a konzistentn\u00ed zablokov\u00e1n\u00ed p\u0159i ka\u017ed\u00e9m zapnut\u00ed. Z\u00e1mek Ball Bearing Lock je navr\u017een tak, aby byl samostatn\u00fd, co\u017e znamen\u00e1, \u017ee nen\u00ed pot\u0159eba vnit\u0159n\u00edch vlo\u017eek, kter\u00e9 by jej podp\u00edraly, co\u017e umo\u017e\u0148uje v\u00fdrobu bez vlo\u017eek a mimo\u0159\u00e1dn\u011b n\u00edzkou hmotnost.<\/p>\n<p>Rukoje\u0165 EdgeTek FRCP (kopolymer vyztu\u017een\u00fd skeln\u00fdmi vl\u00e1kny) je \u010dern\u00e1 s \u0159adou r\u00fdhovan\u00fdch oblast\u00ed vylisovan\u00fdch po obvodu rukojeti. Obousm\u011brn\u00e1 textura nav\u00edc pokr\u00fdv\u00e1 ob\u011b strany stupnice rukojeti, tak\u017ee slo\u017eka je lep\u0161\u00ed pro uchopen\u00ed ve vlhk\u00fdch nebo nejist\u00fdch podm\u00ednk\u00e1ch.<\/p>\n<p>\u010cepel je vyrobena z uvoln\u011bn\u00e9 tesa\u0159sk\u00e9 oceli BD-1N. BD-1N si z\u00edsk\u00e1v\u00e1 pozornost p\u0159\u00edznivc\u016f no\u017e\u016f pro sv\u016fj vysok\u00fd obsah uhl\u00edku a chromu, kter\u00fd je odoln\u00fd proti korozi a z\u00e1rove\u0148 nab\u00edz\u00ed trval\u00e9 zachov\u00e1n\u00ed ost\u0159\u00ed. \u010cepel je brou\u0161en\u00e1 do roviny s h\u0159betem a choil lemov\u00e1n\u00edm a nadrozm\u011brn\u00fdm kulat\u00fdm otvorem Spyderco.<\/p>\n<p>D\u00edky oboustrann\u00e9 vykl\u00e1p\u011bc\u00ed dr\u00e1t\u011bn\u00e9 siluetov\u00e9 kapesn\u00ed spon\u011b a \u0161roubovan\u00e9 rukojeti je slo\u017eka u\u017eivatelsky p\u0159\u00edv\u011btiv\u00e1 s n\u011bkolika mo\u017enostmi no\u0161en\u00ed.<\/p>\n<p>Specifikace<\/p>\n<p>D\u00e9lka \u010depele: 8.6 cm<br \/>\nD\u00e9lka v zav\u0159en\u00e9m stavu: 11.7 cm<br \/>\nCelkov\u00e1 d\u00e9lka: 20.3 cm<br \/>\nOcel: CTS-BD-1N Nerezov\u00e1 ocel<br \/>\nHmotnost: 2,85 oz. (81 g)<br \/>\nOkraj: Hladk\u00fd<br \/>\nMateri\u00e1l rukojeti: Lehk\u00fd \u010dern\u00fd Edgetek FRCP (kopolymer vyztu\u017een\u00fd skeln\u00fdmi vl\u00e1kny)<br \/>\nVyrobeno v Golden, Colorado, USA<\/p>\n<p>&nbsp;<\/p>\n","protected":false},"excerpt":{"rendered":"<p><strong>Lehk\u00fd Manix 2 dorazil a skl\u00edz\u00ed chv\u00e1lu a vyznamen\u00e1n\u00ed, v\u010detn\u011b \u010dasopisu Blade Magazine 2010 Most Innovative American Design.<\/strong><\/p>\n","protected":false},"featured_media":252483,"comment_status":"open","ping_status":"closed","template":"","meta":[],"pwb-brand":[567],"product_brand":[],"product_cat":[22,17],"product_tag":[3667],"class_list":{"0":"post-252482","1":"product","2":"type-product","3":"status-publish","4":"has-post-thumbnail","6":"pwb-brand-spyderco","7":"product_cat-zaviraci-noze","8":"product_cat-noze","9":"product_tag-b2b","11":"first","12":"outofstock","13":"sale","14":"taxable","15":"shipping-taxable","16":"purchasable","17":"product-type-simple"},"brands":[{"id":567,"name":"Spyderco","slug":"spyderco"}],"_links":{"self":[{"href":"https:\/\/www.moskito.cz\/pl\/wp-json\/wp\/v2\/product\/252482","targetHints":{"allow":["GET"]}}],"collection":[{"href":"https:\/\/www.moskito.cz\/pl\/wp-json\/wp\/v2\/product"}],"about":[{"href":"https:\/\/www.moskito.cz\/pl\/wp-json\/wp\/v2\/types\/product"}],"replies":[{"embeddable":true,"href":"https:\/\/www.moskito.cz\/pl\/wp-json\/wp\/v2\/comments?post=252482"}],"wp:featuredmedia":[{"embeddable":true,"href":"https:\/\/www.moskito.cz\/pl\/wp-json\/wp\/v2\/media\/252483"}],"wp:attachment":[{"href":"https:\/\/www.moskito.cz\/pl\/wp-json\/wp\/v2\/media?parent=252482"}],"wp:term":[{"taxonomy":"pwb-brand","embeddable":true,"href":"https:\/\/www.moskito.cz\/pl\/wp-json\/wp\/v2\/pwb-brand?post=252482"},{"taxonomy":"product_brand","embeddable":true,"href":"https:\/\/www.moskito.cz\/pl\/wp-json\/wp\/v2\/product_brand?post=252482"},{"taxonomy":"product_cat","embeddable":true,"href":"https:\/\/www.moskito.cz\/pl\/wp-json\/wp\/v2\/product_cat?post=252482"},{"taxonomy":"product_tag","embeddable":true,"href":"https:\/\/www.moskito.cz\/pl\/wp-json\/wp\/v2\/product_tag?post=252482"}],"curies":[{"name":"wp","href":"https:\/\/api.w.org\/{rel}","templated":true}]}}